{"id":15739,"date":"2023-06-14T06:41:29","date_gmt":"2023-06-14T03:41:29","guid":{"rendered":"https:\/\/stage.www.cobalt.legal\/?page_id=15739"},"modified":"2024-05-23T15:40:27","modified_gmt":"2024-05-23T12:40:27","slug":"liitu","status":"publish","type":"page","link":"https:\/\/www.cobalt.legal\/et\/liitu\/","title":{"rendered":"Liitu"},"content":{"rendered":"<p>&nbsp;<\/p>\n\n<div class=\"wpcf7 no-js\" id=\"wpcf7-f27105-o1\" lang=\"en-US\" dir=\"ltr\" data-wpcf7-id=\"27105\">\n<div class=\"screen-reader-response\"><p role=\"status\" aria-live=\"polite\" aria-atomic=\"true\"><\/p> <ul><\/ul><\/div>\n<form action=\"\/et\/wp-json\/wp\/v2\/pages\/15739#wpcf7-f27105-o1\" method=\"post\" class=\"wpcf7-form init\" aria-label=\"Contact form\" novalidate=\"novalidate\" data-status=\"init\">\n<fieldset class=\"hidden-fields-container\"><input type=\"hidden\" name=\"_wpcf7\" value=\"27105\" \/><input type=\"hidden\" name=\"_wpcf7_version\" value=\"6.1.5\" \/><input type=\"hidden\" name=\"_wpcf7_locale\" value=\"en_US\" \/><input type=\"hidden\" name=\"_wpcf7_unit_tag\" value=\"wpcf7-f27105-o1\" \/><input type=\"hidden\" name=\"_wpcf7_container_post\" value=\"0\" \/><input type=\"hidden\" name=\"_wpcf7_posted_data_hash\" value=\"\" \/>\n<\/fieldset>\n<div class=\"row\">\n\t<div class=\"col\" align=\"center\">\n\t\t<h3>Liitu meie uudiskirjaga\n\t\t<\/h3>\n\t\t<p>&nbsp;\n\t\t<\/p>\n\t\t<p>* Kohustuslikud v\u00e4ljad<br \/>\n&nbsp;\n\t\t<\/p>\n\t<\/div>\n<\/div>\n<div class=\"row\">\n\t<div class=\"col-lg-2\">\n\t<\/div>\n\t<div class=\"col-lg-4\">\n\t\t<p>Teie andmed\n\t\t<\/p>\n\t\t<div class=\"form-group\">\n\t\t\t<p><span class=\"wpcf7-form-control-wrap\" data-name=\"your-name\"><input size=\"40\" maxlength=\"400\" class=\"wpcf7-form-control wpcf7-text wpcf7-validates-as-required form-control\" aria-required=\"true\" aria-invalid=\"false\" placeholder=\"Eesnimi, Perenimi*\" value=\"\" type=\"text\" name=\"your-name\" \/><\/span>\n\t\t\t<\/p>\n\t\t<\/div>\n\t\t<div class=\"form-group\">\n\t\t\t<p><span class=\"wpcf7-form-control-wrap\" data-name=\"company\"><input size=\"40\" maxlength=\"400\" class=\"wpcf7-form-control wpcf7-text wpcf7-validates-as-required form-control\" aria-required=\"true\" aria-invalid=\"false\" placeholder=\"Ettev\u00f5te*\" value=\"\" type=\"text\" name=\"company\" \/><\/span>\n\t\t\t<\/p>\n\t\t<\/div>\n\t\t<div class=\"form-group\">\n\t\t\t<p><span class=\"wpcf7-form-control-wrap\" data-name=\"positsioon\"><input size=\"40\" maxlength=\"400\" class=\"wpcf7-form-control wpcf7-text wpcf7-validates-as-required form-control\" aria-required=\"true\" aria-invalid=\"false\" placeholder=\"Positsioon*\" value=\"\" type=\"text\" name=\"positsioon\" \/><\/span>\n\t\t\t<\/p>\n\t\t<\/div>\n\t\t<div class=\"form-group\">\n\t\t\t<p><span class=\"wpcf7-form-control-wrap\" data-name=\"your-phone\"><input size=\"40\" maxlength=\"400\" class=\"wpcf7-form-control wpcf7-text wpcf7-validates-as-required form-control\" aria-required=\"true\" aria-invalid=\"false\" placeholder=\"Telefon*\" value=\"\" type=\"text\" name=\"your-phone\" \/><\/span>\n\t\t\t<\/p>\n\t\t<\/div>\n\t\t<div class=\"form-group\">\n\t\t\t<p><span class=\"wpcf7-form-control-wrap\" data-name=\"your-email\"><input size=\"40\" maxlength=\"400\" class=\"wpcf7-form-control wpcf7-text wpcf7-validates-as-required form-control\" aria-required=\"true\" aria-invalid=\"false\" placeholder=\"E-mail*\" value=\"\" type=\"text\" name=\"your-email\" \/><\/span>\n\t\t\t<\/p>\n\t\t<\/div>\n\t\t<p>Huvipakkuv jurisdiktsioon*\n\t\t<\/p>\n\t\t<div class=\"form-group\">\n\t\t\t<p><label class=\"custom-checkbox\"><input type=\"checkbox\" name=\"acceptance-537\" value=\"Country-Estonia\" aria-invalid=\"false\" \/><span class=\"cb\">Eesti<\/span><\/label><br \/>\n<label class=\"custom-checkbox\"><input type=\"checkbox\" name=\"acceptance-537\" value=\"Country-Latvia\" aria-invalid=\"false\" \/><span class=\"cb\">L\u00e4ti<\/span><\/label><br \/>\n<label class=\"custom-checkbox\"><input type=\"checkbox\" name=\"acceptance-537\" value=\"Country-Lithuania\" aria-invalid=\"false\" \/><span class=\"cb\">Leedu<\/span><\/label>\n\t\t\t<\/p>\n\t\t<\/div>\n\t<\/div>\n\t<div class=\"col-lg-4\">\n\t\t<p>Huvi pakkuvad valdkonnad*\n\t\t<\/p>\n\t\t<div class=\"form-group\">\n\t\t\t<p><label class=\"custom-checkbox\"><input type=\"checkbox\" name=\"acceptance-537\" value=\"K\u00f5ik\" aria-invalid=\"false\" \/><span class=\"cb\">K\u00f5ik<\/span><\/label><br \/>\n<label class=\"custom-checkbox\"><input type=\"checkbox\" name=\"acceptance-537\" value=\"S\u00fcndmused\" aria-invalid=\"false\" \/><span class=\"cb\">S\u00fcndmused<\/span><\/label><br \/>\n<label class=\"custom-checkbox\"><input type=\"checkbox\" name=\"acceptance-537\" value=\"\u00dchinemised ja omandamised (M&A) ning muud tehingud\" aria-invalid=\"false\" \/><span class=\"cb\">\u00dchinemised ja omandamised (M&A) ning muud tehinguds<\/span><\/label><br \/>\n<label class=\"custom-checkbox\"><input type=\"checkbox\" name=\"acceptance-537\" value=\"\u00c4rin\u00f5ustamine ja t\u00f6\u00f6\u00f5igus\" aria-invalid=\"false\" \/><span class=\"cb\">\u00c4rin\u00f5ustamine ja t\u00f6\u00f6\u00f5igus<\/span><\/label><br \/>\n<label class=\"custom-checkbox\"><input type=\"checkbox\" name=\"acceptance-537\" value=\"Pangandus, finantseerimine ja kapitaliturud\" aria-invalid=\"false\" \/><span class=\"cb\">Pangandus, finantseerimine ja kapitaliturud<\/span><\/label><br \/>\n<label class=\"custom-checkbox\"><input type=\"checkbox\" name=\"acceptance-537\" value=\"Euroopa Liidu ja konkurentsi\u00f5igus\" aria-invalid=\"false\" \/><span class=\"cb\">Euroopa Liidu ja konkurentsi\u00f5igus<\/span><\/label><br \/>\n<label class=\"custom-checkbox\"><input type=\"checkbox\" name=\"acceptance-537\" value=\"Intellektuaalomand, infotehnoloogia ja andmekaitse\" aria-invalid=\"false\" \/><span class=\"cb\">Intellektuaalomand, infotehnoloogia ja andmekaitse<\/span><\/label><br \/>\n<label class=\"custom-checkbox\"><input type=\"checkbox\" name=\"acceptance-537\" value=\"Kinnisvara, energeetika ja keskkond\" aria-invalid=\"false\" \/><span class=\"cb\">Kinnisvara, energeetika ja keskkond<\/span><\/label><br \/>\n<label class=\"custom-checkbox\"><input type=\"checkbox\" name=\"Tax\" value=\"Tax\" aria-invalid=\"false\" \/><span class=\"cb\">Maksu\u00f5igus<\/span><\/label><br \/>\n<label class=\"custom-checkbox\"><input type=\"checkbox\" name=\"acceptance-537\" value=\"Vaidluste lahendamine\" aria-invalid=\"false\" \/><span class=\"cb\">Vaidluste lahendamine<\/span><\/label><br \/>\n<label class=\"custom-checkbox\"><input type=\"checkbox\" name=\"acceptance-537\" value=\"ESG\" aria-invalid=\"false\" \/><span class=\"cb\">ESG<\/span><\/label>\n\t\t\t<\/p>\n\t\t<\/div>\n\t\t<p style=\"font-size:small\">Esitades oma isikuandmed, annate Te Teid huvitavas riigis asuvale COBALT advokaadib\u00fcroole n\u00f5usoleku Teie esitatud isikuandmete t\u00f6\u00f6tlemiseks selleks, et saata Teile uudiskirju Teid huvitavatel teemadel. Teil on \u00f5igus oma n\u00f5usolek alati tagasi v\u00f5tta. T\u00e4iendavat informatsiooni leiate meie <a href=\"\/et\/privaatsuspoliitika\/\">Privaatsuspoliitika<\/a>.\n\t\t<\/p>\n\t\t<p><span class=\"custom-checkbox\" style=\"margin-left: -18px;\"> <span class=\"wpcf7-form-control-wrap\" data-name=\"your-consent\"><span class=\"wpcf7-form-control wpcf7-acceptance\"><span class=\"wpcf7-list-item\"><label><input type=\"checkbox\" name=\"your-consent\" value=\"1\" aria-invalid=\"false\" \/><span class=\"wpcf7-list-item-label\">N\u00f5ustumiseks m\u00e4rkige linnuke<\/span><\/label><\/span><\/span><\/span><\/span>\n\t\t<\/p>\n\t<\/div>\n\t<div class=\"col-lg-2\">\n\t<\/div>\n<\/div>\n<div class=\"row\">\n\t<div class=\"col-lg-2\">\n\t<\/div>\n\t<div class=\"col-lg-8\" align=\"center\" style=\"margin-top: 20px; padding-left: 80px\">\n\t\t<p><input class=\"wpcf7-form-control wpcf7-submit has-spinner btn btn-outline-white btn-icon btn-outline-white--green btn-anim-right\" type=\"submit\" value=\"Esita\" \/>\n\t\t<\/p>\n\t<\/div>\n\t<div class=\"col-lg-2\">\n\t<\/div>\n<\/div><div class=\"wpcf7-response-output\" aria-hidden=\"true\"><\/div>\n<\/form>\n<\/div>\n\n","protected":false},"excerpt":{"rendered":"<p>&nbsp;<\/p>\n","protected":false},"author":2,"featured_media":0,"parent":0,"menu_order":1,"comment_status":"closed","ping_status":"closed","template":"","meta":{"_acf_changed":false,"inline_featured_image":false,"footnotes":""},"class_list":["post-15739","page","type-page","status-publish","hentry"],"acf":[],"yoast_head":"<!-- This site is optimized with the Yoast SEO plugin v27.3 - https:\/\/yoast.com\/product\/yoast-seo-wordpress\/ -->\n<title>Liitu | COBALT<\/title>\n<meta name=\"description\" content=\"Liitu | COBALT - Balti juhtiv advokaadib\u00fcroo. Strateegiline partner nii igap\u00e4evases \u00f5igusabis kui ka keerukates suuremahulistes projektides.\" \/>\n<meta name=\"robots\" content=\"index, follow, max-snippet:-1, max-image-preview:large, max-video-preview:-1\" \/>\n<link rel=\"canonical\" href=\"https:\/\/www.cobalt.legal\/et\/liitu\/\" \/>\n<meta property=\"og:locale\" content=\"et_EE\" \/>\n<meta property=\"og:type\" content=\"article\" \/>\n<meta property=\"og:title\" content=\"Liitu | COBALT\" \/>\n<meta property=\"og:description\" content=\"Liitu | COBALT - Balti juhtiv advokaadib\u00fcroo. Strateegiline partner nii igap\u00e4evases \u00f5igusabis kui ka keerukates suuremahulistes projektides.\" \/>\n<meta property=\"og:url\" content=\"https:\/\/www.cobalt.legal\/et\/liitu\/\" \/>\n<meta property=\"og:site_name\" content=\"COBALT\" \/>\n<meta property=\"article:publisher\" content=\"https:\/\/www.facebook.com\/CobaltLegal\/\" \/>\n<meta property=\"article:modified_time\" content=\"2024-05-23T12:40:27+00:00\" \/>\n<meta name=\"twitter:card\" content=\"summary_large_image\" \/>\n<meta name=\"twitter:label1\" content=\"Est. reading time\" \/>\n\t<meta name=\"twitter:data1\" content=\"1 minute\" \/>\n<script type=\"application\/ld+json\" class=\"yoast-schema-graph\">{\"@context\":\"https:\\\/\\\/schema.org\",\"@graph\":[{\"@type\":\"WebPage\",\"@id\":\"https:\\\/\\\/www.cobalt.legal\\\/et\\\/liitu\\\/\",\"url\":\"https:\\\/\\\/www.cobalt.legal\\\/et\\\/liitu\\\/\",\"name\":\"Liitu | COBALT\",\"isPartOf\":{\"@id\":\"https:\\\/\\\/www.cobalt.legal\\\/et\\\/#website\"},\"datePublished\":\"2023-06-14T03:41:29+00:00\",\"dateModified\":\"2024-05-23T12:40:27+00:00\",\"description\":\"Liitu | COBALT - Balti juhtiv advokaadib\u00fcroo. Strateegiline partner nii igap\u00e4evases \u00f5igusabis kui ka keerukates suuremahulistes projektides.\",\"breadcrumb\":{\"@id\":\"https:\\\/\\\/www.cobalt.legal\\\/et\\\/liitu\\\/#breadcrumb\"},\"inLanguage\":\"et-EE\",\"potentialAction\":[{\"@type\":\"ReadAction\",\"target\":[\"https:\\\/\\\/www.cobalt.legal\\\/et\\\/liitu\\\/\"]}]},{\"@type\":\"BreadcrumbList\",\"@id\":\"https:\\\/\\\/www.cobalt.legal\\\/et\\\/liitu\\\/#breadcrumb\",\"itemListElement\":[{\"@type\":\"ListItem\",\"position\":1,\"name\":\"Home\",\"item\":\"https:\\\/\\\/www.cobalt.legal\\\/et\\\/\"},{\"@type\":\"ListItem\",\"position\":2,\"name\":\"Liitu\"}]},{\"@type\":\"WebSite\",\"@id\":\"https:\\\/\\\/www.cobalt.legal\\\/et\\\/#website\",\"url\":\"https:\\\/\\\/www.cobalt.legal\\\/et\\\/\",\"name\":\"COBALT\",\"description\":\"Top-tier law services in Estonia, Latvia and Lithuania\",\"publisher\":{\"@id\":\"https:\\\/\\\/www.cobalt.legal\\\/et\\\/#organization\"},\"potentialAction\":[{\"@type\":\"SearchAction\",\"target\":{\"@type\":\"EntryPoint\",\"urlTemplate\":\"https:\\\/\\\/www.cobalt.legal\\\/et\\\/?s={search_term_string}\"},\"query-input\":{\"@type\":\"PropertyValueSpecification\",\"valueRequired\":true,\"valueName\":\"search_term_string\"}}],\"inLanguage\":\"et-EE\"},{\"@type\":\"Organization\",\"@id\":\"https:\\\/\\\/www.cobalt.legal\\\/et\\\/#organization\",\"name\":\"COBALT\",\"url\":\"https:\\\/\\\/www.cobalt.legal\\\/et\\\/\",\"logo\":{\"@type\":\"ImageObject\",\"inLanguage\":\"et-EE\",\"@id\":\"https:\\\/\\\/www.cobalt.legal\\\/et\\\/#\\\/schema\\\/logo\\\/image\\\/\",\"url\":\"https:\\\/\\\/www.cobalt.legal\\\/wp-content\\\/uploads\\\/2023\\\/04\\\/cobalt-logo.png\",\"contentUrl\":\"https:\\\/\\\/www.cobalt.legal\\\/wp-content\\\/uploads\\\/2023\\\/04\\\/cobalt-logo.png\",\"width\":400,\"height\":116,\"caption\":\"COBALT\"},\"image\":{\"@id\":\"https:\\\/\\\/www.cobalt.legal\\\/et\\\/#\\\/schema\\\/logo\\\/image\\\/\"},\"sameAs\":[\"https:\\\/\\\/www.facebook.com\\\/CobaltLegal\\\/\"]}]}<\/script>\n<!-- \/ Yoast SEO plugin. -->","yoast_head_json":{"title":"Liitu | COBALT","description":"Liitu | COBALT - Balti juhtiv advokaadib\u00fcroo. Strateegiline partner nii igap\u00e4evases \u00f5igusabis kui ka keerukates suuremahulistes projektides.","robots":{"index":"index","follow":"follow","max-snippet":"max-snippet:-1","max-image-preview":"max-image-preview:large","max-video-preview":"max-video-preview:-1"},"canonical":"https:\/\/www.cobalt.legal\/et\/liitu\/","og_locale":"et_EE","og_type":"article","og_title":"Liitu | COBALT","og_description":"Liitu | COBALT - Balti juhtiv advokaadib\u00fcroo. Strateegiline partner nii igap\u00e4evases \u00f5igusabis kui ka keerukates suuremahulistes projektides.","og_url":"https:\/\/www.cobalt.legal\/et\/liitu\/","og_site_name":"COBALT","article_publisher":"https:\/\/www.facebook.com\/CobaltLegal\/","article_modified_time":"2024-05-23T12:40:27+00:00","twitter_card":"summary_large_image","twitter_misc":{"Est. reading time":"1 minute"},"schema":{"@context":"https:\/\/schema.org","@graph":[{"@type":"WebPage","@id":"https:\/\/www.cobalt.legal\/et\/liitu\/","url":"https:\/\/www.cobalt.legal\/et\/liitu\/","name":"Liitu | COBALT","isPartOf":{"@id":"https:\/\/www.cobalt.legal\/et\/#website"},"datePublished":"2023-06-14T03:41:29+00:00","dateModified":"2024-05-23T12:40:27+00:00","description":"Liitu | COBALT - Balti juhtiv advokaadib\u00fcroo. Strateegiline partner nii igap\u00e4evases \u00f5igusabis kui ka keerukates suuremahulistes projektides.","breadcrumb":{"@id":"https:\/\/www.cobalt.legal\/et\/liitu\/#breadcrumb"},"inLanguage":"et-EE","potentialAction":[{"@type":"ReadAction","target":["https:\/\/www.cobalt.legal\/et\/liitu\/"]}]},{"@type":"BreadcrumbList","@id":"https:\/\/www.cobalt.legal\/et\/liitu\/#breadcrumb","itemListElement":[{"@type":"ListItem","position":1,"name":"Home","item":"https:\/\/www.cobalt.legal\/et\/"},{"@type":"ListItem","position":2,"name":"Liitu"}]},{"@type":"WebSite","@id":"https:\/\/www.cobalt.legal\/et\/#website","url":"https:\/\/www.cobalt.legal\/et\/","name":"COBALT","description":"Top-tier law services in Estonia, Latvia and Lithuania","publisher":{"@id":"https:\/\/www.cobalt.legal\/et\/#organization"},"potentialAction":[{"@type":"SearchAction","target":{"@type":"EntryPoint","urlTemplate":"https:\/\/www.cobalt.legal\/et\/?s={search_term_string}"},"query-input":{"@type":"PropertyValueSpecification","valueRequired":true,"valueName":"search_term_string"}}],"inLanguage":"et-EE"},{"@type":"Organization","@id":"https:\/\/www.cobalt.legal\/et\/#organization","name":"COBALT","url":"https:\/\/www.cobalt.legal\/et\/","logo":{"@type":"ImageObject","inLanguage":"et-EE","@id":"https:\/\/www.cobalt.legal\/et\/#\/schema\/logo\/image\/","url":"https:\/\/www.cobalt.legal\/wp-content\/uploads\/2023\/04\/cobalt-logo.png","contentUrl":"https:\/\/www.cobalt.legal\/wp-content\/uploads\/2023\/04\/cobalt-logo.png","width":400,"height":116,"caption":"COBALT"},"image":{"@id":"https:\/\/www.cobalt.legal\/et\/#\/schema\/logo\/image\/"},"sameAs":["https:\/\/www.facebook.com\/CobaltLegal\/"]}]}},"_links":{"self":[{"href":"https:\/\/www.cobalt.legal\/et\/wp-json\/wp\/v2\/pages\/15739","targetHints":{"allow":["GET"]}}],"collection":[{"href":"https:\/\/www.cobalt.legal\/et\/wp-json\/wp\/v2\/pages"}],"about":[{"href":"https:\/\/www.cobalt.legal\/et\/wp-json\/wp\/v2\/types\/page"}],"author":[{"embeddable":true,"href":"https:\/\/www.cobalt.legal\/et\/wp-json\/wp\/v2\/users\/2"}],"replies":[{"embeddable":true,"href":"https:\/\/www.cobalt.legal\/et\/wp-json\/wp\/v2\/comments?post=15739"}],"version-history":[{"count":3,"href":"https:\/\/www.cobalt.legal\/et\/wp-json\/wp\/v2\/pages\/15739\/revisions"}],"predecessor-version":[{"id":27106,"href":"https:\/\/www.cobalt.legal\/et\/wp-json\/wp\/v2\/pages\/15739\/revisions\/27106"}],"wp:attachment":[{"href":"https:\/\/www.cobalt.legal\/et\/wp-json\/wp\/v2\/media?parent=15739"}],"curies":[{"name":"wp","href":"https:\/\/api.w.org\/{rel}","templated":true}]}}