{"id":32550,"date":"2023-11-21T15:28:12","date_gmt":"2023-11-21T13:28:12","guid":{"rendered":"https:\/\/www.cobalt.legal\/?page_id=32550"},"modified":"2024-05-23T15:40:11","modified_gmt":"2024-05-23T12:40:11","slug":"cobalti-e-kirja-hoiatusklausel","status":"publish","type":"page","link":"https:\/\/www.cobalt.legal\/et\/cobalti-e-kirja-hoiatusklausel\/","title":{"rendered":"COBALTi e-kirja hoiatusklausel"},"content":{"rendered":"<p>K\u00e4esolev e-kiri v\u00f5ib sisaldada teavet, mis on konfidentsiaalne v\u00f5i muul viisil kaitstud volitamatu avaldamise vastu. Kui te olete k\u00e4esoleva e-kirja saanud ekslikult, teavitage sellest saatjat telefoni v\u00f5i e-posti teel ja kustutage e-kiri oma s\u00fcsteemist ilma seda edastamata v\u00f5i selle koopiaid salvestamata ning ilma selle sisu kellelegi avaldamata. K\u00f5ik k\u00e4esolevas e-kirjas sisalduvad arvamused v\u00f5i n\u00f5uanded on antud kindlat olukorda silmas pidades ning nende suhtes kehtivad vastava \u00f5igusteenuste lepingu tingimused. Meie <a href=\"https:\/\/www.cobalt.legal\/et\/uldtingimused\/\">\u00f5igusteenuste osutamise \u00fcldtingimused<\/a> on leitavad meie veebilehel.<\/p>\n<p>K\u00e4esolev kiri v\u00f5idakse automaatselt edastada teistele COBALTi advokaatidele v\u00f5i teistele t\u00f6\u00f6tajatele. Palun tutvuge meie <a href=\"https:\/\/www.cobalt.legal\/et\/privaatsuspoliitika\/\">Privaatsuseeskirjad<\/a>, kust leiate t\u00e4iendavat informatsiooni isikuandmete t\u00f6\u00f6tlemise kohta.<\/p>\n","protected":false},"excerpt":{"rendered":"<p>K\u00e4esolev e-kiri v\u00f5ib sisaldada teavet, mis on konfidentsiaalne v\u00f5i muul viisil kaitstud volitamatu avaldamise vastu. Kui te olete k\u00e4esoleva e-kirja saanud ekslikult, teavitage sellest saatjat telefoni v\u00f5i e-posti teel ja kustutage e-kiri oma s\u00fcsteemist ilma seda edastamata v\u00f5i selle koopiaid..<\/p>\n","protected":false},"author":2,"featured_media":0,"parent":0,"menu_order":0,"comment_status":"closed","ping_status":"closed","template":"","meta":{"_acf_changed":false,"inline_featured_image":false,"footnotes":""},"class_list":["post-32550","page","type-page","status-publish","hentry"],"acf":[],"yoast_head":"<!-- This site is optimized with the Yoast SEO plugin v27.3 - https:\/\/yoast.com\/product\/yoast-seo-wordpress\/ -->\n<title>COBALTi e-kirja hoiatusklausel | COBALT<\/title>\n<meta name=\"description\" content=\"COBALTi e-kirja hoiatusklausel | COBALT - Balti juhtiv advokaadib\u00fcroo. Strateegiline partner nii igap\u00e4evases \u00f5igusabis kui ka keerukates suuremahulistes projektides.\" \/>\n<meta name=\"robots\" content=\"index, nofollow, max-snippet:-1, max-image-preview:large, max-video-preview:-1\" \/>\n<link rel=\"canonical\" href=\"https:\/\/www.cobalt.legal\/et\/cobalti-e-kirja-hoiatusklausel\/\" \/>\n<meta property=\"og:locale\" content=\"et_EE\" \/>\n<meta property=\"og:type\" content=\"article\" \/>\n<meta property=\"og:title\" content=\"COBALTi e-kirja hoiatusklausel | COBALT\" \/>\n<meta property=\"og:description\" content=\"COBALTi e-kirja hoiatusklausel | COBALT - Balti juhtiv advokaadib\u00fcroo. Strateegiline partner nii igap\u00e4evases \u00f5igusabis kui ka keerukates suuremahulistes projektides.\" \/>\n<meta property=\"og:url\" content=\"https:\/\/www.cobalt.legal\/et\/cobalti-e-kirja-hoiatusklausel\/\" \/>\n<meta property=\"og:site_name\" content=\"COBALT\" \/>\n<meta property=\"article:publisher\" content=\"https:\/\/www.facebook.com\/CobaltLegal\/\" \/>\n<meta property=\"article:modified_time\" content=\"2024-05-23T12:40:11+00:00\" \/>\n<meta name=\"twitter:card\" content=\"summary_large_image\" \/>\n<meta name=\"twitter:label1\" content=\"Est. reading time\" \/>\n\t<meta name=\"twitter:data1\" content=\"1 minute\" \/>\n<script type=\"application\/ld+json\" class=\"yoast-schema-graph\">{\"@context\":\"https:\\\/\\\/schema.org\",\"@graph\":[{\"@type\":\"WebPage\",\"@id\":\"https:\\\/\\\/www.cobalt.legal\\\/et\\\/cobalti-e-kirja-hoiatusklausel\\\/\",\"url\":\"https:\\\/\\\/www.cobalt.legal\\\/et\\\/cobalti-e-kirja-hoiatusklausel\\\/\",\"name\":\"COBALTi e-kirja hoiatusklausel | COBALT\",\"isPartOf\":{\"@id\":\"https:\\\/\\\/www.cobalt.legal\\\/et\\\/#website\"},\"datePublished\":\"2023-11-21T13:28:12+00:00\",\"dateModified\":\"2024-05-23T12:40:11+00:00\",\"description\":\"COBALTi e-kirja hoiatusklausel | COBALT - Balti juhtiv advokaadib\u00fcroo. Strateegiline partner nii igap\u00e4evases \u00f5igusabis kui ka keerukates suuremahulistes projektides.\",\"breadcrumb\":{\"@id\":\"https:\\\/\\\/www.cobalt.legal\\\/et\\\/cobalti-e-kirja-hoiatusklausel\\\/#breadcrumb\"},\"inLanguage\":\"et-EE\",\"potentialAction\":[{\"@type\":\"ReadAction\",\"target\":[\"https:\\\/\\\/www.cobalt.legal\\\/et\\\/cobalti-e-kirja-hoiatusklausel\\\/\"]}]},{\"@type\":\"BreadcrumbList\",\"@id\":\"https:\\\/\\\/www.cobalt.legal\\\/et\\\/cobalti-e-kirja-hoiatusklausel\\\/#breadcrumb\",\"itemListElement\":[{\"@type\":\"ListItem\",\"position\":1,\"name\":\"Home\",\"item\":\"https:\\\/\\\/www.cobalt.legal\\\/et\\\/\"},{\"@type\":\"ListItem\",\"position\":2,\"name\":\"COBALTi e-kirja hoiatusklausel\"}]},{\"@type\":\"WebSite\",\"@id\":\"https:\\\/\\\/www.cobalt.legal\\\/et\\\/#website\",\"url\":\"https:\\\/\\\/www.cobalt.legal\\\/et\\\/\",\"name\":\"COBALT\",\"description\":\"Top-tier law services in Estonia, Latvia and Lithuania\",\"publisher\":{\"@id\":\"https:\\\/\\\/www.cobalt.legal\\\/et\\\/#organization\"},\"potentialAction\":[{\"@type\":\"SearchAction\",\"target\":{\"@type\":\"EntryPoint\",\"urlTemplate\":\"https:\\\/\\\/www.cobalt.legal\\\/et\\\/?s={search_term_string}\"},\"query-input\":{\"@type\":\"PropertyValueSpecification\",\"valueRequired\":true,\"valueName\":\"search_term_string\"}}],\"inLanguage\":\"et-EE\"},{\"@type\":\"Organization\",\"@id\":\"https:\\\/\\\/www.cobalt.legal\\\/et\\\/#organization\",\"name\":\"COBALT\",\"url\":\"https:\\\/\\\/www.cobalt.legal\\\/et\\\/\",\"logo\":{\"@type\":\"ImageObject\",\"inLanguage\":\"et-EE\",\"@id\":\"https:\\\/\\\/www.cobalt.legal\\\/et\\\/#\\\/schema\\\/logo\\\/image\\\/\",\"url\":\"https:\\\/\\\/www.cobalt.legal\\\/wp-content\\\/uploads\\\/2023\\\/04\\\/cobalt-logo.png\",\"contentUrl\":\"https:\\\/\\\/www.cobalt.legal\\\/wp-content\\\/uploads\\\/2023\\\/04\\\/cobalt-logo.png\",\"width\":400,\"height\":116,\"caption\":\"COBALT\"},\"image\":{\"@id\":\"https:\\\/\\\/www.cobalt.legal\\\/et\\\/#\\\/schema\\\/logo\\\/image\\\/\"},\"sameAs\":[\"https:\\\/\\\/www.facebook.com\\\/CobaltLegal\\\/\"]}]}<\/script>\n<!-- \/ Yoast SEO plugin. -->","yoast_head_json":{"title":"COBALTi e-kirja hoiatusklausel | COBALT","description":"COBALTi e-kirja hoiatusklausel | COBALT - Balti juhtiv advokaadib\u00fcroo. Strateegiline partner nii igap\u00e4evases \u00f5igusabis kui ka keerukates suuremahulistes projektides.","robots":{"index":"index","follow":"nofollow","max-snippet":"max-snippet:-1","max-image-preview":"max-image-preview:large","max-video-preview":"max-video-preview:-1"},"canonical":"https:\/\/www.cobalt.legal\/et\/cobalti-e-kirja-hoiatusklausel\/","og_locale":"et_EE","og_type":"article","og_title":"COBALTi e-kirja hoiatusklausel | COBALT","og_description":"COBALTi e-kirja hoiatusklausel | COBALT - Balti juhtiv advokaadib\u00fcroo. Strateegiline partner nii igap\u00e4evases \u00f5igusabis kui ka keerukates suuremahulistes projektides.","og_url":"https:\/\/www.cobalt.legal\/et\/cobalti-e-kirja-hoiatusklausel\/","og_site_name":"COBALT","article_publisher":"https:\/\/www.facebook.com\/CobaltLegal\/","article_modified_time":"2024-05-23T12:40:11+00:00","twitter_card":"summary_large_image","twitter_misc":{"Est. reading time":"1 minute"},"schema":{"@context":"https:\/\/schema.org","@graph":[{"@type":"WebPage","@id":"https:\/\/www.cobalt.legal\/et\/cobalti-e-kirja-hoiatusklausel\/","url":"https:\/\/www.cobalt.legal\/et\/cobalti-e-kirja-hoiatusklausel\/","name":"COBALTi e-kirja hoiatusklausel | COBALT","isPartOf":{"@id":"https:\/\/www.cobalt.legal\/et\/#website"},"datePublished":"2023-11-21T13:28:12+00:00","dateModified":"2024-05-23T12:40:11+00:00","description":"COBALTi e-kirja hoiatusklausel | COBALT - Balti juhtiv advokaadib\u00fcroo. Strateegiline partner nii igap\u00e4evases \u00f5igusabis kui ka keerukates suuremahulistes projektides.","breadcrumb":{"@id":"https:\/\/www.cobalt.legal\/et\/cobalti-e-kirja-hoiatusklausel\/#breadcrumb"},"inLanguage":"et-EE","potentialAction":[{"@type":"ReadAction","target":["https:\/\/www.cobalt.legal\/et\/cobalti-e-kirja-hoiatusklausel\/"]}]},{"@type":"BreadcrumbList","@id":"https:\/\/www.cobalt.legal\/et\/cobalti-e-kirja-hoiatusklausel\/#breadcrumb","itemListElement":[{"@type":"ListItem","position":1,"name":"Home","item":"https:\/\/www.cobalt.legal\/et\/"},{"@type":"ListItem","position":2,"name":"COBALTi e-kirja hoiatusklausel"}]},{"@type":"WebSite","@id":"https:\/\/www.cobalt.legal\/et\/#website","url":"https:\/\/www.cobalt.legal\/et\/","name":"COBALT","description":"Top-tier law services in Estonia, Latvia and Lithuania","publisher":{"@id":"https:\/\/www.cobalt.legal\/et\/#organization"},"potentialAction":[{"@type":"SearchAction","target":{"@type":"EntryPoint","urlTemplate":"https:\/\/www.cobalt.legal\/et\/?s={search_term_string}"},"query-input":{"@type":"PropertyValueSpecification","valueRequired":true,"valueName":"search_term_string"}}],"inLanguage":"et-EE"},{"@type":"Organization","@id":"https:\/\/www.cobalt.legal\/et\/#organization","name":"COBALT","url":"https:\/\/www.cobalt.legal\/et\/","logo":{"@type":"ImageObject","inLanguage":"et-EE","@id":"https:\/\/www.cobalt.legal\/et\/#\/schema\/logo\/image\/","url":"https:\/\/www.cobalt.legal\/wp-content\/uploads\/2023\/04\/cobalt-logo.png","contentUrl":"https:\/\/www.cobalt.legal\/wp-content\/uploads\/2023\/04\/cobalt-logo.png","width":400,"height":116,"caption":"COBALT"},"image":{"@id":"https:\/\/www.cobalt.legal\/et\/#\/schema\/logo\/image\/"},"sameAs":["https:\/\/www.facebook.com\/CobaltLegal\/"]}]}},"_links":{"self":[{"href":"https:\/\/www.cobalt.legal\/et\/wp-json\/wp\/v2\/pages\/32550","targetHints":{"allow":["GET"]}}],"collection":[{"href":"https:\/\/www.cobalt.legal\/et\/wp-json\/wp\/v2\/pages"}],"about":[{"href":"https:\/\/www.cobalt.legal\/et\/wp-json\/wp\/v2\/types\/page"}],"author":[{"embeddable":true,"href":"https:\/\/www.cobalt.legal\/et\/wp-json\/wp\/v2\/users\/2"}],"replies":[{"embeddable":true,"href":"https:\/\/www.cobalt.legal\/et\/wp-json\/wp\/v2\/comments?post=32550"}],"version-history":[{"count":5,"href":"https:\/\/www.cobalt.legal\/et\/wp-json\/wp\/v2\/pages\/32550\/revisions"}],"predecessor-version":[{"id":36995,"href":"https:\/\/www.cobalt.legal\/et\/wp-json\/wp\/v2\/pages\/32550\/revisions\/36995"}],"wp:attachment":[{"href":"https:\/\/www.cobalt.legal\/et\/wp-json\/wp\/v2\/media?parent=32550"}],"curies":[{"name":"wp","href":"https:\/\/api.w.org\/{rel}","templated":true}]}}