{"id":6645,"date":"2023-02-22T19:02:13","date_gmt":"2023-02-22T17:02:13","guid":{"rendered":"https:\/\/stage.www.cobalt.legal\/?page_id=6645"},"modified":"2024-05-23T15:43:38","modified_gmt":"2024-05-23T12:43:38","slug":"teenused","status":"publish","type":"page","link":"https:\/\/www.cobalt.legal\/et\/teenused\/","title":{"rendered":"Teenused"},"content":{"rendered":"","protected":false},"excerpt":{"rendered":"","protected":false},"author":2,"featured_media":30464,"parent":0,"menu_order":62,"comment_status":"closed","ping_status":"closed","template":"services.php","meta":{"_acf_changed":false,"inline_featured_image":false,"footnotes":""},"class_list":["post-6645","page","type-page","status-publish","has-post-thumbnail","hentry"],"acf":[],"yoast_head":"<!-- This site is optimized with the Yoast SEO plugin v27.3 - https:\/\/yoast.com\/product\/yoast-seo-wordpress\/ -->\n<title>Teenused | COBALT<\/title>\n<meta name=\"description\" content=\"Teenused | COBALT - Balti juhtiv advokaadib\u00fcroo. Strateegiline partner nii igap\u00e4evases \u00f5igusabis kui ka keerukates suuremahulistes projektides.\" \/>\n<meta name=\"robots\" content=\"index, follow, max-snippet:-1, max-image-preview:large, max-video-preview:-1\" \/>\n<link rel=\"canonical\" href=\"https:\/\/www.cobalt.legal\/et\/teenused\/\" \/>\n<meta property=\"og:locale\" content=\"et_EE\" \/>\n<meta property=\"og:type\" content=\"article\" \/>\n<meta property=\"og:title\" content=\"Teenused | COBALT\" \/>\n<meta property=\"og:description\" content=\"Teenused | COBALT - Balti juhtiv advokaadib\u00fcroo. Strateegiline partner nii igap\u00e4evases \u00f5igusabis kui ka keerukates suuremahulistes projektides.\" \/>\n<meta property=\"og:url\" content=\"https:\/\/www.cobalt.legal\/et\/teenused\/\" \/>\n<meta property=\"og:site_name\" content=\"COBALT\" \/>\n<meta property=\"article:publisher\" content=\"https:\/\/www.facebook.com\/CobaltLegal\/\" \/>\n<meta property=\"article:modified_time\" content=\"2024-05-23T12:43:38+00:00\" \/>\n<meta property=\"og:image\" content=\"https:\/\/www.cobalt.legal\/wp-content\/uploads\/2023\/11\/cobalt-web-lapa-sadalas-2560x894-2.png\" \/>\n\t<meta property=\"og:image:width\" content=\"2560\" \/>\n\t<meta property=\"og:image:height\" content=\"894\" \/>\n\t<meta property=\"og:image:type\" content=\"image\/png\" \/>\n<meta name=\"twitter:card\" content=\"summary_large_image\" \/>\n<meta name=\"twitter:label1\" content=\"Est. reading time\" \/>\n\t<meta name=\"twitter:data1\" content=\"1 minute\" \/>\n<script type=\"application\/ld+json\" class=\"yoast-schema-graph\">{\"@context\":\"https:\\\/\\\/schema.org\",\"@graph\":[{\"@type\":\"WebPage\",\"@id\":\"https:\\\/\\\/www.cobalt.legal\\\/et\\\/teenused\\\/\",\"url\":\"https:\\\/\\\/www.cobalt.legal\\\/et\\\/teenused\\\/\",\"name\":\"Teenused | COBALT\",\"isPartOf\":{\"@id\":\"https:\\\/\\\/www.cobalt.legal\\\/et\\\/#website\"},\"primaryImageOfPage\":{\"@id\":\"https:\\\/\\\/www.cobalt.legal\\\/et\\\/teenused\\\/#primaryimage\"},\"image\":{\"@id\":\"https:\\\/\\\/www.cobalt.legal\\\/et\\\/teenused\\\/#primaryimage\"},\"thumbnailUrl\":\"https:\\\/\\\/www.cobalt.legal\\\/wp-content\\\/uploads\\\/2023\\\/11\\\/cobalt-web-lapa-sadalas-2560x894-2.png\",\"datePublished\":\"2023-02-22T17:02:13+00:00\",\"dateModified\":\"2024-05-23T12:43:38+00:00\",\"description\":\"Teenused | COBALT - Balti juhtiv advokaadib\u00fcroo. Strateegiline partner nii igap\u00e4evases \u00f5igusabis kui ka keerukates suuremahulistes projektides.\",\"breadcrumb\":{\"@id\":\"https:\\\/\\\/www.cobalt.legal\\\/et\\\/teenused\\\/#breadcrumb\"},\"inLanguage\":\"et-EE\",\"potentialAction\":[{\"@type\":\"ReadAction\",\"target\":[\"https:\\\/\\\/www.cobalt.legal\\\/et\\\/teenused\\\/\"]}]},{\"@type\":\"ImageObject\",\"inLanguage\":\"et-EE\",\"@id\":\"https:\\\/\\\/www.cobalt.legal\\\/et\\\/teenused\\\/#primaryimage\",\"url\":\"https:\\\/\\\/www.cobalt.legal\\\/wp-content\\\/uploads\\\/2023\\\/11\\\/cobalt-web-lapa-sadalas-2560x894-2.png\",\"contentUrl\":\"https:\\\/\\\/www.cobalt.legal\\\/wp-content\\\/uploads\\\/2023\\\/11\\\/cobalt-web-lapa-sadalas-2560x894-2.png\",\"width\":2560,\"height\":894},{\"@type\":\"BreadcrumbList\",\"@id\":\"https:\\\/\\\/www.cobalt.legal\\\/et\\\/teenused\\\/#breadcrumb\",\"itemListElement\":[{\"@type\":\"ListItem\",\"position\":1,\"name\":\"Home\",\"item\":\"https:\\\/\\\/www.cobalt.legal\\\/et\\\/\"},{\"@type\":\"ListItem\",\"position\":2,\"name\":\"Teenused\"}]},{\"@type\":\"WebSite\",\"@id\":\"https:\\\/\\\/www.cobalt.legal\\\/et\\\/#website\",\"url\":\"https:\\\/\\\/www.cobalt.legal\\\/et\\\/\",\"name\":\"COBALT\",\"description\":\"Top-tier law services in Estonia, Latvia and Lithuania\",\"publisher\":{\"@id\":\"https:\\\/\\\/www.cobalt.legal\\\/et\\\/#organization\"},\"potentialAction\":[{\"@type\":\"SearchAction\",\"target\":{\"@type\":\"EntryPoint\",\"urlTemplate\":\"https:\\\/\\\/www.cobalt.legal\\\/et\\\/?s={search_term_string}\"},\"query-input\":{\"@type\":\"PropertyValueSpecification\",\"valueRequired\":true,\"valueName\":\"search_term_string\"}}],\"inLanguage\":\"et-EE\"},{\"@type\":\"Organization\",\"@id\":\"https:\\\/\\\/www.cobalt.legal\\\/et\\\/#organization\",\"name\":\"COBALT\",\"url\":\"https:\\\/\\\/www.cobalt.legal\\\/et\\\/\",\"logo\":{\"@type\":\"ImageObject\",\"inLanguage\":\"et-EE\",\"@id\":\"https:\\\/\\\/www.cobalt.legal\\\/et\\\/#\\\/schema\\\/logo\\\/image\\\/\",\"url\":\"https:\\\/\\\/www.cobalt.legal\\\/wp-content\\\/uploads\\\/2023\\\/04\\\/cobalt-logo.png\",\"contentUrl\":\"https:\\\/\\\/www.cobalt.legal\\\/wp-content\\\/uploads\\\/2023\\\/04\\\/cobalt-logo.png\",\"width\":400,\"height\":116,\"caption\":\"COBALT\"},\"image\":{\"@id\":\"https:\\\/\\\/www.cobalt.legal\\\/et\\\/#\\\/schema\\\/logo\\\/image\\\/\"},\"sameAs\":[\"https:\\\/\\\/www.facebook.com\\\/CobaltLegal\\\/\"]}]}<\/script>\n<!-- \/ Yoast SEO plugin. -->","yoast_head_json":{"title":"Teenused | COBALT","description":"Teenused | COBALT - Balti juhtiv advokaadib\u00fcroo. Strateegiline partner nii igap\u00e4evases \u00f5igusabis kui ka keerukates suuremahulistes projektides.","robots":{"index":"index","follow":"follow","max-snippet":"max-snippet:-1","max-image-preview":"max-image-preview:large","max-video-preview":"max-video-preview:-1"},"canonical":"https:\/\/www.cobalt.legal\/et\/teenused\/","og_locale":"et_EE","og_type":"article","og_title":"Teenused | COBALT","og_description":"Teenused | COBALT - Balti juhtiv advokaadib\u00fcroo. Strateegiline partner nii igap\u00e4evases \u00f5igusabis kui ka keerukates suuremahulistes projektides.","og_url":"https:\/\/www.cobalt.legal\/et\/teenused\/","og_site_name":"COBALT","article_publisher":"https:\/\/www.facebook.com\/CobaltLegal\/","article_modified_time":"2024-05-23T12:43:38+00:00","og_image":[{"width":2560,"height":894,"url":"https:\/\/www.cobalt.legal\/wp-content\/uploads\/2023\/11\/cobalt-web-lapa-sadalas-2560x894-2.png","type":"image\/png"}],"twitter_card":"summary_large_image","twitter_misc":{"Est. reading time":"1 minute"},"schema":{"@context":"https:\/\/schema.org","@graph":[{"@type":"WebPage","@id":"https:\/\/www.cobalt.legal\/et\/teenused\/","url":"https:\/\/www.cobalt.legal\/et\/teenused\/","name":"Teenused | COBALT","isPartOf":{"@id":"https:\/\/www.cobalt.legal\/et\/#website"},"primaryImageOfPage":{"@id":"https:\/\/www.cobalt.legal\/et\/teenused\/#primaryimage"},"image":{"@id":"https:\/\/www.cobalt.legal\/et\/teenused\/#primaryimage"},"thumbnailUrl":"https:\/\/www.cobalt.legal\/wp-content\/uploads\/2023\/11\/cobalt-web-lapa-sadalas-2560x894-2.png","datePublished":"2023-02-22T17:02:13+00:00","dateModified":"2024-05-23T12:43:38+00:00","description":"Teenused | COBALT - Balti juhtiv advokaadib\u00fcroo. Strateegiline partner nii igap\u00e4evases \u00f5igusabis kui ka keerukates suuremahulistes projektides.","breadcrumb":{"@id":"https:\/\/www.cobalt.legal\/et\/teenused\/#breadcrumb"},"inLanguage":"et-EE","potentialAction":[{"@type":"ReadAction","target":["https:\/\/www.cobalt.legal\/et\/teenused\/"]}]},{"@type":"ImageObject","inLanguage":"et-EE","@id":"https:\/\/www.cobalt.legal\/et\/teenused\/#primaryimage","url":"https:\/\/www.cobalt.legal\/wp-content\/uploads\/2023\/11\/cobalt-web-lapa-sadalas-2560x894-2.png","contentUrl":"https:\/\/www.cobalt.legal\/wp-content\/uploads\/2023\/11\/cobalt-web-lapa-sadalas-2560x894-2.png","width":2560,"height":894},{"@type":"BreadcrumbList","@id":"https:\/\/www.cobalt.legal\/et\/teenused\/#breadcrumb","itemListElement":[{"@type":"ListItem","position":1,"name":"Home","item":"https:\/\/www.cobalt.legal\/et\/"},{"@type":"ListItem","position":2,"name":"Teenused"}]},{"@type":"WebSite","@id":"https:\/\/www.cobalt.legal\/et\/#website","url":"https:\/\/www.cobalt.legal\/et\/","name":"COBALT","description":"Top-tier law services in Estonia, Latvia and Lithuania","publisher":{"@id":"https:\/\/www.cobalt.legal\/et\/#organization"},"potentialAction":[{"@type":"SearchAction","target":{"@type":"EntryPoint","urlTemplate":"https:\/\/www.cobalt.legal\/et\/?s={search_term_string}"},"query-input":{"@type":"PropertyValueSpecification","valueRequired":true,"valueName":"search_term_string"}}],"inLanguage":"et-EE"},{"@type":"Organization","@id":"https:\/\/www.cobalt.legal\/et\/#organization","name":"COBALT","url":"https:\/\/www.cobalt.legal\/et\/","logo":{"@type":"ImageObject","inLanguage":"et-EE","@id":"https:\/\/www.cobalt.legal\/et\/#\/schema\/logo\/image\/","url":"https:\/\/www.cobalt.legal\/wp-content\/uploads\/2023\/04\/cobalt-logo.png","contentUrl":"https:\/\/www.cobalt.legal\/wp-content\/uploads\/2023\/04\/cobalt-logo.png","width":400,"height":116,"caption":"COBALT"},"image":{"@id":"https:\/\/www.cobalt.legal\/et\/#\/schema\/logo\/image\/"},"sameAs":["https:\/\/www.facebook.com\/CobaltLegal\/"]}]}},"_links":{"self":[{"href":"https:\/\/www.cobalt.legal\/et\/wp-json\/wp\/v2\/pages\/6645","targetHints":{"allow":["GET"]}}],"collection":[{"href":"https:\/\/www.cobalt.legal\/et\/wp-json\/wp\/v2\/pages"}],"about":[{"href":"https:\/\/www.cobalt.legal\/et\/wp-json\/wp\/v2\/types\/page"}],"author":[{"embeddable":true,"href":"https:\/\/www.cobalt.legal\/et\/wp-json\/wp\/v2\/users\/2"}],"replies":[{"embeddable":true,"href":"https:\/\/www.cobalt.legal\/et\/wp-json\/wp\/v2\/comments?post=6645"}],"version-history":[{"count":10,"href":"https:\/\/www.cobalt.legal\/et\/wp-json\/wp\/v2\/pages\/6645\/revisions"}],"predecessor-version":[{"id":30467,"href":"https:\/\/www.cobalt.legal\/et\/wp-json\/wp\/v2\/pages\/6645\/revisions\/30467"}],"wp:featuredmedia":[{"embeddable":true,"href":"https:\/\/www.cobalt.legal\/et\/wp-json\/wp\/v2\/media\/30464"}],"wp:attachment":[{"href":"https:\/\/www.cobalt.legal\/et\/wp-json\/wp\/v2\/media?parent=6645"}],"curies":[{"name":"wp","href":"https:\/\/api.w.org\/{rel}","templated":true}]}}