{"id":6658,"date":"2023-03-28T17:46:31","date_gmt":"2023-03-28T14:46:31","guid":{"rendered":"https:\/\/stage.www.cobalt.legal\/?page_id=6658"},"modified":"2026-03-16T11:26:27","modified_gmt":"2026-03-16T09:26:27","slug":"buroo","status":"publish","type":"page","link":"https:\/\/www.cobalt.legal\/et\/buroo\/","title":{"rendered":"B\u00fcroo"},"content":{"rendered":"","protected":false},"excerpt":{"rendered":"","protected":false},"author":2,"featured_media":30264,"parent":0,"menu_order":56,"comment_status":"closed","ping_status":"closed","template":"about-us.php","meta":{"_acf_changed":false,"inline_featured_image":false,"footnotes":""},"class_list":["post-6658","page","type-page","status-publish","has-post-thumbnail","hentry"],"acf":[],"yoast_head":"<!-- This site is optimized with the Yoast SEO plugin v27.3 - https:\/\/yoast.com\/product\/yoast-seo-wordpress\/ -->\n<title>B\u00fcroo | COBALT<\/title>\n<meta name=\"description\" content=\"B\u00fcroo | COBALT - Balti juhtiv advokaadib\u00fcroo. Strateegiline partner nii igap\u00e4evases \u00f5igusabis kui ka keerukates suuremahulistes projektides.\" \/>\n<meta name=\"robots\" content=\"index, follow, max-snippet:-1, max-image-preview:large, max-video-preview:-1\" \/>\n<link rel=\"canonical\" href=\"https:\/\/www.cobalt.legal\/et\/buroo\/\" \/>\n<meta property=\"og:locale\" content=\"et_EE\" \/>\n<meta property=\"og:type\" content=\"article\" \/>\n<meta property=\"og:title\" content=\"B\u00fcroo | COBALT\" \/>\n<meta property=\"og:description\" content=\"B\u00fcroo | COBALT - Balti juhtiv advokaadib\u00fcroo. Strateegiline partner nii igap\u00e4evases \u00f5igusabis kui ka keerukates suuremahulistes projektides.\" \/>\n<meta property=\"og:url\" content=\"https:\/\/www.cobalt.legal\/et\/buroo\/\" \/>\n<meta property=\"og:site_name\" content=\"COBALT\" \/>\n<meta property=\"article:publisher\" content=\"https:\/\/www.facebook.com\/CobaltLegal\/\" \/>\n<meta property=\"article:modified_time\" content=\"2026-03-16T09:26:27+00:00\" \/>\n<meta property=\"og:image\" content=\"https:\/\/www.cobalt.legal\/wp-content\/uploads\/2023\/11\/cobalt-web-lapa-sadalas-2560x894-1.png\" \/>\n\t<meta property=\"og:image:width\" content=\"2560\" \/>\n\t<meta property=\"og:image:height\" content=\"894\" \/>\n\t<meta property=\"og:image:type\" content=\"image\/png\" \/>\n<meta name=\"twitter:card\" content=\"summary_large_image\" \/>\n<meta name=\"twitter:label1\" content=\"Est. reading time\" \/>\n\t<meta name=\"twitter:data1\" content=\"1 minute\" \/>\n<script type=\"application\/ld+json\" class=\"yoast-schema-graph\">{\"@context\":\"https:\\\/\\\/schema.org\",\"@graph\":[{\"@type\":\"WebPage\",\"@id\":\"https:\\\/\\\/www.cobalt.legal\\\/et\\\/buroo\\\/\",\"url\":\"https:\\\/\\\/www.cobalt.legal\\\/et\\\/buroo\\\/\",\"name\":\"B\u00fcroo | COBALT\",\"isPartOf\":{\"@id\":\"https:\\\/\\\/www.cobalt.legal\\\/et\\\/#website\"},\"primaryImageOfPage\":{\"@id\":\"https:\\\/\\\/www.cobalt.legal\\\/et\\\/buroo\\\/#primaryimage\"},\"image\":{\"@id\":\"https:\\\/\\\/www.cobalt.legal\\\/et\\\/buroo\\\/#primaryimage\"},\"thumbnailUrl\":\"https:\\\/\\\/www.cobalt.legal\\\/wp-content\\\/uploads\\\/2023\\\/11\\\/cobalt-web-lapa-sadalas-2560x894-1.png\",\"datePublished\":\"2023-03-28T14:46:31+00:00\",\"dateModified\":\"2026-03-16T09:26:27+00:00\",\"description\":\"B\u00fcroo | COBALT - Balti juhtiv advokaadib\u00fcroo. Strateegiline partner nii igap\u00e4evases \u00f5igusabis kui ka keerukates suuremahulistes projektides.\",\"breadcrumb\":{\"@id\":\"https:\\\/\\\/www.cobalt.legal\\\/et\\\/buroo\\\/#breadcrumb\"},\"inLanguage\":\"et-EE\",\"potentialAction\":[{\"@type\":\"ReadAction\",\"target\":[\"https:\\\/\\\/www.cobalt.legal\\\/et\\\/buroo\\\/\"]}]},{\"@type\":\"ImageObject\",\"inLanguage\":\"et-EE\",\"@id\":\"https:\\\/\\\/www.cobalt.legal\\\/et\\\/buroo\\\/#primaryimage\",\"url\":\"https:\\\/\\\/www.cobalt.legal\\\/wp-content\\\/uploads\\\/2023\\\/11\\\/cobalt-web-lapa-sadalas-2560x894-1.png\",\"contentUrl\":\"https:\\\/\\\/www.cobalt.legal\\\/wp-content\\\/uploads\\\/2023\\\/11\\\/cobalt-web-lapa-sadalas-2560x894-1.png\",\"width\":2560,\"height\":894},{\"@type\":\"BreadcrumbList\",\"@id\":\"https:\\\/\\\/www.cobalt.legal\\\/et\\\/buroo\\\/#breadcrumb\",\"itemListElement\":[{\"@type\":\"ListItem\",\"position\":1,\"name\":\"Home\",\"item\":\"https:\\\/\\\/www.cobalt.legal\\\/et\\\/\"},{\"@type\":\"ListItem\",\"position\":2,\"name\":\"B\u00fcroo\"}]},{\"@type\":\"WebSite\",\"@id\":\"https:\\\/\\\/www.cobalt.legal\\\/et\\\/#website\",\"url\":\"https:\\\/\\\/www.cobalt.legal\\\/et\\\/\",\"name\":\"COBALT\",\"description\":\"Top-tier law services in Estonia, Latvia and Lithuania\",\"publisher\":{\"@id\":\"https:\\\/\\\/www.cobalt.legal\\\/et\\\/#organization\"},\"potentialAction\":[{\"@type\":\"SearchAction\",\"target\":{\"@type\":\"EntryPoint\",\"urlTemplate\":\"https:\\\/\\\/www.cobalt.legal\\\/et\\\/?s={search_term_string}\"},\"query-input\":{\"@type\":\"PropertyValueSpecification\",\"valueRequired\":true,\"valueName\":\"search_term_string\"}}],\"inLanguage\":\"et-EE\"},{\"@type\":\"Organization\",\"@id\":\"https:\\\/\\\/www.cobalt.legal\\\/et\\\/#organization\",\"name\":\"COBALT\",\"url\":\"https:\\\/\\\/www.cobalt.legal\\\/et\\\/\",\"logo\":{\"@type\":\"ImageObject\",\"inLanguage\":\"et-EE\",\"@id\":\"https:\\\/\\\/www.cobalt.legal\\\/et\\\/#\\\/schema\\\/logo\\\/image\\\/\",\"url\":\"https:\\\/\\\/www.cobalt.legal\\\/wp-content\\\/uploads\\\/2023\\\/04\\\/cobalt-logo.png\",\"contentUrl\":\"https:\\\/\\\/www.cobalt.legal\\\/wp-content\\\/uploads\\\/2023\\\/04\\\/cobalt-logo.png\",\"width\":400,\"height\":116,\"caption\":\"COBALT\"},\"image\":{\"@id\":\"https:\\\/\\\/www.cobalt.legal\\\/et\\\/#\\\/schema\\\/logo\\\/image\\\/\"},\"sameAs\":[\"https:\\\/\\\/www.facebook.com\\\/CobaltLegal\\\/\"]}]}<\/script>\n<!-- \/ Yoast SEO plugin. -->","yoast_head_json":{"title":"B\u00fcroo | COBALT","description":"B\u00fcroo | COBALT - Balti juhtiv advokaadib\u00fcroo. Strateegiline partner nii igap\u00e4evases \u00f5igusabis kui ka keerukates suuremahulistes projektides.","robots":{"index":"index","follow":"follow","max-snippet":"max-snippet:-1","max-image-preview":"max-image-preview:large","max-video-preview":"max-video-preview:-1"},"canonical":"https:\/\/www.cobalt.legal\/et\/buroo\/","og_locale":"et_EE","og_type":"article","og_title":"B\u00fcroo | COBALT","og_description":"B\u00fcroo | COBALT - Balti juhtiv advokaadib\u00fcroo. Strateegiline partner nii igap\u00e4evases \u00f5igusabis kui ka keerukates suuremahulistes projektides.","og_url":"https:\/\/www.cobalt.legal\/et\/buroo\/","og_site_name":"COBALT","article_publisher":"https:\/\/www.facebook.com\/CobaltLegal\/","article_modified_time":"2026-03-16T09:26:27+00:00","og_image":[{"width":2560,"height":894,"url":"https:\/\/www.cobalt.legal\/wp-content\/uploads\/2023\/11\/cobalt-web-lapa-sadalas-2560x894-1.png","type":"image\/png"}],"twitter_card":"summary_large_image","twitter_misc":{"Est. reading time":"1 minute"},"schema":{"@context":"https:\/\/schema.org","@graph":[{"@type":"WebPage","@id":"https:\/\/www.cobalt.legal\/et\/buroo\/","url":"https:\/\/www.cobalt.legal\/et\/buroo\/","name":"B\u00fcroo | COBALT","isPartOf":{"@id":"https:\/\/www.cobalt.legal\/et\/#website"},"primaryImageOfPage":{"@id":"https:\/\/www.cobalt.legal\/et\/buroo\/#primaryimage"},"image":{"@id":"https:\/\/www.cobalt.legal\/et\/buroo\/#primaryimage"},"thumbnailUrl":"https:\/\/www.cobalt.legal\/wp-content\/uploads\/2023\/11\/cobalt-web-lapa-sadalas-2560x894-1.png","datePublished":"2023-03-28T14:46:31+00:00","dateModified":"2026-03-16T09:26:27+00:00","description":"B\u00fcroo | COBALT - Balti juhtiv advokaadib\u00fcroo. Strateegiline partner nii igap\u00e4evases \u00f5igusabis kui ka keerukates suuremahulistes projektides.","breadcrumb":{"@id":"https:\/\/www.cobalt.legal\/et\/buroo\/#breadcrumb"},"inLanguage":"et-EE","potentialAction":[{"@type":"ReadAction","target":["https:\/\/www.cobalt.legal\/et\/buroo\/"]}]},{"@type":"ImageObject","inLanguage":"et-EE","@id":"https:\/\/www.cobalt.legal\/et\/buroo\/#primaryimage","url":"https:\/\/www.cobalt.legal\/wp-content\/uploads\/2023\/11\/cobalt-web-lapa-sadalas-2560x894-1.png","contentUrl":"https:\/\/www.cobalt.legal\/wp-content\/uploads\/2023\/11\/cobalt-web-lapa-sadalas-2560x894-1.png","width":2560,"height":894},{"@type":"BreadcrumbList","@id":"https:\/\/www.cobalt.legal\/et\/buroo\/#breadcrumb","itemListElement":[{"@type":"ListItem","position":1,"name":"Home","item":"https:\/\/www.cobalt.legal\/et\/"},{"@type":"ListItem","position":2,"name":"B\u00fcroo"}]},{"@type":"WebSite","@id":"https:\/\/www.cobalt.legal\/et\/#website","url":"https:\/\/www.cobalt.legal\/et\/","name":"COBALT","description":"Top-tier law services in Estonia, Latvia and Lithuania","publisher":{"@id":"https:\/\/www.cobalt.legal\/et\/#organization"},"potentialAction":[{"@type":"SearchAction","target":{"@type":"EntryPoint","urlTemplate":"https:\/\/www.cobalt.legal\/et\/?s={search_term_string}"},"query-input":{"@type":"PropertyValueSpecification","valueRequired":true,"valueName":"search_term_string"}}],"inLanguage":"et-EE"},{"@type":"Organization","@id":"https:\/\/www.cobalt.legal\/et\/#organization","name":"COBALT","url":"https:\/\/www.cobalt.legal\/et\/","logo":{"@type":"ImageObject","inLanguage":"et-EE","@id":"https:\/\/www.cobalt.legal\/et\/#\/schema\/logo\/image\/","url":"https:\/\/www.cobalt.legal\/wp-content\/uploads\/2023\/04\/cobalt-logo.png","contentUrl":"https:\/\/www.cobalt.legal\/wp-content\/uploads\/2023\/04\/cobalt-logo.png","width":400,"height":116,"caption":"COBALT"},"image":{"@id":"https:\/\/www.cobalt.legal\/et\/#\/schema\/logo\/image\/"},"sameAs":["https:\/\/www.facebook.com\/CobaltLegal\/"]}]}},"_links":{"self":[{"href":"https:\/\/www.cobalt.legal\/et\/wp-json\/wp\/v2\/pages\/6658","targetHints":{"allow":["GET"]}}],"collection":[{"href":"https:\/\/www.cobalt.legal\/et\/wp-json\/wp\/v2\/pages"}],"about":[{"href":"https:\/\/www.cobalt.legal\/et\/wp-json\/wp\/v2\/types\/page"}],"author":[{"embeddable":true,"href":"https:\/\/www.cobalt.legal\/et\/wp-json\/wp\/v2\/users\/2"}],"replies":[{"embeddable":true,"href":"https:\/\/www.cobalt.legal\/et\/wp-json\/wp\/v2\/comments?post=6658"}],"version-history":[{"count":143,"href":"https:\/\/www.cobalt.legal\/et\/wp-json\/wp\/v2\/pages\/6658\/revisions"}],"predecessor-version":[{"id":53418,"href":"https:\/\/www.cobalt.legal\/et\/wp-json\/wp\/v2\/pages\/6658\/revisions\/53418"}],"wp:featuredmedia":[{"embeddable":true,"href":"https:\/\/www.cobalt.legal\/et\/wp-json\/wp\/v2\/media\/30264"}],"wp:attachment":[{"href":"https:\/\/www.cobalt.legal\/et\/wp-json\/wp\/v2\/media?parent=6658"}],"curies":[{"name":"wp","href":"https:\/\/api.w.org\/{rel}","templated":true}]}}