{"id":7326,"date":"2023-05-26T18:08:52","date_gmt":"2023-05-26T15:08:52","guid":{"rendered":"https:\/\/stage.www.cobalt.legal\/?page_id=7326"},"modified":"2026-04-05T09:49:18","modified_gmt":"2026-04-05T06:49:18","slug":"uldtingimused","status":"publish","type":"page","link":"https:\/\/www.cobalt.legal\/et\/uldtingimused\/","title":{"rendered":"\u00dcldtingimused"},"content":{"rendered":"<p><a href=\"https:\/\/www.cobalt.legal\/et\/vanad-uldtingimused\/\">Varasemad \u00fcldtingimused<\/a><\/p>\n<p>Kehtivad alates 1. aprillist 2026<\/p>\n","protected":false},"excerpt":{"rendered":"<p>Varasemad \u00fcldtingimused Kehtivad alates 1. aprillist 2026<\/p>\n","protected":false},"author":2,"featured_media":0,"parent":0,"menu_order":39,"comment_status":"closed","ping_status":"closed","template":"","meta":{"_acf_changed":false,"inline_featured_image":false,"footnotes":""},"class_list":["post-7326","page","type-page","status-publish","hentry"],"acf":[],"yoast_head":"<!-- This site is optimized with the Yoast SEO plugin v27.3 - https:\/\/yoast.com\/product\/yoast-seo-wordpress\/ -->\n<title>\u00dcldtingimused | COBALT<\/title>\n<meta name=\"description\" content=\"\u00dcldtingimused | COBALT - Balti juhtiv advokaadib\u00fcroo. Strateegiline partner nii igap\u00e4evases \u00f5igusabis kui ka keerukates suuremahulistes projektides.\" \/>\n<meta name=\"robots\" content=\"index, follow, max-snippet:-1, max-image-preview:large, max-video-preview:-1\" \/>\n<link rel=\"canonical\" href=\"https:\/\/www.cobalt.legal\/et\/uldtingimused\/\" \/>\n<meta property=\"og:locale\" content=\"et_EE\" \/>\n<meta property=\"og:type\" content=\"article\" \/>\n<meta property=\"og:title\" content=\"\u00dcldtingimused | COBALT\" \/>\n<meta property=\"og:description\" content=\"\u00dcldtingimused | COBALT - Balti juhtiv advokaadib\u00fcroo. Strateegiline partner nii igap\u00e4evases \u00f5igusabis kui ka keerukates suuremahulistes projektides.\" \/>\n<meta property=\"og:url\" content=\"https:\/\/www.cobalt.legal\/et\/uldtingimused\/\" \/>\n<meta property=\"og:site_name\" content=\"COBALT\" \/>\n<meta property=\"article:publisher\" content=\"https:\/\/www.facebook.com\/CobaltLegal\/\" \/>\n<meta property=\"article:modified_time\" content=\"2026-04-05T06:49:18+00:00\" \/>\n<meta name=\"twitter:card\" content=\"summary_large_image\" \/>\n<meta name=\"twitter:label1\" content=\"Est. reading time\" \/>\n\t<meta name=\"twitter:data1\" content=\"1 minute\" \/>\n<script type=\"application\/ld+json\" class=\"yoast-schema-graph\">{\"@context\":\"https:\\\/\\\/schema.org\",\"@graph\":[{\"@type\":\"WebPage\",\"@id\":\"https:\\\/\\\/www.cobalt.legal\\\/et\\\/uldtingimused\\\/\",\"url\":\"https:\\\/\\\/www.cobalt.legal\\\/et\\\/uldtingimused\\\/\",\"name\":\"\u00dcldtingimused | COBALT\",\"isPartOf\":{\"@id\":\"https:\\\/\\\/www.cobalt.legal\\\/et\\\/#website\"},\"datePublished\":\"2023-05-26T15:08:52+00:00\",\"dateModified\":\"2026-04-05T06:49:18+00:00\",\"description\":\"\u00dcldtingimused | COBALT - Balti juhtiv advokaadib\u00fcroo. Strateegiline partner nii igap\u00e4evases \u00f5igusabis kui ka keerukates suuremahulistes projektides.\",\"breadcrumb\":{\"@id\":\"https:\\\/\\\/www.cobalt.legal\\\/et\\\/uldtingimused\\\/#breadcrumb\"},\"inLanguage\":\"et-EE\",\"potentialAction\":[{\"@type\":\"ReadAction\",\"target\":[\"https:\\\/\\\/www.cobalt.legal\\\/et\\\/uldtingimused\\\/\"]}]},{\"@type\":\"BreadcrumbList\",\"@id\":\"https:\\\/\\\/www.cobalt.legal\\\/et\\\/uldtingimused\\\/#breadcrumb\",\"itemListElement\":[{\"@type\":\"ListItem\",\"position\":1,\"name\":\"Home\",\"item\":\"https:\\\/\\\/www.cobalt.legal\\\/et\\\/\"},{\"@type\":\"ListItem\",\"position\":2,\"name\":\"\u00dcldtingimused\"}]},{\"@type\":\"WebSite\",\"@id\":\"https:\\\/\\\/www.cobalt.legal\\\/et\\\/#website\",\"url\":\"https:\\\/\\\/www.cobalt.legal\\\/et\\\/\",\"name\":\"COBALT\",\"description\":\"Top-tier law services in Estonia, Latvia and Lithuania\",\"publisher\":{\"@id\":\"https:\\\/\\\/www.cobalt.legal\\\/et\\\/#organization\"},\"potentialAction\":[{\"@type\":\"SearchAction\",\"target\":{\"@type\":\"EntryPoint\",\"urlTemplate\":\"https:\\\/\\\/www.cobalt.legal\\\/et\\\/?s={search_term_string}\"},\"query-input\":{\"@type\":\"PropertyValueSpecification\",\"valueRequired\":true,\"valueName\":\"search_term_string\"}}],\"inLanguage\":\"et-EE\"},{\"@type\":\"Organization\",\"@id\":\"https:\\\/\\\/www.cobalt.legal\\\/et\\\/#organization\",\"name\":\"COBALT\",\"url\":\"https:\\\/\\\/www.cobalt.legal\\\/et\\\/\",\"logo\":{\"@type\":\"ImageObject\",\"inLanguage\":\"et-EE\",\"@id\":\"https:\\\/\\\/www.cobalt.legal\\\/et\\\/#\\\/schema\\\/logo\\\/image\\\/\",\"url\":\"https:\\\/\\\/www.cobalt.legal\\\/wp-content\\\/uploads\\\/2023\\\/04\\\/cobalt-logo.png\",\"contentUrl\":\"https:\\\/\\\/www.cobalt.legal\\\/wp-content\\\/uploads\\\/2023\\\/04\\\/cobalt-logo.png\",\"width\":400,\"height\":116,\"caption\":\"COBALT\"},\"image\":{\"@id\":\"https:\\\/\\\/www.cobalt.legal\\\/et\\\/#\\\/schema\\\/logo\\\/image\\\/\"},\"sameAs\":[\"https:\\\/\\\/www.facebook.com\\\/CobaltLegal\\\/\"]}]}<\/script>\n<!-- \/ Yoast SEO plugin. -->","yoast_head_json":{"title":"\u00dcldtingimused | COBALT","description":"\u00dcldtingimused | COBALT - Balti juhtiv advokaadib\u00fcroo. Strateegiline partner nii igap\u00e4evases \u00f5igusabis kui ka keerukates suuremahulistes projektides.","robots":{"index":"index","follow":"follow","max-snippet":"max-snippet:-1","max-image-preview":"max-image-preview:large","max-video-preview":"max-video-preview:-1"},"canonical":"https:\/\/www.cobalt.legal\/et\/uldtingimused\/","og_locale":"et_EE","og_type":"article","og_title":"\u00dcldtingimused | COBALT","og_description":"\u00dcldtingimused | COBALT - Balti juhtiv advokaadib\u00fcroo. Strateegiline partner nii igap\u00e4evases \u00f5igusabis kui ka keerukates suuremahulistes projektides.","og_url":"https:\/\/www.cobalt.legal\/et\/uldtingimused\/","og_site_name":"COBALT","article_publisher":"https:\/\/www.facebook.com\/CobaltLegal\/","article_modified_time":"2026-04-05T06:49:18+00:00","twitter_card":"summary_large_image","twitter_misc":{"Est. reading time":"1 minute"},"schema":{"@context":"https:\/\/schema.org","@graph":[{"@type":"WebPage","@id":"https:\/\/www.cobalt.legal\/et\/uldtingimused\/","url":"https:\/\/www.cobalt.legal\/et\/uldtingimused\/","name":"\u00dcldtingimused | COBALT","isPartOf":{"@id":"https:\/\/www.cobalt.legal\/et\/#website"},"datePublished":"2023-05-26T15:08:52+00:00","dateModified":"2026-04-05T06:49:18+00:00","description":"\u00dcldtingimused | COBALT - Balti juhtiv advokaadib\u00fcroo. Strateegiline partner nii igap\u00e4evases \u00f5igusabis kui ka keerukates suuremahulistes projektides.","breadcrumb":{"@id":"https:\/\/www.cobalt.legal\/et\/uldtingimused\/#breadcrumb"},"inLanguage":"et-EE","potentialAction":[{"@type":"ReadAction","target":["https:\/\/www.cobalt.legal\/et\/uldtingimused\/"]}]},{"@type":"BreadcrumbList","@id":"https:\/\/www.cobalt.legal\/et\/uldtingimused\/#breadcrumb","itemListElement":[{"@type":"ListItem","position":1,"name":"Home","item":"https:\/\/www.cobalt.legal\/et\/"},{"@type":"ListItem","position":2,"name":"\u00dcldtingimused"}]},{"@type":"WebSite","@id":"https:\/\/www.cobalt.legal\/et\/#website","url":"https:\/\/www.cobalt.legal\/et\/","name":"COBALT","description":"Top-tier law services in Estonia, Latvia and Lithuania","publisher":{"@id":"https:\/\/www.cobalt.legal\/et\/#organization"},"potentialAction":[{"@type":"SearchAction","target":{"@type":"EntryPoint","urlTemplate":"https:\/\/www.cobalt.legal\/et\/?s={search_term_string}"},"query-input":{"@type":"PropertyValueSpecification","valueRequired":true,"valueName":"search_term_string"}}],"inLanguage":"et-EE"},{"@type":"Organization","@id":"https:\/\/www.cobalt.legal\/et\/#organization","name":"COBALT","url":"https:\/\/www.cobalt.legal\/et\/","logo":{"@type":"ImageObject","inLanguage":"et-EE","@id":"https:\/\/www.cobalt.legal\/et\/#\/schema\/logo\/image\/","url":"https:\/\/www.cobalt.legal\/wp-content\/uploads\/2023\/04\/cobalt-logo.png","contentUrl":"https:\/\/www.cobalt.legal\/wp-content\/uploads\/2023\/04\/cobalt-logo.png","width":400,"height":116,"caption":"COBALT"},"image":{"@id":"https:\/\/www.cobalt.legal\/et\/#\/schema\/logo\/image\/"},"sameAs":["https:\/\/www.facebook.com\/CobaltLegal\/"]}]}},"_links":{"self":[{"href":"https:\/\/www.cobalt.legal\/et\/wp-json\/wp\/v2\/pages\/7326","targetHints":{"allow":["GET"]}}],"collection":[{"href":"https:\/\/www.cobalt.legal\/et\/wp-json\/wp\/v2\/pages"}],"about":[{"href":"https:\/\/www.cobalt.legal\/et\/wp-json\/wp\/v2\/types\/page"}],"author":[{"embeddable":true,"href":"https:\/\/www.cobalt.legal\/et\/wp-json\/wp\/v2\/users\/2"}],"replies":[{"embeddable":true,"href":"https:\/\/www.cobalt.legal\/et\/wp-json\/wp\/v2\/comments?post=7326"}],"version-history":[{"count":14,"href":"https:\/\/www.cobalt.legal\/et\/wp-json\/wp\/v2\/pages\/7326\/revisions"}],"predecessor-version":[{"id":54489,"href":"https:\/\/www.cobalt.legal\/et\/wp-json\/wp\/v2\/pages\/7326\/revisions\/54489"}],"wp:attachment":[{"href":"https:\/\/www.cobalt.legal\/et\/wp-json\/wp\/v2\/media?parent=7326"}],"curies":[{"name":"wp","href":"https:\/\/api.w.org\/{rel}","templated":true}]}}