{"id":7337,"date":"2023-05-29T14:43:14","date_gmt":"2023-05-29T11:43:14","guid":{"rendered":"https:\/\/stage.www.cobalt.legal\/?page_id=7337"},"modified":"2026-02-02T10:53:08","modified_gmt":"2026-02-02T08:53:08","slug":"privaatsuspoliitika","status":"publish","type":"page","link":"https:\/\/www.cobalt.legal\/et\/privaatsuspoliitika\/","title":{"rendered":"Privaatsuspoliitika"},"content":{"rendered":"<p>K\u00e4esolevas privaatsusteavituses (\u201eTeavitus\u201c) selgitatakse \u00fcldisi p\u00f5him\u00f5tteid, mille alusel COBALT advokaadib\u00fcrood (kontaktandmed on toodud punktis 2.1) (\u201eB\u00fcroo\u201c, \u201emeie\u201c) koguvad ja kasutavad teavet, kui k\u00fclastate meie veebilehti aadressil www.cobalt.legal (\u201eVeebileht\u201c), kasutate meie teenuseid (\u201eTeenused\u201c), mida me teile osutame, v\u00f5i suhtlete meiega mis tahes muul viisil, n\u00e4iteks v\u00f5tate meiega \u00fchendust sotsiaalmeedia lehek\u00fclgede kaudu, osalete meie s\u00fcndmustel, kandideerite t\u00f6\u00f6le, jne. T\u00e4psem informatsioon konkreetset liiki andmete, \u00f5igusliku aluse, t\u00f6\u00f6tlemise eesm\u00e4rkide ja andmete s\u00e4ilitamise ajavahemike kohta on toodud k\u00e4esoleva Teavituse punktis 4 nimetatud konkreetses privaatsusteavituses. V\u00f5ttes meiega \u00fchendust Veebilehe kaudu v\u00f5i kasutades meie Teenuseid v\u00f5idakse teilt (\u201eKlient\u201c v\u00f5i \u201eteie\u201c) otses\u00f5nu paluda, et te kinnitaksite k\u00e4esoleva Teavitusega n\u00f5ustumist.<\/p>\n<p>Teavituses toodud viited \u201eteie Isikuandmetele\u201c viitavad igasugusele teabele, mille abil teie isikut saab otseselt v\u00f5i kaudselt tuvastada, teiega \u00fchendust v\u00f5tta v\u00f5i teie kui f\u00fc\u00fcsilise isiku asukohta m\u00e4\u00e4rata (\u201eIsikuandmed\u201c).<\/p>\n<p>T\u00f6\u00f6tleme Isikuandmeid k\u00e4esoleva Teavituse alusel ja kohalduvate \u00f5igusaktide kohaselt, sh isikuandmete kaitse \u00fcldm\u00e4\u00e4ruse (2016\/679) (\u201eGDPR\u201c) ja kehtivate riigisiseste andmekaitseseaduste kohaselt, mis kohalduvad Teavituse punktis 2 nimetatud vastutavate t\u00f6\u00f6tlejate suhtes (\u201eAndmekaitsealased \u00d5igusaktid\u201c).<\/p>\n<p>Kui te avaldate meile mis tahes kolmandat isikut (n\u00e4iteks teie t\u00f6\u00f6tajat, juhatuse liiget, kolleegi, lepingupartnerit) puudutavaid Isikuandmeid, olete te kohustatud neile k\u00e4esolevat Teavitust tutvustama.<\/p>\n","protected":false},"excerpt":{"rendered":"<p>K\u00e4esolevas privaatsusteavituses (\u201eTeavitus\u201c) selgitatakse \u00fcldisi p\u00f5him\u00f5tteid, mille alusel COBALT advokaadib\u00fcrood (kontaktandmed on toodud punktis 2.1) (\u201eB\u00fcroo\u201c, \u201emeie\u201c) koguvad ja kasutavad teavet, kui k\u00fclastate meie veebilehti aadressil www.cobalt.legal (\u201eVeebileht\u201c), kasutate meie teenuseid (\u201eTeenused\u201c), mida me teile osutame, v\u00f5i suhtlete meiega mis..<\/p>\n","protected":false},"author":2,"featured_media":0,"parent":0,"menu_order":36,"comment_status":"closed","ping_status":"closed","template":"","meta":{"_acf_changed":false,"inline_featured_image":false,"footnotes":""},"class_list":["post-7337","page","type-page","status-publish","hentry"],"acf":[],"yoast_head":"<!-- This site is optimized with the Yoast SEO plugin v27.3 - https:\/\/yoast.com\/product\/yoast-seo-wordpress\/ -->\n<title>Privaatsuspoliitika | COBALT<\/title>\n<meta name=\"description\" content=\"Privaatsuspoliitika | COBALT - Balti juhtiv advokaadib\u00fcroo. Strateegiline partner nii igap\u00e4evases \u00f5igusabis kui ka keerukates suuremahulistes projektides.\" \/>\n<meta name=\"robots\" content=\"index, follow, max-snippet:-1, max-image-preview:large, max-video-preview:-1\" \/>\n<link rel=\"canonical\" href=\"https:\/\/www.cobalt.legal\/et\/privaatsuspoliitika\/\" \/>\n<meta property=\"og:locale\" content=\"et_EE\" \/>\n<meta property=\"og:type\" content=\"article\" \/>\n<meta property=\"og:title\" content=\"Privaatsuspoliitika | COBALT\" \/>\n<meta property=\"og:description\" content=\"Privaatsuspoliitika | COBALT - Balti juhtiv advokaadib\u00fcroo. Strateegiline partner nii igap\u00e4evases \u00f5igusabis kui ka keerukates suuremahulistes projektides.\" \/>\n<meta property=\"og:url\" content=\"https:\/\/www.cobalt.legal\/et\/privaatsuspoliitika\/\" \/>\n<meta property=\"og:site_name\" content=\"COBALT\" \/>\n<meta property=\"article:publisher\" content=\"https:\/\/www.facebook.com\/CobaltLegal\/\" \/>\n<meta property=\"article:modified_time\" content=\"2026-02-02T08:53:08+00:00\" \/>\n<meta name=\"twitter:card\" content=\"summary_large_image\" \/>\n<meta name=\"twitter:label1\" content=\"Est. reading time\" \/>\n\t<meta name=\"twitter:data1\" content=\"1 minute\" \/>\n<script type=\"application\/ld+json\" class=\"yoast-schema-graph\">{\"@context\":\"https:\\\/\\\/schema.org\",\"@graph\":[{\"@type\":\"WebPage\",\"@id\":\"https:\\\/\\\/www.cobalt.legal\\\/et\\\/privaatsuspoliitika\\\/\",\"url\":\"https:\\\/\\\/www.cobalt.legal\\\/et\\\/privaatsuspoliitika\\\/\",\"name\":\"Privaatsuspoliitika | COBALT\",\"isPartOf\":{\"@id\":\"https:\\\/\\\/www.cobalt.legal\\\/et\\\/#website\"},\"datePublished\":\"2023-05-29T11:43:14+00:00\",\"dateModified\":\"2026-02-02T08:53:08+00:00\",\"description\":\"Privaatsuspoliitika | COBALT - Balti juhtiv advokaadib\u00fcroo. Strateegiline partner nii igap\u00e4evases \u00f5igusabis kui ka keerukates suuremahulistes projektides.\",\"breadcrumb\":{\"@id\":\"https:\\\/\\\/www.cobalt.legal\\\/et\\\/privaatsuspoliitika\\\/#breadcrumb\"},\"inLanguage\":\"et-EE\",\"potentialAction\":[{\"@type\":\"ReadAction\",\"target\":[\"https:\\\/\\\/www.cobalt.legal\\\/et\\\/privaatsuspoliitika\\\/\"]}]},{\"@type\":\"BreadcrumbList\",\"@id\":\"https:\\\/\\\/www.cobalt.legal\\\/et\\\/privaatsuspoliitika\\\/#breadcrumb\",\"itemListElement\":[{\"@type\":\"ListItem\",\"position\":1,\"name\":\"Home\",\"item\":\"https:\\\/\\\/www.cobalt.legal\\\/et\\\/\"},{\"@type\":\"ListItem\",\"position\":2,\"name\":\"Privaatsuspoliitika\"}]},{\"@type\":\"WebSite\",\"@id\":\"https:\\\/\\\/www.cobalt.legal\\\/et\\\/#website\",\"url\":\"https:\\\/\\\/www.cobalt.legal\\\/et\\\/\",\"name\":\"COBALT\",\"description\":\"Top-tier law services in Estonia, Latvia and Lithuania\",\"publisher\":{\"@id\":\"https:\\\/\\\/www.cobalt.legal\\\/et\\\/#organization\"},\"potentialAction\":[{\"@type\":\"SearchAction\",\"target\":{\"@type\":\"EntryPoint\",\"urlTemplate\":\"https:\\\/\\\/www.cobalt.legal\\\/et\\\/?s={search_term_string}\"},\"query-input\":{\"@type\":\"PropertyValueSpecification\",\"valueRequired\":true,\"valueName\":\"search_term_string\"}}],\"inLanguage\":\"et-EE\"},{\"@type\":\"Organization\",\"@id\":\"https:\\\/\\\/www.cobalt.legal\\\/et\\\/#organization\",\"name\":\"COBALT\",\"url\":\"https:\\\/\\\/www.cobalt.legal\\\/et\\\/\",\"logo\":{\"@type\":\"ImageObject\",\"inLanguage\":\"et-EE\",\"@id\":\"https:\\\/\\\/www.cobalt.legal\\\/et\\\/#\\\/schema\\\/logo\\\/image\\\/\",\"url\":\"https:\\\/\\\/www.cobalt.legal\\\/wp-content\\\/uploads\\\/2023\\\/04\\\/cobalt-logo.png\",\"contentUrl\":\"https:\\\/\\\/www.cobalt.legal\\\/wp-content\\\/uploads\\\/2023\\\/04\\\/cobalt-logo.png\",\"width\":400,\"height\":116,\"caption\":\"COBALT\"},\"image\":{\"@id\":\"https:\\\/\\\/www.cobalt.legal\\\/et\\\/#\\\/schema\\\/logo\\\/image\\\/\"},\"sameAs\":[\"https:\\\/\\\/www.facebook.com\\\/CobaltLegal\\\/\"]}]}<\/script>\n<!-- \/ Yoast SEO plugin. -->","yoast_head_json":{"title":"Privaatsuspoliitika | COBALT","description":"Privaatsuspoliitika | COBALT - Balti juhtiv advokaadib\u00fcroo. Strateegiline partner nii igap\u00e4evases \u00f5igusabis kui ka keerukates suuremahulistes projektides.","robots":{"index":"index","follow":"follow","max-snippet":"max-snippet:-1","max-image-preview":"max-image-preview:large","max-video-preview":"max-video-preview:-1"},"canonical":"https:\/\/www.cobalt.legal\/et\/privaatsuspoliitika\/","og_locale":"et_EE","og_type":"article","og_title":"Privaatsuspoliitika | COBALT","og_description":"Privaatsuspoliitika | COBALT - Balti juhtiv advokaadib\u00fcroo. Strateegiline partner nii igap\u00e4evases \u00f5igusabis kui ka keerukates suuremahulistes projektides.","og_url":"https:\/\/www.cobalt.legal\/et\/privaatsuspoliitika\/","og_site_name":"COBALT","article_publisher":"https:\/\/www.facebook.com\/CobaltLegal\/","article_modified_time":"2026-02-02T08:53:08+00:00","twitter_card":"summary_large_image","twitter_misc":{"Est. reading time":"1 minute"},"schema":{"@context":"https:\/\/schema.org","@graph":[{"@type":"WebPage","@id":"https:\/\/www.cobalt.legal\/et\/privaatsuspoliitika\/","url":"https:\/\/www.cobalt.legal\/et\/privaatsuspoliitika\/","name":"Privaatsuspoliitika | COBALT","isPartOf":{"@id":"https:\/\/www.cobalt.legal\/et\/#website"},"datePublished":"2023-05-29T11:43:14+00:00","dateModified":"2026-02-02T08:53:08+00:00","description":"Privaatsuspoliitika | COBALT - Balti juhtiv advokaadib\u00fcroo. Strateegiline partner nii igap\u00e4evases \u00f5igusabis kui ka keerukates suuremahulistes projektides.","breadcrumb":{"@id":"https:\/\/www.cobalt.legal\/et\/privaatsuspoliitika\/#breadcrumb"},"inLanguage":"et-EE","potentialAction":[{"@type":"ReadAction","target":["https:\/\/www.cobalt.legal\/et\/privaatsuspoliitika\/"]}]},{"@type":"BreadcrumbList","@id":"https:\/\/www.cobalt.legal\/et\/privaatsuspoliitika\/#breadcrumb","itemListElement":[{"@type":"ListItem","position":1,"name":"Home","item":"https:\/\/www.cobalt.legal\/et\/"},{"@type":"ListItem","position":2,"name":"Privaatsuspoliitika"}]},{"@type":"WebSite","@id":"https:\/\/www.cobalt.legal\/et\/#website","url":"https:\/\/www.cobalt.legal\/et\/","name":"COBALT","description":"Top-tier law services in Estonia, Latvia and Lithuania","publisher":{"@id":"https:\/\/www.cobalt.legal\/et\/#organization"},"potentialAction":[{"@type":"SearchAction","target":{"@type":"EntryPoint","urlTemplate":"https:\/\/www.cobalt.legal\/et\/?s={search_term_string}"},"query-input":{"@type":"PropertyValueSpecification","valueRequired":true,"valueName":"search_term_string"}}],"inLanguage":"et-EE"},{"@type":"Organization","@id":"https:\/\/www.cobalt.legal\/et\/#organization","name":"COBALT","url":"https:\/\/www.cobalt.legal\/et\/","logo":{"@type":"ImageObject","inLanguage":"et-EE","@id":"https:\/\/www.cobalt.legal\/et\/#\/schema\/logo\/image\/","url":"https:\/\/www.cobalt.legal\/wp-content\/uploads\/2023\/04\/cobalt-logo.png","contentUrl":"https:\/\/www.cobalt.legal\/wp-content\/uploads\/2023\/04\/cobalt-logo.png","width":400,"height":116,"caption":"COBALT"},"image":{"@id":"https:\/\/www.cobalt.legal\/et\/#\/schema\/logo\/image\/"},"sameAs":["https:\/\/www.facebook.com\/CobaltLegal\/"]}]}},"_links":{"self":[{"href":"https:\/\/www.cobalt.legal\/et\/wp-json\/wp\/v2\/pages\/7337","targetHints":{"allow":["GET"]}}],"collection":[{"href":"https:\/\/www.cobalt.legal\/et\/wp-json\/wp\/v2\/pages"}],"about":[{"href":"https:\/\/www.cobalt.legal\/et\/wp-json\/wp\/v2\/types\/page"}],"author":[{"embeddable":true,"href":"https:\/\/www.cobalt.legal\/et\/wp-json\/wp\/v2\/users\/2"}],"replies":[{"embeddable":true,"href":"https:\/\/www.cobalt.legal\/et\/wp-json\/wp\/v2\/comments?post=7337"}],"version-history":[{"count":8,"href":"https:\/\/www.cobalt.legal\/et\/wp-json\/wp\/v2\/pages\/7337\/revisions"}],"predecessor-version":[{"id":51898,"href":"https:\/\/www.cobalt.legal\/et\/wp-json\/wp\/v2\/pages\/7337\/revisions\/51898"}],"wp:attachment":[{"href":"https:\/\/www.cobalt.legal\/et\/wp-json\/wp\/v2\/media?parent=7337"}],"curies":[{"name":"wp","href":"https:\/\/api.w.org\/{rel}","templated":true}]}}