{"id":7470,"date":"2023-05-30T19:03:01","date_gmt":"2023-05-30T16:03:01","guid":{"rendered":"https:\/\/stage.www.cobalt.legal\/?page_id=7470"},"modified":"2024-05-23T15:40:40","modified_gmt":"2024-05-23T12:40:40","slug":"aripartneri-kaitumisjuhend","status":"publish","type":"page","link":"https:\/\/www.cobalt.legal\/et\/aripartneri-kaitumisjuhend\/","title":{"rendered":"\u00c4ripartneri k\u00e4itumisjuhend"},"content":{"rendered":"<p style=\"font-weight: 400;\"><strong>EESM\u00c4RK JA KOHALDAMISALA<\/strong><\/p>\n<p style=\"font-weight: 400;\">COBALT (\u201e<strong>B\u00fcroo<\/strong>\u201c) j\u00e4rgib \u00e4ritegevuses asjakohaseid keskkonnaalaseid, sotsiaalseid ja \u00e4ri\u00fchingu juhtimisega seotud seadusi. B\u00fcroo ootab, et ka tema kliendid, tarnijad ja allt\u00f6\u00f6v\u00f5tjad (\u201e<strong>\u00c4ripartnerid<\/strong>\u201c) tegutseksid eetiliselt, vastutustundlikult ja \u00f5igusnormidele vastavalt, sealhulgas seoses keskkonna ja \u00fchiskonnaga.<\/p>\n<p style=\"font-weight: 400;\">K\u00e4esolev k\u00e4itumisjuhend (\u201e<strong>K<\/strong><strong>\u00e4itumisjuhend<\/strong>\u201c) moodustab olulise osa ja aluse B\u00fcroo j\u00e4tkusuutliku tarneahela strateegiast ja eesm\u00e4rgist teha \u00c4ripartneritega koost\u00f6\u00f6d \u00f5igusp\u00e4rase, professionaalse ja \u00f5iglase \u00e4ripraktika edendamiseks, austades seejuures t\u00f6\u00f6tajate \u00f5igusi, inim\u00f5igusi, keskkonda ja \u00e4rieetikat.<\/p>\n<p style=\"font-weight: 400;\"><strong>\u00d5IGUSNORMIDELE VASTAVUS <\/strong><\/p>\n<p style=\"font-weight: 400;\">Ootame \u00c4ripartneritelt, et nende \u00e4ritegevus vastaks nende jurisdiktsioonis kehtivatele \u00f5igusaktidele.<\/p>\n<p style=\"font-weight: 400;\">Kui \u00c4ripartner ei j\u00e4rgi K\u00e4itumisjuhendit, v\u00f5ib B\u00fcroo kaaluda \u00c4ripartneriga \u00e4risuhte mittej\u00e4tkamist.<\/p>\n<p style=\"font-weight: 400;\"><strong>B\u00fcroo ootab \u00c4ripartneritelt ja julgustab neid:<\/strong><\/p>\n","protected":false},"excerpt":{"rendered":"<p>EESM\u00c4RK JA KOHALDAMISALA COBALT (\u201eB\u00fcroo\u201c) j\u00e4rgib \u00e4ritegevuses asjakohaseid keskkonnaalaseid, sotsiaalseid ja \u00e4ri\u00fchingu juhtimisega seotud seadusi. B\u00fcroo ootab, et ka tema kliendid, tarnijad ja allt\u00f6\u00f6v\u00f5tjad (\u201e\u00c4ripartnerid\u201c) tegutseksid eetiliselt, vastutustundlikult ja \u00f5igusnormidele vastavalt, sealhulgas seoses keskkonna ja \u00fchiskonnaga. K\u00e4esolev k\u00e4itumisjuhend (\u201eK\u00e4itumisjuhend\u201c) moodustab..<\/p>\n","protected":false},"author":2,"featured_media":0,"parent":0,"menu_order":2,"comment_status":"closed","ping_status":"closed","template":"","meta":{"_acf_changed":false,"inline_featured_image":false,"footnotes":""},"class_list":["post-7470","page","type-page","status-publish","hentry"],"acf":[],"yoast_head":"<!-- This site is optimized with the Yoast SEO plugin v27.3 - https:\/\/yoast.com\/product\/yoast-seo-wordpress\/ -->\n<title>\u00c4ripartneri k\u00e4itumisjuhend | COBALT<\/title>\n<meta name=\"description\" content=\"\u00c4ripartneri k\u00e4itumisjuhend | COBALT - Balti juhtiv advokaadib\u00fcroo. Strateegiline partner nii igap\u00e4evases \u00f5igusabis kui ka keerukates suuremahulistes projektides.\" \/>\n<meta name=\"robots\" content=\"index, follow, max-snippet:-1, max-image-preview:large, max-video-preview:-1\" \/>\n<link rel=\"canonical\" href=\"https:\/\/www.cobalt.legal\/et\/aripartneri-kaitumisjuhend\/\" \/>\n<meta property=\"og:locale\" content=\"et_EE\" \/>\n<meta property=\"og:type\" content=\"article\" \/>\n<meta property=\"og:title\" content=\"\u00c4ripartneri k\u00e4itumisjuhend | COBALT\" \/>\n<meta property=\"og:description\" content=\"\u00c4ripartneri k\u00e4itumisjuhend | COBALT - Balti juhtiv advokaadib\u00fcroo. Strateegiline partner nii igap\u00e4evases \u00f5igusabis kui ka keerukates suuremahulistes projektides.\" \/>\n<meta property=\"og:url\" content=\"https:\/\/www.cobalt.legal\/et\/aripartneri-kaitumisjuhend\/\" \/>\n<meta property=\"og:site_name\" content=\"COBALT\" \/>\n<meta property=\"article:publisher\" content=\"https:\/\/www.facebook.com\/CobaltLegal\/\" \/>\n<meta property=\"article:modified_time\" content=\"2024-05-23T12:40:40+00:00\" \/>\n<meta name=\"twitter:card\" content=\"summary_large_image\" \/>\n<meta name=\"twitter:label1\" content=\"Est. reading time\" \/>\n\t<meta name=\"twitter:data1\" content=\"1 minute\" \/>\n<script type=\"application\/ld+json\" class=\"yoast-schema-graph\">{\"@context\":\"https:\\\/\\\/schema.org\",\"@graph\":[{\"@type\":\"WebPage\",\"@id\":\"https:\\\/\\\/www.cobalt.legal\\\/et\\\/aripartneri-kaitumisjuhend\\\/\",\"url\":\"https:\\\/\\\/www.cobalt.legal\\\/et\\\/aripartneri-kaitumisjuhend\\\/\",\"name\":\"\u00c4ripartneri k\u00e4itumisjuhend | COBALT\",\"isPartOf\":{\"@id\":\"https:\\\/\\\/www.cobalt.legal\\\/et\\\/#website\"},\"datePublished\":\"2023-05-30T16:03:01+00:00\",\"dateModified\":\"2024-05-23T12:40:40+00:00\",\"description\":\"\u00c4ripartneri k\u00e4itumisjuhend | COBALT - Balti juhtiv advokaadib\u00fcroo. Strateegiline partner nii igap\u00e4evases \u00f5igusabis kui ka keerukates suuremahulistes projektides.\",\"breadcrumb\":{\"@id\":\"https:\\\/\\\/www.cobalt.legal\\\/et\\\/aripartneri-kaitumisjuhend\\\/#breadcrumb\"},\"inLanguage\":\"et-EE\",\"potentialAction\":[{\"@type\":\"ReadAction\",\"target\":[\"https:\\\/\\\/www.cobalt.legal\\\/et\\\/aripartneri-kaitumisjuhend\\\/\"]}]},{\"@type\":\"BreadcrumbList\",\"@id\":\"https:\\\/\\\/www.cobalt.legal\\\/et\\\/aripartneri-kaitumisjuhend\\\/#breadcrumb\",\"itemListElement\":[{\"@type\":\"ListItem\",\"position\":1,\"name\":\"Home\",\"item\":\"https:\\\/\\\/www.cobalt.legal\\\/et\\\/\"},{\"@type\":\"ListItem\",\"position\":2,\"name\":\"\u00c4ripartneri k\u00e4itumisjuhend\"}]},{\"@type\":\"WebSite\",\"@id\":\"https:\\\/\\\/www.cobalt.legal\\\/et\\\/#website\",\"url\":\"https:\\\/\\\/www.cobalt.legal\\\/et\\\/\",\"name\":\"COBALT\",\"description\":\"Top-tier law services in Estonia, Latvia and Lithuania\",\"publisher\":{\"@id\":\"https:\\\/\\\/www.cobalt.legal\\\/et\\\/#organization\"},\"potentialAction\":[{\"@type\":\"SearchAction\",\"target\":{\"@type\":\"EntryPoint\",\"urlTemplate\":\"https:\\\/\\\/www.cobalt.legal\\\/et\\\/?s={search_term_string}\"},\"query-input\":{\"@type\":\"PropertyValueSpecification\",\"valueRequired\":true,\"valueName\":\"search_term_string\"}}],\"inLanguage\":\"et-EE\"},{\"@type\":\"Organization\",\"@id\":\"https:\\\/\\\/www.cobalt.legal\\\/et\\\/#organization\",\"name\":\"COBALT\",\"url\":\"https:\\\/\\\/www.cobalt.legal\\\/et\\\/\",\"logo\":{\"@type\":\"ImageObject\",\"inLanguage\":\"et-EE\",\"@id\":\"https:\\\/\\\/www.cobalt.legal\\\/et\\\/#\\\/schema\\\/logo\\\/image\\\/\",\"url\":\"https:\\\/\\\/www.cobalt.legal\\\/wp-content\\\/uploads\\\/2023\\\/04\\\/cobalt-logo.png\",\"contentUrl\":\"https:\\\/\\\/www.cobalt.legal\\\/wp-content\\\/uploads\\\/2023\\\/04\\\/cobalt-logo.png\",\"width\":400,\"height\":116,\"caption\":\"COBALT\"},\"image\":{\"@id\":\"https:\\\/\\\/www.cobalt.legal\\\/et\\\/#\\\/schema\\\/logo\\\/image\\\/\"},\"sameAs\":[\"https:\\\/\\\/www.facebook.com\\\/CobaltLegal\\\/\"]}]}<\/script>\n<!-- \/ Yoast SEO plugin. -->","yoast_head_json":{"title":"\u00c4ripartneri k\u00e4itumisjuhend | COBALT","description":"\u00c4ripartneri k\u00e4itumisjuhend | COBALT - Balti juhtiv advokaadib\u00fcroo. Strateegiline partner nii igap\u00e4evases \u00f5igusabis kui ka keerukates suuremahulistes projektides.","robots":{"index":"index","follow":"follow","max-snippet":"max-snippet:-1","max-image-preview":"max-image-preview:large","max-video-preview":"max-video-preview:-1"},"canonical":"https:\/\/www.cobalt.legal\/et\/aripartneri-kaitumisjuhend\/","og_locale":"et_EE","og_type":"article","og_title":"\u00c4ripartneri k\u00e4itumisjuhend | COBALT","og_description":"\u00c4ripartneri k\u00e4itumisjuhend | COBALT - Balti juhtiv advokaadib\u00fcroo. Strateegiline partner nii igap\u00e4evases \u00f5igusabis kui ka keerukates suuremahulistes projektides.","og_url":"https:\/\/www.cobalt.legal\/et\/aripartneri-kaitumisjuhend\/","og_site_name":"COBALT","article_publisher":"https:\/\/www.facebook.com\/CobaltLegal\/","article_modified_time":"2024-05-23T12:40:40+00:00","twitter_card":"summary_large_image","twitter_misc":{"Est. reading time":"1 minute"},"schema":{"@context":"https:\/\/schema.org","@graph":[{"@type":"WebPage","@id":"https:\/\/www.cobalt.legal\/et\/aripartneri-kaitumisjuhend\/","url":"https:\/\/www.cobalt.legal\/et\/aripartneri-kaitumisjuhend\/","name":"\u00c4ripartneri k\u00e4itumisjuhend | COBALT","isPartOf":{"@id":"https:\/\/www.cobalt.legal\/et\/#website"},"datePublished":"2023-05-30T16:03:01+00:00","dateModified":"2024-05-23T12:40:40+00:00","description":"\u00c4ripartneri k\u00e4itumisjuhend | COBALT - Balti juhtiv advokaadib\u00fcroo. Strateegiline partner nii igap\u00e4evases \u00f5igusabis kui ka keerukates suuremahulistes projektides.","breadcrumb":{"@id":"https:\/\/www.cobalt.legal\/et\/aripartneri-kaitumisjuhend\/#breadcrumb"},"inLanguage":"et-EE","potentialAction":[{"@type":"ReadAction","target":["https:\/\/www.cobalt.legal\/et\/aripartneri-kaitumisjuhend\/"]}]},{"@type":"BreadcrumbList","@id":"https:\/\/www.cobalt.legal\/et\/aripartneri-kaitumisjuhend\/#breadcrumb","itemListElement":[{"@type":"ListItem","position":1,"name":"Home","item":"https:\/\/www.cobalt.legal\/et\/"},{"@type":"ListItem","position":2,"name":"\u00c4ripartneri k\u00e4itumisjuhend"}]},{"@type":"WebSite","@id":"https:\/\/www.cobalt.legal\/et\/#website","url":"https:\/\/www.cobalt.legal\/et\/","name":"COBALT","description":"Top-tier law services in Estonia, Latvia and Lithuania","publisher":{"@id":"https:\/\/www.cobalt.legal\/et\/#organization"},"potentialAction":[{"@type":"SearchAction","target":{"@type":"EntryPoint","urlTemplate":"https:\/\/www.cobalt.legal\/et\/?s={search_term_string}"},"query-input":{"@type":"PropertyValueSpecification","valueRequired":true,"valueName":"search_term_string"}}],"inLanguage":"et-EE"},{"@type":"Organization","@id":"https:\/\/www.cobalt.legal\/et\/#organization","name":"COBALT","url":"https:\/\/www.cobalt.legal\/et\/","logo":{"@type":"ImageObject","inLanguage":"et-EE","@id":"https:\/\/www.cobalt.legal\/et\/#\/schema\/logo\/image\/","url":"https:\/\/www.cobalt.legal\/wp-content\/uploads\/2023\/04\/cobalt-logo.png","contentUrl":"https:\/\/www.cobalt.legal\/wp-content\/uploads\/2023\/04\/cobalt-logo.png","width":400,"height":116,"caption":"COBALT"},"image":{"@id":"https:\/\/www.cobalt.legal\/et\/#\/schema\/logo\/image\/"},"sameAs":["https:\/\/www.facebook.com\/CobaltLegal\/"]}]}},"_links":{"self":[{"href":"https:\/\/www.cobalt.legal\/et\/wp-json\/wp\/v2\/pages\/7470","targetHints":{"allow":["GET"]}}],"collection":[{"href":"https:\/\/www.cobalt.legal\/et\/wp-json\/wp\/v2\/pages"}],"about":[{"href":"https:\/\/www.cobalt.legal\/et\/wp-json\/wp\/v2\/types\/page"}],"author":[{"embeddable":true,"href":"https:\/\/www.cobalt.legal\/et\/wp-json\/wp\/v2\/users\/2"}],"replies":[{"embeddable":true,"href":"https:\/\/www.cobalt.legal\/et\/wp-json\/wp\/v2\/comments?post=7470"}],"version-history":[{"count":4,"href":"https:\/\/www.cobalt.legal\/et\/wp-json\/wp\/v2\/pages\/7470\/revisions"}],"predecessor-version":[{"id":32538,"href":"https:\/\/www.cobalt.legal\/et\/wp-json\/wp\/v2\/pages\/7470\/revisions\/32538"}],"wp:attachment":[{"href":"https:\/\/www.cobalt.legal\/et\/wp-json\/wp\/v2\/media?parent=7470"}],"curies":[{"name":"wp","href":"https:\/\/api.w.org\/{rel}","templated":true}]}}