{"id":7622,"date":"2023-05-29T22:15:03","date_gmt":"2023-05-29T19:15:03","guid":{"rendered":"https:\/\/stage.www.cobalt.legal\/?page_id=7622"},"modified":"2025-09-30T17:55:44","modified_gmt":"2025-09-30T14:55:44","slug":"soome-toogrupp","status":"publish","type":"page","link":"https:\/\/www.cobalt.legal\/et\/soome-toogrupp\/","title":{"rendered":"Soome t\u00f6\u00f6grupp"},"content":{"rendered":"<p>COBALTi Tallinna b\u00fcroos asuv Soome t\u00f6\u00f6grupp tegeleb juriidiliste k\u00fcsimustega, mis on seotud piiri\u00fclese \u00e4ritegevusega Eesti, L\u00e4ti v\u00f5i Leedu ja Soome vahel ning selle peamiseks sihtr\u00fchmaks on Baltikumis asuvad investorid, ettev\u00f5tjad ja \u00fchingud, kellel on \u00e4riline huvi Soome turu vastu.<\/p>\n<p>Soome t\u00f6\u00f6grupi teenused h\u00f5lmavad lisaks ligip\u00e4\u00e4su advokaadib\u00fcroo COBALT k\u00f5rgetasemelistele \u00f5igusteenustele k\u00f5igis majandustegevusega seotud \u00f5igusvaldkondades Baltikumis ning ulatuslikule globaalsele partnerite v\u00f5rgustikule, k.a eksklusiivne liikmelisus Eestis \u00fclemaailmselt tunnustatud \u00f5igusn\u00f5ustajaid ja kvaliteetseid \u00f5igusteenuseid vahendavas World Services Groupis ning maailma juhtivate s\u00f5ltumatute advokaadib\u00fcroode organisatsioonis Lex Mundi.<\/p>\n<p>Meie spetsiifiline Soome oskusteave ja kogemused v\u00f5imaldavad pakkuda efektiivset \u00f5igusabiteenust koost\u00f6\u00f6s Soomes asuvate pikaajaliste strateegiliste partneritega. Saame aru Soome \u00e4rikultuurist ja r\u00e4\u00e4gime soome keelt, et tagada parim tugi ning \u00f5igusabi Soome turul tegutsemiseks. Pikaajaline kogemus Soome turu suunal v\u00f5imaldab meil pakkuda konkreetsetele vajadustele kohandatud \u00f5igusteenuseid, millega on v\u00f5imalik viia edukalt ellu mastaapseid projekte, ennetada v\u00f5imalikke v\u00e4\u00e4ritim\u00f5istmisi ja lahendada vaidlusi, maandades seel\u00e4bi klientide riske.<\/p>\n<p>N\u00e4iteid advokaadib\u00fcroo COBALT n\u00f5ustatud Soome projektidest:<\/p>\n<ul>\n<li><a href=\"https:\/\/www.cobalt.legal\/et\/news-cases\/cobalt-noustas-hkscani-balti-aride-muugil-as-maag-grupile\/\" target=\"_blank\" rel=\"noopener\">HKScan Oyj n\u00f5ustamine Baltikumi \u00e4ritegevuse m\u00fc\u00fcgil AS-ile Maag Grupp<\/a>. HKScan tegutses enne tehingut Baltikumis alates aastast 1998 ja tehing h\u00f5lmas nende kogu \u00e4ritegevust Eestis, L\u00e4tis ja Leedus, kus t\u00f6\u00f6tas tehingu ajal umbes 1\u00a0500 inimest.<\/li>\n<li><a href=\"https:\/\/www.cobalt.legal\/et\/news-cases\/cobalt-noustas-prfoodsi-heimon-kala-soome-kalandusari-muugil\/\" target=\"_blank\" rel=\"noopener\">PRFoodsi n\u00f5ustamine Heimon Kala OY m\u00fc\u00fcgiprotsessis Kalaneuvosele<\/a>. Tehing h\u00f5lmas Heimon Kala \u00e4ritegevust Soomes, mh. kalakasvatus Houtskaris ning kalat\u00f6\u00f6tlus\u00fcksuseid Renkos ja Kokkolas.<\/li>\n<li><a href=\"https:\/\/www.cobalt.legal\/et\/news-cases\/cobalt-noustas-balti-riikide-uht-suurimat-raudbetoonelementide-tootjat-as-i-tmb-betonimestarit-kontserni-omandamisel\/\" target=\"_blank\" rel=\"noopener\">Betonimestarit-kontserni omandamine<\/a> tol ajal Balti riikide \u00fche suurima monteeritavate raudbetoonelementide tootja AS TMB poolt ning AS TMB aktsion\u00e4ride hilisem n\u00f5ustamine Soome ja L\u00e4ti \u00e4ritegevuse m\u00fc\u00fcmisel Consolis kontsernile. Tegemist on \u00fche ajaloo k\u00f5ige suurema Eesti ettev\u00f5tte v\u00e4ljumistehinguga Soome turult.<\/li>\n<li>Mitmeid erinevaid Soome projekte Alexela v\u00f5i sellega seotud isikute n\u00f5ustajana, nt. lepingu s\u00f5lmimine ning <a href=\"https:\/\/www.cobalt.legal\/et\/news-cases\/cobalt-noustas-alexelat-wartsila-corporationi-investeeringu-kaasamisel-hamina-lng-terminali\/\" target=\"_blank\" rel=\"noopener\">\u00fchisettev\u00f5tte loomine Hamina vedeldatud gaasi (LNG) terminali ehitamiseks<\/a> ning Helon Kuumasinkitys Oy Soome l\u00e4\u00e4nerannikul Rauma linnas asuva kuumtsinkimise ettev\u00f5tte, <a href=\"https:\/\/www.cobalt.legal\/et\/news-cases\/nord-terminal-as-omandas-ainuosaluse-nord-terminals-kotka-oy-s\/\" target=\"_blank\" rel=\"noopener\">Nord Terminals Kotka Oy<\/a> koopahoidla k\u00fctte\u00f5li, VGO ja diislik\u00fctuse hoidmiseks Kotkas ja maagaasi ja veeldatud maagaasi (LNG) m\u00fc\u00fcgiga tegeleva <a href=\"https:\/\/www.cobalt.legal\/et\/news-cases\/alexela-omandas-haminan-energia-oy-lt-taiendava-50-osaluse-rohe-solution-oy-s\/\" target=\"_blank\" rel=\"noopener\">Rohe Solutions OY omandamine<\/a>.<\/li>\n<li>1990. aastal tegutsemist alustanud Eesti \u00fche suurima ning vanima ettev\u00f5tte <a href=\"https:\/\/www.cobalt.legal\/et\/news-cases\/cobalt-noustas-silberautot-oma-aritegevuse-muumisel-eestis-ja-leedus\/\" target=\"_blank\" rel=\"noopener\">Silberauto Eesti ja Leedu \u00e4ritegevuse m\u00fc\u00fck Soome ettev\u00f5ttele Veho<\/a>, mis on Skandinaavia \u00fcks suurimaid autom\u00fc\u00fcjaid.<\/li>\n<li>Danish Agro gruppi kuuluva ettev\u00f5tte <a href=\"https:\/\/www.cobalt.legal\/et\/news-cases\/cobalt-noustas-da-agravis-machinery-holdingut-55-osaluse-omandamises-konekesko-eestis\/\" target=\"_blank\" rel=\"noopener\">DA Agravis Machinery Holding A\/S poolt 100% osaluse omandamine<\/a> p\u00f5llumajandustehnikat m\u00fc\u00fcvas ettev\u00f5ttes AS Konekesko Eesti (varasemalt osa Soome Kesko kontsernist) kahe eraldisesiva tehingu k\u00e4igus. Samuti Danish Agro gruppi kuuluva ettev\u00f5tte Baltic Agro Machinery O\u00dc John Deere\u2019i p\u00f5llu- ja aiandusmasinate Eesti \u00e4ri m\u00fc\u00fck Soome rahvusvahelise t\u00f6\u00f6stus- ja kaubanduskontserni Wihuri OY Eesti t\u00fctarettev\u00f5ttele.<\/li>\n<\/ul>\n<p>&nbsp;<\/p>\n<p><a class=\"link-arrow\" href=\"\/et\/teenused\/\">Tagasi teenuste juurde<\/a><\/p>\n","protected":false},"excerpt":{"rendered":"<p>COBALTi Tallinna b\u00fcroos asuv Soome t\u00f6\u00f6grupp tegeleb juriidiliste k\u00fcsimustega, mis on seotud piiri\u00fclese \u00e4ritegevusega Eesti, L\u00e4ti v\u00f5i Leedu ja Soome vahel ning selle peamiseks sihtr\u00fchmaks on Baltikumis asuvad investorid, ettev\u00f5tjad ja \u00fchingud, kellel on \u00e4riline huvi Soome turu vastu. Soome..<\/p>\n","protected":false},"author":2,"featured_media":0,"parent":0,"menu_order":28,"comment_status":"closed","ping_status":"closed","template":"international-desks.php","meta":{"_acf_changed":false,"inline_featured_image":false,"footnotes":""},"class_list":["post-7622","page","type-page","status-publish","hentry"],"acf":[],"yoast_head":"<!-- This site is optimized with the Yoast SEO plugin v27.3 - https:\/\/yoast.com\/product\/yoast-seo-wordpress\/ -->\n<title>Soome t\u00f6\u00f6grupp | COBALT<\/title>\n<meta name=\"description\" content=\"Soome t\u00f6\u00f6grupp | COBALT - Balti juhtiv advokaadib\u00fcroo. Strateegiline partner nii igap\u00e4evases \u00f5igusabis kui ka keerukates suuremahulistes projektides.\" \/>\n<meta name=\"robots\" content=\"index, follow, max-snippet:-1, max-image-preview:large, max-video-preview:-1\" \/>\n<link rel=\"canonical\" href=\"https:\/\/www.cobalt.legal\/et\/soome-toogrupp\/\" \/>\n<meta property=\"og:locale\" content=\"et_EE\" \/>\n<meta property=\"og:type\" content=\"article\" \/>\n<meta property=\"og:title\" content=\"Soome t\u00f6\u00f6grupp | COBALT\" \/>\n<meta property=\"og:description\" content=\"Soome t\u00f6\u00f6grupp | COBALT - Balti juhtiv advokaadib\u00fcroo. Strateegiline partner nii igap\u00e4evases \u00f5igusabis kui ka keerukates suuremahulistes projektides.\" \/>\n<meta property=\"og:url\" content=\"https:\/\/www.cobalt.legal\/et\/soome-toogrupp\/\" \/>\n<meta property=\"og:site_name\" content=\"COBALT\" \/>\n<meta property=\"article:publisher\" content=\"https:\/\/www.facebook.com\/CobaltLegal\/\" \/>\n<meta property=\"article:modified_time\" content=\"2025-09-30T14:55:44+00:00\" \/>\n<meta name=\"twitter:card\" content=\"summary_large_image\" \/>\n<meta name=\"twitter:label1\" content=\"Est. reading time\" \/>\n\t<meta name=\"twitter:data1\" content=\"2 minutes\" \/>\n<script type=\"application\/ld+json\" class=\"yoast-schema-graph\">{\"@context\":\"https:\\\/\\\/schema.org\",\"@graph\":[{\"@type\":\"WebPage\",\"@id\":\"https:\\\/\\\/www.cobalt.legal\\\/et\\\/soome-toogrupp\\\/\",\"url\":\"https:\\\/\\\/www.cobalt.legal\\\/et\\\/soome-toogrupp\\\/\",\"name\":\"Soome t\u00f6\u00f6grupp | COBALT\",\"isPartOf\":{\"@id\":\"https:\\\/\\\/www.cobalt.legal\\\/et\\\/#website\"},\"datePublished\":\"2023-05-29T19:15:03+00:00\",\"dateModified\":\"2025-09-30T14:55:44+00:00\",\"description\":\"Soome t\u00f6\u00f6grupp | COBALT - Balti juhtiv advokaadib\u00fcroo. Strateegiline partner nii igap\u00e4evases \u00f5igusabis kui ka keerukates suuremahulistes projektides.\",\"breadcrumb\":{\"@id\":\"https:\\\/\\\/www.cobalt.legal\\\/et\\\/soome-toogrupp\\\/#breadcrumb\"},\"inLanguage\":\"et-EE\",\"potentialAction\":[{\"@type\":\"ReadAction\",\"target\":[\"https:\\\/\\\/www.cobalt.legal\\\/et\\\/soome-toogrupp\\\/\"]}]},{\"@type\":\"BreadcrumbList\",\"@id\":\"https:\\\/\\\/www.cobalt.legal\\\/et\\\/soome-toogrupp\\\/#breadcrumb\",\"itemListElement\":[{\"@type\":\"ListItem\",\"position\":1,\"name\":\"Home\",\"item\":\"https:\\\/\\\/www.cobalt.legal\\\/et\\\/\"},{\"@type\":\"ListItem\",\"position\":2,\"name\":\"Soome t\u00f6\u00f6grupp\"}]},{\"@type\":\"WebSite\",\"@id\":\"https:\\\/\\\/www.cobalt.legal\\\/et\\\/#website\",\"url\":\"https:\\\/\\\/www.cobalt.legal\\\/et\\\/\",\"name\":\"COBALT\",\"description\":\"Top-tier law services in Estonia, Latvia and Lithuania\",\"publisher\":{\"@id\":\"https:\\\/\\\/www.cobalt.legal\\\/et\\\/#organization\"},\"potentialAction\":[{\"@type\":\"SearchAction\",\"target\":{\"@type\":\"EntryPoint\",\"urlTemplate\":\"https:\\\/\\\/www.cobalt.legal\\\/et\\\/?s={search_term_string}\"},\"query-input\":{\"@type\":\"PropertyValueSpecification\",\"valueRequired\":true,\"valueName\":\"search_term_string\"}}],\"inLanguage\":\"et-EE\"},{\"@type\":\"Organization\",\"@id\":\"https:\\\/\\\/www.cobalt.legal\\\/et\\\/#organization\",\"name\":\"COBALT\",\"url\":\"https:\\\/\\\/www.cobalt.legal\\\/et\\\/\",\"logo\":{\"@type\":\"ImageObject\",\"inLanguage\":\"et-EE\",\"@id\":\"https:\\\/\\\/www.cobalt.legal\\\/et\\\/#\\\/schema\\\/logo\\\/image\\\/\",\"url\":\"https:\\\/\\\/www.cobalt.legal\\\/wp-content\\\/uploads\\\/2023\\\/04\\\/cobalt-logo.png\",\"contentUrl\":\"https:\\\/\\\/www.cobalt.legal\\\/wp-content\\\/uploads\\\/2023\\\/04\\\/cobalt-logo.png\",\"width\":400,\"height\":116,\"caption\":\"COBALT\"},\"image\":{\"@id\":\"https:\\\/\\\/www.cobalt.legal\\\/et\\\/#\\\/schema\\\/logo\\\/image\\\/\"},\"sameAs\":[\"https:\\\/\\\/www.facebook.com\\\/CobaltLegal\\\/\"]}]}<\/script>\n<!-- \/ Yoast SEO plugin. -->","yoast_head_json":{"title":"Soome t\u00f6\u00f6grupp | COBALT","description":"Soome t\u00f6\u00f6grupp | COBALT - Balti juhtiv advokaadib\u00fcroo. Strateegiline partner nii igap\u00e4evases \u00f5igusabis kui ka keerukates suuremahulistes projektides.","robots":{"index":"index","follow":"follow","max-snippet":"max-snippet:-1","max-image-preview":"max-image-preview:large","max-video-preview":"max-video-preview:-1"},"canonical":"https:\/\/www.cobalt.legal\/et\/soome-toogrupp\/","og_locale":"et_EE","og_type":"article","og_title":"Soome t\u00f6\u00f6grupp | COBALT","og_description":"Soome t\u00f6\u00f6grupp | COBALT - Balti juhtiv advokaadib\u00fcroo. Strateegiline partner nii igap\u00e4evases \u00f5igusabis kui ka keerukates suuremahulistes projektides.","og_url":"https:\/\/www.cobalt.legal\/et\/soome-toogrupp\/","og_site_name":"COBALT","article_publisher":"https:\/\/www.facebook.com\/CobaltLegal\/","article_modified_time":"2025-09-30T14:55:44+00:00","twitter_card":"summary_large_image","twitter_misc":{"Est. reading time":"2 minutes"},"schema":{"@context":"https:\/\/schema.org","@graph":[{"@type":"WebPage","@id":"https:\/\/www.cobalt.legal\/et\/soome-toogrupp\/","url":"https:\/\/www.cobalt.legal\/et\/soome-toogrupp\/","name":"Soome t\u00f6\u00f6grupp | COBALT","isPartOf":{"@id":"https:\/\/www.cobalt.legal\/et\/#website"},"datePublished":"2023-05-29T19:15:03+00:00","dateModified":"2025-09-30T14:55:44+00:00","description":"Soome t\u00f6\u00f6grupp | COBALT - Balti juhtiv advokaadib\u00fcroo. Strateegiline partner nii igap\u00e4evases \u00f5igusabis kui ka keerukates suuremahulistes projektides.","breadcrumb":{"@id":"https:\/\/www.cobalt.legal\/et\/soome-toogrupp\/#breadcrumb"},"inLanguage":"et-EE","potentialAction":[{"@type":"ReadAction","target":["https:\/\/www.cobalt.legal\/et\/soome-toogrupp\/"]}]},{"@type":"BreadcrumbList","@id":"https:\/\/www.cobalt.legal\/et\/soome-toogrupp\/#breadcrumb","itemListElement":[{"@type":"ListItem","position":1,"name":"Home","item":"https:\/\/www.cobalt.legal\/et\/"},{"@type":"ListItem","position":2,"name":"Soome t\u00f6\u00f6grupp"}]},{"@type":"WebSite","@id":"https:\/\/www.cobalt.legal\/et\/#website","url":"https:\/\/www.cobalt.legal\/et\/","name":"COBALT","description":"Top-tier law services in Estonia, Latvia and Lithuania","publisher":{"@id":"https:\/\/www.cobalt.legal\/et\/#organization"},"potentialAction":[{"@type":"SearchAction","target":{"@type":"EntryPoint","urlTemplate":"https:\/\/www.cobalt.legal\/et\/?s={search_term_string}"},"query-input":{"@type":"PropertyValueSpecification","valueRequired":true,"valueName":"search_term_string"}}],"inLanguage":"et-EE"},{"@type":"Organization","@id":"https:\/\/www.cobalt.legal\/et\/#organization","name":"COBALT","url":"https:\/\/www.cobalt.legal\/et\/","logo":{"@type":"ImageObject","inLanguage":"et-EE","@id":"https:\/\/www.cobalt.legal\/et\/#\/schema\/logo\/image\/","url":"https:\/\/www.cobalt.legal\/wp-content\/uploads\/2023\/04\/cobalt-logo.png","contentUrl":"https:\/\/www.cobalt.legal\/wp-content\/uploads\/2023\/04\/cobalt-logo.png","width":400,"height":116,"caption":"COBALT"},"image":{"@id":"https:\/\/www.cobalt.legal\/et\/#\/schema\/logo\/image\/"},"sameAs":["https:\/\/www.facebook.com\/CobaltLegal\/"]}]}},"_links":{"self":[{"href":"https:\/\/www.cobalt.legal\/et\/wp-json\/wp\/v2\/pages\/7622","targetHints":{"allow":["GET"]}}],"collection":[{"href":"https:\/\/www.cobalt.legal\/et\/wp-json\/wp\/v2\/pages"}],"about":[{"href":"https:\/\/www.cobalt.legal\/et\/wp-json\/wp\/v2\/types\/page"}],"author":[{"embeddable":true,"href":"https:\/\/www.cobalt.legal\/et\/wp-json\/wp\/v2\/users\/2"}],"replies":[{"embeddable":true,"href":"https:\/\/www.cobalt.legal\/et\/wp-json\/wp\/v2\/comments?post=7622"}],"version-history":[{"count":13,"href":"https:\/\/www.cobalt.legal\/et\/wp-json\/wp\/v2\/pages\/7622\/revisions"}],"predecessor-version":[{"id":48139,"href":"https:\/\/www.cobalt.legal\/et\/wp-json\/wp\/v2\/pages\/7622\/revisions\/48139"}],"wp:attachment":[{"href":"https:\/\/www.cobalt.legal\/et\/wp-json\/wp\/v2\/media?parent=7622"}],"curies":[{"name":"wp","href":"https:\/\/api.w.org\/{rel}","templated":true}]}}