{"id":7626,"date":"2023-05-30T06:50:16","date_gmt":"2023-05-30T03:50:16","guid":{"rendered":"https:\/\/stage.www.cobalt.legal\/?page_id=7626"},"modified":"2025-09-30T17:50:33","modified_gmt":"2025-09-30T14:50:33","slug":"saksa-toogrupp","status":"publish","type":"page","link":"https:\/\/www.cobalt.legal\/et\/saksa-toogrupp\/","title":{"rendered":"Saksa t\u00f6\u00f6grupp"},"content":{"rendered":"<p>Saksamaa on Balti riikide jaoks oluline kaubanduspartner. Paljud Saksamaa ja Austria \u00e4ri\u00fchingud on asutanud t\u00fctarettev\u00f5tteid Eestis, L\u00e4tis ja Leedus ning ka meie regiooni ettev\u00f5tjad n\u00e4evad potentsiaali laiendada oma \u00e4ritegevust saksa keelt k\u00f5nelevatesse riikidesse.<\/p>\n<p>Saksa t\u00f6\u00f6grupp tegeleb piiri\u00fclese \u00e4ritegevuse edendamisega Eesti ja saksa keelt k\u00f5nelevate riikide vahel. N\u00f5ustame nii kohalikke \u00e4ri\u00fchinguid, kelle eesm\u00e4rgiks on siseneda Saksamaa, Austria v\u00f5i \u0160veitsi turule, kui ka saksa keelt r\u00e4\u00e4kivatest riikidest p\u00e4rit investoreid.<\/p>\n<p>Meie meeskond koosneb kvalifitseeritud advokaatidest, kes on magistri- v\u00f5i doktorikraadi omandanud Saksamaa \u00fclikoolides ning praktiseerinud sealsetes advokaadib\u00fcroodes. T\u00e4nu vahetule kogemusele m\u00f5istavad meie Saksa t\u00f6\u00f6grupi advokaadid saksa keelt r\u00e4\u00e4kivate riikide \u00f5iguss\u00fcsteemi ja \u00fcldist \u00e4rikultuuri. Samuti tagame vajadusel oma klientidele ligip\u00e4\u00e4su ulatuslikule globaalsele partnerite v\u00f5rgustikule.<\/p>\n<p>&nbsp;<\/p>\n<p><a class=\"link-arrow\" href=\"\/et\/teenused\/\">Tagasi teenuste juurde<\/a><\/p>\n","protected":false},"excerpt":{"rendered":"<p>Saksamaa on Balti riikide jaoks oluline kaubanduspartner. Paljud Saksamaa ja Austria \u00e4ri\u00fchingud on asutanud t\u00fctarettev\u00f5tteid Eestis, L\u00e4tis ja Leedus ning ka meie regiooni ettev\u00f5tjad n\u00e4evad potentsiaali laiendada oma \u00e4ritegevust saksa keelt k\u00f5nelevatesse riikidesse. Saksa t\u00f6\u00f6grupp tegeleb piiri\u00fclese \u00e4ritegevuse edendamisega Eesti..<\/p>\n","protected":false},"author":2,"featured_media":0,"parent":0,"menu_order":24,"comment_status":"closed","ping_status":"closed","template":"international-desks.php","meta":{"_acf_changed":false,"inline_featured_image":false,"footnotes":""},"class_list":["post-7626","page","type-page","status-publish","hentry"],"acf":[],"yoast_head":"<!-- This site is optimized with the Yoast SEO plugin v27.3 - https:\/\/yoast.com\/product\/yoast-seo-wordpress\/ -->\n<title>Saksa t\u00f6\u00f6grupp | COBALT<\/title>\n<meta name=\"description\" content=\"Saksa t\u00f6\u00f6grupp | COBALT - Balti juhtiv advokaadib\u00fcroo. Strateegiline partner nii igap\u00e4evases \u00f5igusabis kui ka keerukates suuremahulistes projektides.\" \/>\n<meta name=\"robots\" content=\"index, follow, max-snippet:-1, max-image-preview:large, max-video-preview:-1\" \/>\n<link rel=\"canonical\" href=\"https:\/\/www.cobalt.legal\/et\/saksa-toogrupp\/\" \/>\n<meta property=\"og:locale\" content=\"et_EE\" \/>\n<meta property=\"og:type\" content=\"article\" \/>\n<meta property=\"og:title\" content=\"Saksa t\u00f6\u00f6grupp | COBALT\" \/>\n<meta property=\"og:description\" content=\"Saksa t\u00f6\u00f6grupp | COBALT - Balti juhtiv advokaadib\u00fcroo. Strateegiline partner nii igap\u00e4evases \u00f5igusabis kui ka keerukates suuremahulistes projektides.\" \/>\n<meta property=\"og:url\" content=\"https:\/\/www.cobalt.legal\/et\/saksa-toogrupp\/\" \/>\n<meta property=\"og:site_name\" content=\"COBALT\" \/>\n<meta property=\"article:publisher\" content=\"https:\/\/www.facebook.com\/CobaltLegal\/\" \/>\n<meta property=\"article:modified_time\" content=\"2025-09-30T14:50:33+00:00\" \/>\n<meta name=\"twitter:card\" content=\"summary_large_image\" \/>\n<meta name=\"twitter:label1\" content=\"Est. reading time\" \/>\n\t<meta name=\"twitter:data1\" content=\"1 minute\" \/>\n<script type=\"application\/ld+json\" class=\"yoast-schema-graph\">{\"@context\":\"https:\\\/\\\/schema.org\",\"@graph\":[{\"@type\":\"WebPage\",\"@id\":\"https:\\\/\\\/www.cobalt.legal\\\/et\\\/saksa-toogrupp\\\/\",\"url\":\"https:\\\/\\\/www.cobalt.legal\\\/et\\\/saksa-toogrupp\\\/\",\"name\":\"Saksa t\u00f6\u00f6grupp | COBALT\",\"isPartOf\":{\"@id\":\"https:\\\/\\\/www.cobalt.legal\\\/et\\\/#website\"},\"datePublished\":\"2023-05-30T03:50:16+00:00\",\"dateModified\":\"2025-09-30T14:50:33+00:00\",\"description\":\"Saksa t\u00f6\u00f6grupp | COBALT - Balti juhtiv advokaadib\u00fcroo. Strateegiline partner nii igap\u00e4evases \u00f5igusabis kui ka keerukates suuremahulistes projektides.\",\"breadcrumb\":{\"@id\":\"https:\\\/\\\/www.cobalt.legal\\\/et\\\/saksa-toogrupp\\\/#breadcrumb\"},\"inLanguage\":\"et-EE\",\"potentialAction\":[{\"@type\":\"ReadAction\",\"target\":[\"https:\\\/\\\/www.cobalt.legal\\\/et\\\/saksa-toogrupp\\\/\"]}]},{\"@type\":\"BreadcrumbList\",\"@id\":\"https:\\\/\\\/www.cobalt.legal\\\/et\\\/saksa-toogrupp\\\/#breadcrumb\",\"itemListElement\":[{\"@type\":\"ListItem\",\"position\":1,\"name\":\"Home\",\"item\":\"https:\\\/\\\/www.cobalt.legal\\\/et\\\/\"},{\"@type\":\"ListItem\",\"position\":2,\"name\":\"Saksa t\u00f6\u00f6grupp\"}]},{\"@type\":\"WebSite\",\"@id\":\"https:\\\/\\\/www.cobalt.legal\\\/et\\\/#website\",\"url\":\"https:\\\/\\\/www.cobalt.legal\\\/et\\\/\",\"name\":\"COBALT\",\"description\":\"Top-tier law services in Estonia, Latvia and Lithuania\",\"publisher\":{\"@id\":\"https:\\\/\\\/www.cobalt.legal\\\/et\\\/#organization\"},\"potentialAction\":[{\"@type\":\"SearchAction\",\"target\":{\"@type\":\"EntryPoint\",\"urlTemplate\":\"https:\\\/\\\/www.cobalt.legal\\\/et\\\/?s={search_term_string}\"},\"query-input\":{\"@type\":\"PropertyValueSpecification\",\"valueRequired\":true,\"valueName\":\"search_term_string\"}}],\"inLanguage\":\"et-EE\"},{\"@type\":\"Organization\",\"@id\":\"https:\\\/\\\/www.cobalt.legal\\\/et\\\/#organization\",\"name\":\"COBALT\",\"url\":\"https:\\\/\\\/www.cobalt.legal\\\/et\\\/\",\"logo\":{\"@type\":\"ImageObject\",\"inLanguage\":\"et-EE\",\"@id\":\"https:\\\/\\\/www.cobalt.legal\\\/et\\\/#\\\/schema\\\/logo\\\/image\\\/\",\"url\":\"https:\\\/\\\/www.cobalt.legal\\\/wp-content\\\/uploads\\\/2023\\\/04\\\/cobalt-logo.png\",\"contentUrl\":\"https:\\\/\\\/www.cobalt.legal\\\/wp-content\\\/uploads\\\/2023\\\/04\\\/cobalt-logo.png\",\"width\":400,\"height\":116,\"caption\":\"COBALT\"},\"image\":{\"@id\":\"https:\\\/\\\/www.cobalt.legal\\\/et\\\/#\\\/schema\\\/logo\\\/image\\\/\"},\"sameAs\":[\"https:\\\/\\\/www.facebook.com\\\/CobaltLegal\\\/\"]}]}<\/script>\n<!-- \/ Yoast SEO plugin. -->","yoast_head_json":{"title":"Saksa t\u00f6\u00f6grupp | COBALT","description":"Saksa t\u00f6\u00f6grupp | COBALT - Balti juhtiv advokaadib\u00fcroo. Strateegiline partner nii igap\u00e4evases \u00f5igusabis kui ka keerukates suuremahulistes projektides.","robots":{"index":"index","follow":"follow","max-snippet":"max-snippet:-1","max-image-preview":"max-image-preview:large","max-video-preview":"max-video-preview:-1"},"canonical":"https:\/\/www.cobalt.legal\/et\/saksa-toogrupp\/","og_locale":"et_EE","og_type":"article","og_title":"Saksa t\u00f6\u00f6grupp | COBALT","og_description":"Saksa t\u00f6\u00f6grupp | COBALT - Balti juhtiv advokaadib\u00fcroo. Strateegiline partner nii igap\u00e4evases \u00f5igusabis kui ka keerukates suuremahulistes projektides.","og_url":"https:\/\/www.cobalt.legal\/et\/saksa-toogrupp\/","og_site_name":"COBALT","article_publisher":"https:\/\/www.facebook.com\/CobaltLegal\/","article_modified_time":"2025-09-30T14:50:33+00:00","twitter_card":"summary_large_image","twitter_misc":{"Est. reading time":"1 minute"},"schema":{"@context":"https:\/\/schema.org","@graph":[{"@type":"WebPage","@id":"https:\/\/www.cobalt.legal\/et\/saksa-toogrupp\/","url":"https:\/\/www.cobalt.legal\/et\/saksa-toogrupp\/","name":"Saksa t\u00f6\u00f6grupp | COBALT","isPartOf":{"@id":"https:\/\/www.cobalt.legal\/et\/#website"},"datePublished":"2023-05-30T03:50:16+00:00","dateModified":"2025-09-30T14:50:33+00:00","description":"Saksa t\u00f6\u00f6grupp | COBALT - Balti juhtiv advokaadib\u00fcroo. Strateegiline partner nii igap\u00e4evases \u00f5igusabis kui ka keerukates suuremahulistes projektides.","breadcrumb":{"@id":"https:\/\/www.cobalt.legal\/et\/saksa-toogrupp\/#breadcrumb"},"inLanguage":"et-EE","potentialAction":[{"@type":"ReadAction","target":["https:\/\/www.cobalt.legal\/et\/saksa-toogrupp\/"]}]},{"@type":"BreadcrumbList","@id":"https:\/\/www.cobalt.legal\/et\/saksa-toogrupp\/#breadcrumb","itemListElement":[{"@type":"ListItem","position":1,"name":"Home","item":"https:\/\/www.cobalt.legal\/et\/"},{"@type":"ListItem","position":2,"name":"Saksa t\u00f6\u00f6grupp"}]},{"@type":"WebSite","@id":"https:\/\/www.cobalt.legal\/et\/#website","url":"https:\/\/www.cobalt.legal\/et\/","name":"COBALT","description":"Top-tier law services in Estonia, Latvia and Lithuania","publisher":{"@id":"https:\/\/www.cobalt.legal\/et\/#organization"},"potentialAction":[{"@type":"SearchAction","target":{"@type":"EntryPoint","urlTemplate":"https:\/\/www.cobalt.legal\/et\/?s={search_term_string}"},"query-input":{"@type":"PropertyValueSpecification","valueRequired":true,"valueName":"search_term_string"}}],"inLanguage":"et-EE"},{"@type":"Organization","@id":"https:\/\/www.cobalt.legal\/et\/#organization","name":"COBALT","url":"https:\/\/www.cobalt.legal\/et\/","logo":{"@type":"ImageObject","inLanguage":"et-EE","@id":"https:\/\/www.cobalt.legal\/et\/#\/schema\/logo\/image\/","url":"https:\/\/www.cobalt.legal\/wp-content\/uploads\/2023\/04\/cobalt-logo.png","contentUrl":"https:\/\/www.cobalt.legal\/wp-content\/uploads\/2023\/04\/cobalt-logo.png","width":400,"height":116,"caption":"COBALT"},"image":{"@id":"https:\/\/www.cobalt.legal\/et\/#\/schema\/logo\/image\/"},"sameAs":["https:\/\/www.facebook.com\/CobaltLegal\/"]}]}},"_links":{"self":[{"href":"https:\/\/www.cobalt.legal\/et\/wp-json\/wp\/v2\/pages\/7626","targetHints":{"allow":["GET"]}}],"collection":[{"href":"https:\/\/www.cobalt.legal\/et\/wp-json\/wp\/v2\/pages"}],"about":[{"href":"https:\/\/www.cobalt.legal\/et\/wp-json\/wp\/v2\/types\/page"}],"author":[{"embeddable":true,"href":"https:\/\/www.cobalt.legal\/et\/wp-json\/wp\/v2\/users\/2"}],"replies":[{"embeddable":true,"href":"https:\/\/www.cobalt.legal\/et\/wp-json\/wp\/v2\/comments?post=7626"}],"version-history":[{"count":6,"href":"https:\/\/www.cobalt.legal\/et\/wp-json\/wp\/v2\/pages\/7626\/revisions"}],"predecessor-version":[{"id":48135,"href":"https:\/\/www.cobalt.legal\/et\/wp-json\/wp\/v2\/pages\/7626\/revisions\/48135"}],"wp:attachment":[{"href":"https:\/\/www.cobalt.legal\/et\/wp-json\/wp\/v2\/media?parent=7626"}],"curies":[{"name":"wp","href":"https:\/\/api.w.org\/{rel}","templated":true}]}}