{"id":7630,"date":"2023-05-30T06:59:07","date_gmt":"2023-05-30T03:59:07","guid":{"rendered":"https:\/\/stage.www.cobalt.legal\/?page_id=7630"},"modified":"2025-09-30T18:02:34","modified_gmt":"2025-09-30T15:02:34","slug":"ukraina-soja-moju-nouandekeskus","status":"publish","type":"page","link":"https:\/\/www.cobalt.legal\/et\/ukraina-soja-moju-nouandekeskus\/","title":{"rendered":"Ukraina s\u00f5ja m\u00f5ju n\u00f5uandekeskus"},"content":{"rendered":"<h4>\u00d5igusn\u00f5ustamine seoses Ukraina ettev\u00f5tete Baltikumi \u00fcmberpaigutamisega<\/h4>\n<p>Ei ole \u00f5igusnorme, mis v\u00f5imaldaksid ettev\u00f5tte \u00fcleviimist Ukrainast Eestisse, L\u00e4tti v\u00f5i Leetu, kuid ettev\u00f5tte taasloomine Baltikumis on v\u00f5imalik.<br \/>\nMeie \u00e4ri\u00fchingu-, finants-, t\u00f6\u00f6\u00f5iguse-, intellektuaalomandi- ja maksujuristide meeskond on valmis n\u00f5ustama ettev\u00f5tteid, kes asutavad Baltikumis uusi ettev\u00f5tteid.<\/p>\n<p>Muu hulgas saame anda \u00f5igusabi j\u00e4rgmistes k\u00fcsimustes.<\/p>\n<ul>\n<li><a href=\"https:\/\/www.cobalt.legal\/et\/practice-areas\/juriidiliste-isikute-asutamine\/\">Juriidiliste isikute loomine<\/a><\/li>\n<li><a href=\"https:\/\/www.cobalt.legal\/et\/practice-areas\/immigratsioonioigus\/\">Immigratsiooni- ja t\u00f6\u00f6\u00f5igus<\/a><\/li>\n<li><a href=\"https:\/\/www.cobalt.legal\/et\/practice-areas\/finantsteenuste-regulatsioon\/\">Finantsteenused<\/a><\/li>\n<li><a href=\"https:\/\/www.cobalt.legal\/et\/practice-areas\/infotehnoloogia-ja-kommunikatsioon\/\">Intellektuaalomand, infotehnoloogia<\/a> ja <a href=\"https:\/\/www.cobalt.legal\/et\/practice-areas\/andmekaitse\/\">andmekaitse<\/a><\/li>\n<li>\u00c4rimudeli toimimine<\/li>\n<li><a href=\"https:\/\/www.cobalt.legal\/et\/practice-areas\/maksunoustamine\/\">Maksu\u00f5igus<\/a><\/li>\n<\/ul>\n<p>Ukraina s\u00f5ja t\u00f5ttu on rahvusvahelised ja piirkondlikud tarneahelad ja \u00e4risidemed h\u00e4iritud ning meie meeskonnad saavad aidata j\u00e4rgmises:<\/p>\n<ul>\n<li>lepingute muutmine;<\/li>\n<li>krediiditingimuste l\u00e4bivaatamine ja muutmine;<\/li>\n<li>kaubandusvaidluste lahendamine, sh seoses v\u00f5imaliku v\u00e4\u00e4ramatu j\u00f5uga, lepingute t\u00e4itmisele p\u00f6\u00f6ramine ja ettemaksete tagasin\u00f5udmine.<\/li>\n<\/ul>\n<p>N\u00f5uannete saamiseks v\u00f5tke palun \u00fchendust aadressil <a href=\"mailto:ukraine@cobalt.legal\">ukraine@cobalt.legal<\/a>, saates oma ettev\u00f5tte kirjelduse ja info soovitud n\u00f5uande kohta.<\/p>\n<p>&nbsp;<\/p>\n<h4><strong>Tasuta \u00f5igusteenused Ukraina vastu suunatud r\u00fcnnakute t\u00f5ttu kahjustada saanud ettev\u00f5tetele ja inimestele<\/strong><\/h4>\n<p>Ukrainas areneva humanitaarkriisi valguses <a href=\"https:\/\/www.cobalt.legal\/news-cases\/westandwithukraine-cobalt-support-for-ukraine\/\">oleme solidaarsed Ukraina inimestega<\/a> ning meie prioriteediks on pakkuda konkreetset ja sihip\u00e4rast <em>pro bono <\/em>\u00f5igusabi, et tagada ukrainlaste turvalisus ja heaolu.<\/p>\n<p>Meie advokaatide meeskond v\u00f5ib pakkuda meie spetsialiseerumise valdkondades tasuta \u00f5igusabi ettev\u00f5tetele ja inimestele, kes on saanud kannatada Ukraina vastu suunatud r\u00fcnnakute t\u00f5ttu, samuti s\u00f5ja eest p\u00f5genevatele ja Baltimaades varjupaika otsivatele ukrainlastele.<\/p>\n<p>N\u00f5ustamise taotlemiseks v\u00f5tke palun \u00fchendust aadressil <a href=\"mailto:ukraine@cobalt.legal\">ukraine@cobalt.legal<\/a>, t\u00e4psustage asjaolud ning mis n\u00f5u te vajate.<\/p>\n<p>&nbsp;<\/p>\n<p><a class=\"link-arrow\" href=\"\/et\/teenused\/\">Tagasi teenuste juurde<\/a><\/p>\n","protected":false},"excerpt":{"rendered":"<p>\u00d5igusn\u00f5ustamine seoses Ukraina ettev\u00f5tete Baltikumi \u00fcmberpaigutamisega Ei ole \u00f5igusnorme, mis v\u00f5imaldaksid ettev\u00f5tte \u00fcleviimist Ukrainast Eestisse, L\u00e4tti v\u00f5i Leetu, kuid ettev\u00f5tte taasloomine Baltikumis on v\u00f5imalik. Meie \u00e4ri\u00fchingu-, finants-, t\u00f6\u00f6\u00f5iguse-, intellektuaalomandi- ja maksujuristide meeskond on valmis n\u00f5ustama ettev\u00f5tteid, kes asutavad Baltikumis uusi..<\/p>\n","protected":false},"author":2,"featured_media":0,"parent":0,"menu_order":8,"comment_status":"closed","ping_status":"closed","template":"international-desks.php","meta":{"_acf_changed":false,"inline_featured_image":false,"footnotes":""},"class_list":["post-7630","page","type-page","status-publish","hentry"],"acf":[],"yoast_head":"<!-- This site is optimized with the Yoast SEO plugin v27.3 - https:\/\/yoast.com\/product\/yoast-seo-wordpress\/ -->\n<title>Ukraina s\u00f5ja m\u00f5ju n\u00f5uandekeskus | COBALT<\/title>\n<meta name=\"description\" content=\"Ukraina s\u00f5ja m\u00f5ju n\u00f5uandekeskus | COBALT - Balti juhtiv advokaadib\u00fcroo. Strateegiline partner nii igap\u00e4evases \u00f5igusabis kui ka keerukates suuremahulistes projektides.\" \/>\n<meta name=\"robots\" content=\"index, follow, max-snippet:-1, max-image-preview:large, max-video-preview:-1\" \/>\n<link rel=\"canonical\" href=\"https:\/\/www.cobalt.legal\/et\/ukraina-soja-moju-nouandekeskus\/\" \/>\n<meta property=\"og:locale\" content=\"et_EE\" \/>\n<meta property=\"og:type\" content=\"article\" \/>\n<meta property=\"og:title\" content=\"Ukraina s\u00f5ja m\u00f5ju n\u00f5uandekeskus | COBALT\" \/>\n<meta property=\"og:description\" content=\"Ukraina s\u00f5ja m\u00f5ju n\u00f5uandekeskus | COBALT - Balti juhtiv advokaadib\u00fcroo. Strateegiline partner nii igap\u00e4evases \u00f5igusabis kui ka keerukates suuremahulistes projektides.\" \/>\n<meta property=\"og:url\" content=\"https:\/\/www.cobalt.legal\/et\/ukraina-soja-moju-nouandekeskus\/\" \/>\n<meta property=\"og:site_name\" content=\"COBALT\" \/>\n<meta property=\"article:publisher\" content=\"https:\/\/www.facebook.com\/CobaltLegal\/\" \/>\n<meta property=\"article:modified_time\" content=\"2025-09-30T15:02:34+00:00\" \/>\n<meta name=\"twitter:card\" content=\"summary_large_image\" \/>\n<meta name=\"twitter:label1\" content=\"Est. reading time\" \/>\n\t<meta name=\"twitter:data1\" content=\"1 minute\" \/>\n<script type=\"application\/ld+json\" class=\"yoast-schema-graph\">{\"@context\":\"https:\\\/\\\/schema.org\",\"@graph\":[{\"@type\":\"WebPage\",\"@id\":\"https:\\\/\\\/www.cobalt.legal\\\/et\\\/ukraina-soja-moju-nouandekeskus\\\/\",\"url\":\"https:\\\/\\\/www.cobalt.legal\\\/et\\\/ukraina-soja-moju-nouandekeskus\\\/\",\"name\":\"Ukraina s\u00f5ja m\u00f5ju n\u00f5uandekeskus | COBALT\",\"isPartOf\":{\"@id\":\"https:\\\/\\\/www.cobalt.legal\\\/et\\\/#website\"},\"datePublished\":\"2023-05-30T03:59:07+00:00\",\"dateModified\":\"2025-09-30T15:02:34+00:00\",\"description\":\"Ukraina s\u00f5ja m\u00f5ju n\u00f5uandekeskus | COBALT - Balti juhtiv advokaadib\u00fcroo. Strateegiline partner nii igap\u00e4evases \u00f5igusabis kui ka keerukates suuremahulistes projektides.\",\"breadcrumb\":{\"@id\":\"https:\\\/\\\/www.cobalt.legal\\\/et\\\/ukraina-soja-moju-nouandekeskus\\\/#breadcrumb\"},\"inLanguage\":\"et-EE\",\"potentialAction\":[{\"@type\":\"ReadAction\",\"target\":[\"https:\\\/\\\/www.cobalt.legal\\\/et\\\/ukraina-soja-moju-nouandekeskus\\\/\"]}]},{\"@type\":\"BreadcrumbList\",\"@id\":\"https:\\\/\\\/www.cobalt.legal\\\/et\\\/ukraina-soja-moju-nouandekeskus\\\/#breadcrumb\",\"itemListElement\":[{\"@type\":\"ListItem\",\"position\":1,\"name\":\"Home\",\"item\":\"https:\\\/\\\/www.cobalt.legal\\\/et\\\/\"},{\"@type\":\"ListItem\",\"position\":2,\"name\":\"Ukraina s\u00f5ja m\u00f5ju n\u00f5uandekeskus\"}]},{\"@type\":\"WebSite\",\"@id\":\"https:\\\/\\\/www.cobalt.legal\\\/et\\\/#website\",\"url\":\"https:\\\/\\\/www.cobalt.legal\\\/et\\\/\",\"name\":\"COBALT\",\"description\":\"Top-tier law services in Estonia, Latvia and Lithuania\",\"publisher\":{\"@id\":\"https:\\\/\\\/www.cobalt.legal\\\/et\\\/#organization\"},\"potentialAction\":[{\"@type\":\"SearchAction\",\"target\":{\"@type\":\"EntryPoint\",\"urlTemplate\":\"https:\\\/\\\/www.cobalt.legal\\\/et\\\/?s={search_term_string}\"},\"query-input\":{\"@type\":\"PropertyValueSpecification\",\"valueRequired\":true,\"valueName\":\"search_term_string\"}}],\"inLanguage\":\"et-EE\"},{\"@type\":\"Organization\",\"@id\":\"https:\\\/\\\/www.cobalt.legal\\\/et\\\/#organization\",\"name\":\"COBALT\",\"url\":\"https:\\\/\\\/www.cobalt.legal\\\/et\\\/\",\"logo\":{\"@type\":\"ImageObject\",\"inLanguage\":\"et-EE\",\"@id\":\"https:\\\/\\\/www.cobalt.legal\\\/et\\\/#\\\/schema\\\/logo\\\/image\\\/\",\"url\":\"https:\\\/\\\/www.cobalt.legal\\\/wp-content\\\/uploads\\\/2023\\\/04\\\/cobalt-logo.png\",\"contentUrl\":\"https:\\\/\\\/www.cobalt.legal\\\/wp-content\\\/uploads\\\/2023\\\/04\\\/cobalt-logo.png\",\"width\":400,\"height\":116,\"caption\":\"COBALT\"},\"image\":{\"@id\":\"https:\\\/\\\/www.cobalt.legal\\\/et\\\/#\\\/schema\\\/logo\\\/image\\\/\"},\"sameAs\":[\"https:\\\/\\\/www.facebook.com\\\/CobaltLegal\\\/\"]}]}<\/script>\n<!-- \/ Yoast SEO plugin. -->","yoast_head_json":{"title":"Ukraina s\u00f5ja m\u00f5ju n\u00f5uandekeskus | COBALT","description":"Ukraina s\u00f5ja m\u00f5ju n\u00f5uandekeskus | COBALT - Balti juhtiv advokaadib\u00fcroo. Strateegiline partner nii igap\u00e4evases \u00f5igusabis kui ka keerukates suuremahulistes projektides.","robots":{"index":"index","follow":"follow","max-snippet":"max-snippet:-1","max-image-preview":"max-image-preview:large","max-video-preview":"max-video-preview:-1"},"canonical":"https:\/\/www.cobalt.legal\/et\/ukraina-soja-moju-nouandekeskus\/","og_locale":"et_EE","og_type":"article","og_title":"Ukraina s\u00f5ja m\u00f5ju n\u00f5uandekeskus | COBALT","og_description":"Ukraina s\u00f5ja m\u00f5ju n\u00f5uandekeskus | COBALT - Balti juhtiv advokaadib\u00fcroo. Strateegiline partner nii igap\u00e4evases \u00f5igusabis kui ka keerukates suuremahulistes projektides.","og_url":"https:\/\/www.cobalt.legal\/et\/ukraina-soja-moju-nouandekeskus\/","og_site_name":"COBALT","article_publisher":"https:\/\/www.facebook.com\/CobaltLegal\/","article_modified_time":"2025-09-30T15:02:34+00:00","twitter_card":"summary_large_image","twitter_misc":{"Est. reading time":"1 minute"},"schema":{"@context":"https:\/\/schema.org","@graph":[{"@type":"WebPage","@id":"https:\/\/www.cobalt.legal\/et\/ukraina-soja-moju-nouandekeskus\/","url":"https:\/\/www.cobalt.legal\/et\/ukraina-soja-moju-nouandekeskus\/","name":"Ukraina s\u00f5ja m\u00f5ju n\u00f5uandekeskus | COBALT","isPartOf":{"@id":"https:\/\/www.cobalt.legal\/et\/#website"},"datePublished":"2023-05-30T03:59:07+00:00","dateModified":"2025-09-30T15:02:34+00:00","description":"Ukraina s\u00f5ja m\u00f5ju n\u00f5uandekeskus | COBALT - Balti juhtiv advokaadib\u00fcroo. Strateegiline partner nii igap\u00e4evases \u00f5igusabis kui ka keerukates suuremahulistes projektides.","breadcrumb":{"@id":"https:\/\/www.cobalt.legal\/et\/ukraina-soja-moju-nouandekeskus\/#breadcrumb"},"inLanguage":"et-EE","potentialAction":[{"@type":"ReadAction","target":["https:\/\/www.cobalt.legal\/et\/ukraina-soja-moju-nouandekeskus\/"]}]},{"@type":"BreadcrumbList","@id":"https:\/\/www.cobalt.legal\/et\/ukraina-soja-moju-nouandekeskus\/#breadcrumb","itemListElement":[{"@type":"ListItem","position":1,"name":"Home","item":"https:\/\/www.cobalt.legal\/et\/"},{"@type":"ListItem","position":2,"name":"Ukraina s\u00f5ja m\u00f5ju n\u00f5uandekeskus"}]},{"@type":"WebSite","@id":"https:\/\/www.cobalt.legal\/et\/#website","url":"https:\/\/www.cobalt.legal\/et\/","name":"COBALT","description":"Top-tier law services in Estonia, Latvia and Lithuania","publisher":{"@id":"https:\/\/www.cobalt.legal\/et\/#organization"},"potentialAction":[{"@type":"SearchAction","target":{"@type":"EntryPoint","urlTemplate":"https:\/\/www.cobalt.legal\/et\/?s={search_term_string}"},"query-input":{"@type":"PropertyValueSpecification","valueRequired":true,"valueName":"search_term_string"}}],"inLanguage":"et-EE"},{"@type":"Organization","@id":"https:\/\/www.cobalt.legal\/et\/#organization","name":"COBALT","url":"https:\/\/www.cobalt.legal\/et\/","logo":{"@type":"ImageObject","inLanguage":"et-EE","@id":"https:\/\/www.cobalt.legal\/et\/#\/schema\/logo\/image\/","url":"https:\/\/www.cobalt.legal\/wp-content\/uploads\/2023\/04\/cobalt-logo.png","contentUrl":"https:\/\/www.cobalt.legal\/wp-content\/uploads\/2023\/04\/cobalt-logo.png","width":400,"height":116,"caption":"COBALT"},"image":{"@id":"https:\/\/www.cobalt.legal\/et\/#\/schema\/logo\/image\/"},"sameAs":["https:\/\/www.facebook.com\/CobaltLegal\/"]}]}},"_links":{"self":[{"href":"https:\/\/www.cobalt.legal\/et\/wp-json\/wp\/v2\/pages\/7630","targetHints":{"allow":["GET"]}}],"collection":[{"href":"https:\/\/www.cobalt.legal\/et\/wp-json\/wp\/v2\/pages"}],"about":[{"href":"https:\/\/www.cobalt.legal\/et\/wp-json\/wp\/v2\/types\/page"}],"author":[{"embeddable":true,"href":"https:\/\/www.cobalt.legal\/et\/wp-json\/wp\/v2\/users\/2"}],"replies":[{"embeddable":true,"href":"https:\/\/www.cobalt.legal\/et\/wp-json\/wp\/v2\/comments?post=7630"}],"version-history":[{"count":8,"href":"https:\/\/www.cobalt.legal\/et\/wp-json\/wp\/v2\/pages\/7630\/revisions"}],"predecessor-version":[{"id":48146,"href":"https:\/\/www.cobalt.legal\/et\/wp-json\/wp\/v2\/pages\/7630\/revisions\/48146"}],"wp:attachment":[{"href":"https:\/\/www.cobalt.legal\/et\/wp-json\/wp\/v2\/media?parent=7630"}],"curies":[{"name":"wp","href":"https:\/\/api.w.org\/{rel}","templated":true}]}}