{"id":15743,"date":"2023-06-14T06:41:29","date_gmt":"2023-06-14T03:41:29","guid":{"rendered":"https:\/\/stage.www.cobalt.legal\/?page_id=15743"},"modified":"2024-03-12T19:59:17","modified_gmt":"2024-03-12T17:59:17","slug":"prenumeruokite-musu-naujienas","status":"publish","type":"page","link":"https:\/\/www.cobalt.legal\/lt\/prenumeruokite-musu-naujienas\/","title":{"rendered":"Prenumeruokite m\u016bs\u0173 naujienas"},"content":{"rendered":"<p>&nbsp;<\/p>\n\n<div class=\"wpcf7 no-js\" id=\"wpcf7-f27103-o1\" lang=\"en-US\" dir=\"ltr\" data-wpcf7-id=\"27103\">\n<div class=\"screen-reader-response\"><p role=\"status\" aria-live=\"polite\" aria-atomic=\"true\"><\/p> <ul><\/ul><\/div>\n<form action=\"\/lt\/wp-json\/wp\/v2\/pages\/15743#wpcf7-f27103-o1\" method=\"post\" class=\"wpcf7-form init\" aria-label=\"Contact form\" novalidate=\"novalidate\" data-status=\"init\">\n<fieldset class=\"hidden-fields-container\"><input type=\"hidden\" name=\"_wpcf7\" value=\"27103\" \/><input type=\"hidden\" name=\"_wpcf7_version\" value=\"6.1.5\" \/><input type=\"hidden\" name=\"_wpcf7_locale\" value=\"en_US\" \/><input type=\"hidden\" name=\"_wpcf7_unit_tag\" value=\"wpcf7-f27103-o1\" \/><input type=\"hidden\" name=\"_wpcf7_container_post\" value=\"0\" \/><input type=\"hidden\" name=\"_wpcf7_posted_data_hash\" value=\"\" \/>\n<\/fieldset>\n<div class=\"row\">\n\t<div class=\"col\" align=\"center\">\n\t\t<h3>Prenumeruokite m\u016bs\u0173 naujienas\n\t\t<\/h3>\n\t\t<p>&nbsp;\n\t\t<\/p>\n\t\t<p>* privalomi laukai<br \/>\n&nbsp;\n\t\t<\/p>\n\t<\/div>\n<\/div>\n<div class=\"row\">\n\t<div class=\"col-lg-2\">\n\t<\/div>\n\t<div class=\"col-lg-4\">\n\t\t<p>J\u016bs\u0173 informacija\n\t\t<\/p>\n\t\t<div class=\"form-group\">\n\t\t\t<p><span class=\"wpcf7-form-control-wrap\" data-name=\"your-name\"><input size=\"40\" maxlength=\"400\" class=\"wpcf7-form-control wpcf7-text wpcf7-validates-as-required form-control\" aria-required=\"true\" aria-invalid=\"false\" placeholder=\"Vardas, Pavard\u0117*\" value=\"\" type=\"text\" name=\"your-name\" \/><\/span>\n\t\t\t<\/p>\n\t\t<\/div>\n\t\t<div class=\"form-group\">\n\t\t\t<p><span class=\"wpcf7-form-control-wrap\" data-name=\"company\"><input size=\"40\" maxlength=\"400\" class=\"wpcf7-form-control wpcf7-text wpcf7-validates-as-required form-control\" aria-required=\"true\" aria-invalid=\"false\" placeholder=\"\u012emon\u0117*\" value=\"\" type=\"text\" name=\"company\" \/><\/span>\n\t\t\t<\/p>\n\t\t<\/div>\n\t\t<div class=\"form-group\">\n\t\t\t<p><span class=\"wpcf7-form-control-wrap\" data-name=\"pozicija\"><input size=\"40\" maxlength=\"400\" class=\"wpcf7-form-control wpcf7-text wpcf7-validates-as-required form-control\" aria-required=\"true\" aria-invalid=\"false\" placeholder=\"Pozicija*\" value=\"\" type=\"text\" name=\"pozicija\" \/><\/span>\n\t\t\t<\/p>\n\t\t<\/div>\n\t\t<div class=\"form-group\">\n\t\t\t<p><span class=\"wpcf7-form-control-wrap\" data-name=\"your-phone\"><input size=\"40\" maxlength=\"400\" class=\"wpcf7-form-control wpcf7-text wpcf7-validates-as-required form-control\" aria-required=\"true\" aria-invalid=\"false\" placeholder=\"Telefonas*\" value=\"\" type=\"text\" name=\"your-phone\" \/><\/span>\n\t\t\t<\/p>\n\t\t<\/div>\n\t\t<div class=\"form-group\">\n\t\t\t<p><span class=\"wpcf7-form-control-wrap\" data-name=\"your-email\"><input size=\"40\" maxlength=\"400\" class=\"wpcf7-form-control wpcf7-text wpcf7-validates-as-required form-control\" aria-required=\"true\" aria-invalid=\"false\" placeholder=\"El. pa\u0161tas*\" value=\"\" type=\"text\" name=\"your-email\" \/><\/span>\n\t\t\t<\/p>\n\t\t<\/div>\n\t\t<p>Dominanti jurisdikcija*\n\t\t<\/p>\n\t\t<div class=\"form-group\">\n\t\t\t<p><label class=\"custom-checkbox\"><input type=\"checkbox\" name=\"acceptance-537\" value=\"Country-Estonia\" aria-invalid=\"false\" \/><span class=\"cb\">Estija<\/span><\/label><br \/>\n<label class=\"custom-checkbox\"><input type=\"checkbox\" name=\"acceptance-537\" value=\"Country-Latvia\" aria-invalid=\"false\" \/><span class=\"cb\">Latvija<\/span><\/label><br \/>\n<label class=\"custom-checkbox\"><input type=\"checkbox\" name=\"acceptance-537\" value=\"Country-Lithuania\" aria-invalid=\"false\" \/><span class=\"cb\">Lietuva<\/span><\/label>\n\t\t\t<\/p>\n\t\t<\/div>\n\t<\/div>\n\t<div class=\"col-lg-4\">\n\t\t<p>Dominan\u010dios temos*\n\t\t<\/p>\n\t\t<div class=\"form-group\">\n\t\t\t<p><label class=\"custom-checkbox\"><input type=\"checkbox\" name=\"acceptance-537\" value=\"Visi\" aria-invalid=\"false\" \/><span class=\"cb\">Visi<\/span><\/label><br \/>\n<label class=\"custom-checkbox\"><input type=\"checkbox\" name=\"acceptance-537\" value=\"Renginiai\" aria-invalid=\"false\" \/><span class=\"cb\">Renginiai<\/span><\/label><br \/>\n<label class=\"custom-checkbox\"><input type=\"checkbox\" name=\"acceptance-537\" value=\"Susijungimai ir \u012fsigijimai, \u012fmoni\u0173 sandoriai\" aria-invalid=\"false\" \/><span class=\"cb\">Susijungimai ir \u012fsigijimai, \u012fmoni\u0173 sandoriai<\/span><\/label><br \/>\n<label class=\"custom-checkbox\"><input type=\"checkbox\" name=\"acceptance-537\" value=\"\u012emoni\u0173 ir darbo teis\u0117\" aria-invalid=\"false\" \/><span class=\"cb\">\u012emoni\u0173 ir darbo teis\u0117<\/span><\/label><br \/>\n<label class=\"custom-checkbox\"><input type=\"checkbox\" name=\"acceptance-537\" value=\"Bankai, finansai ir kapitalo rinkos\" aria-invalid=\"false\" \/><span class=\"cb\">Bankai, finansai ir kapitalo rinkos<\/span><\/label><br \/>\n<label class=\"custom-checkbox\"><input type=\"checkbox\" name=\"acceptance-537\" value=\"ES ir konkurencijos teis\u0117\" aria-invalid=\"false\" \/><span class=\"cb\">ES ir konkurencijos teis\u0117<\/span><\/label><br \/>\n<label class=\"custom-checkbox\"><input type=\"checkbox\" name=\"acceptance-537\" value=\"Intelektin\u0117 nuosavyb\u0117, IT ir duomen\u0173 apsauga\" aria-invalid=\"false\" \/><span class=\"cb\">Intelektin\u0117 nuosavyb\u0117, IT ir duomen\u0173 apsauga<\/span><\/label><br \/>\n<label class=\"custom-checkbox\"><input type=\"checkbox\" name=\"acceptance-537\" value=\"Nekilnojamasis turtas, energetika ir aplinkosauga\" aria-invalid=\"false\" \/><span class=\"cb\">Nekilnojamasis turtas, energetika ir aplinkosauga<\/span><\/label><br \/>\n<label class=\"custom-checkbox\"><input type=\"checkbox\" name=\"Tax\" value=\"Tax\" aria-invalid=\"false\" \/><span class=\"cb\">Mokes\u010di\u0173 teis\u0117<\/span><\/label><br \/>\n<label class=\"custom-checkbox\"><input type=\"checkbox\" name=\"acceptance-537\" value=\"Gin\u010d\u0173 sprendimas\" aria-invalid=\"false\" \/><span class=\"cb\">Gin\u010d\u0173 sprendimas<\/span><\/label><br \/>\n<label class=\"custom-checkbox\"><input type=\"checkbox\" name=\"acceptance-537\" value=\"ESG\" aria-invalid=\"false\" \/><span class=\"cb\">ESG<\/span><\/label>\n\t\t\t<\/p>\n\t\t<\/div>\n\t\t<p style=\"font-size:small\">Pateikdami savo asmens duomenis sutinkate, kad COBALT advokat\u0173 kontora i\u0161 Jus dominan\u010dios jurisdikcijos tvarkyt\u0173 J\u016bs\u0173 asmens duomenis ir si\u0173st\u0173 naujienlai\u0161kius pagal J\u016bs\u0173 pasirinktus kriterijus. Turite teis\u0119 bet kada at\u0161aukti sutikim\u0105. Daugiau informacijos rasite <a href=\"\/lt\/privatumo-politika\/\">Privatumo politikoje<\/a>.\n\t\t<\/p>\n\t\t<p><span class=\"custom-checkbox\" style=\"margin-left: -18px;\"> <span class=\"wpcf7-form-control-wrap\" data-name=\"your-consent\"><span class=\"wpcf7-form-control wpcf7-acceptance\"><span class=\"wpcf7-list-item\"><label><input type=\"checkbox\" name=\"your-consent\" value=\"1\" aria-invalid=\"false\" \/><span class=\"wpcf7-list-item-label\">Pa\u017eym\u0117kite, kad sutinkate<\/span><\/label><\/span><\/span><\/span><\/span>\n\t\t<\/p>\n\t<\/div>\n\t<div class=\"col-lg-2\">\n\t<\/div>\n<\/div>\n<div class=\"row\">\n\t<div class=\"col-lg-2\">\n\t<\/div>\n\t<div class=\"col-lg-8\" align=\"center\" style=\"margin-top: 20px; padding-left: 80px\">\n\t\t<p><input class=\"wpcf7-form-control wpcf7-submit has-spinner btn btn-outline-white btn-icon btn-outline-white--green btn-anim-right\" type=\"submit\" value=\"Pateikti\" \/>\n\t\t<\/p>\n\t<\/div>\n\t<div class=\"col-lg-2\">\n\t<\/div>\n<\/div><div class=\"wpcf7-response-output\" aria-hidden=\"true\"><\/div>\n<\/form>\n<\/div>\n\n","protected":false},"excerpt":{"rendered":"<p>&nbsp;<\/p>\n","protected":false},"author":2,"featured_media":0,"parent":0,"menu_order":1,"comment_status":"closed","ping_status":"closed","template":"","meta":{"_acf_changed":false,"inline_featured_image":false,"footnotes":""},"class_list":["post-15743","page","type-page","status-publish","hentry"],"acf":[],"yoast_head":"<!-- This site is optimized with the Yoast SEO plugin v27.3 - https:\/\/yoast.com\/product\/yoast-seo-wordpress\/ -->\n<title>Prenumeruokite m\u016bs\u0173 naujienas | COBALT<\/title>\n<meta name=\"description\" content=\"Prenumeruokite m\u016bs\u0173 naujienas | COBALT - pirmaujantis auk\u0161\u010diausio lygio advokat\u0173 biur\u0173 aljansas Baltijos \u0161alyse. Strateginis partneris J\u016bs\u0173 verslo partneris.\" \/>\n<meta name=\"robots\" content=\"index, follow, max-snippet:-1, max-image-preview:large, max-video-preview:-1\" \/>\n<link rel=\"canonical\" href=\"https:\/\/www.cobalt.legal\/lt\/prenumeruokite-musu-naujienas\/\" \/>\n<meta property=\"og:locale\" content=\"lt_LT\" \/>\n<meta property=\"og:type\" content=\"article\" \/>\n<meta property=\"og:title\" content=\"Prenumeruokite m\u016bs\u0173 naujienas | COBALT\" \/>\n<meta property=\"og:description\" content=\"Prenumeruokite m\u016bs\u0173 naujienas | COBALT - pirmaujantis auk\u0161\u010diausio lygio advokat\u0173 biur\u0173 aljansas Baltijos \u0161alyse. Strateginis partneris J\u016bs\u0173 verslo partneris.\" \/>\n<meta property=\"og:url\" content=\"https:\/\/www.cobalt.legal\/lt\/prenumeruokite-musu-naujienas\/\" \/>\n<meta property=\"og:site_name\" content=\"COBALT\" \/>\n<meta property=\"article:publisher\" content=\"https:\/\/www.facebook.com\/CobaltLegal\/\" \/>\n<meta property=\"article:modified_time\" content=\"2024-03-12T17:59:17+00:00\" \/>\n<meta name=\"twitter:card\" content=\"summary_large_image\" \/>\n<meta name=\"twitter:label1\" content=\"Est. reading time\" \/>\n\t<meta name=\"twitter:data1\" content=\"1 minut\u0117\" \/>\n<script type=\"application\/ld+json\" class=\"yoast-schema-graph\">{\"@context\":\"https:\\\/\\\/schema.org\",\"@graph\":[{\"@type\":\"WebPage\",\"@id\":\"https:\\\/\\\/www.cobalt.legal\\\/lt\\\/prenumeruokite-musu-naujienas\\\/\",\"url\":\"https:\\\/\\\/www.cobalt.legal\\\/lt\\\/prenumeruokite-musu-naujienas\\\/\",\"name\":\"Prenumeruokite m\u016bs\u0173 naujienas | COBALT\",\"isPartOf\":{\"@id\":\"https:\\\/\\\/www.cobalt.legal\\\/lt\\\/#website\"},\"datePublished\":\"2023-06-14T03:41:29+00:00\",\"dateModified\":\"2024-03-12T17:59:17+00:00\",\"description\":\"Prenumeruokite m\u016bs\u0173 naujienas | COBALT - pirmaujantis auk\u0161\u010diausio lygio advokat\u0173 biur\u0173 aljansas Baltijos \u0161alyse. Strateginis partneris J\u016bs\u0173 verslo partneris.\",\"breadcrumb\":{\"@id\":\"https:\\\/\\\/www.cobalt.legal\\\/lt\\\/prenumeruokite-musu-naujienas\\\/#breadcrumb\"},\"inLanguage\":\"lt-LT\",\"potentialAction\":[{\"@type\":\"ReadAction\",\"target\":[\"https:\\\/\\\/www.cobalt.legal\\\/lt\\\/prenumeruokite-musu-naujienas\\\/\"]}]},{\"@type\":\"BreadcrumbList\",\"@id\":\"https:\\\/\\\/www.cobalt.legal\\\/lt\\\/prenumeruokite-musu-naujienas\\\/#breadcrumb\",\"itemListElement\":[{\"@type\":\"ListItem\",\"position\":1,\"name\":\"Home\",\"item\":\"https:\\\/\\\/www.cobalt.legal\\\/lt\\\/\"},{\"@type\":\"ListItem\",\"position\":2,\"name\":\"Prenumeruokite m\u016bs\u0173 naujienas\"}]},{\"@type\":\"WebSite\",\"@id\":\"https:\\\/\\\/www.cobalt.legal\\\/lt\\\/#website\",\"url\":\"https:\\\/\\\/www.cobalt.legal\\\/lt\\\/\",\"name\":\"COBALT\",\"description\":\"Top-tier law services in Estonia, Latvia and Lithuania\",\"publisher\":{\"@id\":\"https:\\\/\\\/www.cobalt.legal\\\/lt\\\/#organization\"},\"potentialAction\":[{\"@type\":\"SearchAction\",\"target\":{\"@type\":\"EntryPoint\",\"urlTemplate\":\"https:\\\/\\\/www.cobalt.legal\\\/lt\\\/?s={search_term_string}\"},\"query-input\":{\"@type\":\"PropertyValueSpecification\",\"valueRequired\":true,\"valueName\":\"search_term_string\"}}],\"inLanguage\":\"lt-LT\"},{\"@type\":\"Organization\",\"@id\":\"https:\\\/\\\/www.cobalt.legal\\\/lt\\\/#organization\",\"name\":\"COBALT\",\"url\":\"https:\\\/\\\/www.cobalt.legal\\\/lt\\\/\",\"logo\":{\"@type\":\"ImageObject\",\"inLanguage\":\"lt-LT\",\"@id\":\"https:\\\/\\\/www.cobalt.legal\\\/lt\\\/#\\\/schema\\\/logo\\\/image\\\/\",\"url\":\"https:\\\/\\\/www.cobalt.legal\\\/wp-content\\\/uploads\\\/2023\\\/04\\\/cobalt-logo.png\",\"contentUrl\":\"https:\\\/\\\/www.cobalt.legal\\\/wp-content\\\/uploads\\\/2023\\\/04\\\/cobalt-logo.png\",\"width\":400,\"height\":116,\"caption\":\"COBALT\"},\"image\":{\"@id\":\"https:\\\/\\\/www.cobalt.legal\\\/lt\\\/#\\\/schema\\\/logo\\\/image\\\/\"},\"sameAs\":[\"https:\\\/\\\/www.facebook.com\\\/CobaltLegal\\\/\"]}]}<\/script>\n<!-- \/ Yoast SEO plugin. -->","yoast_head_json":{"title":"Prenumeruokite m\u016bs\u0173 naujienas | COBALT","description":"Prenumeruokite m\u016bs\u0173 naujienas | COBALT - pirmaujantis auk\u0161\u010diausio lygio advokat\u0173 biur\u0173 aljansas Baltijos \u0161alyse. Strateginis partneris J\u016bs\u0173 verslo partneris.","robots":{"index":"index","follow":"follow","max-snippet":"max-snippet:-1","max-image-preview":"max-image-preview:large","max-video-preview":"max-video-preview:-1"},"canonical":"https:\/\/www.cobalt.legal\/lt\/prenumeruokite-musu-naujienas\/","og_locale":"lt_LT","og_type":"article","og_title":"Prenumeruokite m\u016bs\u0173 naujienas | COBALT","og_description":"Prenumeruokite m\u016bs\u0173 naujienas | COBALT - pirmaujantis auk\u0161\u010diausio lygio advokat\u0173 biur\u0173 aljansas Baltijos \u0161alyse. Strateginis partneris J\u016bs\u0173 verslo partneris.","og_url":"https:\/\/www.cobalt.legal\/lt\/prenumeruokite-musu-naujienas\/","og_site_name":"COBALT","article_publisher":"https:\/\/www.facebook.com\/CobaltLegal\/","article_modified_time":"2024-03-12T17:59:17+00:00","twitter_card":"summary_large_image","twitter_misc":{"Est. reading time":"1 minut\u0117"},"schema":{"@context":"https:\/\/schema.org","@graph":[{"@type":"WebPage","@id":"https:\/\/www.cobalt.legal\/lt\/prenumeruokite-musu-naujienas\/","url":"https:\/\/www.cobalt.legal\/lt\/prenumeruokite-musu-naujienas\/","name":"Prenumeruokite m\u016bs\u0173 naujienas | COBALT","isPartOf":{"@id":"https:\/\/www.cobalt.legal\/lt\/#website"},"datePublished":"2023-06-14T03:41:29+00:00","dateModified":"2024-03-12T17:59:17+00:00","description":"Prenumeruokite m\u016bs\u0173 naujienas | COBALT - pirmaujantis auk\u0161\u010diausio lygio advokat\u0173 biur\u0173 aljansas Baltijos \u0161alyse. Strateginis partneris J\u016bs\u0173 verslo partneris.","breadcrumb":{"@id":"https:\/\/www.cobalt.legal\/lt\/prenumeruokite-musu-naujienas\/#breadcrumb"},"inLanguage":"lt-LT","potentialAction":[{"@type":"ReadAction","target":["https:\/\/www.cobalt.legal\/lt\/prenumeruokite-musu-naujienas\/"]}]},{"@type":"BreadcrumbList","@id":"https:\/\/www.cobalt.legal\/lt\/prenumeruokite-musu-naujienas\/#breadcrumb","itemListElement":[{"@type":"ListItem","position":1,"name":"Home","item":"https:\/\/www.cobalt.legal\/lt\/"},{"@type":"ListItem","position":2,"name":"Prenumeruokite m\u016bs\u0173 naujienas"}]},{"@type":"WebSite","@id":"https:\/\/www.cobalt.legal\/lt\/#website","url":"https:\/\/www.cobalt.legal\/lt\/","name":"COBALT","description":"Top-tier law services in Estonia, Latvia and Lithuania","publisher":{"@id":"https:\/\/www.cobalt.legal\/lt\/#organization"},"potentialAction":[{"@type":"SearchAction","target":{"@type":"EntryPoint","urlTemplate":"https:\/\/www.cobalt.legal\/lt\/?s={search_term_string}"},"query-input":{"@type":"PropertyValueSpecification","valueRequired":true,"valueName":"search_term_string"}}],"inLanguage":"lt-LT"},{"@type":"Organization","@id":"https:\/\/www.cobalt.legal\/lt\/#organization","name":"COBALT","url":"https:\/\/www.cobalt.legal\/lt\/","logo":{"@type":"ImageObject","inLanguage":"lt-LT","@id":"https:\/\/www.cobalt.legal\/lt\/#\/schema\/logo\/image\/","url":"https:\/\/www.cobalt.legal\/wp-content\/uploads\/2023\/04\/cobalt-logo.png","contentUrl":"https:\/\/www.cobalt.legal\/wp-content\/uploads\/2023\/04\/cobalt-logo.png","width":400,"height":116,"caption":"COBALT"},"image":{"@id":"https:\/\/www.cobalt.legal\/lt\/#\/schema\/logo\/image\/"},"sameAs":["https:\/\/www.facebook.com\/CobaltLegal\/"]}]}},"_links":{"self":[{"href":"https:\/\/www.cobalt.legal\/lt\/wp-json\/wp\/v2\/pages\/15743","targetHints":{"allow":["GET"]}}],"collection":[{"href":"https:\/\/www.cobalt.legal\/lt\/wp-json\/wp\/v2\/pages"}],"about":[{"href":"https:\/\/www.cobalt.legal\/lt\/wp-json\/wp\/v2\/types\/page"}],"author":[{"embeddable":true,"href":"https:\/\/www.cobalt.legal\/lt\/wp-json\/wp\/v2\/users\/2"}],"replies":[{"embeddable":true,"href":"https:\/\/www.cobalt.legal\/lt\/wp-json\/wp\/v2\/comments?post=15743"}],"version-history":[{"count":4,"href":"https:\/\/www.cobalt.legal\/lt\/wp-json\/wp\/v2\/pages\/15743\/revisions"}],"predecessor-version":[{"id":27104,"href":"https:\/\/www.cobalt.legal\/lt\/wp-json\/wp\/v2\/pages\/15743\/revisions\/27104"}],"wp:attachment":[{"href":"https:\/\/www.cobalt.legal\/lt\/wp-json\/wp\/v2\/media?parent=15743"}],"curies":[{"name":"wp","href":"https:\/\/api.w.org\/{rel}","templated":true}]}}