{"id":32570,"date":"2023-11-21T15:28:12","date_gmt":"2023-11-21T13:28:12","guid":{"rendered":"https:\/\/www.cobalt.legal\/?page_id=32570"},"modified":"2024-03-12T19:59:35","modified_gmt":"2024-03-12T17:59:35","slug":"cobalt-atsakomybes-ribojimo-pareiskimas-del-el-laisku","status":"publish","type":"page","link":"https:\/\/www.cobalt.legal\/lt\/cobalt-atsakomybes-ribojimo-pareiskimas-del-el-laisku\/","title":{"rendered":"COBALT atsakomyb\u0117s ribojimo parei\u0161kimas d\u0117l el. lai\u0161k\u0173"},"content":{"rendered":"<p>\u0160iame lai\u0161ke ir jo prieduose esanti informacija gali b\u016bti konfidenciali ir jos naudojimas bei platinimas gali b\u016bti ribotas. Jeigu \u0161\u012f lai\u0161k\u0105 gavote per klaid\u0105, pra\u0161ome nedelsiant apie tai informuoti siunt\u0117j\u0105 el. pa\u0161tu arba telefonu ir i\u0161trinti \u0161\u012f lai\u0161k\u0105 bei jo priedus i\u0161 savo sistemos. Draud\u017eiama lai\u0161ke ir jo prieduose esan\u010di\u0105 informacij\u0105 naudoti, platinti, kopijuoti ar atskleisti jos turin\u012f kitiems asmenims. \u0160iame lai\u0161ke pateikta nuomon\u0117 ar konsultacija yra skirta konkre\u010diai situacijai ir jai yra taikomos atitinkamos teisini\u0173 paslaug\u0173 sutarties s\u0105lygos. <a href=\"https:\/\/www.cobalt.legal\/lt\/bendrosios-salygos\/\">Bendr\u0105sias m\u016bs\u0173 paslaug\u0173 teikimo s\u0105lygas<\/a> galite rasti m\u016bs\u0173 interneto svetain\u0117je.<\/p>\n<p>\u0160is lai\u0161kas gali b\u016bti automati\u0161kai persi\u0173stas kitiems COBALT teisininkams ar darbuotojams. Nor\u0117dami su\u017einoti daugiau apie asmens duomen\u0173 tvarkym\u0105, perskaitykite m\u016bs\u0173 <a href=\"https:\/\/www.cobalt.legal\/lt\/privatumo-politika\/\">Privatumo politik\u0105<\/a>.<\/p>\n","protected":false},"excerpt":{"rendered":"<p>\u0160iame lai\u0161ke ir jo prieduose esanti informacija gali b\u016bti konfidenciali ir jos naudojimas bei platinimas gali b\u016bti ribotas. Jeigu \u0161\u012f lai\u0161k\u0105 gavote per klaid\u0105, pra\u0161ome nedelsiant apie tai informuoti siunt\u0117j\u0105 el. pa\u0161tu arba telefonu ir i\u0161trinti \u0161\u012f lai\u0161k\u0105 bei jo..<\/p>\n","protected":false},"author":2,"featured_media":0,"parent":0,"menu_order":0,"comment_status":"closed","ping_status":"closed","template":"","meta":{"_acf_changed":false,"inline_featured_image":false,"footnotes":""},"class_list":["post-32570","page","type-page","status-publish","hentry"],"acf":[],"yoast_head":"<!-- This site is optimized with the Yoast SEO plugin v27.3 - https:\/\/yoast.com\/product\/yoast-seo-wordpress\/ -->\n<title>COBALT atsakomyb\u0117s ribojimo parei\u0161kimas d\u0117l el. lai\u0161k\u0173 | COBALT<\/title>\n<meta name=\"description\" content=\"COBALT atsakomyb\u0117s ribojimo parei\u0161kimas d\u0117l el. lai\u0161k\u0173 | COBALT - pirmaujantis auk\u0161\u010diausio lygio advokat\u0173 biur\u0173 aljansas Baltijos \u0161alyse.\" \/>\n<meta name=\"robots\" content=\"index, nofollow, max-snippet:-1, max-image-preview:large, max-video-preview:-1\" \/>\n<link rel=\"canonical\" href=\"https:\/\/www.cobalt.legal\/lt\/cobalt-atsakomybes-ribojimo-pareiskimas-del-el-laisku\/\" \/>\n<meta property=\"og:locale\" content=\"lt_LT\" \/>\n<meta property=\"og:type\" content=\"article\" \/>\n<meta property=\"og:title\" content=\"COBALT atsakomyb\u0117s ribojimo parei\u0161kimas d\u0117l el. lai\u0161k\u0173 | COBALT\" \/>\n<meta property=\"og:description\" content=\"COBALT atsakomyb\u0117s ribojimo parei\u0161kimas d\u0117l el. lai\u0161k\u0173 | COBALT - pirmaujantis auk\u0161\u010diausio lygio advokat\u0173 biur\u0173 aljansas Baltijos \u0161alyse.\" \/>\n<meta property=\"og:url\" content=\"https:\/\/www.cobalt.legal\/lt\/cobalt-atsakomybes-ribojimo-pareiskimas-del-el-laisku\/\" \/>\n<meta property=\"og:site_name\" content=\"COBALT\" \/>\n<meta property=\"article:publisher\" content=\"https:\/\/www.facebook.com\/CobaltLegal\/\" \/>\n<meta property=\"article:modified_time\" content=\"2024-03-12T17:59:35+00:00\" \/>\n<meta name=\"twitter:card\" content=\"summary_large_image\" \/>\n<meta name=\"twitter:label1\" content=\"Est. reading time\" \/>\n\t<meta name=\"twitter:data1\" content=\"1 minut\u0117\" \/>\n<script type=\"application\/ld+json\" class=\"yoast-schema-graph\">{\"@context\":\"https:\\\/\\\/schema.org\",\"@graph\":[{\"@type\":\"WebPage\",\"@id\":\"https:\\\/\\\/www.cobalt.legal\\\/lt\\\/cobalt-atsakomybes-ribojimo-pareiskimas-del-el-laisku\\\/\",\"url\":\"https:\\\/\\\/www.cobalt.legal\\\/lt\\\/cobalt-atsakomybes-ribojimo-pareiskimas-del-el-laisku\\\/\",\"name\":\"COBALT atsakomyb\u0117s ribojimo parei\u0161kimas d\u0117l el. lai\u0161k\u0173 | COBALT\",\"isPartOf\":{\"@id\":\"https:\\\/\\\/www.cobalt.legal\\\/lt\\\/#website\"},\"datePublished\":\"2023-11-21T13:28:12+00:00\",\"dateModified\":\"2024-03-12T17:59:35+00:00\",\"description\":\"COBALT atsakomyb\u0117s ribojimo parei\u0161kimas d\u0117l el. lai\u0161k\u0173 | COBALT - pirmaujantis auk\u0161\u010diausio lygio advokat\u0173 biur\u0173 aljansas Baltijos \u0161alyse.\",\"breadcrumb\":{\"@id\":\"https:\\\/\\\/www.cobalt.legal\\\/lt\\\/cobalt-atsakomybes-ribojimo-pareiskimas-del-el-laisku\\\/#breadcrumb\"},\"inLanguage\":\"lt-LT\",\"potentialAction\":[{\"@type\":\"ReadAction\",\"target\":[\"https:\\\/\\\/www.cobalt.legal\\\/lt\\\/cobalt-atsakomybes-ribojimo-pareiskimas-del-el-laisku\\\/\"]}]},{\"@type\":\"BreadcrumbList\",\"@id\":\"https:\\\/\\\/www.cobalt.legal\\\/lt\\\/cobalt-atsakomybes-ribojimo-pareiskimas-del-el-laisku\\\/#breadcrumb\",\"itemListElement\":[{\"@type\":\"ListItem\",\"position\":1,\"name\":\"Home\",\"item\":\"https:\\\/\\\/www.cobalt.legal\\\/lt\\\/\"},{\"@type\":\"ListItem\",\"position\":2,\"name\":\"COBALT atsakomyb\u0117s ribojimo parei\u0161kimas d\u0117l el. lai\u0161k\u0173\"}]},{\"@type\":\"WebSite\",\"@id\":\"https:\\\/\\\/www.cobalt.legal\\\/lt\\\/#website\",\"url\":\"https:\\\/\\\/www.cobalt.legal\\\/lt\\\/\",\"name\":\"COBALT\",\"description\":\"Top-tier law services in Estonia, Latvia and Lithuania\",\"publisher\":{\"@id\":\"https:\\\/\\\/www.cobalt.legal\\\/lt\\\/#organization\"},\"potentialAction\":[{\"@type\":\"SearchAction\",\"target\":{\"@type\":\"EntryPoint\",\"urlTemplate\":\"https:\\\/\\\/www.cobalt.legal\\\/lt\\\/?s={search_term_string}\"},\"query-input\":{\"@type\":\"PropertyValueSpecification\",\"valueRequired\":true,\"valueName\":\"search_term_string\"}}],\"inLanguage\":\"lt-LT\"},{\"@type\":\"Organization\",\"@id\":\"https:\\\/\\\/www.cobalt.legal\\\/lt\\\/#organization\",\"name\":\"COBALT\",\"url\":\"https:\\\/\\\/www.cobalt.legal\\\/lt\\\/\",\"logo\":{\"@type\":\"ImageObject\",\"inLanguage\":\"lt-LT\",\"@id\":\"https:\\\/\\\/www.cobalt.legal\\\/lt\\\/#\\\/schema\\\/logo\\\/image\\\/\",\"url\":\"https:\\\/\\\/www.cobalt.legal\\\/wp-content\\\/uploads\\\/2023\\\/04\\\/cobalt-logo.png\",\"contentUrl\":\"https:\\\/\\\/www.cobalt.legal\\\/wp-content\\\/uploads\\\/2023\\\/04\\\/cobalt-logo.png\",\"width\":400,\"height\":116,\"caption\":\"COBALT\"},\"image\":{\"@id\":\"https:\\\/\\\/www.cobalt.legal\\\/lt\\\/#\\\/schema\\\/logo\\\/image\\\/\"},\"sameAs\":[\"https:\\\/\\\/www.facebook.com\\\/CobaltLegal\\\/\"]}]}<\/script>\n<!-- \/ Yoast SEO plugin. -->","yoast_head_json":{"title":"COBALT atsakomyb\u0117s ribojimo parei\u0161kimas d\u0117l el. lai\u0161k\u0173 | COBALT","description":"COBALT atsakomyb\u0117s ribojimo parei\u0161kimas d\u0117l el. lai\u0161k\u0173 | COBALT - pirmaujantis auk\u0161\u010diausio lygio advokat\u0173 biur\u0173 aljansas Baltijos \u0161alyse.","robots":{"index":"index","follow":"nofollow","max-snippet":"max-snippet:-1","max-image-preview":"max-image-preview:large","max-video-preview":"max-video-preview:-1"},"canonical":"https:\/\/www.cobalt.legal\/lt\/cobalt-atsakomybes-ribojimo-pareiskimas-del-el-laisku\/","og_locale":"lt_LT","og_type":"article","og_title":"COBALT atsakomyb\u0117s ribojimo parei\u0161kimas d\u0117l el. lai\u0161k\u0173 | COBALT","og_description":"COBALT atsakomyb\u0117s ribojimo parei\u0161kimas d\u0117l el. lai\u0161k\u0173 | COBALT - pirmaujantis auk\u0161\u010diausio lygio advokat\u0173 biur\u0173 aljansas Baltijos \u0161alyse.","og_url":"https:\/\/www.cobalt.legal\/lt\/cobalt-atsakomybes-ribojimo-pareiskimas-del-el-laisku\/","og_site_name":"COBALT","article_publisher":"https:\/\/www.facebook.com\/CobaltLegal\/","article_modified_time":"2024-03-12T17:59:35+00:00","twitter_card":"summary_large_image","twitter_misc":{"Est. reading time":"1 minut\u0117"},"schema":{"@context":"https:\/\/schema.org","@graph":[{"@type":"WebPage","@id":"https:\/\/www.cobalt.legal\/lt\/cobalt-atsakomybes-ribojimo-pareiskimas-del-el-laisku\/","url":"https:\/\/www.cobalt.legal\/lt\/cobalt-atsakomybes-ribojimo-pareiskimas-del-el-laisku\/","name":"COBALT atsakomyb\u0117s ribojimo parei\u0161kimas d\u0117l el. lai\u0161k\u0173 | COBALT","isPartOf":{"@id":"https:\/\/www.cobalt.legal\/lt\/#website"},"datePublished":"2023-11-21T13:28:12+00:00","dateModified":"2024-03-12T17:59:35+00:00","description":"COBALT atsakomyb\u0117s ribojimo parei\u0161kimas d\u0117l el. lai\u0161k\u0173 | COBALT - pirmaujantis auk\u0161\u010diausio lygio advokat\u0173 biur\u0173 aljansas Baltijos \u0161alyse.","breadcrumb":{"@id":"https:\/\/www.cobalt.legal\/lt\/cobalt-atsakomybes-ribojimo-pareiskimas-del-el-laisku\/#breadcrumb"},"inLanguage":"lt-LT","potentialAction":[{"@type":"ReadAction","target":["https:\/\/www.cobalt.legal\/lt\/cobalt-atsakomybes-ribojimo-pareiskimas-del-el-laisku\/"]}]},{"@type":"BreadcrumbList","@id":"https:\/\/www.cobalt.legal\/lt\/cobalt-atsakomybes-ribojimo-pareiskimas-del-el-laisku\/#breadcrumb","itemListElement":[{"@type":"ListItem","position":1,"name":"Home","item":"https:\/\/www.cobalt.legal\/lt\/"},{"@type":"ListItem","position":2,"name":"COBALT atsakomyb\u0117s ribojimo parei\u0161kimas d\u0117l el. lai\u0161k\u0173"}]},{"@type":"WebSite","@id":"https:\/\/www.cobalt.legal\/lt\/#website","url":"https:\/\/www.cobalt.legal\/lt\/","name":"COBALT","description":"Top-tier law services in Estonia, Latvia and Lithuania","publisher":{"@id":"https:\/\/www.cobalt.legal\/lt\/#organization"},"potentialAction":[{"@type":"SearchAction","target":{"@type":"EntryPoint","urlTemplate":"https:\/\/www.cobalt.legal\/lt\/?s={search_term_string}"},"query-input":{"@type":"PropertyValueSpecification","valueRequired":true,"valueName":"search_term_string"}}],"inLanguage":"lt-LT"},{"@type":"Organization","@id":"https:\/\/www.cobalt.legal\/lt\/#organization","name":"COBALT","url":"https:\/\/www.cobalt.legal\/lt\/","logo":{"@type":"ImageObject","inLanguage":"lt-LT","@id":"https:\/\/www.cobalt.legal\/lt\/#\/schema\/logo\/image\/","url":"https:\/\/www.cobalt.legal\/wp-content\/uploads\/2023\/04\/cobalt-logo.png","contentUrl":"https:\/\/www.cobalt.legal\/wp-content\/uploads\/2023\/04\/cobalt-logo.png","width":400,"height":116,"caption":"COBALT"},"image":{"@id":"https:\/\/www.cobalt.legal\/lt\/#\/schema\/logo\/image\/"},"sameAs":["https:\/\/www.facebook.com\/CobaltLegal\/"]}]}},"_links":{"self":[{"href":"https:\/\/www.cobalt.legal\/lt\/wp-json\/wp\/v2\/pages\/32570","targetHints":{"allow":["GET"]}}],"collection":[{"href":"https:\/\/www.cobalt.legal\/lt\/wp-json\/wp\/v2\/pages"}],"about":[{"href":"https:\/\/www.cobalt.legal\/lt\/wp-json\/wp\/v2\/types\/page"}],"author":[{"embeddable":true,"href":"https:\/\/www.cobalt.legal\/lt\/wp-json\/wp\/v2\/users\/2"}],"replies":[{"embeddable":true,"href":"https:\/\/www.cobalt.legal\/lt\/wp-json\/wp\/v2\/comments?post=32570"}],"version-history":[{"count":2,"href":"https:\/\/www.cobalt.legal\/lt\/wp-json\/wp\/v2\/pages\/32570\/revisions"}],"predecessor-version":[{"id":32572,"href":"https:\/\/www.cobalt.legal\/lt\/wp-json\/wp\/v2\/pages\/32570\/revisions\/32572"}],"wp:attachment":[{"href":"https:\/\/www.cobalt.legal\/lt\/wp-json\/wp\/v2\/media?parent=32570"}],"curies":[{"name":"wp","href":"https:\/\/api.w.org\/{rel}","templated":true}]}}