{"id":6801,"date":"2023-03-28T17:46:31","date_gmt":"2023-03-28T14:46:31","guid":{"rendered":"https:\/\/stage.www.cobalt.legal\/?page_id=6801"},"modified":"2026-03-16T11:27:01","modified_gmt":"2026-03-16T09:27:01","slug":"apie-kontora","status":"publish","type":"page","link":"https:\/\/www.cobalt.legal\/lt\/apie-kontora\/","title":{"rendered":"Apie Kontor\u0105"},"content":{"rendered":"","protected":false},"excerpt":{"rendered":"","protected":false},"author":2,"featured_media":30266,"parent":0,"menu_order":56,"comment_status":"closed","ping_status":"closed","template":"about-us.php","meta":{"_acf_changed":false,"inline_featured_image":false,"footnotes":""},"class_list":["post-6801","page","type-page","status-publish","has-post-thumbnail","hentry"],"acf":[],"yoast_head":"<!-- This site is optimized with the Yoast SEO plugin v27.3 - https:\/\/yoast.com\/product\/yoast-seo-wordpress\/ -->\n<title>Apie Kontor\u0105 | COBALT<\/title>\n<meta name=\"description\" content=\"Apie Kontor\u0105 | COBALT - pirmaujantis auk\u0161\u010diausio lygio advokat\u0173 biur\u0173 aljansas Baltijos \u0161alyse. Strateginis partneris J\u016bs\u0173 verslo partneris.\" \/>\n<meta name=\"robots\" content=\"index, follow, max-snippet:-1, max-image-preview:large, max-video-preview:-1\" \/>\n<link rel=\"canonical\" href=\"https:\/\/www.cobalt.legal\/lt\/apie-kontora\/\" \/>\n<meta property=\"og:locale\" content=\"lt_LT\" \/>\n<meta property=\"og:type\" content=\"article\" \/>\n<meta property=\"og:title\" content=\"Apie Kontor\u0105 | COBALT\" \/>\n<meta property=\"og:description\" content=\"Apie Kontor\u0105 | COBALT - pirmaujantis auk\u0161\u010diausio lygio advokat\u0173 biur\u0173 aljansas Baltijos \u0161alyse. Strateginis partneris J\u016bs\u0173 verslo partneris.\" \/>\n<meta property=\"og:url\" content=\"https:\/\/www.cobalt.legal\/lt\/apie-kontora\/\" \/>\n<meta property=\"og:site_name\" content=\"COBALT\" \/>\n<meta property=\"article:publisher\" content=\"https:\/\/www.facebook.com\/CobaltLegal\/\" \/>\n<meta property=\"article:modified_time\" content=\"2026-03-16T09:27:01+00:00\" \/>\n<meta property=\"og:image\" content=\"https:\/\/www.cobalt.legal\/wp-content\/uploads\/2023\/11\/cobalt-web-lapa-sadalas-2560x894-1.png\" \/>\n\t<meta property=\"og:image:width\" content=\"2560\" \/>\n\t<meta property=\"og:image:height\" content=\"894\" \/>\n\t<meta property=\"og:image:type\" content=\"image\/png\" \/>\n<meta name=\"twitter:card\" content=\"summary_large_image\" \/>\n<meta name=\"twitter:label1\" content=\"Est. reading time\" \/>\n\t<meta name=\"twitter:data1\" content=\"1 minut\u0117\" \/>\n<script type=\"application\/ld+json\" class=\"yoast-schema-graph\">{\"@context\":\"https:\\\/\\\/schema.org\",\"@graph\":[{\"@type\":\"WebPage\",\"@id\":\"https:\\\/\\\/www.cobalt.legal\\\/lt\\\/apie-kontora\\\/\",\"url\":\"https:\\\/\\\/www.cobalt.legal\\\/lt\\\/apie-kontora\\\/\",\"name\":\"Apie Kontor\u0105 | COBALT\",\"isPartOf\":{\"@id\":\"https:\\\/\\\/www.cobalt.legal\\\/lt\\\/#website\"},\"primaryImageOfPage\":{\"@id\":\"https:\\\/\\\/www.cobalt.legal\\\/lt\\\/apie-kontora\\\/#primaryimage\"},\"image\":{\"@id\":\"https:\\\/\\\/www.cobalt.legal\\\/lt\\\/apie-kontora\\\/#primaryimage\"},\"thumbnailUrl\":\"https:\\\/\\\/www.cobalt.legal\\\/wp-content\\\/uploads\\\/2023\\\/11\\\/cobalt-web-lapa-sadalas-2560x894-1.png\",\"datePublished\":\"2023-03-28T14:46:31+00:00\",\"dateModified\":\"2026-03-16T09:27:01+00:00\",\"description\":\"Apie Kontor\u0105 | COBALT - pirmaujantis auk\u0161\u010diausio lygio advokat\u0173 biur\u0173 aljansas Baltijos \u0161alyse. Strateginis partneris J\u016bs\u0173 verslo partneris.\",\"breadcrumb\":{\"@id\":\"https:\\\/\\\/www.cobalt.legal\\\/lt\\\/apie-kontora\\\/#breadcrumb\"},\"inLanguage\":\"lt-LT\",\"potentialAction\":[{\"@type\":\"ReadAction\",\"target\":[\"https:\\\/\\\/www.cobalt.legal\\\/lt\\\/apie-kontora\\\/\"]}]},{\"@type\":\"ImageObject\",\"inLanguage\":\"lt-LT\",\"@id\":\"https:\\\/\\\/www.cobalt.legal\\\/lt\\\/apie-kontora\\\/#primaryimage\",\"url\":\"https:\\\/\\\/www.cobalt.legal\\\/wp-content\\\/uploads\\\/2023\\\/11\\\/cobalt-web-lapa-sadalas-2560x894-1.png\",\"contentUrl\":\"https:\\\/\\\/www.cobalt.legal\\\/wp-content\\\/uploads\\\/2023\\\/11\\\/cobalt-web-lapa-sadalas-2560x894-1.png\",\"width\":2560,\"height\":894},{\"@type\":\"BreadcrumbList\",\"@id\":\"https:\\\/\\\/www.cobalt.legal\\\/lt\\\/apie-kontora\\\/#breadcrumb\",\"itemListElement\":[{\"@type\":\"ListItem\",\"position\":1,\"name\":\"Home\",\"item\":\"https:\\\/\\\/www.cobalt.legal\\\/lt\\\/\"},{\"@type\":\"ListItem\",\"position\":2,\"name\":\"Apie Kontor\u0105\"}]},{\"@type\":\"WebSite\",\"@id\":\"https:\\\/\\\/www.cobalt.legal\\\/lt\\\/#website\",\"url\":\"https:\\\/\\\/www.cobalt.legal\\\/lt\\\/\",\"name\":\"COBALT\",\"description\":\"Top-tier law services in Estonia, Latvia and Lithuania\",\"publisher\":{\"@id\":\"https:\\\/\\\/www.cobalt.legal\\\/lt\\\/#organization\"},\"potentialAction\":[{\"@type\":\"SearchAction\",\"target\":{\"@type\":\"EntryPoint\",\"urlTemplate\":\"https:\\\/\\\/www.cobalt.legal\\\/lt\\\/?s={search_term_string}\"},\"query-input\":{\"@type\":\"PropertyValueSpecification\",\"valueRequired\":true,\"valueName\":\"search_term_string\"}}],\"inLanguage\":\"lt-LT\"},{\"@type\":\"Organization\",\"@id\":\"https:\\\/\\\/www.cobalt.legal\\\/lt\\\/#organization\",\"name\":\"COBALT\",\"url\":\"https:\\\/\\\/www.cobalt.legal\\\/lt\\\/\",\"logo\":{\"@type\":\"ImageObject\",\"inLanguage\":\"lt-LT\",\"@id\":\"https:\\\/\\\/www.cobalt.legal\\\/lt\\\/#\\\/schema\\\/logo\\\/image\\\/\",\"url\":\"https:\\\/\\\/www.cobalt.legal\\\/wp-content\\\/uploads\\\/2023\\\/04\\\/cobalt-logo.png\",\"contentUrl\":\"https:\\\/\\\/www.cobalt.legal\\\/wp-content\\\/uploads\\\/2023\\\/04\\\/cobalt-logo.png\",\"width\":400,\"height\":116,\"caption\":\"COBALT\"},\"image\":{\"@id\":\"https:\\\/\\\/www.cobalt.legal\\\/lt\\\/#\\\/schema\\\/logo\\\/image\\\/\"},\"sameAs\":[\"https:\\\/\\\/www.facebook.com\\\/CobaltLegal\\\/\"]}]}<\/script>\n<!-- \/ Yoast SEO plugin. -->","yoast_head_json":{"title":"Apie Kontor\u0105 | COBALT","description":"Apie Kontor\u0105 | COBALT - pirmaujantis auk\u0161\u010diausio lygio advokat\u0173 biur\u0173 aljansas Baltijos \u0161alyse. Strateginis partneris J\u016bs\u0173 verslo partneris.","robots":{"index":"index","follow":"follow","max-snippet":"max-snippet:-1","max-image-preview":"max-image-preview:large","max-video-preview":"max-video-preview:-1"},"canonical":"https:\/\/www.cobalt.legal\/lt\/apie-kontora\/","og_locale":"lt_LT","og_type":"article","og_title":"Apie Kontor\u0105 | COBALT","og_description":"Apie Kontor\u0105 | COBALT - pirmaujantis auk\u0161\u010diausio lygio advokat\u0173 biur\u0173 aljansas Baltijos \u0161alyse. Strateginis partneris J\u016bs\u0173 verslo partneris.","og_url":"https:\/\/www.cobalt.legal\/lt\/apie-kontora\/","og_site_name":"COBALT","article_publisher":"https:\/\/www.facebook.com\/CobaltLegal\/","article_modified_time":"2026-03-16T09:27:01+00:00","og_image":[{"width":2560,"height":894,"url":"https:\/\/www.cobalt.legal\/wp-content\/uploads\/2023\/11\/cobalt-web-lapa-sadalas-2560x894-1.png","type":"image\/png"}],"twitter_card":"summary_large_image","twitter_misc":{"Est. reading time":"1 minut\u0117"},"schema":{"@context":"https:\/\/schema.org","@graph":[{"@type":"WebPage","@id":"https:\/\/www.cobalt.legal\/lt\/apie-kontora\/","url":"https:\/\/www.cobalt.legal\/lt\/apie-kontora\/","name":"Apie Kontor\u0105 | COBALT","isPartOf":{"@id":"https:\/\/www.cobalt.legal\/lt\/#website"},"primaryImageOfPage":{"@id":"https:\/\/www.cobalt.legal\/lt\/apie-kontora\/#primaryimage"},"image":{"@id":"https:\/\/www.cobalt.legal\/lt\/apie-kontora\/#primaryimage"},"thumbnailUrl":"https:\/\/www.cobalt.legal\/wp-content\/uploads\/2023\/11\/cobalt-web-lapa-sadalas-2560x894-1.png","datePublished":"2023-03-28T14:46:31+00:00","dateModified":"2026-03-16T09:27:01+00:00","description":"Apie Kontor\u0105 | COBALT - pirmaujantis auk\u0161\u010diausio lygio advokat\u0173 biur\u0173 aljansas Baltijos \u0161alyse. Strateginis partneris J\u016bs\u0173 verslo partneris.","breadcrumb":{"@id":"https:\/\/www.cobalt.legal\/lt\/apie-kontora\/#breadcrumb"},"inLanguage":"lt-LT","potentialAction":[{"@type":"ReadAction","target":["https:\/\/www.cobalt.legal\/lt\/apie-kontora\/"]}]},{"@type":"ImageObject","inLanguage":"lt-LT","@id":"https:\/\/www.cobalt.legal\/lt\/apie-kontora\/#primaryimage","url":"https:\/\/www.cobalt.legal\/wp-content\/uploads\/2023\/11\/cobalt-web-lapa-sadalas-2560x894-1.png","contentUrl":"https:\/\/www.cobalt.legal\/wp-content\/uploads\/2023\/11\/cobalt-web-lapa-sadalas-2560x894-1.png","width":2560,"height":894},{"@type":"BreadcrumbList","@id":"https:\/\/www.cobalt.legal\/lt\/apie-kontora\/#breadcrumb","itemListElement":[{"@type":"ListItem","position":1,"name":"Home","item":"https:\/\/www.cobalt.legal\/lt\/"},{"@type":"ListItem","position":2,"name":"Apie Kontor\u0105"}]},{"@type":"WebSite","@id":"https:\/\/www.cobalt.legal\/lt\/#website","url":"https:\/\/www.cobalt.legal\/lt\/","name":"COBALT","description":"Top-tier law services in Estonia, Latvia and Lithuania","publisher":{"@id":"https:\/\/www.cobalt.legal\/lt\/#organization"},"potentialAction":[{"@type":"SearchAction","target":{"@type":"EntryPoint","urlTemplate":"https:\/\/www.cobalt.legal\/lt\/?s={search_term_string}"},"query-input":{"@type":"PropertyValueSpecification","valueRequired":true,"valueName":"search_term_string"}}],"inLanguage":"lt-LT"},{"@type":"Organization","@id":"https:\/\/www.cobalt.legal\/lt\/#organization","name":"COBALT","url":"https:\/\/www.cobalt.legal\/lt\/","logo":{"@type":"ImageObject","inLanguage":"lt-LT","@id":"https:\/\/www.cobalt.legal\/lt\/#\/schema\/logo\/image\/","url":"https:\/\/www.cobalt.legal\/wp-content\/uploads\/2023\/04\/cobalt-logo.png","contentUrl":"https:\/\/www.cobalt.legal\/wp-content\/uploads\/2023\/04\/cobalt-logo.png","width":400,"height":116,"caption":"COBALT"},"image":{"@id":"https:\/\/www.cobalt.legal\/lt\/#\/schema\/logo\/image\/"},"sameAs":["https:\/\/www.facebook.com\/CobaltLegal\/"]}]}},"_links":{"self":[{"href":"https:\/\/www.cobalt.legal\/lt\/wp-json\/wp\/v2\/pages\/6801","targetHints":{"allow":["GET"]}}],"collection":[{"href":"https:\/\/www.cobalt.legal\/lt\/wp-json\/wp\/v2\/pages"}],"about":[{"href":"https:\/\/www.cobalt.legal\/lt\/wp-json\/wp\/v2\/types\/page"}],"author":[{"embeddable":true,"href":"https:\/\/www.cobalt.legal\/lt\/wp-json\/wp\/v2\/users\/2"}],"replies":[{"embeddable":true,"href":"https:\/\/www.cobalt.legal\/lt\/wp-json\/wp\/v2\/comments?post=6801"}],"version-history":[{"count":110,"href":"https:\/\/www.cobalt.legal\/lt\/wp-json\/wp\/v2\/pages\/6801\/revisions"}],"predecessor-version":[{"id":53420,"href":"https:\/\/www.cobalt.legal\/lt\/wp-json\/wp\/v2\/pages\/6801\/revisions\/53420"}],"wp:featuredmedia":[{"embeddable":true,"href":"https:\/\/www.cobalt.legal\/lt\/wp-json\/wp\/v2\/media\/30266"}],"wp:attachment":[{"href":"https:\/\/www.cobalt.legal\/lt\/wp-json\/wp\/v2\/media?parent=6801"}],"curies":[{"name":"wp","href":"https:\/\/api.w.org\/{rel}","templated":true}]}}