{"id":7364,"date":"2023-05-29T14:43:14","date_gmt":"2023-05-29T11:43:14","guid":{"rendered":"https:\/\/stage.www.cobalt.legal\/?page_id=7364"},"modified":"2026-02-02T10:53:22","modified_gmt":"2026-02-02T08:53:22","slug":"privatumo-politika","status":"publish","type":"page","link":"https:\/\/www.cobalt.legal\/lt\/privatumo-politika\/","title":{"rendered":"Privatumo politika"},"content":{"rendered":"<p>\u0160iame informaciniame prane\u0161ime (toliau \u2013 <strong>Prane\u0161imas<\/strong>) paai\u0161kiname bendruosius principus, kaip advokat\u0173 kontoros COBALT (kontaktiniai duomenys pateikti 2.1 punkte) (toliau \u2013 <strong>Kontora, mes, m\u016bs\u0173<\/strong> arba <strong>mus<\/strong>) renka ir naudoja informacij\u0105, surinkt\u0105 Jums lankantis m\u016bs\u0173 interneto svetain\u0117je www.cobalt.legal (toliau \u2013 <strong>Svetain\u0117<\/strong>), naudojantis bet kuriomis m\u016bs\u0173 teikiamomis paslaugomis (toliau \u2013 <strong>Paslaugos<\/strong>), arba bendraujant su mumis kitais b\u016bdais, pavyzd\u017eiui, kai susisiekiate su mumis socialiniuose tinkluose, dalyvaujate m\u016bs\u0173 renginiuose, kreipiat\u0117s \u012f mus d\u0117l darbo pasi\u016blym\u0173 ir kitais atvejais. Daugiau informacijos apie konkre\u010dias tvarkom\u0173 duomen\u0173 kategorijas, duomen\u0173 tvarkymo teisin\u012f pagrind\u0105, duomen\u0173 tvarkymo tikslus ir saugojimo laikotarpius pateikiame \u0161io Prane\u0161imo 4 skirsnyje i\u0161vardytuose konkre\u010diuose prane\u0161imuose d\u0117l duomen\u0173 privatumo.<\/p>\n<p>Jums bendraujant su mumis per Svetain\u0119 ar naudojantis m\u016bs\u0173 Paslaugomis mes galime J\u016bs\u0173 (toliau \u2013 <strong>Klientas<\/strong> arba <strong>J\u016bs<\/strong>) ai\u0161kiai papra\u0161yti patvirtinti, kad sutinkate su \u0161iuo Prane\u0161imu.<\/p>\n<p>\u0160iame Prane\u0161ime \u201eJ\u016bs\u0173 Asmens duomenys\u201c rei\u0161kia bet koki\u0105 informacij\u0105, kuri gali b\u016bti naudojama tiesiogiai ar netiesiogiai nustatyti J\u016bs\u0173 tapatyb\u0119, su Jumis susisiekti ar nustatyti J\u016bs\u0173 kaip fizinio asmens buvimo viet\u0105 (toliau \u2013 <strong>Asmens duomenys<\/strong>).<\/p>\n<p>Mes tvarkome Asmens duomenis vadovaudamiesi \u0161iuo Prane\u0161imu ir laikydamiesi taikom\u0173 teis\u0117s akt\u0173, \u012fskaitant Bendr\u0105j\u012f duomen\u0173 apsaugos reglament\u0105 (2016\/679) (toliau \u2013 <strong>BDAR<\/strong>), ir \u0161io Prane\u0161imo 2 skirsnyje nurodytiems duomen\u0173 valdytojams taikom\u0173 nacionalini\u0173 duomen\u0173 apsaugos teis\u0117s akt\u0173 (toliau \u2013 <strong>Duomen\u0173 apsaugos teis\u0117s aktai<\/strong>).<\/p>\n<p>Jeigu mums atskleisite kokius nors su bet kuriuo tre\u010diuoju asmeniu (pvz., J\u016bs\u0173 darbuotoju, valdybos nariu, bendradarbiu, sutarties \u0161alimi ir kt.) susijusius Asmens duomenis, privalote pasir\u016bpinti, kad jie susipa\u017eint\u0173 su \u0161iuo Prane\u0161imu.<\/p>\n","protected":false},"excerpt":{"rendered":"<p>\u0160iame informaciniame prane\u0161ime (toliau \u2013 Prane\u0161imas) paai\u0161kiname bendruosius principus, kaip advokat\u0173 kontoros COBALT (kontaktiniai duomenys pateikti 2.1 punkte) (toliau \u2013 Kontora, mes, m\u016bs\u0173 arba mus) renka ir naudoja informacij\u0105, surinkt\u0105 Jums lankantis m\u016bs\u0173 interneto svetain\u0117je www.cobalt.legal (toliau \u2013 Svetain\u0117), naudojantis..<\/p>\n","protected":false},"author":2,"featured_media":0,"parent":0,"menu_order":36,"comment_status":"closed","ping_status":"closed","template":"","meta":{"_acf_changed":false,"inline_featured_image":false,"footnotes":""},"class_list":["post-7364","page","type-page","status-publish","hentry"],"acf":[],"yoast_head":"<!-- This site is optimized with the Yoast SEO plugin v27.3 - https:\/\/yoast.com\/product\/yoast-seo-wordpress\/ -->\n<title>Privatumo politika | COBALT<\/title>\n<meta name=\"description\" content=\"Privatumo politika | COBALT - pirmaujantis auk\u0161\u010diausio lygio advokat\u0173 biur\u0173 aljansas Baltijos \u0161alyse. Strateginis partneris J\u016bs\u0173 verslo partneris.\" \/>\n<meta name=\"robots\" content=\"index, follow, max-snippet:-1, max-image-preview:large, max-video-preview:-1\" \/>\n<link rel=\"canonical\" href=\"https:\/\/www.cobalt.legal\/lt\/privatumo-politika\/\" \/>\n<meta property=\"og:locale\" content=\"lt_LT\" \/>\n<meta property=\"og:type\" content=\"article\" \/>\n<meta property=\"og:title\" content=\"Privatumo politika | COBALT\" \/>\n<meta property=\"og:description\" content=\"Privatumo politika | COBALT - pirmaujantis auk\u0161\u010diausio lygio advokat\u0173 biur\u0173 aljansas Baltijos \u0161alyse. Strateginis partneris J\u016bs\u0173 verslo partneris.\" \/>\n<meta property=\"og:url\" content=\"https:\/\/www.cobalt.legal\/lt\/privatumo-politika\/\" \/>\n<meta property=\"og:site_name\" content=\"COBALT\" \/>\n<meta property=\"article:publisher\" content=\"https:\/\/www.facebook.com\/CobaltLegal\/\" \/>\n<meta property=\"article:modified_time\" content=\"2026-02-02T08:53:22+00:00\" \/>\n<meta name=\"twitter:card\" content=\"summary_large_image\" \/>\n<meta name=\"twitter:label1\" content=\"Est. reading time\" \/>\n\t<meta name=\"twitter:data1\" content=\"1 minut\u0117\" \/>\n<script type=\"application\/ld+json\" class=\"yoast-schema-graph\">{\"@context\":\"https:\\\/\\\/schema.org\",\"@graph\":[{\"@type\":\"WebPage\",\"@id\":\"https:\\\/\\\/www.cobalt.legal\\\/lt\\\/privatumo-politika\\\/\",\"url\":\"https:\\\/\\\/www.cobalt.legal\\\/lt\\\/privatumo-politika\\\/\",\"name\":\"Privatumo politika | COBALT\",\"isPartOf\":{\"@id\":\"https:\\\/\\\/www.cobalt.legal\\\/lt\\\/#website\"},\"datePublished\":\"2023-05-29T11:43:14+00:00\",\"dateModified\":\"2026-02-02T08:53:22+00:00\",\"description\":\"Privatumo politika | COBALT - pirmaujantis auk\u0161\u010diausio lygio advokat\u0173 biur\u0173 aljansas Baltijos \u0161alyse. Strateginis partneris J\u016bs\u0173 verslo partneris.\",\"breadcrumb\":{\"@id\":\"https:\\\/\\\/www.cobalt.legal\\\/lt\\\/privatumo-politika\\\/#breadcrumb\"},\"inLanguage\":\"lt-LT\",\"potentialAction\":[{\"@type\":\"ReadAction\",\"target\":[\"https:\\\/\\\/www.cobalt.legal\\\/lt\\\/privatumo-politika\\\/\"]}]},{\"@type\":\"BreadcrumbList\",\"@id\":\"https:\\\/\\\/www.cobalt.legal\\\/lt\\\/privatumo-politika\\\/#breadcrumb\",\"itemListElement\":[{\"@type\":\"ListItem\",\"position\":1,\"name\":\"Home\",\"item\":\"https:\\\/\\\/www.cobalt.legal\\\/lt\\\/\"},{\"@type\":\"ListItem\",\"position\":2,\"name\":\"Privatumo politika\"}]},{\"@type\":\"WebSite\",\"@id\":\"https:\\\/\\\/www.cobalt.legal\\\/lt\\\/#website\",\"url\":\"https:\\\/\\\/www.cobalt.legal\\\/lt\\\/\",\"name\":\"COBALT\",\"description\":\"Top-tier law services in Estonia, Latvia and Lithuania\",\"publisher\":{\"@id\":\"https:\\\/\\\/www.cobalt.legal\\\/lt\\\/#organization\"},\"potentialAction\":[{\"@type\":\"SearchAction\",\"target\":{\"@type\":\"EntryPoint\",\"urlTemplate\":\"https:\\\/\\\/www.cobalt.legal\\\/lt\\\/?s={search_term_string}\"},\"query-input\":{\"@type\":\"PropertyValueSpecification\",\"valueRequired\":true,\"valueName\":\"search_term_string\"}}],\"inLanguage\":\"lt-LT\"},{\"@type\":\"Organization\",\"@id\":\"https:\\\/\\\/www.cobalt.legal\\\/lt\\\/#organization\",\"name\":\"COBALT\",\"url\":\"https:\\\/\\\/www.cobalt.legal\\\/lt\\\/\",\"logo\":{\"@type\":\"ImageObject\",\"inLanguage\":\"lt-LT\",\"@id\":\"https:\\\/\\\/www.cobalt.legal\\\/lt\\\/#\\\/schema\\\/logo\\\/image\\\/\",\"url\":\"https:\\\/\\\/www.cobalt.legal\\\/wp-content\\\/uploads\\\/2023\\\/04\\\/cobalt-logo.png\",\"contentUrl\":\"https:\\\/\\\/www.cobalt.legal\\\/wp-content\\\/uploads\\\/2023\\\/04\\\/cobalt-logo.png\",\"width\":400,\"height\":116,\"caption\":\"COBALT\"},\"image\":{\"@id\":\"https:\\\/\\\/www.cobalt.legal\\\/lt\\\/#\\\/schema\\\/logo\\\/image\\\/\"},\"sameAs\":[\"https:\\\/\\\/www.facebook.com\\\/CobaltLegal\\\/\"]}]}<\/script>\n<!-- \/ Yoast SEO plugin. -->","yoast_head_json":{"title":"Privatumo politika | COBALT","description":"Privatumo politika | COBALT - pirmaujantis auk\u0161\u010diausio lygio advokat\u0173 biur\u0173 aljansas Baltijos \u0161alyse. Strateginis partneris J\u016bs\u0173 verslo partneris.","robots":{"index":"index","follow":"follow","max-snippet":"max-snippet:-1","max-image-preview":"max-image-preview:large","max-video-preview":"max-video-preview:-1"},"canonical":"https:\/\/www.cobalt.legal\/lt\/privatumo-politika\/","og_locale":"lt_LT","og_type":"article","og_title":"Privatumo politika | COBALT","og_description":"Privatumo politika | COBALT - pirmaujantis auk\u0161\u010diausio lygio advokat\u0173 biur\u0173 aljansas Baltijos \u0161alyse. Strateginis partneris J\u016bs\u0173 verslo partneris.","og_url":"https:\/\/www.cobalt.legal\/lt\/privatumo-politika\/","og_site_name":"COBALT","article_publisher":"https:\/\/www.facebook.com\/CobaltLegal\/","article_modified_time":"2026-02-02T08:53:22+00:00","twitter_card":"summary_large_image","twitter_misc":{"Est. reading time":"1 minut\u0117"},"schema":{"@context":"https:\/\/schema.org","@graph":[{"@type":"WebPage","@id":"https:\/\/www.cobalt.legal\/lt\/privatumo-politika\/","url":"https:\/\/www.cobalt.legal\/lt\/privatumo-politika\/","name":"Privatumo politika | COBALT","isPartOf":{"@id":"https:\/\/www.cobalt.legal\/lt\/#website"},"datePublished":"2023-05-29T11:43:14+00:00","dateModified":"2026-02-02T08:53:22+00:00","description":"Privatumo politika | COBALT - pirmaujantis auk\u0161\u010diausio lygio advokat\u0173 biur\u0173 aljansas Baltijos \u0161alyse. Strateginis partneris J\u016bs\u0173 verslo partneris.","breadcrumb":{"@id":"https:\/\/www.cobalt.legal\/lt\/privatumo-politika\/#breadcrumb"},"inLanguage":"lt-LT","potentialAction":[{"@type":"ReadAction","target":["https:\/\/www.cobalt.legal\/lt\/privatumo-politika\/"]}]},{"@type":"BreadcrumbList","@id":"https:\/\/www.cobalt.legal\/lt\/privatumo-politika\/#breadcrumb","itemListElement":[{"@type":"ListItem","position":1,"name":"Home","item":"https:\/\/www.cobalt.legal\/lt\/"},{"@type":"ListItem","position":2,"name":"Privatumo politika"}]},{"@type":"WebSite","@id":"https:\/\/www.cobalt.legal\/lt\/#website","url":"https:\/\/www.cobalt.legal\/lt\/","name":"COBALT","description":"Top-tier law services in Estonia, Latvia and Lithuania","publisher":{"@id":"https:\/\/www.cobalt.legal\/lt\/#organization"},"potentialAction":[{"@type":"SearchAction","target":{"@type":"EntryPoint","urlTemplate":"https:\/\/www.cobalt.legal\/lt\/?s={search_term_string}"},"query-input":{"@type":"PropertyValueSpecification","valueRequired":true,"valueName":"search_term_string"}}],"inLanguage":"lt-LT"},{"@type":"Organization","@id":"https:\/\/www.cobalt.legal\/lt\/#organization","name":"COBALT","url":"https:\/\/www.cobalt.legal\/lt\/","logo":{"@type":"ImageObject","inLanguage":"lt-LT","@id":"https:\/\/www.cobalt.legal\/lt\/#\/schema\/logo\/image\/","url":"https:\/\/www.cobalt.legal\/wp-content\/uploads\/2023\/04\/cobalt-logo.png","contentUrl":"https:\/\/www.cobalt.legal\/wp-content\/uploads\/2023\/04\/cobalt-logo.png","width":400,"height":116,"caption":"COBALT"},"image":{"@id":"https:\/\/www.cobalt.legal\/lt\/#\/schema\/logo\/image\/"},"sameAs":["https:\/\/www.facebook.com\/CobaltLegal\/"]}]}},"_links":{"self":[{"href":"https:\/\/www.cobalt.legal\/lt\/wp-json\/wp\/v2\/pages\/7364","targetHints":{"allow":["GET"]}}],"collection":[{"href":"https:\/\/www.cobalt.legal\/lt\/wp-json\/wp\/v2\/pages"}],"about":[{"href":"https:\/\/www.cobalt.legal\/lt\/wp-json\/wp\/v2\/types\/page"}],"author":[{"embeddable":true,"href":"https:\/\/www.cobalt.legal\/lt\/wp-json\/wp\/v2\/users\/2"}],"replies":[{"embeddable":true,"href":"https:\/\/www.cobalt.legal\/lt\/wp-json\/wp\/v2\/comments?post=7364"}],"version-history":[{"count":8,"href":"https:\/\/www.cobalt.legal\/lt\/wp-json\/wp\/v2\/pages\/7364\/revisions"}],"predecessor-version":[{"id":51900,"href":"https:\/\/www.cobalt.legal\/lt\/wp-json\/wp\/v2\/pages\/7364\/revisions\/51900"}],"wp:attachment":[{"href":"https:\/\/www.cobalt.legal\/lt\/wp-json\/wp\/v2\/media?parent=7364"}],"curies":[{"name":"wp","href":"https:\/\/api.w.org\/{rel}","templated":true}]}}