{"id":7574,"date":"2023-05-30T19:03:01","date_gmt":"2023-05-30T16:03:01","guid":{"rendered":"https:\/\/stage.www.cobalt.legal\/?page_id=7574"},"modified":"2023-11-21T13:27:30","modified_gmt":"2023-11-21T11:27:30","slug":"verslo-partneriu-elgesio-kodeksas","status":"publish","type":"page","link":"https:\/\/www.cobalt.legal\/lt\/verslo-partneriu-elgesio-kodeksas\/","title":{"rendered":"Verslo partneri\u0173 elgesio kodeksas"},"content":{"rendered":"<p><strong>TIKSLAS IR TAIKYMO APR\u0116PTIS<\/strong><\/p>\n<p>Vykdydama savo veikl\u0105 COBALT (toliau &#8211; <strong>Advokat\u0173 kontora<\/strong>) laikosi taikom\u0173 aplinkos apsaugos, socialinio atsakingumo ir \u012fmoni\u0173 valdymo \u012fstatym\u0173. Advokat\u0173 kontora tikisi, kad ir jos klientai, tiek\u0117jai bei subrangovai (toliau \u2013 <strong>Verslo partneriai<\/strong>) taip pat vykdys eti\u0161k\u0105, atsaking\u0105 ir teis\u0117s akt\u0173 reikalavimus atitinkan\u010di\u0105 komercin\u0119 veikl\u0105, \u012fskaitant klausimus, susijusius su aplinka ir visuomene.<\/p>\n<p>Elgesio kodeksas (toliau &#8211; <strong>Kodeksas<\/strong>) yra svarbi Advokat\u0173 kontoros tvarios paslaug\u0173 teikimo grandin\u0117s strategijos dalis bei pagrindas ir \u012ftvirtina Advokat\u0173 kontoros siek\u012f bendradarbiauti su savo Verslo partneriais skatinant teis\u0117t\u0105, profesionali\u0105 ir s\u0105\u017eining\u0105 verslo praktik\u0105, apiman\u010di\u0105 pagarb\u0105 darbo teis\u0117ms, \u017emogaus teis\u0117ms, aplinkai ir verslo etikai.<\/p>\n<p><strong>TEISIN\u0116 ATITIKTIS <\/strong><\/p>\n<p>Tikimasi, kad Verslo partneriai u\u017etikrins, jog j\u0173 verslas bus vykdomas laikantis jurisdikcijose, kuriose jie veikia, galiojan\u010di\u0173 \u012fstatym\u0173 ir kit\u0173 teis\u0117s akt\u0173.<\/p>\n<p>Verslo partneriui nesilaikant Kodekso, Advokat\u0173 kontora gali persvarstyti galimyb\u0119 t\u0119sti su juo verslo santykius.<\/p>\n<p><strong>Advokat\u0173 kontora ypa\u010d tikisi i\u0161 savo Verslo partneri\u0173 ir skatina juos:<\/strong><\/p>\n","protected":false},"excerpt":{"rendered":"<p>TIKSLAS IR TAIKYMO APR\u0116PTIS Vykdydama savo veikl\u0105 COBALT (toliau &#8211; Advokat\u0173 kontora) laikosi taikom\u0173 aplinkos apsaugos, socialinio atsakingumo ir \u012fmoni\u0173 valdymo \u012fstatym\u0173. Advokat\u0173 kontora tikisi, kad ir jos klientai, tiek\u0117jai bei subrangovai (toliau \u2013 Verslo partneriai) taip pat vykdys eti\u0161k\u0105,..<\/p>\n","protected":false},"author":2,"featured_media":0,"parent":0,"menu_order":2,"comment_status":"closed","ping_status":"closed","template":"","meta":{"_acf_changed":false,"inline_featured_image":false,"footnotes":""},"class_list":["post-7574","page","type-page","status-publish","hentry"],"acf":[],"yoast_head":"<!-- This site is optimized with the Yoast SEO plugin v27.3 - https:\/\/yoast.com\/product\/yoast-seo-wordpress\/ -->\n<title>Verslo partneri\u0173 elgesio kodeksas | COBALT<\/title>\n<meta name=\"robots\" content=\"index, follow, max-snippet:-1, max-image-preview:large, max-video-preview:-1\" \/>\n<link rel=\"canonical\" href=\"https:\/\/www.cobalt.legal\/lt\/verslo-partneriu-elgesio-kodeksas\/\" \/>\n<meta property=\"og:locale\" content=\"lt_LT\" \/>\n<meta property=\"og:type\" content=\"article\" \/>\n<meta property=\"og:title\" content=\"Verslo partneri\u0173 elgesio kodeksas | COBALT\" \/>\n<meta property=\"og:description\" content=\"TIKSLAS IR TAIKYMO APR\u0116PTIS Vykdydama savo veikl\u0105 COBALT (toliau &#8211; Advokat\u0173 kontora) laikosi taikom\u0173 aplinkos apsaugos, socialinio atsakingumo ir \u012fmoni\u0173 valdymo \u012fstatym\u0173. Advokat\u0173 kontora tikisi, kad ir jos klientai, tiek\u0117jai bei subrangovai (toliau \u2013 Verslo partneriai) taip pat vykdys eti\u0161k\u0105,..\" \/>\n<meta property=\"og:url\" content=\"https:\/\/www.cobalt.legal\/lt\/verslo-partneriu-elgesio-kodeksas\/\" \/>\n<meta property=\"og:site_name\" content=\"COBALT\" \/>\n<meta property=\"article:publisher\" content=\"https:\/\/www.facebook.com\/CobaltLegal\/\" \/>\n<meta property=\"article:modified_time\" content=\"2023-11-21T11:27:30+00:00\" \/>\n<meta name=\"twitter:card\" content=\"summary_large_image\" \/>\n<meta name=\"twitter:label1\" content=\"Est. reading time\" \/>\n\t<meta name=\"twitter:data1\" content=\"1 minut\u0117\" \/>\n<script type=\"application\/ld+json\" class=\"yoast-schema-graph\">{\"@context\":\"https:\\\/\\\/schema.org\",\"@graph\":[{\"@type\":\"WebPage\",\"@id\":\"https:\\\/\\\/www.cobalt.legal\\\/lt\\\/verslo-partneriu-elgesio-kodeksas\\\/\",\"url\":\"https:\\\/\\\/www.cobalt.legal\\\/lt\\\/verslo-partneriu-elgesio-kodeksas\\\/\",\"name\":\"Verslo partneri\u0173 elgesio kodeksas | COBALT\",\"isPartOf\":{\"@id\":\"https:\\\/\\\/www.cobalt.legal\\\/lt\\\/#website\"},\"datePublished\":\"2023-05-30T16:03:01+00:00\",\"dateModified\":\"2023-11-21T11:27:30+00:00\",\"breadcrumb\":{\"@id\":\"https:\\\/\\\/www.cobalt.legal\\\/lt\\\/verslo-partneriu-elgesio-kodeksas\\\/#breadcrumb\"},\"inLanguage\":\"lt-LT\",\"potentialAction\":[{\"@type\":\"ReadAction\",\"target\":[\"https:\\\/\\\/www.cobalt.legal\\\/lt\\\/verslo-partneriu-elgesio-kodeksas\\\/\"]}]},{\"@type\":\"BreadcrumbList\",\"@id\":\"https:\\\/\\\/www.cobalt.legal\\\/lt\\\/verslo-partneriu-elgesio-kodeksas\\\/#breadcrumb\",\"itemListElement\":[{\"@type\":\"ListItem\",\"position\":1,\"name\":\"Home\",\"item\":\"https:\\\/\\\/www.cobalt.legal\\\/lt\\\/\"},{\"@type\":\"ListItem\",\"position\":2,\"name\":\"Verslo partneri\u0173 elgesio kodeksas\"}]},{\"@type\":\"WebSite\",\"@id\":\"https:\\\/\\\/www.cobalt.legal\\\/lt\\\/#website\",\"url\":\"https:\\\/\\\/www.cobalt.legal\\\/lt\\\/\",\"name\":\"COBALT\",\"description\":\"Top-tier law services in Estonia, Latvia and Lithuania\",\"publisher\":{\"@id\":\"https:\\\/\\\/www.cobalt.legal\\\/lt\\\/#organization\"},\"potentialAction\":[{\"@type\":\"SearchAction\",\"target\":{\"@type\":\"EntryPoint\",\"urlTemplate\":\"https:\\\/\\\/www.cobalt.legal\\\/lt\\\/?s={search_term_string}\"},\"query-input\":{\"@type\":\"PropertyValueSpecification\",\"valueRequired\":true,\"valueName\":\"search_term_string\"}}],\"inLanguage\":\"lt-LT\"},{\"@type\":\"Organization\",\"@id\":\"https:\\\/\\\/www.cobalt.legal\\\/lt\\\/#organization\",\"name\":\"COBALT\",\"url\":\"https:\\\/\\\/www.cobalt.legal\\\/lt\\\/\",\"logo\":{\"@type\":\"ImageObject\",\"inLanguage\":\"lt-LT\",\"@id\":\"https:\\\/\\\/www.cobalt.legal\\\/lt\\\/#\\\/schema\\\/logo\\\/image\\\/\",\"url\":\"https:\\\/\\\/www.cobalt.legal\\\/wp-content\\\/uploads\\\/2023\\\/04\\\/cobalt-logo.png\",\"contentUrl\":\"https:\\\/\\\/www.cobalt.legal\\\/wp-content\\\/uploads\\\/2023\\\/04\\\/cobalt-logo.png\",\"width\":400,\"height\":116,\"caption\":\"COBALT\"},\"image\":{\"@id\":\"https:\\\/\\\/www.cobalt.legal\\\/lt\\\/#\\\/schema\\\/logo\\\/image\\\/\"},\"sameAs\":[\"https:\\\/\\\/www.facebook.com\\\/CobaltLegal\\\/\"]}]}<\/script>\n<!-- \/ Yoast SEO plugin. -->","yoast_head_json":{"title":"Verslo partneri\u0173 elgesio kodeksas | COBALT","robots":{"index":"index","follow":"follow","max-snippet":"max-snippet:-1","max-image-preview":"max-image-preview:large","max-video-preview":"max-video-preview:-1"},"canonical":"https:\/\/www.cobalt.legal\/lt\/verslo-partneriu-elgesio-kodeksas\/","og_locale":"lt_LT","og_type":"article","og_title":"Verslo partneri\u0173 elgesio kodeksas | COBALT","og_description":"TIKSLAS IR TAIKYMO APR\u0116PTIS Vykdydama savo veikl\u0105 COBALT (toliau &#8211; Advokat\u0173 kontora) laikosi taikom\u0173 aplinkos apsaugos, socialinio atsakingumo ir \u012fmoni\u0173 valdymo \u012fstatym\u0173. Advokat\u0173 kontora tikisi, kad ir jos klientai, tiek\u0117jai bei subrangovai (toliau \u2013 Verslo partneriai) taip pat vykdys eti\u0161k\u0105,..","og_url":"https:\/\/www.cobalt.legal\/lt\/verslo-partneriu-elgesio-kodeksas\/","og_site_name":"COBALT","article_publisher":"https:\/\/www.facebook.com\/CobaltLegal\/","article_modified_time":"2023-11-21T11:27:30+00:00","twitter_card":"summary_large_image","twitter_misc":{"Est. reading time":"1 minut\u0117"},"schema":{"@context":"https:\/\/schema.org","@graph":[{"@type":"WebPage","@id":"https:\/\/www.cobalt.legal\/lt\/verslo-partneriu-elgesio-kodeksas\/","url":"https:\/\/www.cobalt.legal\/lt\/verslo-partneriu-elgesio-kodeksas\/","name":"Verslo partneri\u0173 elgesio kodeksas | COBALT","isPartOf":{"@id":"https:\/\/www.cobalt.legal\/lt\/#website"},"datePublished":"2023-05-30T16:03:01+00:00","dateModified":"2023-11-21T11:27:30+00:00","breadcrumb":{"@id":"https:\/\/www.cobalt.legal\/lt\/verslo-partneriu-elgesio-kodeksas\/#breadcrumb"},"inLanguage":"lt-LT","potentialAction":[{"@type":"ReadAction","target":["https:\/\/www.cobalt.legal\/lt\/verslo-partneriu-elgesio-kodeksas\/"]}]},{"@type":"BreadcrumbList","@id":"https:\/\/www.cobalt.legal\/lt\/verslo-partneriu-elgesio-kodeksas\/#breadcrumb","itemListElement":[{"@type":"ListItem","position":1,"name":"Home","item":"https:\/\/www.cobalt.legal\/lt\/"},{"@type":"ListItem","position":2,"name":"Verslo partneri\u0173 elgesio kodeksas"}]},{"@type":"WebSite","@id":"https:\/\/www.cobalt.legal\/lt\/#website","url":"https:\/\/www.cobalt.legal\/lt\/","name":"COBALT","description":"Top-tier law services in Estonia, Latvia and Lithuania","publisher":{"@id":"https:\/\/www.cobalt.legal\/lt\/#organization"},"potentialAction":[{"@type":"SearchAction","target":{"@type":"EntryPoint","urlTemplate":"https:\/\/www.cobalt.legal\/lt\/?s={search_term_string}"},"query-input":{"@type":"PropertyValueSpecification","valueRequired":true,"valueName":"search_term_string"}}],"inLanguage":"lt-LT"},{"@type":"Organization","@id":"https:\/\/www.cobalt.legal\/lt\/#organization","name":"COBALT","url":"https:\/\/www.cobalt.legal\/lt\/","logo":{"@type":"ImageObject","inLanguage":"lt-LT","@id":"https:\/\/www.cobalt.legal\/lt\/#\/schema\/logo\/image\/","url":"https:\/\/www.cobalt.legal\/wp-content\/uploads\/2023\/04\/cobalt-logo.png","contentUrl":"https:\/\/www.cobalt.legal\/wp-content\/uploads\/2023\/04\/cobalt-logo.png","width":400,"height":116,"caption":"COBALT"},"image":{"@id":"https:\/\/www.cobalt.legal\/lt\/#\/schema\/logo\/image\/"},"sameAs":["https:\/\/www.facebook.com\/CobaltLegal\/"]}]}},"_links":{"self":[{"href":"https:\/\/www.cobalt.legal\/lt\/wp-json\/wp\/v2\/pages\/7574","targetHints":{"allow":["GET"]}}],"collection":[{"href":"https:\/\/www.cobalt.legal\/lt\/wp-json\/wp\/v2\/pages"}],"about":[{"href":"https:\/\/www.cobalt.legal\/lt\/wp-json\/wp\/v2\/types\/page"}],"author":[{"embeddable":true,"href":"https:\/\/www.cobalt.legal\/lt\/wp-json\/wp\/v2\/users\/2"}],"replies":[{"embeddable":true,"href":"https:\/\/www.cobalt.legal\/lt\/wp-json\/wp\/v2\/comments?post=7574"}],"version-history":[{"count":4,"href":"https:\/\/www.cobalt.legal\/lt\/wp-json\/wp\/v2\/pages\/7574\/revisions"}],"predecessor-version":[{"id":32536,"href":"https:\/\/www.cobalt.legal\/lt\/wp-json\/wp\/v2\/pages\/7574\/revisions\/32536"}],"wp:attachment":[{"href":"https:\/\/www.cobalt.legal\/lt\/wp-json\/wp\/v2\/media?parent=7574"}],"curies":[{"name":"wp","href":"https:\/\/api.w.org\/{rel}","templated":true}]}}