{"id":8888,"date":"2023-05-29T22:15:03","date_gmt":"2023-05-29T19:15:03","guid":{"rendered":"https:\/\/stage.www.cobalt.legal\/?page_id=8888"},"modified":"2025-09-30T17:57:10","modified_gmt":"2025-09-30T14:57:10","slug":"suomijos-rinka","status":"publish","type":"page","link":"https:\/\/www.cobalt.legal\/lt\/suomijos-rinka\/","title":{"rendered":"Suomijos rinka"},"content":{"rendered":"<p>COBALT Suomijos skyrius, \u012fsik\u016br\u0119s m\u016bs\u0173 Talino biure, sprend\u017eia teisinius klausimus, susijusius su tarpvalstybine verslo veikla tarp Estijos, Latvijos ar Lietuvos ir Suomijos. Tikslin\u0119 skyriaus grup\u0119 sudaro Baltijos \u0161ali\u0173 investuotojai, verslininkai ir \u012fmon\u0117s, besidomin\u010dios verslu Suomijos rinkoje ir atvirk\u0161\u010diai.<\/p>\n<p>M\u016bs\u0173 specifin\u0117s \u017einios ir patirtis, taip pat bendradarbiavimas su strateginiais partneriais i\u0161 Suomijos leid\u017eia mums teikti veiksmingas teisines paslaugas tarp Suomijos ir Baltijos \u0161ali\u0173. Suprantame Suomijos verslo kult\u016br\u0105 ir kalbame suomi\u0173 kalba \u2013 taip u\u017etikriname geriausi\u0105 palaikym\u0105 ir teisin\u0119 pagalb\u0105 vykdant veikl\u0105 Suomijos ir Baltijos \u0161ali\u0173 rinkose. Ilgamet\u0117 patirtis Suomijos ir Baltijos \u0161alyse leid\u017eia mums teikti teisines paslaugas, pritaikytas konkretiems klient\u0173 poreikiams. Taip galime s\u0117kmingiau \u012fgyvendinti didel\u0117s apimties projektus, u\u017ekirsti keli\u0105 galimiems nesusipratimams ir i\u0161spr\u0119sti gin\u010dus, apsaugant klientus nuo rizikos.<\/p>\n<p>&nbsp;<\/p>\n<p><a class=\"link-arrow\" href=\"\/lt\/paslaugos\/\">Atgal \u012f paslaug\u0173 s\u0105ra\u0161\u0105<\/a><\/p>\n","protected":false},"excerpt":{"rendered":"<p>COBALT Suomijos skyrius, \u012fsik\u016br\u0119s m\u016bs\u0173 Talino biure, sprend\u017eia teisinius klausimus, susijusius su tarpvalstybine verslo veikla tarp Estijos, Latvijos ar Lietuvos ir Suomijos. Tikslin\u0119 skyriaus grup\u0119 sudaro Baltijos \u0161ali\u0173 investuotojai, verslininkai ir \u012fmon\u0117s, besidomin\u010dios verslu Suomijos rinkoje ir atvirk\u0161\u010diai. M\u016bs\u0173 specifin\u0117s..<\/p>\n","protected":false},"author":2,"featured_media":0,"parent":0,"menu_order":28,"comment_status":"closed","ping_status":"closed","template":"international-desks.php","meta":{"_acf_changed":false,"inline_featured_image":false,"footnotes":""},"class_list":["post-8888","page","type-page","status-publish","hentry"],"acf":[],"yoast_head":"<!-- This site is optimized with the Yoast SEO plugin v27.3 - https:\/\/yoast.com\/product\/yoast-seo-wordpress\/ -->\n<title>Teisin\u0117s konsultacijos Suomijoje | COBALT<\/title>\n<meta name=\"description\" content=\"Teisin\u0117s konsultacijos Suomijoje | COBALT - pirmaujantis auk\u0161\u010diausio lygio advokat\u0173 biur\u0173 aljansas. Strateginis partneris J\u016bs\u0173 verslo partneris.\" \/>\n<meta name=\"robots\" content=\"index, follow, max-snippet:-1, max-image-preview:large, max-video-preview:-1\" \/>\n<link rel=\"canonical\" href=\"https:\/\/www.cobalt.legal\/lt\/suomijos-rinka\/\" \/>\n<meta property=\"og:locale\" content=\"lt_LT\" \/>\n<meta property=\"og:type\" content=\"article\" \/>\n<meta property=\"og:title\" content=\"Teisin\u0117s konsultacijos Suomijoje | COBALT\" \/>\n<meta property=\"og:description\" content=\"Teisin\u0117s konsultacijos Suomijoje | COBALT - pirmaujantis auk\u0161\u010diausio lygio advokat\u0173 biur\u0173 aljansas. Strateginis partneris J\u016bs\u0173 verslo partneris.\" \/>\n<meta property=\"og:url\" content=\"https:\/\/www.cobalt.legal\/lt\/suomijos-rinka\/\" \/>\n<meta property=\"og:site_name\" content=\"COBALT\" \/>\n<meta property=\"article:publisher\" content=\"https:\/\/www.facebook.com\/CobaltLegal\/\" \/>\n<meta property=\"article:modified_time\" content=\"2025-09-30T14:57:10+00:00\" \/>\n<meta name=\"twitter:card\" content=\"summary_large_image\" \/>\n<meta name=\"twitter:label1\" content=\"Est. reading time\" \/>\n\t<meta name=\"twitter:data1\" content=\"1 minut\u0117\" \/>\n<script type=\"application\/ld+json\" class=\"yoast-schema-graph\">{\"@context\":\"https:\\\/\\\/schema.org\",\"@graph\":[{\"@type\":\"WebPage\",\"@id\":\"https:\\\/\\\/www.cobalt.legal\\\/lt\\\/suomijos-rinka\\\/\",\"url\":\"https:\\\/\\\/www.cobalt.legal\\\/lt\\\/suomijos-rinka\\\/\",\"name\":\"Teisin\u0117s konsultacijos Suomijoje | COBALT\",\"isPartOf\":{\"@id\":\"https:\\\/\\\/www.cobalt.legal\\\/lt\\\/#website\"},\"datePublished\":\"2023-05-29T19:15:03+00:00\",\"dateModified\":\"2025-09-30T14:57:10+00:00\",\"description\":\"Teisin\u0117s konsultacijos Suomijoje | COBALT - pirmaujantis auk\u0161\u010diausio lygio advokat\u0173 biur\u0173 aljansas. Strateginis partneris J\u016bs\u0173 verslo partneris.\",\"breadcrumb\":{\"@id\":\"https:\\\/\\\/www.cobalt.legal\\\/lt\\\/suomijos-rinka\\\/#breadcrumb\"},\"inLanguage\":\"lt-LT\",\"potentialAction\":[{\"@type\":\"ReadAction\",\"target\":[\"https:\\\/\\\/www.cobalt.legal\\\/lt\\\/suomijos-rinka\\\/\"]}]},{\"@type\":\"BreadcrumbList\",\"@id\":\"https:\\\/\\\/www.cobalt.legal\\\/lt\\\/suomijos-rinka\\\/#breadcrumb\",\"itemListElement\":[{\"@type\":\"ListItem\",\"position\":1,\"name\":\"Home\",\"item\":\"https:\\\/\\\/www.cobalt.legal\\\/lt\\\/\"},{\"@type\":\"ListItem\",\"position\":2,\"name\":\"Suomijos rinka\"}]},{\"@type\":\"WebSite\",\"@id\":\"https:\\\/\\\/www.cobalt.legal\\\/lt\\\/#website\",\"url\":\"https:\\\/\\\/www.cobalt.legal\\\/lt\\\/\",\"name\":\"COBALT\",\"description\":\"Top-tier law services in Estonia, Latvia and Lithuania\",\"publisher\":{\"@id\":\"https:\\\/\\\/www.cobalt.legal\\\/lt\\\/#organization\"},\"potentialAction\":[{\"@type\":\"SearchAction\",\"target\":{\"@type\":\"EntryPoint\",\"urlTemplate\":\"https:\\\/\\\/www.cobalt.legal\\\/lt\\\/?s={search_term_string}\"},\"query-input\":{\"@type\":\"PropertyValueSpecification\",\"valueRequired\":true,\"valueName\":\"search_term_string\"}}],\"inLanguage\":\"lt-LT\"},{\"@type\":\"Organization\",\"@id\":\"https:\\\/\\\/www.cobalt.legal\\\/lt\\\/#organization\",\"name\":\"COBALT\",\"url\":\"https:\\\/\\\/www.cobalt.legal\\\/lt\\\/\",\"logo\":{\"@type\":\"ImageObject\",\"inLanguage\":\"lt-LT\",\"@id\":\"https:\\\/\\\/www.cobalt.legal\\\/lt\\\/#\\\/schema\\\/logo\\\/image\\\/\",\"url\":\"https:\\\/\\\/www.cobalt.legal\\\/wp-content\\\/uploads\\\/2023\\\/04\\\/cobalt-logo.png\",\"contentUrl\":\"https:\\\/\\\/www.cobalt.legal\\\/wp-content\\\/uploads\\\/2023\\\/04\\\/cobalt-logo.png\",\"width\":400,\"height\":116,\"caption\":\"COBALT\"},\"image\":{\"@id\":\"https:\\\/\\\/www.cobalt.legal\\\/lt\\\/#\\\/schema\\\/logo\\\/image\\\/\"},\"sameAs\":[\"https:\\\/\\\/www.facebook.com\\\/CobaltLegal\\\/\"]}]}<\/script>\n<!-- \/ Yoast SEO plugin. -->","yoast_head_json":{"title":"Teisin\u0117s konsultacijos Suomijoje | COBALT","description":"Teisin\u0117s konsultacijos Suomijoje | COBALT - pirmaujantis auk\u0161\u010diausio lygio advokat\u0173 biur\u0173 aljansas. Strateginis partneris J\u016bs\u0173 verslo partneris.","robots":{"index":"index","follow":"follow","max-snippet":"max-snippet:-1","max-image-preview":"max-image-preview:large","max-video-preview":"max-video-preview:-1"},"canonical":"https:\/\/www.cobalt.legal\/lt\/suomijos-rinka\/","og_locale":"lt_LT","og_type":"article","og_title":"Teisin\u0117s konsultacijos Suomijoje | COBALT","og_description":"Teisin\u0117s konsultacijos Suomijoje | COBALT - pirmaujantis auk\u0161\u010diausio lygio advokat\u0173 biur\u0173 aljansas. Strateginis partneris J\u016bs\u0173 verslo partneris.","og_url":"https:\/\/www.cobalt.legal\/lt\/suomijos-rinka\/","og_site_name":"COBALT","article_publisher":"https:\/\/www.facebook.com\/CobaltLegal\/","article_modified_time":"2025-09-30T14:57:10+00:00","twitter_card":"summary_large_image","twitter_misc":{"Est. reading time":"1 minut\u0117"},"schema":{"@context":"https:\/\/schema.org","@graph":[{"@type":"WebPage","@id":"https:\/\/www.cobalt.legal\/lt\/suomijos-rinka\/","url":"https:\/\/www.cobalt.legal\/lt\/suomijos-rinka\/","name":"Teisin\u0117s konsultacijos Suomijoje | COBALT","isPartOf":{"@id":"https:\/\/www.cobalt.legal\/lt\/#website"},"datePublished":"2023-05-29T19:15:03+00:00","dateModified":"2025-09-30T14:57:10+00:00","description":"Teisin\u0117s konsultacijos Suomijoje | COBALT - pirmaujantis auk\u0161\u010diausio lygio advokat\u0173 biur\u0173 aljansas. Strateginis partneris J\u016bs\u0173 verslo partneris.","breadcrumb":{"@id":"https:\/\/www.cobalt.legal\/lt\/suomijos-rinka\/#breadcrumb"},"inLanguage":"lt-LT","potentialAction":[{"@type":"ReadAction","target":["https:\/\/www.cobalt.legal\/lt\/suomijos-rinka\/"]}]},{"@type":"BreadcrumbList","@id":"https:\/\/www.cobalt.legal\/lt\/suomijos-rinka\/#breadcrumb","itemListElement":[{"@type":"ListItem","position":1,"name":"Home","item":"https:\/\/www.cobalt.legal\/lt\/"},{"@type":"ListItem","position":2,"name":"Suomijos rinka"}]},{"@type":"WebSite","@id":"https:\/\/www.cobalt.legal\/lt\/#website","url":"https:\/\/www.cobalt.legal\/lt\/","name":"COBALT","description":"Top-tier law services in Estonia, Latvia and Lithuania","publisher":{"@id":"https:\/\/www.cobalt.legal\/lt\/#organization"},"potentialAction":[{"@type":"SearchAction","target":{"@type":"EntryPoint","urlTemplate":"https:\/\/www.cobalt.legal\/lt\/?s={search_term_string}"},"query-input":{"@type":"PropertyValueSpecification","valueRequired":true,"valueName":"search_term_string"}}],"inLanguage":"lt-LT"},{"@type":"Organization","@id":"https:\/\/www.cobalt.legal\/lt\/#organization","name":"COBALT","url":"https:\/\/www.cobalt.legal\/lt\/","logo":{"@type":"ImageObject","inLanguage":"lt-LT","@id":"https:\/\/www.cobalt.legal\/lt\/#\/schema\/logo\/image\/","url":"https:\/\/www.cobalt.legal\/wp-content\/uploads\/2023\/04\/cobalt-logo.png","contentUrl":"https:\/\/www.cobalt.legal\/wp-content\/uploads\/2023\/04\/cobalt-logo.png","width":400,"height":116,"caption":"COBALT"},"image":{"@id":"https:\/\/www.cobalt.legal\/lt\/#\/schema\/logo\/image\/"},"sameAs":["https:\/\/www.facebook.com\/CobaltLegal\/"]}]}},"_links":{"self":[{"href":"https:\/\/www.cobalt.legal\/lt\/wp-json\/wp\/v2\/pages\/8888","targetHints":{"allow":["GET"]}}],"collection":[{"href":"https:\/\/www.cobalt.legal\/lt\/wp-json\/wp\/v2\/pages"}],"about":[{"href":"https:\/\/www.cobalt.legal\/lt\/wp-json\/wp\/v2\/types\/page"}],"author":[{"embeddable":true,"href":"https:\/\/www.cobalt.legal\/lt\/wp-json\/wp\/v2\/users\/2"}],"replies":[{"embeddable":true,"href":"https:\/\/www.cobalt.legal\/lt\/wp-json\/wp\/v2\/comments?post=8888"}],"version-history":[{"count":12,"href":"https:\/\/www.cobalt.legal\/lt\/wp-json\/wp\/v2\/pages\/8888\/revisions"}],"predecessor-version":[{"id":48141,"href":"https:\/\/www.cobalt.legal\/lt\/wp-json\/wp\/v2\/pages\/8888\/revisions\/48141"}],"wp:attachment":[{"href":"https:\/\/www.cobalt.legal\/lt\/wp-json\/wp\/v2\/media?parent=8888"}],"curies":[{"name":"wp","href":"https:\/\/api.w.org\/{rel}","templated":true}]}}