{"id":8903,"date":"2023-05-30T06:50:16","date_gmt":"2023-05-30T03:50:16","guid":{"rendered":"https:\/\/stage.www.cobalt.legal\/?page_id=8903"},"modified":"2025-09-30T17:52:48","modified_gmt":"2025-09-30T14:52:48","slug":"vokietijos-rinka","status":"publish","type":"page","link":"https:\/\/www.cobalt.legal\/lt\/vokietijos-rinka\/","title":{"rendered":"Vokietijos rinka"},"content":{"rendered":"<p>Vokietija \u2013 svarbus Baltijos \u0161ali\u0173 prekybos partneris. Daugelis Vokietijos ir Austrijos bendrovi\u0173 turi savo atstovybes Estijoje, Latvijoje ir Lietuvoje. Baltijos \u0161ali\u0173 verslininkai taip pat ple\u010dia savo veikl\u0105 voki\u0161kai kalban\u010diose \u0161alyse. Tod\u0117l teisini\u0173 paslaug\u0173 vokie\u010di\u0173 kalba paklausa yra gana didel\u0117. Mes konsultuojame vietos \u012fmones, pradedan\u010dias veikl\u0105 Vokietijoje, Austrijoje ar \u0160veicarijoje, taip pat investuotojus i\u0161 voki\u0161kai kalban\u010di\u0173 \u0161ali\u0173. M\u016bs\u0173 komand\u0105 sudaro kvalifikuoti advokatai, kurie savo magistro ir daktaro laipsnius \u012fgijo Vokietijos universitetuose ir turi tam tikros darbo patirties Vokietijos juridin\u0117se \u012fmon\u0117se. Tur\u0117dami tok\u012f i\u0161silavinim\u0105, m\u016bs\u0173 advokatai puikiai supranta voki\u0161kai kalban\u010di\u0173 \u0161ali\u0173 teisines sistemas ir verslo kult\u016br\u0105 apskritai. Prireikus specifini\u0173 teisini\u0173 \u017eini\u0173 ir patirties, glaud\u017eiai bendradarbiaujame su keliomis Vokietijos, Austrijos ir \u0160veicarijos teis\u0117s paslaugas teikian\u010diomis bendrov\u0117mis. Taigi, imdamiesi bylos, galime parinkti tinkam\u0105 advokat\u0105 ir pagelb\u0117ti m\u016bs\u0173 klientams bendraujant su u\u017esienio advokatais.<\/p>\n<p>&nbsp;<\/p>\n<p><a class=\"link-arrow\" href=\"\/lt\/paslaugos\/\">Atgal \u012f paslaug\u0173 s\u0105ra\u0161\u0105<\/a><\/p>\n","protected":false},"excerpt":{"rendered":"<p>Vokietija \u2013 svarbus Baltijos \u0161ali\u0173 prekybos partneris. Daugelis Vokietijos ir Austrijos bendrovi\u0173 turi savo atstovybes Estijoje, Latvijoje ir Lietuvoje. Baltijos \u0161ali\u0173 verslininkai taip pat ple\u010dia savo veikl\u0105 voki\u0161kai kalban\u010diose \u0161alyse. Tod\u0117l teisini\u0173 paslaug\u0173 vokie\u010di\u0173 kalba paklausa yra gana didel\u0117. Mes..<\/p>\n","protected":false},"author":2,"featured_media":0,"parent":0,"menu_order":24,"comment_status":"closed","ping_status":"closed","template":"international-desks.php","meta":{"_acf_changed":false,"inline_featured_image":false,"footnotes":""},"class_list":["post-8903","page","type-page","status-publish","hentry"],"acf":[],"yoast_head":"<!-- This site is optimized with the Yoast SEO plugin v27.3 - https:\/\/yoast.com\/product\/yoast-seo-wordpress\/ -->\n<title>Teisin\u0117s konsultacijos Vokietijos rinkoje | COBALT<\/title>\n<meta name=\"description\" content=\"Teisin\u0117s konsultacijos Vokietijos rinkoje. COBALT integruota teis\u0117s paslaug\u0173 lyderi\u0173 grup\u0117 Lietuvoje, Estijoje ir Latvijoje.\" \/>\n<meta name=\"robots\" content=\"index, follow, max-snippet:-1, max-image-preview:large, max-video-preview:-1\" \/>\n<link rel=\"canonical\" href=\"https:\/\/www.cobalt.legal\/lt\/vokietijos-rinka\/\" \/>\n<meta property=\"og:locale\" content=\"lt_LT\" \/>\n<meta property=\"og:type\" content=\"article\" \/>\n<meta property=\"og:title\" content=\"Teisin\u0117s konsultacijos Vokietijos rinkoje | COBALT\" \/>\n<meta property=\"og:description\" content=\"Teisin\u0117s konsultacijos Vokietijos rinkoje. COBALT integruota teis\u0117s paslaug\u0173 lyderi\u0173 grup\u0117 Lietuvoje, Estijoje ir Latvijoje.\" \/>\n<meta property=\"og:url\" content=\"https:\/\/www.cobalt.legal\/lt\/vokietijos-rinka\/\" \/>\n<meta property=\"og:site_name\" content=\"COBALT\" \/>\n<meta property=\"article:publisher\" content=\"https:\/\/www.facebook.com\/CobaltLegal\/\" \/>\n<meta property=\"article:modified_time\" content=\"2025-09-30T14:52:48+00:00\" \/>\n<meta name=\"twitter:card\" content=\"summary_large_image\" \/>\n<meta name=\"twitter:label1\" content=\"Est. reading time\" \/>\n\t<meta name=\"twitter:data1\" content=\"1 minut\u0117\" \/>\n<script type=\"application\/ld+json\" class=\"yoast-schema-graph\">{\"@context\":\"https:\\\/\\\/schema.org\",\"@graph\":[{\"@type\":\"WebPage\",\"@id\":\"https:\\\/\\\/www.cobalt.legal\\\/lt\\\/vokietijos-rinka\\\/\",\"url\":\"https:\\\/\\\/www.cobalt.legal\\\/lt\\\/vokietijos-rinka\\\/\",\"name\":\"Teisin\u0117s konsultacijos Vokietijos rinkoje | COBALT\",\"isPartOf\":{\"@id\":\"https:\\\/\\\/www.cobalt.legal\\\/lt\\\/#website\"},\"datePublished\":\"2023-05-30T03:50:16+00:00\",\"dateModified\":\"2025-09-30T14:52:48+00:00\",\"description\":\"Teisin\u0117s konsultacijos Vokietijos rinkoje. COBALT integruota teis\u0117s paslaug\u0173 lyderi\u0173 grup\u0117 Lietuvoje, Estijoje ir Latvijoje.\",\"breadcrumb\":{\"@id\":\"https:\\\/\\\/www.cobalt.legal\\\/lt\\\/vokietijos-rinka\\\/#breadcrumb\"},\"inLanguage\":\"lt-LT\",\"potentialAction\":[{\"@type\":\"ReadAction\",\"target\":[\"https:\\\/\\\/www.cobalt.legal\\\/lt\\\/vokietijos-rinka\\\/\"]}]},{\"@type\":\"BreadcrumbList\",\"@id\":\"https:\\\/\\\/www.cobalt.legal\\\/lt\\\/vokietijos-rinka\\\/#breadcrumb\",\"itemListElement\":[{\"@type\":\"ListItem\",\"position\":1,\"name\":\"Home\",\"item\":\"https:\\\/\\\/www.cobalt.legal\\\/lt\\\/\"},{\"@type\":\"ListItem\",\"position\":2,\"name\":\"Vokietijos rinka\"}]},{\"@type\":\"WebSite\",\"@id\":\"https:\\\/\\\/www.cobalt.legal\\\/lt\\\/#website\",\"url\":\"https:\\\/\\\/www.cobalt.legal\\\/lt\\\/\",\"name\":\"COBALT\",\"description\":\"Top-tier law services in Estonia, Latvia and Lithuania\",\"publisher\":{\"@id\":\"https:\\\/\\\/www.cobalt.legal\\\/lt\\\/#organization\"},\"potentialAction\":[{\"@type\":\"SearchAction\",\"target\":{\"@type\":\"EntryPoint\",\"urlTemplate\":\"https:\\\/\\\/www.cobalt.legal\\\/lt\\\/?s={search_term_string}\"},\"query-input\":{\"@type\":\"PropertyValueSpecification\",\"valueRequired\":true,\"valueName\":\"search_term_string\"}}],\"inLanguage\":\"lt-LT\"},{\"@type\":\"Organization\",\"@id\":\"https:\\\/\\\/www.cobalt.legal\\\/lt\\\/#organization\",\"name\":\"COBALT\",\"url\":\"https:\\\/\\\/www.cobalt.legal\\\/lt\\\/\",\"logo\":{\"@type\":\"ImageObject\",\"inLanguage\":\"lt-LT\",\"@id\":\"https:\\\/\\\/www.cobalt.legal\\\/lt\\\/#\\\/schema\\\/logo\\\/image\\\/\",\"url\":\"https:\\\/\\\/www.cobalt.legal\\\/wp-content\\\/uploads\\\/2023\\\/04\\\/cobalt-logo.png\",\"contentUrl\":\"https:\\\/\\\/www.cobalt.legal\\\/wp-content\\\/uploads\\\/2023\\\/04\\\/cobalt-logo.png\",\"width\":400,\"height\":116,\"caption\":\"COBALT\"},\"image\":{\"@id\":\"https:\\\/\\\/www.cobalt.legal\\\/lt\\\/#\\\/schema\\\/logo\\\/image\\\/\"},\"sameAs\":[\"https:\\\/\\\/www.facebook.com\\\/CobaltLegal\\\/\"]}]}<\/script>\n<!-- \/ Yoast SEO plugin. -->","yoast_head_json":{"title":"Teisin\u0117s konsultacijos Vokietijos rinkoje | COBALT","description":"Teisin\u0117s konsultacijos Vokietijos rinkoje. COBALT integruota teis\u0117s paslaug\u0173 lyderi\u0173 grup\u0117 Lietuvoje, Estijoje ir Latvijoje.","robots":{"index":"index","follow":"follow","max-snippet":"max-snippet:-1","max-image-preview":"max-image-preview:large","max-video-preview":"max-video-preview:-1"},"canonical":"https:\/\/www.cobalt.legal\/lt\/vokietijos-rinka\/","og_locale":"lt_LT","og_type":"article","og_title":"Teisin\u0117s konsultacijos Vokietijos rinkoje | COBALT","og_description":"Teisin\u0117s konsultacijos Vokietijos rinkoje. COBALT integruota teis\u0117s paslaug\u0173 lyderi\u0173 grup\u0117 Lietuvoje, Estijoje ir Latvijoje.","og_url":"https:\/\/www.cobalt.legal\/lt\/vokietijos-rinka\/","og_site_name":"COBALT","article_publisher":"https:\/\/www.facebook.com\/CobaltLegal\/","article_modified_time":"2025-09-30T14:52:48+00:00","twitter_card":"summary_large_image","twitter_misc":{"Est. reading time":"1 minut\u0117"},"schema":{"@context":"https:\/\/schema.org","@graph":[{"@type":"WebPage","@id":"https:\/\/www.cobalt.legal\/lt\/vokietijos-rinka\/","url":"https:\/\/www.cobalt.legal\/lt\/vokietijos-rinka\/","name":"Teisin\u0117s konsultacijos Vokietijos rinkoje | COBALT","isPartOf":{"@id":"https:\/\/www.cobalt.legal\/lt\/#website"},"datePublished":"2023-05-30T03:50:16+00:00","dateModified":"2025-09-30T14:52:48+00:00","description":"Teisin\u0117s konsultacijos Vokietijos rinkoje. COBALT integruota teis\u0117s paslaug\u0173 lyderi\u0173 grup\u0117 Lietuvoje, Estijoje ir Latvijoje.","breadcrumb":{"@id":"https:\/\/www.cobalt.legal\/lt\/vokietijos-rinka\/#breadcrumb"},"inLanguage":"lt-LT","potentialAction":[{"@type":"ReadAction","target":["https:\/\/www.cobalt.legal\/lt\/vokietijos-rinka\/"]}]},{"@type":"BreadcrumbList","@id":"https:\/\/www.cobalt.legal\/lt\/vokietijos-rinka\/#breadcrumb","itemListElement":[{"@type":"ListItem","position":1,"name":"Home","item":"https:\/\/www.cobalt.legal\/lt\/"},{"@type":"ListItem","position":2,"name":"Vokietijos rinka"}]},{"@type":"WebSite","@id":"https:\/\/www.cobalt.legal\/lt\/#website","url":"https:\/\/www.cobalt.legal\/lt\/","name":"COBALT","description":"Top-tier law services in Estonia, Latvia and Lithuania","publisher":{"@id":"https:\/\/www.cobalt.legal\/lt\/#organization"},"potentialAction":[{"@type":"SearchAction","target":{"@type":"EntryPoint","urlTemplate":"https:\/\/www.cobalt.legal\/lt\/?s={search_term_string}"},"query-input":{"@type":"PropertyValueSpecification","valueRequired":true,"valueName":"search_term_string"}}],"inLanguage":"lt-LT"},{"@type":"Organization","@id":"https:\/\/www.cobalt.legal\/lt\/#organization","name":"COBALT","url":"https:\/\/www.cobalt.legal\/lt\/","logo":{"@type":"ImageObject","inLanguage":"lt-LT","@id":"https:\/\/www.cobalt.legal\/lt\/#\/schema\/logo\/image\/","url":"https:\/\/www.cobalt.legal\/wp-content\/uploads\/2023\/04\/cobalt-logo.png","contentUrl":"https:\/\/www.cobalt.legal\/wp-content\/uploads\/2023\/04\/cobalt-logo.png","width":400,"height":116,"caption":"COBALT"},"image":{"@id":"https:\/\/www.cobalt.legal\/lt\/#\/schema\/logo\/image\/"},"sameAs":["https:\/\/www.facebook.com\/CobaltLegal\/"]}]}},"_links":{"self":[{"href":"https:\/\/www.cobalt.legal\/lt\/wp-json\/wp\/v2\/pages\/8903","targetHints":{"allow":["GET"]}}],"collection":[{"href":"https:\/\/www.cobalt.legal\/lt\/wp-json\/wp\/v2\/pages"}],"about":[{"href":"https:\/\/www.cobalt.legal\/lt\/wp-json\/wp\/v2\/types\/page"}],"author":[{"embeddable":true,"href":"https:\/\/www.cobalt.legal\/lt\/wp-json\/wp\/v2\/users\/2"}],"replies":[{"embeddable":true,"href":"https:\/\/www.cobalt.legal\/lt\/wp-json\/wp\/v2\/comments?post=8903"}],"version-history":[{"count":5,"href":"https:\/\/www.cobalt.legal\/lt\/wp-json\/wp\/v2\/pages\/8903\/revisions"}],"predecessor-version":[{"id":48137,"href":"https:\/\/www.cobalt.legal\/lt\/wp-json\/wp\/v2\/pages\/8903\/revisions\/48137"}],"wp:attachment":[{"href":"https:\/\/www.cobalt.legal\/lt\/wp-json\/wp\/v2\/media?parent=8903"}],"curies":[{"name":"wp","href":"https:\/\/api.w.org\/{rel}","templated":true}]}}