{"id":8965,"date":"2023-05-30T06:59:07","date_gmt":"2023-05-30T03:59:07","guid":{"rendered":"https:\/\/stage.www.cobalt.legal\/?page_id=8965"},"modified":"2025-09-30T18:06:07","modified_gmt":"2025-09-30T15:06:07","slug":"karas-ukrainoje-musu-teisine-pagalba","status":"publish","type":"page","link":"https:\/\/www.cobalt.legal\/lt\/karas-ukrainoje-musu-teisine-pagalba\/","title":{"rendered":"Karas Ukrainoje \/ m\u016bs\u0173 teisin\u0117 pagalba"},"content":{"rendered":"<h4>Teisin\u0117s konsultacijos d\u0117l Ukrainos \u012fmoni\u0173 verslo perk\u0117limo \u012f Baltijos \u0161alis<\/h4>\n<p>Teis\u0117s nuostat\u0173, leid\u017eian\u010di\u0173 perkelti \u012fmon\u0119 i\u0161 Ukrainos \u012f Estij\u0105, Latvij\u0105 ar Lietuv\u0105, n\u0117ra, ta\u010diau gali b\u016bti vykdomas verslo perk\u0117limas \u012f Baltijos \u0161alis.<\/p>\n<p>M\u016bs\u0173 \u012fmoni\u0173, finans\u0173, darbo teis\u0117s, intelektin\u0117s nuosavyb\u0117s ir mokes\u010di\u0173 teisinink\u0173 komanda yra pasirengusi suteikti konsultacijas \u012fvairiais verslo perk\u0117limo \u012f Baltijos \u0161alis klausimais, \u012fskaitant \u0161iuos:<\/p>\n<ul>\n<li><a href=\"https:\/\/www.cobalt.legal\/lt\/practice-areas\/juridiniu-asmenu-steigimas\/\">Juridini\u0173 asmen\u0173 steigimas<\/a><\/li>\n<li><a href=\"https:\/\/www.cobalt.legal\/lt\/practice-areas\/darbo-sutartys-su-darbuotojais-ir-vadovais\/\">Imigracijos ir darbo teis\u0117<\/a><\/li>\n<li><a href=\"https:\/\/www.cobalt.legal\/lt\/practice-areas\/finansiniu-paslaugu-teisinis-reglamentavimas\/\">Finansini\u0173 paslaug\u0173 teis\u0117<\/a><\/li>\n<li><a href=\"https:\/\/www.cobalt.legal\/lt\/practice-areas\/informacines-technologijos-ir-rysiai\/\">Intelektin\u0117s nuosavyb\u0117s, informacini\u0173 technologij\u0173<\/a> ir <a href=\"https:\/\/www.cobalt.legal\/lt\/practice-areas\/duomenu-apsauga\/\">duomen\u0173 apsaugos teis\u0117<\/a><\/li>\n<li>Verslo modelio veikimas<\/li>\n<li><a href=\"https:\/\/www.cobalt.legal\/lt\/practice-areas\/mokesciu-konsultacijos\/\">Mokes\u010di\u0173 teis\u0117<\/a><\/li>\n<\/ul>\n<p>D\u0117l karo Ukrainoje sutrikus tarptautin\u0117ms ir regionin\u0117ms tiekimo grandin\u0117ms ir verslo ry\u0161iams, m\u016bs\u0173 komanda gali pad\u0117ti \u0161iais klausimais:<\/p>\n<ul>\n<li>Sutar\u010di\u0173 pakeitimai;<\/li>\n<li>Kreditavimo s\u0105lyg\u0173 per\u017ei\u016bra ir pakeitimai;<\/li>\n<li>Komercini\u0173 gin\u010d\u0173 sprendimas, \u012fskaitant gin\u010dus d\u0117l galimo r\u0117mimosi nenugalimos j\u0117gos aplinkyb\u0117mis, sutar\u010di\u0173 vykdymo u\u017etikrinimo ir i\u0161ankstini\u0173 mok\u0117jim\u0173 susigr\u0105\u017einimo.<\/li>\n<\/ul>\n<p>Jeigu Jums reikalinga m\u016bs\u0173 teisin\u0117 pagalba, para\u0161ykite mums <a href=\"mailto:ukraine@cobalt.legal\">ukraine@cobalt.legal<\/a> ir pateikite informacijos apie savo versl\u0105 bei nurodykite, kokiu klausimu Jums reikia konsultacijos.<\/p>\n<h4>Nemokamos teisin\u0117s konsultacijos \u012fmon\u0117ms ir \u017emon\u0117ms, nukent\u0117jusiems nuo i\u0161puoli\u0173 prie\u0161 Ukrain\u0105<\/h4>\n<p>Humanitarin\u0117s kriz\u0117s Ukrainoje akivaizdoje, <a href=\"https:\/\/www.cobalt.legal\/lt\/news-cases\/buk-stipri-ir-drasi-ukraina-cobalt-parama-ukrainai\/\">solidarizuojam\u0117s su Ukrainos \u017emon\u0117mis.<\/a> M\u016bs\u0173 prioritetas \u2013 teikti asmeninius poreikius atitinkan\u010di\u0105 pro bono param\u0105, kuri pad\u0117t\u0173 u\u017etikrinti Ukrainos \u017emoni\u0173 saugum\u0105 ir gerov\u0119.<\/p>\n<p>M\u016bs\u0173 teisinink\u0173 komanda si\u016blo nemokamas teisines konsultacijas m\u016bs\u0173 kompetencijos srityse \u012fmon\u0117ms ir \u017emon\u0117ms, nukent\u0117jusiems nuo i\u0161puoli\u0173 prie\u0161 Ukrain\u0105, taip pat \u012fvairiais klausimais nuo karo b\u0117gantiems ir prieglobs\u010dio Baltijos \u0161alyse ie\u0161kantiems ukrainie\u010diams.<\/p>\n<p>Jeigu Jums reikalinga m\u016bs\u0173 teisin\u0117 pagalba, para\u0161ykite mums ukraine@cobalt.legal ir pateikite informacijos apie savo situacij\u0105 bei nurodykite, kokiu klausimu Jums reikia konsultacijos.<\/p>\n<p>Naudingos informacijos apie ukrainie\u010di\u0173 migracij\u0105 \u012f Baltijos \u0161alis ir Laikinosios apsaugos direktyvos taikym\u0105 Estijoje, Latvijoje ir Lietuvoje rasite <a href=\"https:\/\/www.cobalt.legal\/news-cases\/information-regarding-migration-of-ukrainians-to-baltic-states-and-applicability-of-the-temporary-protection-directive-in-estonia-latvia-and-lithuania\/\">\u010dia<\/a>.<\/p>\n<h4><\/h4>\n<p>&nbsp;<\/p>\n<h4>PAPILDOMA INFORMACIJA<\/h4>\n<p>&nbsp;<\/p>\n<p>Artimiausi ir \u012fvyk\u0119 COBALT renginiai:<\/p>\n<ul>\n<li>Internetinis seminatas \/\u012fra\u0161as \/ lietuvi\u0173 k. (2022.04.21)<br \/>\n<a href=\"https:\/\/www.youtube.com\/watch?v=mTF0lLBpY2g\">Kripto\u012fmoni\u0173 veikla: planuojami poky\u010diai ir nauji i\u0161\u0161\u016bkiai<\/a><\/li>\n<li>Internetinis seminaras \/ \u012fra\u0161as \/ lietuvi\u0173 k. (2022.03.24)<br \/>\n<a href=\"https:\/\/www.youtube.com\/watch?v=uUpjYxN9mzU\">Sankcijos d\u0117l karo Ukrainoje: i\u0161\u0161\u016bkiai ir praktiniai patarimai verslui<\/a><\/li>\n<\/ul>\n<p>COBALT teisinink\u0173 parengta naudinga informacija:<\/p>\n<ul>\n<li><a href=\"https:\/\/www.cobalt.legal\/news-cases\/information-regarding-migration-of-ukrainians-to-baltic-states-and-applicability-of-the-temporary-protection-directive-in-estonia-latvia-and-lithuania\/\">Information regarding the migration of Ukrainians to Baltic states and the applicability of the Temporary Protection Directive in Estonia, Latvia and Lithuania<\/a>.<\/li>\n<li><a href=\"https:\/\/www.cobalt.legal\/lt\/news-cases\/norite-idarbinti-nuo-karo-pabegusi-ukrainieti-svarbiausi-dalykai-kuriuos-turetumete-zinoti\/\">Norite \u012fdarbinti nuo karo pab\u0117gus\u012f ukrainiet\u012f? Svarbiausi dalykai, kuriuos tur\u0117tum\u0117te \u017einoti<\/a><\/li>\n<li><a href=\"https:\/\/www.cobalt.legal\/lt\/news-cases\/kas-gali-gresti-uz-tarptautiniu-sankciju-pazeidima\/\">Kas gali gr\u0117sti u\u017e tarptautini\u0173 sankcij\u0173 pa\u017eeidim\u0105?<\/a><\/li>\n<li><a href=\"https:\/\/www.cobalt.legal\/lt\/news-cases\/aktuali-informacija-del-ukrainos-pilieciu-atvykimo-i-lietuva\/\">Aktuali informacija d\u0117l Ukrainos pilie\u010di\u0173 atvykimo \u012f Lietuv\u0105<\/a><\/li>\n<\/ul>\n<p>&nbsp;<\/p>\n<p><a class=\"link-arrow\" href=\"\/lt\/paslaugos\/\">Atgal \u012f paslaug\u0173 s\u0105ra\u0161\u0105<\/a><\/p>\n","protected":false},"excerpt":{"rendered":"<p>Teisin\u0117s konsultacijos d\u0117l Ukrainos \u012fmoni\u0173 verslo perk\u0117limo \u012f Baltijos \u0161alis Teis\u0117s nuostat\u0173, leid\u017eian\u010di\u0173 perkelti \u012fmon\u0119 i\u0161 Ukrainos \u012f Estij\u0105, Latvij\u0105 ar Lietuv\u0105, n\u0117ra, ta\u010diau gali b\u016bti vykdomas verslo perk\u0117limas \u012f Baltijos \u0161alis. M\u016bs\u0173 \u012fmoni\u0173, finans\u0173, darbo teis\u0117s, intelektin\u0117s nuosavyb\u0117s ir..<\/p>\n","protected":false},"author":2,"featured_media":0,"parent":0,"menu_order":8,"comment_status":"closed","ping_status":"closed","template":"international-desks.php","meta":{"_acf_changed":false,"inline_featured_image":false,"footnotes":""},"class_list":["post-8965","page","type-page","status-publish","hentry"],"acf":[],"yoast_head":"<!-- This site is optimized with the Yoast SEO plugin v27.3 - https:\/\/yoast.com\/product\/yoast-seo-wordpress\/ -->\n<title>Karas Ukrainoje \/ m\u016bs\u0173 teisin\u0117 pagalba | COBALT<\/title>\n<meta name=\"description\" content=\"Karas Ukrainoje \/ m\u016bs\u0173 teisin\u0117 pagalba | COBALT - pirmaujantis auk\u0161\u010diausio lygio advokat\u0173 biur\u0173 aljansas Baltijos \u0161alyse. Strateginis partneris J\u016bs\u0173 verslo partneris.\" \/>\n<meta name=\"robots\" content=\"index, follow, max-snippet:-1, max-image-preview:large, max-video-preview:-1\" \/>\n<link rel=\"canonical\" href=\"https:\/\/www.cobalt.legal\/lt\/karas-ukrainoje-musu-teisine-pagalba\/\" \/>\n<meta property=\"og:locale\" content=\"lt_LT\" \/>\n<meta property=\"og:type\" content=\"article\" \/>\n<meta property=\"og:title\" content=\"Karas Ukrainoje \/ m\u016bs\u0173 teisin\u0117 pagalba | COBALT\" \/>\n<meta property=\"og:description\" content=\"Karas Ukrainoje \/ m\u016bs\u0173 teisin\u0117 pagalba | COBALT - pirmaujantis auk\u0161\u010diausio lygio advokat\u0173 biur\u0173 aljansas Baltijos \u0161alyse. Strateginis partneris J\u016bs\u0173 verslo partneris.\" \/>\n<meta property=\"og:url\" content=\"https:\/\/www.cobalt.legal\/lt\/karas-ukrainoje-musu-teisine-pagalba\/\" \/>\n<meta property=\"og:site_name\" content=\"COBALT\" \/>\n<meta property=\"article:publisher\" content=\"https:\/\/www.facebook.com\/CobaltLegal\/\" \/>\n<meta property=\"article:modified_time\" content=\"2025-09-30T15:06:07+00:00\" \/>\n<meta name=\"twitter:card\" content=\"summary_large_image\" \/>\n<meta name=\"twitter:label1\" content=\"Est. reading time\" \/>\n\t<meta name=\"twitter:data1\" content=\"2 minut\u0117s\" \/>\n<script type=\"application\/ld+json\" class=\"yoast-schema-graph\">{\"@context\":\"https:\\\/\\\/schema.org\",\"@graph\":[{\"@type\":\"WebPage\",\"@id\":\"https:\\\/\\\/www.cobalt.legal\\\/lt\\\/karas-ukrainoje-musu-teisine-pagalba\\\/\",\"url\":\"https:\\\/\\\/www.cobalt.legal\\\/lt\\\/karas-ukrainoje-musu-teisine-pagalba\\\/\",\"name\":\"Karas Ukrainoje \\\/ m\u016bs\u0173 teisin\u0117 pagalba | COBALT\",\"isPartOf\":{\"@id\":\"https:\\\/\\\/www.cobalt.legal\\\/lt\\\/#website\"},\"datePublished\":\"2023-05-30T03:59:07+00:00\",\"dateModified\":\"2025-09-30T15:06:07+00:00\",\"description\":\"Karas Ukrainoje \\\/ m\u016bs\u0173 teisin\u0117 pagalba | COBALT - pirmaujantis auk\u0161\u010diausio lygio advokat\u0173 biur\u0173 aljansas Baltijos \u0161alyse. Strateginis partneris J\u016bs\u0173 verslo partneris.\",\"breadcrumb\":{\"@id\":\"https:\\\/\\\/www.cobalt.legal\\\/lt\\\/karas-ukrainoje-musu-teisine-pagalba\\\/#breadcrumb\"},\"inLanguage\":\"lt-LT\",\"potentialAction\":[{\"@type\":\"ReadAction\",\"target\":[\"https:\\\/\\\/www.cobalt.legal\\\/lt\\\/karas-ukrainoje-musu-teisine-pagalba\\\/\"]}]},{\"@type\":\"BreadcrumbList\",\"@id\":\"https:\\\/\\\/www.cobalt.legal\\\/lt\\\/karas-ukrainoje-musu-teisine-pagalba\\\/#breadcrumb\",\"itemListElement\":[{\"@type\":\"ListItem\",\"position\":1,\"name\":\"Home\",\"item\":\"https:\\\/\\\/www.cobalt.legal\\\/lt\\\/\"},{\"@type\":\"ListItem\",\"position\":2,\"name\":\"Karas Ukrainoje \\\/ m\u016bs\u0173 teisin\u0117 pagalba\"}]},{\"@type\":\"WebSite\",\"@id\":\"https:\\\/\\\/www.cobalt.legal\\\/lt\\\/#website\",\"url\":\"https:\\\/\\\/www.cobalt.legal\\\/lt\\\/\",\"name\":\"COBALT\",\"description\":\"Top-tier law services in Estonia, Latvia and Lithuania\",\"publisher\":{\"@id\":\"https:\\\/\\\/www.cobalt.legal\\\/lt\\\/#organization\"},\"potentialAction\":[{\"@type\":\"SearchAction\",\"target\":{\"@type\":\"EntryPoint\",\"urlTemplate\":\"https:\\\/\\\/www.cobalt.legal\\\/lt\\\/?s={search_term_string}\"},\"query-input\":{\"@type\":\"PropertyValueSpecification\",\"valueRequired\":true,\"valueName\":\"search_term_string\"}}],\"inLanguage\":\"lt-LT\"},{\"@type\":\"Organization\",\"@id\":\"https:\\\/\\\/www.cobalt.legal\\\/lt\\\/#organization\",\"name\":\"COBALT\",\"url\":\"https:\\\/\\\/www.cobalt.legal\\\/lt\\\/\",\"logo\":{\"@type\":\"ImageObject\",\"inLanguage\":\"lt-LT\",\"@id\":\"https:\\\/\\\/www.cobalt.legal\\\/lt\\\/#\\\/schema\\\/logo\\\/image\\\/\",\"url\":\"https:\\\/\\\/www.cobalt.legal\\\/wp-content\\\/uploads\\\/2023\\\/04\\\/cobalt-logo.png\",\"contentUrl\":\"https:\\\/\\\/www.cobalt.legal\\\/wp-content\\\/uploads\\\/2023\\\/04\\\/cobalt-logo.png\",\"width\":400,\"height\":116,\"caption\":\"COBALT\"},\"image\":{\"@id\":\"https:\\\/\\\/www.cobalt.legal\\\/lt\\\/#\\\/schema\\\/logo\\\/image\\\/\"},\"sameAs\":[\"https:\\\/\\\/www.facebook.com\\\/CobaltLegal\\\/\"]}]}<\/script>\n<!-- \/ Yoast SEO plugin. -->","yoast_head_json":{"title":"Karas Ukrainoje \/ m\u016bs\u0173 teisin\u0117 pagalba | COBALT","description":"Karas Ukrainoje \/ m\u016bs\u0173 teisin\u0117 pagalba | COBALT - pirmaujantis auk\u0161\u010diausio lygio advokat\u0173 biur\u0173 aljansas Baltijos \u0161alyse. Strateginis partneris J\u016bs\u0173 verslo partneris.","robots":{"index":"index","follow":"follow","max-snippet":"max-snippet:-1","max-image-preview":"max-image-preview:large","max-video-preview":"max-video-preview:-1"},"canonical":"https:\/\/www.cobalt.legal\/lt\/karas-ukrainoje-musu-teisine-pagalba\/","og_locale":"lt_LT","og_type":"article","og_title":"Karas Ukrainoje \/ m\u016bs\u0173 teisin\u0117 pagalba | COBALT","og_description":"Karas Ukrainoje \/ m\u016bs\u0173 teisin\u0117 pagalba | COBALT - pirmaujantis auk\u0161\u010diausio lygio advokat\u0173 biur\u0173 aljansas Baltijos \u0161alyse. Strateginis partneris J\u016bs\u0173 verslo partneris.","og_url":"https:\/\/www.cobalt.legal\/lt\/karas-ukrainoje-musu-teisine-pagalba\/","og_site_name":"COBALT","article_publisher":"https:\/\/www.facebook.com\/CobaltLegal\/","article_modified_time":"2025-09-30T15:06:07+00:00","twitter_card":"summary_large_image","twitter_misc":{"Est. reading time":"2 minut\u0117s"},"schema":{"@context":"https:\/\/schema.org","@graph":[{"@type":"WebPage","@id":"https:\/\/www.cobalt.legal\/lt\/karas-ukrainoje-musu-teisine-pagalba\/","url":"https:\/\/www.cobalt.legal\/lt\/karas-ukrainoje-musu-teisine-pagalba\/","name":"Karas Ukrainoje \/ m\u016bs\u0173 teisin\u0117 pagalba | COBALT","isPartOf":{"@id":"https:\/\/www.cobalt.legal\/lt\/#website"},"datePublished":"2023-05-30T03:59:07+00:00","dateModified":"2025-09-30T15:06:07+00:00","description":"Karas Ukrainoje \/ m\u016bs\u0173 teisin\u0117 pagalba | COBALT - pirmaujantis auk\u0161\u010diausio lygio advokat\u0173 biur\u0173 aljansas Baltijos \u0161alyse. Strateginis partneris J\u016bs\u0173 verslo partneris.","breadcrumb":{"@id":"https:\/\/www.cobalt.legal\/lt\/karas-ukrainoje-musu-teisine-pagalba\/#breadcrumb"},"inLanguage":"lt-LT","potentialAction":[{"@type":"ReadAction","target":["https:\/\/www.cobalt.legal\/lt\/karas-ukrainoje-musu-teisine-pagalba\/"]}]},{"@type":"BreadcrumbList","@id":"https:\/\/www.cobalt.legal\/lt\/karas-ukrainoje-musu-teisine-pagalba\/#breadcrumb","itemListElement":[{"@type":"ListItem","position":1,"name":"Home","item":"https:\/\/www.cobalt.legal\/lt\/"},{"@type":"ListItem","position":2,"name":"Karas Ukrainoje \/ m\u016bs\u0173 teisin\u0117 pagalba"}]},{"@type":"WebSite","@id":"https:\/\/www.cobalt.legal\/lt\/#website","url":"https:\/\/www.cobalt.legal\/lt\/","name":"COBALT","description":"Top-tier law services in Estonia, Latvia and Lithuania","publisher":{"@id":"https:\/\/www.cobalt.legal\/lt\/#organization"},"potentialAction":[{"@type":"SearchAction","target":{"@type":"EntryPoint","urlTemplate":"https:\/\/www.cobalt.legal\/lt\/?s={search_term_string}"},"query-input":{"@type":"PropertyValueSpecification","valueRequired":true,"valueName":"search_term_string"}}],"inLanguage":"lt-LT"},{"@type":"Organization","@id":"https:\/\/www.cobalt.legal\/lt\/#organization","name":"COBALT","url":"https:\/\/www.cobalt.legal\/lt\/","logo":{"@type":"ImageObject","inLanguage":"lt-LT","@id":"https:\/\/www.cobalt.legal\/lt\/#\/schema\/logo\/image\/","url":"https:\/\/www.cobalt.legal\/wp-content\/uploads\/2023\/04\/cobalt-logo.png","contentUrl":"https:\/\/www.cobalt.legal\/wp-content\/uploads\/2023\/04\/cobalt-logo.png","width":400,"height":116,"caption":"COBALT"},"image":{"@id":"https:\/\/www.cobalt.legal\/lt\/#\/schema\/logo\/image\/"},"sameAs":["https:\/\/www.facebook.com\/CobaltLegal\/"]}]}},"_links":{"self":[{"href":"https:\/\/www.cobalt.legal\/lt\/wp-json\/wp\/v2\/pages\/8965","targetHints":{"allow":["GET"]}}],"collection":[{"href":"https:\/\/www.cobalt.legal\/lt\/wp-json\/wp\/v2\/pages"}],"about":[{"href":"https:\/\/www.cobalt.legal\/lt\/wp-json\/wp\/v2\/types\/page"}],"author":[{"embeddable":true,"href":"https:\/\/www.cobalt.legal\/lt\/wp-json\/wp\/v2\/users\/2"}],"replies":[{"embeddable":true,"href":"https:\/\/www.cobalt.legal\/lt\/wp-json\/wp\/v2\/comments?post=8965"}],"version-history":[{"count":20,"href":"https:\/\/www.cobalt.legal\/lt\/wp-json\/wp\/v2\/pages\/8965\/revisions"}],"predecessor-version":[{"id":48151,"href":"https:\/\/www.cobalt.legal\/lt\/wp-json\/wp\/v2\/pages\/8965\/revisions\/48151"}],"wp:attachment":[{"href":"https:\/\/www.cobalt.legal\/lt\/wp-json\/wp\/v2\/media?parent=8965"}],"curies":[{"name":"wp","href":"https:\/\/api.w.org\/{rel}","templated":true}]}}