{"id":15741,"date":"2023-06-14T06:41:29","date_gmt":"2023-06-14T03:41:29","guid":{"rendered":"https:\/\/stage.www.cobalt.legal\/?page_id=15741"},"modified":"2024-05-23T15:45:13","modified_gmt":"2024-05-23T12:45:13","slug":"pierakstities-jaunumiem","status":"publish","type":"page","link":"https:\/\/www.cobalt.legal\/lv\/pierakstities-jaunumiem\/","title":{"rendered":"Pierakst\u012bties jaunumiem"},"content":{"rendered":"<p>&nbsp;<\/p>\n\n<div class=\"wpcf7 no-js\" id=\"wpcf7-f26708-o1\" lang=\"en-US\" dir=\"ltr\" data-wpcf7-id=\"26708\">\n<div class=\"screen-reader-response\"><p role=\"status\" aria-live=\"polite\" aria-atomic=\"true\"><\/p> <ul><\/ul><\/div>\n<form action=\"\/lv\/wp-json\/wp\/v2\/pages\/15741#wpcf7-f26708-o1\" method=\"post\" class=\"wpcf7-form init\" aria-label=\"Contact form\" novalidate=\"novalidate\" data-status=\"init\">\n<fieldset class=\"hidden-fields-container\"><input type=\"hidden\" name=\"_wpcf7\" value=\"26708\" \/><input type=\"hidden\" name=\"_wpcf7_version\" value=\"6.1.5\" \/><input type=\"hidden\" name=\"_wpcf7_locale\" value=\"en_US\" \/><input type=\"hidden\" name=\"_wpcf7_unit_tag\" value=\"wpcf7-f26708-o1\" \/><input type=\"hidden\" name=\"_wpcf7_container_post\" value=\"0\" \/><input type=\"hidden\" name=\"_wpcf7_posted_data_hash\" value=\"\" \/>\n<\/fieldset>\n<div class=\"row\">\n\t<div class=\"col\" align=\"center\">\n\t\t<h3>Pierakst\u012bties m\u016bsu jaunumiem\n\t\t<\/h3>\n\t\t<p>&nbsp;\n\t\t<\/p>\n\t\t<p>* Oblig\u0101ti aizpild\u0101mie lauki<br \/>\n&nbsp;\n\t\t<\/p>\n\t<\/div>\n<\/div>\n<div class=\"row\">\n\t<div class=\"col-lg-2\">\n\t<\/div>\n\t<div class=\"col-lg-4\">\n\t\t<p>J\u016bsu inform\u0101cija\n\t\t<\/p>\n\t\t<div class=\"form-group\">\n\t\t\t<p><span class=\"wpcf7-form-control-wrap\" data-name=\"your-name\"><input size=\"40\" maxlength=\"400\" class=\"wpcf7-form-control wpcf7-text wpcf7-validates-as-required form-control\" aria-required=\"true\" aria-invalid=\"false\" placeholder=\"V\u0101rds Uzv\u0101rds*\" value=\"\" type=\"text\" name=\"your-name\" \/><\/span>\n\t\t\t<\/p>\n\t\t<\/div>\n\t\t<div class=\"form-group\">\n\t\t\t<p><span class=\"wpcf7-form-control-wrap\" data-name=\"company\"><input size=\"40\" maxlength=\"400\" class=\"wpcf7-form-control wpcf7-text wpcf7-validates-as-required form-control\" aria-required=\"true\" aria-invalid=\"false\" placeholder=\"Organiz\u0101cija*\" value=\"\" type=\"text\" name=\"company\" \/><\/span>\n\t\t\t<\/p>\n\t\t<\/div>\n\t\t<div class=\"form-group\">\n\t\t\t<p><span class=\"wpcf7-form-control-wrap\" data-name=\"amats\"><input size=\"40\" maxlength=\"400\" class=\"wpcf7-form-control wpcf7-text wpcf7-validates-as-required form-control\" aria-required=\"true\" aria-invalid=\"false\" placeholder=\"Amats*\" value=\"\" type=\"text\" name=\"amats\" \/><\/span>\n\t\t\t<\/p>\n\t\t<\/div>\n\t\t<div class=\"form-group\">\n\t\t\t<p><span class=\"wpcf7-form-control-wrap\" data-name=\"your-phone\"><input size=\"40\" maxlength=\"400\" class=\"wpcf7-form-control wpcf7-text wpcf7-validates-as-required form-control\" aria-required=\"true\" aria-invalid=\"false\" placeholder=\"T\u0101lru\u0146a numurs*\" value=\"\" type=\"text\" name=\"your-phone\" \/><\/span>\n\t\t\t<\/p>\n\t\t<\/div>\n\t\t<div class=\"form-group\">\n\t\t\t<p><span class=\"wpcf7-form-control-wrap\" data-name=\"your-email\"><input size=\"40\" maxlength=\"400\" class=\"wpcf7-form-control wpcf7-text wpcf7-validates-as-required form-control\" aria-required=\"true\" aria-invalid=\"false\" placeholder=\"E-pasts*\" value=\"\" type=\"text\" name=\"your-email\" \/><\/span>\n\t\t\t<\/p>\n\t\t<\/div>\n\t\t<p>Interes\u0113jo\u0161\u0101 jurisdikcija*\n\t\t<\/p>\n\t\t<div class=\"form-group\">\n\t\t\t<p><label class=\"custom-checkbox\"><input type=\"checkbox\" name=\"Igaunija\" value=\"Selected-Igaunija\" aria-invalid=\"false\" \/><span class=\"cb\">Igaunija<\/span><\/label><br \/>\n<label class=\"custom-checkbox\"><input type=\"checkbox\" name=\"Latvija\" value=\"Selected-Latvija\" aria-invalid=\"false\" \/><span class=\"cb\">Latvija<\/span><\/label><br \/>\n<label class=\"custom-checkbox\"><input type=\"checkbox\" name=\"Lietuva\" value=\"Selected-Lietuva\" aria-invalid=\"false\" \/><span class=\"cb\">Lietuva<\/span><\/label>\n\t\t\t<\/p>\n\t\t<\/div>\n\t<\/div>\n\t<div class=\"col-lg-4\">\n\t\t<p>Interes\u0113jo\u0161\u0101s jomas*\n\t\t<\/p>\n\t\t<div class=\"form-group\">\n\t\t\t<p><label class=\"custom-checkbox\"><input type=\"checkbox\" name=\"All\" value=\"Selected - Visas\" aria-invalid=\"false\" \/><span class=\"cb\">Visas<\/span><\/label><br \/>\n<label class=\"custom-checkbox\"><input type=\"checkbox\" name=\"Events\" value=\"Selected - Events\" aria-invalid=\"false\" \/><span class=\"cb\">Pas\u0101kumi<\/span><\/label><br \/>\n<label class=\"custom-checkbox\"><input type=\"checkbox\" name=\"MA\" value=\"Selected - M&A un korporat\u012bvie dar\u012bjumi\" aria-invalid=\"false\" \/><span class=\"cb\">M&A un korporat\u012bvie dar\u012bjumi<\/span><\/label><br \/>\n<label class=\"custom-checkbox\"><input type=\"checkbox\" name=\"Corporate\" value=\"Selected - Korporat\u012bvo un darba ties\u012bbu konsult\u0101cijas\" aria-invalid=\"false\" \/><span class=\"cb\">Korporat\u012bvo un darba ties\u012bbu konsult\u0101cijas<\/span><\/label><br \/>\n<label class=\"custom-checkbox\"><input type=\"checkbox\" name=\"Banking\" value=\"Selected - Banku un finan\u0161u ties\u012bbas, kapit\u0101la tirgi\" aria-invalid=\"false\" \/><span class=\"cb\">Banku un finan\u0161u ties\u012bbas, kapit\u0101la tirgi<\/span><\/label><br \/>\n<label class=\"custom-checkbox\"><input type=\"checkbox\" name=\"Competition\" value=\"Selected - ES un konkurences ties\u012bbas\" aria-invalid=\"false\" \/><span class=\"cb\">ES un konkurences ties\u012bbas<\/span><\/label><br \/>\n<label class=\"custom-checkbox\"><input type=\"checkbox\" name=\"IPIT\" value=\"Selected - Intelektu\u0101lais \u012bpa\u0161ums, IT un datu aizsardz\u012bba\" aria-invalid=\"false\" \/><span class=\"cb\">Intelektu\u0101lais \u012bpa\u0161ums, IT un datu aizsardz\u012bba<\/span><\/label><br \/>\n<label class=\"custom-checkbox\"><input type=\"checkbox\" name=\"Real\" value=\"Selected - Nekustamais \u012bpa\u0161ums, ener\u0123\u0113tika un vides ties\u012bbas\" aria-invalid=\"false\" \/><span class=\"cb\">Nekustamais \u012bpa\u0161ums, ener\u0123\u0113tika un vides ties\u012bbas<\/span><\/label><br \/>\n<label class=\"custom-checkbox\"><input type=\"checkbox\" name=\"Tax\" value=\"Selected - Nodok\u013ci\" aria-invalid=\"false\" \/><span class=\"cb\">Nodok\u013ci<\/span><\/label><br \/>\n<label class=\"custom-checkbox\"><input type=\"checkbox\" name=\"Dispute\" value=\"Selected - Str\u012bdu risin\u0101\u0161ana\" aria-invalid=\"false\" \/><span class=\"cb\">Str\u012bdu risin\u0101\u0161ana<\/span><\/label><br \/>\n<label class=\"custom-checkbox\"><input type=\"checkbox\" name=\"ESG\" value=\"Selected - ESG, vides soci\u0101lie un p\u0101rvald\u012bbas jaut\u0101jumi\" aria-invalid=\"false\" \/><span class=\"cb\">ESG, vides soci\u0101lie un p\u0101rvald\u012bbas jaut\u0101jumi<\/span><\/label>\n\t\t\t<\/p>\n\t\t<\/div>\n\t\t<p style=\"font-size:small\">Iesniedzot savus personas datus, J\u016bs piekr\u012btat, ka atbilsto\u0161i J\u016bsu izv\u0113l\u0113tajai jurisdikcijai COBALT birojs attiec\u012bgaj\u0101 valst\u012b veiks J\u016bsu personas datu apstr\u0101di, lai, balstoties uz J\u016bsu atz\u012bm\u0113taj\u0101m interes\u0113m, s\u016bt\u012btu aktu\u0101l\u0101s zi\u0146as un inform\u0101ciju. Jums jebkur\u0101 br\u012bd\u012b ir iesp\u0113ja atsaukt J\u016bsu piekri\u0161anu. Pla\u0161\u0101ka inform\u0101cija m\u016bsu <a href=\"https:\/\/www.cobalt.legal\/lv\/privatuma-politika\/\">Priv\u0101tuma politik\u0101<\/a>.\n\t\t<\/p>\n\t\t<p><span class=\"custom-checkbox\" style=\"margin-left: -18px;\"> <span class=\"wpcf7-form-control-wrap\" data-name=\"your-consent\"><span class=\"wpcf7-form-control wpcf7-acceptance\"><span class=\"wpcf7-list-item\"><label><input type=\"checkbox\" name=\"your-consent\" value=\"1\" aria-invalid=\"false\" \/><span class=\"wpcf7-list-item-label\">L\u016bdzu atz\u012bm\u0113t, ka piekr\u012btat datu apstr\u0101dei<\/span><\/label><\/span><\/span><\/span><\/span>\n\t\t<\/p>\n\t<\/div>\n\t<div class=\"col-lg-2\">\n\t<\/div>\n<\/div>\n<div class=\"row\">\n\t<div class=\"col-lg-2\">\n\t<\/div>\n\t<div class=\"col-lg-8\" align=\"center\" style=\"margin-top: 20px; padding-left: 80px\">\n\t\t<p><input class=\"wpcf7-form-control wpcf7-submit has-spinner btn btn-outline-white btn-icon btn-outline-white--green btn-anim-right\" type=\"submit\" value=\"Iesniegt\" \/>\n\t\t<\/p>\n\t<\/div>\n\t<div class=\"col-lg-2\">\n\t<\/div>\n<\/div><div class=\"wpcf7-response-output\" aria-hidden=\"true\"><\/div>\n<\/form>\n<\/div>\n\n","protected":false},"excerpt":{"rendered":"<p>&nbsp;<\/p>\n","protected":false},"author":2,"featured_media":0,"parent":0,"menu_order":1,"comment_status":"closed","ping_status":"closed","template":"","meta":{"_acf_changed":false,"inline_featured_image":false,"footnotes":""},"class_list":["post-15741","page","type-page","status-publish","hentry"],"acf":[],"yoast_head":"<!-- This site is optimized with the Yoast SEO plugin v27.3 - https:\/\/yoast.com\/product\/yoast-seo-wordpress\/ -->\n<title>Pierakst\u012bties jaunumiem | COBALT<\/title>\n<meta name=\"description\" content=\"| COBALT - vado\u0161\u0101 advok\u0101tu biroju apvien\u012bba Baltijas valst\u012bs. Strat\u0113\u0123isks partneris ikdienas juridiskajos jaut\u0101jumos un liela m\u0113roga projektos.\" \/>\n<meta name=\"robots\" content=\"index, follow, max-snippet:-1, max-image-preview:large, max-video-preview:-1\" \/>\n<link rel=\"canonical\" href=\"https:\/\/www.cobalt.legal\/lv\/pierakstities-jaunumiem\/\" \/>\n<meta property=\"og:locale\" content=\"lv_LV\" \/>\n<meta property=\"og:type\" content=\"article\" \/>\n<meta property=\"og:title\" content=\"Pierakst\u012bties jaunumiem | COBALT\" \/>\n<meta property=\"og:description\" content=\"| COBALT - vado\u0161\u0101 advok\u0101tu biroju apvien\u012bba Baltijas valst\u012bs. Strat\u0113\u0123isks partneris ikdienas juridiskajos jaut\u0101jumos un liela m\u0113roga projektos.\" \/>\n<meta property=\"og:url\" content=\"https:\/\/www.cobalt.legal\/lv\/pierakstities-jaunumiem\/\" \/>\n<meta property=\"og:site_name\" content=\"COBALT\" \/>\n<meta property=\"article:publisher\" content=\"https:\/\/www.facebook.com\/CobaltLegal\/\" \/>\n<meta property=\"article:modified_time\" content=\"2024-05-23T12:45:13+00:00\" \/>\n<meta name=\"twitter:card\" content=\"summary_large_image\" \/>\n<meta name=\"twitter:label1\" content=\"Est. reading time\" \/>\n\t<meta name=\"twitter:data1\" content=\"1 minute\" \/>\n<script type=\"application\/ld+json\" class=\"yoast-schema-graph\">{\"@context\":\"https:\\\/\\\/schema.org\",\"@graph\":[{\"@type\":\"WebPage\",\"@id\":\"https:\\\/\\\/www.cobalt.legal\\\/lv\\\/pierakstities-jaunumiem\\\/\",\"url\":\"https:\\\/\\\/www.cobalt.legal\\\/lv\\\/pierakstities-jaunumiem\\\/\",\"name\":\"Pierakst\u012bties jaunumiem | COBALT\",\"isPartOf\":{\"@id\":\"https:\\\/\\\/www.cobalt.legal\\\/lv\\\/#website\"},\"datePublished\":\"2023-06-14T03:41:29+00:00\",\"dateModified\":\"2024-05-23T12:45:13+00:00\",\"description\":\"| COBALT - vado\u0161\u0101 advok\u0101tu biroju apvien\u012bba Baltijas valst\u012bs. Strat\u0113\u0123isks partneris ikdienas juridiskajos jaut\u0101jumos un liela m\u0113roga projektos.\",\"breadcrumb\":{\"@id\":\"https:\\\/\\\/www.cobalt.legal\\\/lv\\\/pierakstities-jaunumiem\\\/#breadcrumb\"},\"inLanguage\":\"lv-LV\",\"potentialAction\":[{\"@type\":\"ReadAction\",\"target\":[\"https:\\\/\\\/www.cobalt.legal\\\/lv\\\/pierakstities-jaunumiem\\\/\"]}]},{\"@type\":\"BreadcrumbList\",\"@id\":\"https:\\\/\\\/www.cobalt.legal\\\/lv\\\/pierakstities-jaunumiem\\\/#breadcrumb\",\"itemListElement\":[{\"@type\":\"ListItem\",\"position\":1,\"name\":\"Home\",\"item\":\"https:\\\/\\\/www.cobalt.legal\\\/lv\\\/\"},{\"@type\":\"ListItem\",\"position\":2,\"name\":\"Pierakst\u012bties jaunumiem\"}]},{\"@type\":\"WebSite\",\"@id\":\"https:\\\/\\\/www.cobalt.legal\\\/lv\\\/#website\",\"url\":\"https:\\\/\\\/www.cobalt.legal\\\/lv\\\/\",\"name\":\"COBALT\",\"description\":\"Top-tier law services in Estonia, Latvia and Lithuania\",\"publisher\":{\"@id\":\"https:\\\/\\\/www.cobalt.legal\\\/lv\\\/#organization\"},\"potentialAction\":[{\"@type\":\"SearchAction\",\"target\":{\"@type\":\"EntryPoint\",\"urlTemplate\":\"https:\\\/\\\/www.cobalt.legal\\\/lv\\\/?s={search_term_string}\"},\"query-input\":{\"@type\":\"PropertyValueSpecification\",\"valueRequired\":true,\"valueName\":\"search_term_string\"}}],\"inLanguage\":\"lv-LV\"},{\"@type\":\"Organization\",\"@id\":\"https:\\\/\\\/www.cobalt.legal\\\/lv\\\/#organization\",\"name\":\"COBALT\",\"url\":\"https:\\\/\\\/www.cobalt.legal\\\/lv\\\/\",\"logo\":{\"@type\":\"ImageObject\",\"inLanguage\":\"lv-LV\",\"@id\":\"https:\\\/\\\/www.cobalt.legal\\\/lv\\\/#\\\/schema\\\/logo\\\/image\\\/\",\"url\":\"https:\\\/\\\/www.cobalt.legal\\\/wp-content\\\/uploads\\\/2023\\\/04\\\/cobalt-logo.png\",\"contentUrl\":\"https:\\\/\\\/www.cobalt.legal\\\/wp-content\\\/uploads\\\/2023\\\/04\\\/cobalt-logo.png\",\"width\":400,\"height\":116,\"caption\":\"COBALT\"},\"image\":{\"@id\":\"https:\\\/\\\/www.cobalt.legal\\\/lv\\\/#\\\/schema\\\/logo\\\/image\\\/\"},\"sameAs\":[\"https:\\\/\\\/www.facebook.com\\\/CobaltLegal\\\/\"]}]}<\/script>\n<!-- \/ Yoast SEO plugin. -->","yoast_head_json":{"title":"Pierakst\u012bties jaunumiem | COBALT","description":"| COBALT - vado\u0161\u0101 advok\u0101tu biroju apvien\u012bba Baltijas valst\u012bs. Strat\u0113\u0123isks partneris ikdienas juridiskajos jaut\u0101jumos un liela m\u0113roga projektos.","robots":{"index":"index","follow":"follow","max-snippet":"max-snippet:-1","max-image-preview":"max-image-preview:large","max-video-preview":"max-video-preview:-1"},"canonical":"https:\/\/www.cobalt.legal\/lv\/pierakstities-jaunumiem\/","og_locale":"lv_LV","og_type":"article","og_title":"Pierakst\u012bties jaunumiem | COBALT","og_description":"| COBALT - vado\u0161\u0101 advok\u0101tu biroju apvien\u012bba Baltijas valst\u012bs. Strat\u0113\u0123isks partneris ikdienas juridiskajos jaut\u0101jumos un liela m\u0113roga projektos.","og_url":"https:\/\/www.cobalt.legal\/lv\/pierakstities-jaunumiem\/","og_site_name":"COBALT","article_publisher":"https:\/\/www.facebook.com\/CobaltLegal\/","article_modified_time":"2024-05-23T12:45:13+00:00","twitter_card":"summary_large_image","twitter_misc":{"Est. reading time":"1 minute"},"schema":{"@context":"https:\/\/schema.org","@graph":[{"@type":"WebPage","@id":"https:\/\/www.cobalt.legal\/lv\/pierakstities-jaunumiem\/","url":"https:\/\/www.cobalt.legal\/lv\/pierakstities-jaunumiem\/","name":"Pierakst\u012bties jaunumiem | COBALT","isPartOf":{"@id":"https:\/\/www.cobalt.legal\/lv\/#website"},"datePublished":"2023-06-14T03:41:29+00:00","dateModified":"2024-05-23T12:45:13+00:00","description":"| COBALT - vado\u0161\u0101 advok\u0101tu biroju apvien\u012bba Baltijas valst\u012bs. Strat\u0113\u0123isks partneris ikdienas juridiskajos jaut\u0101jumos un liela m\u0113roga projektos.","breadcrumb":{"@id":"https:\/\/www.cobalt.legal\/lv\/pierakstities-jaunumiem\/#breadcrumb"},"inLanguage":"lv-LV","potentialAction":[{"@type":"ReadAction","target":["https:\/\/www.cobalt.legal\/lv\/pierakstities-jaunumiem\/"]}]},{"@type":"BreadcrumbList","@id":"https:\/\/www.cobalt.legal\/lv\/pierakstities-jaunumiem\/#breadcrumb","itemListElement":[{"@type":"ListItem","position":1,"name":"Home","item":"https:\/\/www.cobalt.legal\/lv\/"},{"@type":"ListItem","position":2,"name":"Pierakst\u012bties jaunumiem"}]},{"@type":"WebSite","@id":"https:\/\/www.cobalt.legal\/lv\/#website","url":"https:\/\/www.cobalt.legal\/lv\/","name":"COBALT","description":"Top-tier law services in Estonia, Latvia and Lithuania","publisher":{"@id":"https:\/\/www.cobalt.legal\/lv\/#organization"},"potentialAction":[{"@type":"SearchAction","target":{"@type":"EntryPoint","urlTemplate":"https:\/\/www.cobalt.legal\/lv\/?s={search_term_string}"},"query-input":{"@type":"PropertyValueSpecification","valueRequired":true,"valueName":"search_term_string"}}],"inLanguage":"lv-LV"},{"@type":"Organization","@id":"https:\/\/www.cobalt.legal\/lv\/#organization","name":"COBALT","url":"https:\/\/www.cobalt.legal\/lv\/","logo":{"@type":"ImageObject","inLanguage":"lv-LV","@id":"https:\/\/www.cobalt.legal\/lv\/#\/schema\/logo\/image\/","url":"https:\/\/www.cobalt.legal\/wp-content\/uploads\/2023\/04\/cobalt-logo.png","contentUrl":"https:\/\/www.cobalt.legal\/wp-content\/uploads\/2023\/04\/cobalt-logo.png","width":400,"height":116,"caption":"COBALT"},"image":{"@id":"https:\/\/www.cobalt.legal\/lv\/#\/schema\/logo\/image\/"},"sameAs":["https:\/\/www.facebook.com\/CobaltLegal\/"]}]}},"_links":{"self":[{"href":"https:\/\/www.cobalt.legal\/lv\/wp-json\/wp\/v2\/pages\/15741","targetHints":{"allow":["GET"]}}],"collection":[{"href":"https:\/\/www.cobalt.legal\/lv\/wp-json\/wp\/v2\/pages"}],"about":[{"href":"https:\/\/www.cobalt.legal\/lv\/wp-json\/wp\/v2\/types\/page"}],"author":[{"embeddable":true,"href":"https:\/\/www.cobalt.legal\/lv\/wp-json\/wp\/v2\/users\/2"}],"replies":[{"embeddable":true,"href":"https:\/\/www.cobalt.legal\/lv\/wp-json\/wp\/v2\/comments?post=15741"}],"version-history":[{"count":7,"href":"https:\/\/www.cobalt.legal\/lv\/wp-json\/wp\/v2\/pages\/15741\/revisions"}],"predecessor-version":[{"id":26709,"href":"https:\/\/www.cobalt.legal\/lv\/wp-json\/wp\/v2\/pages\/15741\/revisions\/26709"}],"wp:attachment":[{"href":"https:\/\/www.cobalt.legal\/lv\/wp-json\/wp\/v2\/media?parent=15741"}],"curies":[{"name":"wp","href":"https:\/\/api.w.org\/{rel}","templated":true}]}}