{"id":32563,"date":"2023-11-21T15:28:12","date_gmt":"2023-11-21T13:28:12","guid":{"rendered":"https:\/\/www.cobalt.legal\/?page_id=32563"},"modified":"2024-05-23T15:44:54","modified_gmt":"2024-05-23T12:44:54","slug":"cobalt-e-pasta-atruna","status":"publish","type":"page","link":"https:\/\/www.cobalt.legal\/lv\/cobalt-e-pasta-atruna\/","title":{"rendered":"COBALT e-pasta atruna"},"content":{"rendered":"<p>\u0160\u012b e-pasta v\u0113stule var satur\u0113t ar likumu aizsarg\u0101tu komercnosl\u0113pumu vai profesion\u0101lu advok\u0101ta padomu. Ja J\u016bs neesat \u0161\u012bs e-pasta v\u0113stules adres\u0101ts, l\u016bdzu, pazi\u0146ojiet par to s\u016bt\u012bt\u0101jam pa telefonu vai e-pastu, un izdz\u0113siet sa\u0146emto s\u016bt\u012bjumu no J\u016bsu datorsist\u0113mas, nepaturot kopijas vai nep\u0101rs\u016btot to, un neatkl\u0101jot s\u016bt\u012bjuma saturu tre\u0161aj\u0101m person\u0101m. Jebkur\u0161 viedoklis vai padoms, kas atrodams e-past\u0101 attiecin\u0101ms uz konkr\u0113to situ\u0101ciju un pak\u013caujas nosl\u0113gt\u0101 juridisk\u0101s pal\u012bdz\u012bbas l\u012bguma noteikumiem un nosac\u012bjumiem. M\u016bsu pakalpojumu <a href=\"https:\/\/www.cobalt.legal\/lv\/visparigie-noteikumi\/\">Visp\u0101r\u012bgie noteikumi un nosac\u012bjumi<\/a> pieejami m\u016bsu m\u0101jaslap\u0101.<\/p>\n<p>\u0160\u012b v\u0113stule var tikt autom\u0101tiski p\u0101rs\u016bt\u012bta citiem COBALT juristiem vai darbiniekiem. Aicin\u0101m iepaz\u012bties ar m\u016bsu <a href=\"https:\/\/www.cobalt.legal\/lv\/privatuma-politika\/\">Priv\u0101tuma politiku<\/a>, lai uzzin\u0101tu par personas datu apstr\u0101di.<\/p>\n","protected":false},"excerpt":{"rendered":"<p>\u0160\u012b e-pasta v\u0113stule var satur\u0113t ar likumu aizsarg\u0101tu komercnosl\u0113pumu vai profesion\u0101lu advok\u0101ta padomu. Ja J\u016bs neesat \u0161\u012bs e-pasta v\u0113stules adres\u0101ts, l\u016bdzu, pazi\u0146ojiet par to s\u016bt\u012bt\u0101jam pa telefonu vai e-pastu, un izdz\u0113siet sa\u0146emto s\u016bt\u012bjumu no J\u016bsu datorsist\u0113mas, nepaturot kopijas vai nep\u0101rs\u016btot..<\/p>\n","protected":false},"author":2,"featured_media":0,"parent":0,"menu_order":0,"comment_status":"closed","ping_status":"closed","template":"","meta":{"_acf_changed":false,"inline_featured_image":false,"footnotes":""},"class_list":["post-32563","page","type-page","status-publish","hentry"],"acf":[],"yoast_head":"<!-- This site is optimized with the Yoast SEO plugin v27.3 - https:\/\/yoast.com\/product\/yoast-seo-wordpress\/ -->\n<title>COBALT e-pasta atruna | COBALT<\/title>\n<meta name=\"description\" content=\"COBALT e-pasta atruna | COBALT: vado\u0161\u0101 advok\u0101tu biroju apvien\u012bba Baltijas valst\u012bs. Strat\u0113\u0123isks partneris ikdienas juridiskajos jaut\u0101jumos un liela m\u0113roga projektos.\" \/>\n<meta name=\"robots\" content=\"index, nofollow, max-snippet:-1, max-image-preview:large, max-video-preview:-1\" \/>\n<link rel=\"canonical\" href=\"https:\/\/www.cobalt.legal\/lv\/cobalt-e-pasta-atruna\/\" \/>\n<meta property=\"og:locale\" content=\"lv_LV\" \/>\n<meta property=\"og:type\" content=\"article\" \/>\n<meta property=\"og:title\" content=\"COBALT e-pasta atruna | COBALT\" \/>\n<meta property=\"og:description\" content=\"COBALT e-pasta atruna | COBALT: vado\u0161\u0101 advok\u0101tu biroju apvien\u012bba Baltijas valst\u012bs. Strat\u0113\u0123isks partneris ikdienas juridiskajos jaut\u0101jumos un liela m\u0113roga projektos.\" \/>\n<meta property=\"og:url\" content=\"https:\/\/www.cobalt.legal\/lv\/cobalt-e-pasta-atruna\/\" \/>\n<meta property=\"og:site_name\" content=\"COBALT\" \/>\n<meta property=\"article:publisher\" content=\"https:\/\/www.facebook.com\/CobaltLegal\/\" \/>\n<meta property=\"article:modified_time\" content=\"2024-05-23T12:44:54+00:00\" \/>\n<meta name=\"twitter:card\" content=\"summary_large_image\" \/>\n<meta name=\"twitter:label1\" content=\"Est. reading time\" \/>\n\t<meta name=\"twitter:data1\" content=\"1 minute\" \/>\n<script type=\"application\/ld+json\" class=\"yoast-schema-graph\">{\"@context\":\"https:\\\/\\\/schema.org\",\"@graph\":[{\"@type\":\"WebPage\",\"@id\":\"https:\\\/\\\/www.cobalt.legal\\\/lv\\\/cobalt-e-pasta-atruna\\\/\",\"url\":\"https:\\\/\\\/www.cobalt.legal\\\/lv\\\/cobalt-e-pasta-atruna\\\/\",\"name\":\"COBALT e-pasta atruna | COBALT\",\"isPartOf\":{\"@id\":\"https:\\\/\\\/www.cobalt.legal\\\/lv\\\/#website\"},\"datePublished\":\"2023-11-21T13:28:12+00:00\",\"dateModified\":\"2024-05-23T12:44:54+00:00\",\"description\":\"COBALT e-pasta atruna | COBALT: vado\u0161\u0101 advok\u0101tu biroju apvien\u012bba Baltijas valst\u012bs. Strat\u0113\u0123isks partneris ikdienas juridiskajos jaut\u0101jumos un liela m\u0113roga projektos.\",\"breadcrumb\":{\"@id\":\"https:\\\/\\\/www.cobalt.legal\\\/lv\\\/cobalt-e-pasta-atruna\\\/#breadcrumb\"},\"inLanguage\":\"lv-LV\",\"potentialAction\":[{\"@type\":\"ReadAction\",\"target\":[\"https:\\\/\\\/www.cobalt.legal\\\/lv\\\/cobalt-e-pasta-atruna\\\/\"]}]},{\"@type\":\"BreadcrumbList\",\"@id\":\"https:\\\/\\\/www.cobalt.legal\\\/lv\\\/cobalt-e-pasta-atruna\\\/#breadcrumb\",\"itemListElement\":[{\"@type\":\"ListItem\",\"position\":1,\"name\":\"Home\",\"item\":\"https:\\\/\\\/www.cobalt.legal\\\/lv\\\/\"},{\"@type\":\"ListItem\",\"position\":2,\"name\":\"COBALT e-pasta atruna\"}]},{\"@type\":\"WebSite\",\"@id\":\"https:\\\/\\\/www.cobalt.legal\\\/lv\\\/#website\",\"url\":\"https:\\\/\\\/www.cobalt.legal\\\/lv\\\/\",\"name\":\"COBALT\",\"description\":\"Top-tier law services in Estonia, Latvia and Lithuania\",\"publisher\":{\"@id\":\"https:\\\/\\\/www.cobalt.legal\\\/lv\\\/#organization\"},\"potentialAction\":[{\"@type\":\"SearchAction\",\"target\":{\"@type\":\"EntryPoint\",\"urlTemplate\":\"https:\\\/\\\/www.cobalt.legal\\\/lv\\\/?s={search_term_string}\"},\"query-input\":{\"@type\":\"PropertyValueSpecification\",\"valueRequired\":true,\"valueName\":\"search_term_string\"}}],\"inLanguage\":\"lv-LV\"},{\"@type\":\"Organization\",\"@id\":\"https:\\\/\\\/www.cobalt.legal\\\/lv\\\/#organization\",\"name\":\"COBALT\",\"url\":\"https:\\\/\\\/www.cobalt.legal\\\/lv\\\/\",\"logo\":{\"@type\":\"ImageObject\",\"inLanguage\":\"lv-LV\",\"@id\":\"https:\\\/\\\/www.cobalt.legal\\\/lv\\\/#\\\/schema\\\/logo\\\/image\\\/\",\"url\":\"https:\\\/\\\/www.cobalt.legal\\\/wp-content\\\/uploads\\\/2023\\\/04\\\/cobalt-logo.png\",\"contentUrl\":\"https:\\\/\\\/www.cobalt.legal\\\/wp-content\\\/uploads\\\/2023\\\/04\\\/cobalt-logo.png\",\"width\":400,\"height\":116,\"caption\":\"COBALT\"},\"image\":{\"@id\":\"https:\\\/\\\/www.cobalt.legal\\\/lv\\\/#\\\/schema\\\/logo\\\/image\\\/\"},\"sameAs\":[\"https:\\\/\\\/www.facebook.com\\\/CobaltLegal\\\/\"]}]}<\/script>\n<!-- \/ Yoast SEO plugin. -->","yoast_head_json":{"title":"COBALT e-pasta atruna | COBALT","description":"COBALT e-pasta atruna | COBALT: vado\u0161\u0101 advok\u0101tu biroju apvien\u012bba Baltijas valst\u012bs. Strat\u0113\u0123isks partneris ikdienas juridiskajos jaut\u0101jumos un liela m\u0113roga projektos.","robots":{"index":"index","follow":"nofollow","max-snippet":"max-snippet:-1","max-image-preview":"max-image-preview:large","max-video-preview":"max-video-preview:-1"},"canonical":"https:\/\/www.cobalt.legal\/lv\/cobalt-e-pasta-atruna\/","og_locale":"lv_LV","og_type":"article","og_title":"COBALT e-pasta atruna | COBALT","og_description":"COBALT e-pasta atruna | COBALT: vado\u0161\u0101 advok\u0101tu biroju apvien\u012bba Baltijas valst\u012bs. Strat\u0113\u0123isks partneris ikdienas juridiskajos jaut\u0101jumos un liela m\u0113roga projektos.","og_url":"https:\/\/www.cobalt.legal\/lv\/cobalt-e-pasta-atruna\/","og_site_name":"COBALT","article_publisher":"https:\/\/www.facebook.com\/CobaltLegal\/","article_modified_time":"2024-05-23T12:44:54+00:00","twitter_card":"summary_large_image","twitter_misc":{"Est. reading time":"1 minute"},"schema":{"@context":"https:\/\/schema.org","@graph":[{"@type":"WebPage","@id":"https:\/\/www.cobalt.legal\/lv\/cobalt-e-pasta-atruna\/","url":"https:\/\/www.cobalt.legal\/lv\/cobalt-e-pasta-atruna\/","name":"COBALT e-pasta atruna | COBALT","isPartOf":{"@id":"https:\/\/www.cobalt.legal\/lv\/#website"},"datePublished":"2023-11-21T13:28:12+00:00","dateModified":"2024-05-23T12:44:54+00:00","description":"COBALT e-pasta atruna | COBALT: vado\u0161\u0101 advok\u0101tu biroju apvien\u012bba Baltijas valst\u012bs. Strat\u0113\u0123isks partneris ikdienas juridiskajos jaut\u0101jumos un liela m\u0113roga projektos.","breadcrumb":{"@id":"https:\/\/www.cobalt.legal\/lv\/cobalt-e-pasta-atruna\/#breadcrumb"},"inLanguage":"lv-LV","potentialAction":[{"@type":"ReadAction","target":["https:\/\/www.cobalt.legal\/lv\/cobalt-e-pasta-atruna\/"]}]},{"@type":"BreadcrumbList","@id":"https:\/\/www.cobalt.legal\/lv\/cobalt-e-pasta-atruna\/#breadcrumb","itemListElement":[{"@type":"ListItem","position":1,"name":"Home","item":"https:\/\/www.cobalt.legal\/lv\/"},{"@type":"ListItem","position":2,"name":"COBALT e-pasta atruna"}]},{"@type":"WebSite","@id":"https:\/\/www.cobalt.legal\/lv\/#website","url":"https:\/\/www.cobalt.legal\/lv\/","name":"COBALT","description":"Top-tier law services in Estonia, Latvia and Lithuania","publisher":{"@id":"https:\/\/www.cobalt.legal\/lv\/#organization"},"potentialAction":[{"@type":"SearchAction","target":{"@type":"EntryPoint","urlTemplate":"https:\/\/www.cobalt.legal\/lv\/?s={search_term_string}"},"query-input":{"@type":"PropertyValueSpecification","valueRequired":true,"valueName":"search_term_string"}}],"inLanguage":"lv-LV"},{"@type":"Organization","@id":"https:\/\/www.cobalt.legal\/lv\/#organization","name":"COBALT","url":"https:\/\/www.cobalt.legal\/lv\/","logo":{"@type":"ImageObject","inLanguage":"lv-LV","@id":"https:\/\/www.cobalt.legal\/lv\/#\/schema\/logo\/image\/","url":"https:\/\/www.cobalt.legal\/wp-content\/uploads\/2023\/04\/cobalt-logo.png","contentUrl":"https:\/\/www.cobalt.legal\/wp-content\/uploads\/2023\/04\/cobalt-logo.png","width":400,"height":116,"caption":"COBALT"},"image":{"@id":"https:\/\/www.cobalt.legal\/lv\/#\/schema\/logo\/image\/"},"sameAs":["https:\/\/www.facebook.com\/CobaltLegal\/"]}]}},"_links":{"self":[{"href":"https:\/\/www.cobalt.legal\/lv\/wp-json\/wp\/v2\/pages\/32563","targetHints":{"allow":["GET"]}}],"collection":[{"href":"https:\/\/www.cobalt.legal\/lv\/wp-json\/wp\/v2\/pages"}],"about":[{"href":"https:\/\/www.cobalt.legal\/lv\/wp-json\/wp\/v2\/types\/page"}],"author":[{"embeddable":true,"href":"https:\/\/www.cobalt.legal\/lv\/wp-json\/wp\/v2\/users\/2"}],"replies":[{"embeddable":true,"href":"https:\/\/www.cobalt.legal\/lv\/wp-json\/wp\/v2\/comments?post=32563"}],"version-history":[{"count":4,"href":"https:\/\/www.cobalt.legal\/lv\/wp-json\/wp\/v2\/pages\/32563\/revisions"}],"predecessor-version":[{"id":36994,"href":"https:\/\/www.cobalt.legal\/lv\/wp-json\/wp\/v2\/pages\/32563\/revisions\/36994"}],"wp:attachment":[{"href":"https:\/\/www.cobalt.legal\/lv\/wp-json\/wp\/v2\/media?parent=32563"}],"curies":[{"name":"wp","href":"https:\/\/api.w.org\/{rel}","templated":true}]}}