{"id":6336,"date":"2023-03-10T11:18:59","date_gmt":"2023-03-10T09:18:59","guid":{"rendered":"https:\/\/stage.www.cobalt.legal\/?page_id=6336"},"modified":"2025-09-29T23:29:22","modified_gmt":"2025-09-29T20:29:22","slug":"jaunumi","status":"publish","type":"page","link":"https:\/\/www.cobalt.legal\/lv\/jaunumi\/","title":{"rendered":"Jaunumi"},"content":{"rendered":"","protected":false},"excerpt":{"rendered":"","protected":false},"author":2,"featured_media":31275,"parent":0,"menu_order":71,"comment_status":"closed","ping_status":"closed","template":"news.php","meta":{"_acf_changed":false,"inline_featured_image":false,"footnotes":""},"class_list":["post-6336","page","type-page","status-publish","has-post-thumbnail","hentry"],"acf":[],"yoast_head":"<!-- This site is optimized with the Yoast SEO plugin v27.3 - https:\/\/yoast.com\/product\/yoast-seo-wordpress\/ -->\n<title>Juridisk\u0101 pieredze un veiksmes st\u0101sti | COBALT<\/title>\n<meta name=\"description\" content=\"Jaunumi | COBALT - vado\u0161\u0101 advok\u0101tu biroju apvien\u012bba Baltijas valst\u012bs. Strat\u0113\u0123isks partneris ikdienas juridiskajos jaut\u0101jumos un liela m\u0113roga projektos.\" \/>\n<meta name=\"robots\" content=\"index, follow, max-snippet:-1, max-image-preview:large, max-video-preview:-1\" \/>\n<link rel=\"canonical\" href=\"https:\/\/www.cobalt.legal\/lv\/jaunumi\/\" \/>\n<meta property=\"og:locale\" content=\"lv_LV\" \/>\n<meta property=\"og:type\" content=\"article\" \/>\n<meta property=\"og:title\" content=\"Juridisk\u0101 pieredze un veiksmes st\u0101sti | COBALT\" \/>\n<meta property=\"og:description\" content=\"Jaunumi | COBALT - vado\u0161\u0101 advok\u0101tu biroju apvien\u012bba Baltijas valst\u012bs. Strat\u0113\u0123isks partneris ikdienas juridiskajos jaut\u0101jumos un liela m\u0113roga projektos.\" \/>\n<meta property=\"og:url\" content=\"https:\/\/www.cobalt.legal\/lv\/jaunumi\/\" \/>\n<meta property=\"og:site_name\" content=\"COBALT\" \/>\n<meta property=\"article:publisher\" content=\"https:\/\/www.facebook.com\/CobaltLegal\/\" \/>\n<meta property=\"article:modified_time\" content=\"2025-09-29T20:29:22+00:00\" \/>\n<meta property=\"og:image\" content=\"https:\/\/www.cobalt.legal\/wp-content\/uploads\/2023\/11\/cobalt-web-lapa-sadalas-2560x894-3.png\" \/>\n\t<meta property=\"og:image:width\" content=\"2560\" \/>\n\t<meta property=\"og:image:height\" content=\"894\" \/>\n\t<meta property=\"og:image:type\" content=\"image\/png\" \/>\n<meta name=\"twitter:card\" content=\"summary_large_image\" \/>\n<meta name=\"twitter:label1\" content=\"Est. reading time\" \/>\n\t<meta name=\"twitter:data1\" content=\"1 minute\" \/>\n<script type=\"application\/ld+json\" class=\"yoast-schema-graph\">{\"@context\":\"https:\\\/\\\/schema.org\",\"@graph\":[{\"@type\":\"WebPage\",\"@id\":\"https:\\\/\\\/www.cobalt.legal\\\/lv\\\/jaunumi\\\/\",\"url\":\"https:\\\/\\\/www.cobalt.legal\\\/lv\\\/jaunumi\\\/\",\"name\":\"Juridisk\u0101 pieredze un veiksmes st\u0101sti | COBALT\",\"isPartOf\":{\"@id\":\"https:\\\/\\\/www.cobalt.legal\\\/lv\\\/#website\"},\"primaryImageOfPage\":{\"@id\":\"https:\\\/\\\/www.cobalt.legal\\\/lv\\\/jaunumi\\\/#primaryimage\"},\"image\":{\"@id\":\"https:\\\/\\\/www.cobalt.legal\\\/lv\\\/jaunumi\\\/#primaryimage\"},\"thumbnailUrl\":\"https:\\\/\\\/www.cobalt.legal\\\/wp-content\\\/uploads\\\/2023\\\/11\\\/cobalt-web-lapa-sadalas-2560x894-3.png\",\"datePublished\":\"2023-03-10T09:18:59+00:00\",\"dateModified\":\"2025-09-29T20:29:22+00:00\",\"description\":\"Jaunumi | COBALT - vado\u0161\u0101 advok\u0101tu biroju apvien\u012bba Baltijas valst\u012bs. Strat\u0113\u0123isks partneris ikdienas juridiskajos jaut\u0101jumos un liela m\u0113roga projektos.\",\"breadcrumb\":{\"@id\":\"https:\\\/\\\/www.cobalt.legal\\\/lv\\\/jaunumi\\\/#breadcrumb\"},\"inLanguage\":\"lv-LV\",\"potentialAction\":[{\"@type\":\"ReadAction\",\"target\":[\"https:\\\/\\\/www.cobalt.legal\\\/lv\\\/jaunumi\\\/\"]}]},{\"@type\":\"ImageObject\",\"inLanguage\":\"lv-LV\",\"@id\":\"https:\\\/\\\/www.cobalt.legal\\\/lv\\\/jaunumi\\\/#primaryimage\",\"url\":\"https:\\\/\\\/www.cobalt.legal\\\/wp-content\\\/uploads\\\/2023\\\/11\\\/cobalt-web-lapa-sadalas-2560x894-3.png\",\"contentUrl\":\"https:\\\/\\\/www.cobalt.legal\\\/wp-content\\\/uploads\\\/2023\\\/11\\\/cobalt-web-lapa-sadalas-2560x894-3.png\",\"width\":2560,\"height\":894},{\"@type\":\"BreadcrumbList\",\"@id\":\"https:\\\/\\\/www.cobalt.legal\\\/lv\\\/jaunumi\\\/#breadcrumb\",\"itemListElement\":[{\"@type\":\"ListItem\",\"position\":1,\"name\":\"Home\",\"item\":\"https:\\\/\\\/www.cobalt.legal\\\/lv\\\/\"},{\"@type\":\"ListItem\",\"position\":2,\"name\":\"Jaunumi\"}]},{\"@type\":\"WebSite\",\"@id\":\"https:\\\/\\\/www.cobalt.legal\\\/lv\\\/#website\",\"url\":\"https:\\\/\\\/www.cobalt.legal\\\/lv\\\/\",\"name\":\"COBALT\",\"description\":\"Top-tier law services in Estonia, Latvia and Lithuania\",\"publisher\":{\"@id\":\"https:\\\/\\\/www.cobalt.legal\\\/lv\\\/#organization\"},\"potentialAction\":[{\"@type\":\"SearchAction\",\"target\":{\"@type\":\"EntryPoint\",\"urlTemplate\":\"https:\\\/\\\/www.cobalt.legal\\\/lv\\\/?s={search_term_string}\"},\"query-input\":{\"@type\":\"PropertyValueSpecification\",\"valueRequired\":true,\"valueName\":\"search_term_string\"}}],\"inLanguage\":\"lv-LV\"},{\"@type\":\"Organization\",\"@id\":\"https:\\\/\\\/www.cobalt.legal\\\/lv\\\/#organization\",\"name\":\"COBALT\",\"url\":\"https:\\\/\\\/www.cobalt.legal\\\/lv\\\/\",\"logo\":{\"@type\":\"ImageObject\",\"inLanguage\":\"lv-LV\",\"@id\":\"https:\\\/\\\/www.cobalt.legal\\\/lv\\\/#\\\/schema\\\/logo\\\/image\\\/\",\"url\":\"https:\\\/\\\/www.cobalt.legal\\\/wp-content\\\/uploads\\\/2023\\\/04\\\/cobalt-logo.png\",\"contentUrl\":\"https:\\\/\\\/www.cobalt.legal\\\/wp-content\\\/uploads\\\/2023\\\/04\\\/cobalt-logo.png\",\"width\":400,\"height\":116,\"caption\":\"COBALT\"},\"image\":{\"@id\":\"https:\\\/\\\/www.cobalt.legal\\\/lv\\\/#\\\/schema\\\/logo\\\/image\\\/\"},\"sameAs\":[\"https:\\\/\\\/www.facebook.com\\\/CobaltLegal\\\/\"]}]}<\/script>\n<!-- \/ Yoast SEO plugin. -->","yoast_head_json":{"title":"Juridisk\u0101 pieredze un veiksmes st\u0101sti | COBALT","description":"Jaunumi | COBALT - vado\u0161\u0101 advok\u0101tu biroju apvien\u012bba Baltijas valst\u012bs. Strat\u0113\u0123isks partneris ikdienas juridiskajos jaut\u0101jumos un liela m\u0113roga projektos.","robots":{"index":"index","follow":"follow","max-snippet":"max-snippet:-1","max-image-preview":"max-image-preview:large","max-video-preview":"max-video-preview:-1"},"canonical":"https:\/\/www.cobalt.legal\/lv\/jaunumi\/","og_locale":"lv_LV","og_type":"article","og_title":"Juridisk\u0101 pieredze un veiksmes st\u0101sti | COBALT","og_description":"Jaunumi | COBALT - vado\u0161\u0101 advok\u0101tu biroju apvien\u012bba Baltijas valst\u012bs. Strat\u0113\u0123isks partneris ikdienas juridiskajos jaut\u0101jumos un liela m\u0113roga projektos.","og_url":"https:\/\/www.cobalt.legal\/lv\/jaunumi\/","og_site_name":"COBALT","article_publisher":"https:\/\/www.facebook.com\/CobaltLegal\/","article_modified_time":"2025-09-29T20:29:22+00:00","og_image":[{"width":2560,"height":894,"url":"https:\/\/www.cobalt.legal\/wp-content\/uploads\/2023\/11\/cobalt-web-lapa-sadalas-2560x894-3.png","type":"image\/png"}],"twitter_card":"summary_large_image","twitter_misc":{"Est. reading time":"1 minute"},"schema":{"@context":"https:\/\/schema.org","@graph":[{"@type":"WebPage","@id":"https:\/\/www.cobalt.legal\/lv\/jaunumi\/","url":"https:\/\/www.cobalt.legal\/lv\/jaunumi\/","name":"Juridisk\u0101 pieredze un veiksmes st\u0101sti | COBALT","isPartOf":{"@id":"https:\/\/www.cobalt.legal\/lv\/#website"},"primaryImageOfPage":{"@id":"https:\/\/www.cobalt.legal\/lv\/jaunumi\/#primaryimage"},"image":{"@id":"https:\/\/www.cobalt.legal\/lv\/jaunumi\/#primaryimage"},"thumbnailUrl":"https:\/\/www.cobalt.legal\/wp-content\/uploads\/2023\/11\/cobalt-web-lapa-sadalas-2560x894-3.png","datePublished":"2023-03-10T09:18:59+00:00","dateModified":"2025-09-29T20:29:22+00:00","description":"Jaunumi | COBALT - vado\u0161\u0101 advok\u0101tu biroju apvien\u012bba Baltijas valst\u012bs. Strat\u0113\u0123isks partneris ikdienas juridiskajos jaut\u0101jumos un liela m\u0113roga projektos.","breadcrumb":{"@id":"https:\/\/www.cobalt.legal\/lv\/jaunumi\/#breadcrumb"},"inLanguage":"lv-LV","potentialAction":[{"@type":"ReadAction","target":["https:\/\/www.cobalt.legal\/lv\/jaunumi\/"]}]},{"@type":"ImageObject","inLanguage":"lv-LV","@id":"https:\/\/www.cobalt.legal\/lv\/jaunumi\/#primaryimage","url":"https:\/\/www.cobalt.legal\/wp-content\/uploads\/2023\/11\/cobalt-web-lapa-sadalas-2560x894-3.png","contentUrl":"https:\/\/www.cobalt.legal\/wp-content\/uploads\/2023\/11\/cobalt-web-lapa-sadalas-2560x894-3.png","width":2560,"height":894},{"@type":"BreadcrumbList","@id":"https:\/\/www.cobalt.legal\/lv\/jaunumi\/#breadcrumb","itemListElement":[{"@type":"ListItem","position":1,"name":"Home","item":"https:\/\/www.cobalt.legal\/lv\/"},{"@type":"ListItem","position":2,"name":"Jaunumi"}]},{"@type":"WebSite","@id":"https:\/\/www.cobalt.legal\/lv\/#website","url":"https:\/\/www.cobalt.legal\/lv\/","name":"COBALT","description":"Top-tier law services in Estonia, Latvia and Lithuania","publisher":{"@id":"https:\/\/www.cobalt.legal\/lv\/#organization"},"potentialAction":[{"@type":"SearchAction","target":{"@type":"EntryPoint","urlTemplate":"https:\/\/www.cobalt.legal\/lv\/?s={search_term_string}"},"query-input":{"@type":"PropertyValueSpecification","valueRequired":true,"valueName":"search_term_string"}}],"inLanguage":"lv-LV"},{"@type":"Organization","@id":"https:\/\/www.cobalt.legal\/lv\/#organization","name":"COBALT","url":"https:\/\/www.cobalt.legal\/lv\/","logo":{"@type":"ImageObject","inLanguage":"lv-LV","@id":"https:\/\/www.cobalt.legal\/lv\/#\/schema\/logo\/image\/","url":"https:\/\/www.cobalt.legal\/wp-content\/uploads\/2023\/04\/cobalt-logo.png","contentUrl":"https:\/\/www.cobalt.legal\/wp-content\/uploads\/2023\/04\/cobalt-logo.png","width":400,"height":116,"caption":"COBALT"},"image":{"@id":"https:\/\/www.cobalt.legal\/lv\/#\/schema\/logo\/image\/"},"sameAs":["https:\/\/www.facebook.com\/CobaltLegal\/"]}]}},"_links":{"self":[{"href":"https:\/\/www.cobalt.legal\/lv\/wp-json\/wp\/v2\/pages\/6336","targetHints":{"allow":["GET"]}}],"collection":[{"href":"https:\/\/www.cobalt.legal\/lv\/wp-json\/wp\/v2\/pages"}],"about":[{"href":"https:\/\/www.cobalt.legal\/lv\/wp-json\/wp\/v2\/types\/page"}],"author":[{"embeddable":true,"href":"https:\/\/www.cobalt.legal\/lv\/wp-json\/wp\/v2\/users\/2"}],"replies":[{"embeddable":true,"href":"https:\/\/www.cobalt.legal\/lv\/wp-json\/wp\/v2\/comments?post=6336"}],"version-history":[{"count":8,"href":"https:\/\/www.cobalt.legal\/lv\/wp-json\/wp\/v2\/pages\/6336\/revisions"}],"predecessor-version":[{"id":47854,"href":"https:\/\/www.cobalt.legal\/lv\/wp-json\/wp\/v2\/pages\/6336\/revisions\/47854"}],"wp:featuredmedia":[{"embeddable":true,"href":"https:\/\/www.cobalt.legal\/lv\/wp-json\/wp\/v2\/media\/31275"}],"wp:attachment":[{"href":"https:\/\/www.cobalt.legal\/lv\/wp-json\/wp\/v2\/media?parent=6336"}],"curies":[{"name":"wp","href":"https:\/\/api.w.org\/{rel}","templated":true}]}}