{"id":7348,"date":"2023-05-26T18:08:52","date_gmt":"2023-05-26T15:08:52","guid":{"rendered":"https:\/\/stage.www.cobalt.legal\/?page_id=7348"},"modified":"2026-04-03T12:35:28","modified_gmt":"2026-04-03T09:35:28","slug":"visparigie-noteikumi","status":"publish","type":"page","link":"https:\/\/www.cobalt.legal\/lv\/visparigie-noteikumi\/","title":{"rendered":"Visp\u0101r\u012bgie noteikumi"},"content":{"rendered":"<p><a href=\"https:\/\/www.cobalt.legal\/lv\/vecie-visparigie-noteikumi-un-nosacijumi\/\">Iepriek\u0161\u0113jie Visp\u0101r\u012bgie noteikumi<\/a><\/p>\n<p>Sp\u0113k\u0101 no 2026. gada 1. apr\u012b\u013ca<\/p>\n","protected":false},"excerpt":{"rendered":"<p>Iepriek\u0161\u0113jie Visp\u0101r\u012bgie noteikumi Sp\u0113k\u0101 no 2026. gada 1. apr\u012b\u013ca<\/p>\n","protected":false},"author":2,"featured_media":0,"parent":0,"menu_order":39,"comment_status":"closed","ping_status":"closed","template":"","meta":{"_acf_changed":false,"inline_featured_image":false,"footnotes":""},"class_list":["post-7348","page","type-page","status-publish","hentry"],"acf":[],"yoast_head":"<!-- This site is optimized with the Yoast SEO plugin v27.3 - https:\/\/yoast.com\/product\/yoast-seo-wordpress\/ -->\n<title>Visp\u0101r\u012bgie noteikumi | COBALT<\/title>\n<meta name=\"description\" content=\"| COBALT - vado\u0161\u0101 advok\u0101tu biroju apvien\u012bba Baltijas valst\u012bs. Strat\u0113\u0123isks partneris ikdienas juridiskajos jaut\u0101jumos un liela m\u0113roga projektos.\" \/>\n<meta name=\"robots\" content=\"index, follow, max-snippet:-1, max-image-preview:large, max-video-preview:-1\" \/>\n<link rel=\"canonical\" href=\"https:\/\/www.cobalt.legal\/lv\/visparigie-noteikumi\/\" \/>\n<meta property=\"og:locale\" content=\"lv_LV\" \/>\n<meta property=\"og:type\" content=\"article\" \/>\n<meta property=\"og:title\" content=\"Visp\u0101r\u012bgie noteikumi | COBALT\" \/>\n<meta property=\"og:description\" content=\"| COBALT - vado\u0161\u0101 advok\u0101tu biroju apvien\u012bba Baltijas valst\u012bs. Strat\u0113\u0123isks partneris ikdienas juridiskajos jaut\u0101jumos un liela m\u0113roga projektos.\" \/>\n<meta property=\"og:url\" content=\"https:\/\/www.cobalt.legal\/lv\/visparigie-noteikumi\/\" \/>\n<meta property=\"og:site_name\" content=\"COBALT\" \/>\n<meta property=\"article:publisher\" content=\"https:\/\/www.facebook.com\/CobaltLegal\/\" \/>\n<meta property=\"article:modified_time\" content=\"2026-04-03T09:35:28+00:00\" \/>\n<meta name=\"twitter:card\" content=\"summary_large_image\" \/>\n<meta name=\"twitter:label1\" content=\"Est. reading time\" \/>\n\t<meta name=\"twitter:data1\" content=\"1 minute\" \/>\n<script type=\"application\/ld+json\" class=\"yoast-schema-graph\">{\"@context\":\"https:\\\/\\\/schema.org\",\"@graph\":[{\"@type\":\"WebPage\",\"@id\":\"https:\\\/\\\/www.cobalt.legal\\\/lv\\\/visparigie-noteikumi\\\/\",\"url\":\"https:\\\/\\\/www.cobalt.legal\\\/lv\\\/visparigie-noteikumi\\\/\",\"name\":\"Visp\u0101r\u012bgie noteikumi | COBALT\",\"isPartOf\":{\"@id\":\"https:\\\/\\\/www.cobalt.legal\\\/lv\\\/#website\"},\"datePublished\":\"2023-05-26T15:08:52+00:00\",\"dateModified\":\"2026-04-03T09:35:28+00:00\",\"description\":\"| COBALT - vado\u0161\u0101 advok\u0101tu biroju apvien\u012bba Baltijas valst\u012bs. Strat\u0113\u0123isks partneris ikdienas juridiskajos jaut\u0101jumos un liela m\u0113roga projektos.\",\"breadcrumb\":{\"@id\":\"https:\\\/\\\/www.cobalt.legal\\\/lv\\\/visparigie-noteikumi\\\/#breadcrumb\"},\"inLanguage\":\"lv-LV\",\"potentialAction\":[{\"@type\":\"ReadAction\",\"target\":[\"https:\\\/\\\/www.cobalt.legal\\\/lv\\\/visparigie-noteikumi\\\/\"]}]},{\"@type\":\"BreadcrumbList\",\"@id\":\"https:\\\/\\\/www.cobalt.legal\\\/lv\\\/visparigie-noteikumi\\\/#breadcrumb\",\"itemListElement\":[{\"@type\":\"ListItem\",\"position\":1,\"name\":\"Home\",\"item\":\"https:\\\/\\\/www.cobalt.legal\\\/lv\\\/\"},{\"@type\":\"ListItem\",\"position\":2,\"name\":\"Visp\u0101r\u012bgie noteikumi\"}]},{\"@type\":\"WebSite\",\"@id\":\"https:\\\/\\\/www.cobalt.legal\\\/lv\\\/#website\",\"url\":\"https:\\\/\\\/www.cobalt.legal\\\/lv\\\/\",\"name\":\"COBALT\",\"description\":\"Top-tier law services in Estonia, Latvia and Lithuania\",\"publisher\":{\"@id\":\"https:\\\/\\\/www.cobalt.legal\\\/lv\\\/#organization\"},\"potentialAction\":[{\"@type\":\"SearchAction\",\"target\":{\"@type\":\"EntryPoint\",\"urlTemplate\":\"https:\\\/\\\/www.cobalt.legal\\\/lv\\\/?s={search_term_string}\"},\"query-input\":{\"@type\":\"PropertyValueSpecification\",\"valueRequired\":true,\"valueName\":\"search_term_string\"}}],\"inLanguage\":\"lv-LV\"},{\"@type\":\"Organization\",\"@id\":\"https:\\\/\\\/www.cobalt.legal\\\/lv\\\/#organization\",\"name\":\"COBALT\",\"url\":\"https:\\\/\\\/www.cobalt.legal\\\/lv\\\/\",\"logo\":{\"@type\":\"ImageObject\",\"inLanguage\":\"lv-LV\",\"@id\":\"https:\\\/\\\/www.cobalt.legal\\\/lv\\\/#\\\/schema\\\/logo\\\/image\\\/\",\"url\":\"https:\\\/\\\/www.cobalt.legal\\\/wp-content\\\/uploads\\\/2023\\\/04\\\/cobalt-logo.png\",\"contentUrl\":\"https:\\\/\\\/www.cobalt.legal\\\/wp-content\\\/uploads\\\/2023\\\/04\\\/cobalt-logo.png\",\"width\":400,\"height\":116,\"caption\":\"COBALT\"},\"image\":{\"@id\":\"https:\\\/\\\/www.cobalt.legal\\\/lv\\\/#\\\/schema\\\/logo\\\/image\\\/\"},\"sameAs\":[\"https:\\\/\\\/www.facebook.com\\\/CobaltLegal\\\/\"]}]}<\/script>\n<!-- \/ Yoast SEO plugin. -->","yoast_head_json":{"title":"Visp\u0101r\u012bgie noteikumi | COBALT","description":"| COBALT - vado\u0161\u0101 advok\u0101tu biroju apvien\u012bba Baltijas valst\u012bs. Strat\u0113\u0123isks partneris ikdienas juridiskajos jaut\u0101jumos un liela m\u0113roga projektos.","robots":{"index":"index","follow":"follow","max-snippet":"max-snippet:-1","max-image-preview":"max-image-preview:large","max-video-preview":"max-video-preview:-1"},"canonical":"https:\/\/www.cobalt.legal\/lv\/visparigie-noteikumi\/","og_locale":"lv_LV","og_type":"article","og_title":"Visp\u0101r\u012bgie noteikumi | COBALT","og_description":"| COBALT - vado\u0161\u0101 advok\u0101tu biroju apvien\u012bba Baltijas valst\u012bs. Strat\u0113\u0123isks partneris ikdienas juridiskajos jaut\u0101jumos un liela m\u0113roga projektos.","og_url":"https:\/\/www.cobalt.legal\/lv\/visparigie-noteikumi\/","og_site_name":"COBALT","article_publisher":"https:\/\/www.facebook.com\/CobaltLegal\/","article_modified_time":"2026-04-03T09:35:28+00:00","twitter_card":"summary_large_image","twitter_misc":{"Est. reading time":"1 minute"},"schema":{"@context":"https:\/\/schema.org","@graph":[{"@type":"WebPage","@id":"https:\/\/www.cobalt.legal\/lv\/visparigie-noteikumi\/","url":"https:\/\/www.cobalt.legal\/lv\/visparigie-noteikumi\/","name":"Visp\u0101r\u012bgie noteikumi | COBALT","isPartOf":{"@id":"https:\/\/www.cobalt.legal\/lv\/#website"},"datePublished":"2023-05-26T15:08:52+00:00","dateModified":"2026-04-03T09:35:28+00:00","description":"| COBALT - vado\u0161\u0101 advok\u0101tu biroju apvien\u012bba Baltijas valst\u012bs. Strat\u0113\u0123isks partneris ikdienas juridiskajos jaut\u0101jumos un liela m\u0113roga projektos.","breadcrumb":{"@id":"https:\/\/www.cobalt.legal\/lv\/visparigie-noteikumi\/#breadcrumb"},"inLanguage":"lv-LV","potentialAction":[{"@type":"ReadAction","target":["https:\/\/www.cobalt.legal\/lv\/visparigie-noteikumi\/"]}]},{"@type":"BreadcrumbList","@id":"https:\/\/www.cobalt.legal\/lv\/visparigie-noteikumi\/#breadcrumb","itemListElement":[{"@type":"ListItem","position":1,"name":"Home","item":"https:\/\/www.cobalt.legal\/lv\/"},{"@type":"ListItem","position":2,"name":"Visp\u0101r\u012bgie noteikumi"}]},{"@type":"WebSite","@id":"https:\/\/www.cobalt.legal\/lv\/#website","url":"https:\/\/www.cobalt.legal\/lv\/","name":"COBALT","description":"Top-tier law services in Estonia, Latvia and Lithuania","publisher":{"@id":"https:\/\/www.cobalt.legal\/lv\/#organization"},"potentialAction":[{"@type":"SearchAction","target":{"@type":"EntryPoint","urlTemplate":"https:\/\/www.cobalt.legal\/lv\/?s={search_term_string}"},"query-input":{"@type":"PropertyValueSpecification","valueRequired":true,"valueName":"search_term_string"}}],"inLanguage":"lv-LV"},{"@type":"Organization","@id":"https:\/\/www.cobalt.legal\/lv\/#organization","name":"COBALT","url":"https:\/\/www.cobalt.legal\/lv\/","logo":{"@type":"ImageObject","inLanguage":"lv-LV","@id":"https:\/\/www.cobalt.legal\/lv\/#\/schema\/logo\/image\/","url":"https:\/\/www.cobalt.legal\/wp-content\/uploads\/2023\/04\/cobalt-logo.png","contentUrl":"https:\/\/www.cobalt.legal\/wp-content\/uploads\/2023\/04\/cobalt-logo.png","width":400,"height":116,"caption":"COBALT"},"image":{"@id":"https:\/\/www.cobalt.legal\/lv\/#\/schema\/logo\/image\/"},"sameAs":["https:\/\/www.facebook.com\/CobaltLegal\/"]}]}},"_links":{"self":[{"href":"https:\/\/www.cobalt.legal\/lv\/wp-json\/wp\/v2\/pages\/7348","targetHints":{"allow":["GET"]}}],"collection":[{"href":"https:\/\/www.cobalt.legal\/lv\/wp-json\/wp\/v2\/pages"}],"about":[{"href":"https:\/\/www.cobalt.legal\/lv\/wp-json\/wp\/v2\/types\/page"}],"author":[{"embeddable":true,"href":"https:\/\/www.cobalt.legal\/lv\/wp-json\/wp\/v2\/users\/2"}],"replies":[{"embeddable":true,"href":"https:\/\/www.cobalt.legal\/lv\/wp-json\/wp\/v2\/comments?post=7348"}],"version-history":[{"count":7,"href":"https:\/\/www.cobalt.legal\/lv\/wp-json\/wp\/v2\/pages\/7348\/revisions"}],"predecessor-version":[{"id":54479,"href":"https:\/\/www.cobalt.legal\/lv\/wp-json\/wp\/v2\/pages\/7348\/revisions\/54479"}],"wp:attachment":[{"href":"https:\/\/www.cobalt.legal\/lv\/wp-json\/wp\/v2\/media?parent=7348"}],"curies":[{"name":"wp","href":"https:\/\/api.w.org\/{rel}","templated":true}]}}