{"id":7355,"date":"2023-05-29T14:43:14","date_gmt":"2023-05-29T11:43:14","guid":{"rendered":"https:\/\/stage.www.cobalt.legal\/?page_id=7355"},"modified":"2026-02-02T10:53:15","modified_gmt":"2026-02-02T08:53:15","slug":"privatuma-politika","status":"publish","type":"page","link":"https:\/\/www.cobalt.legal\/lv\/privatuma-politika\/","title":{"rendered":"Priv\u0101tuma politika"},"content":{"rendered":"<p>\u0160aj\u0101 priv\u0101tuma pazi\u0146ojum\u0101 (Pazi\u0146ojums) izskaidroti visp\u0101r\u012bgie principi, saska\u0146\u0101 ar kuriem COBALT (kontaktinform\u0101cija nor\u0101d\u012bta 2.1. punkt\u0101) (Birojs, m\u0113s, m\u016bsu vai m\u016bs) v\u0101c un lieto inform\u0101ciju, kad J\u016bs apmekl\u0113jat m\u016bsu t\u012bmek\u013cvietni www.cobalt.legal (T\u012bmek\u013cvietne), lietojat jebkuru no m\u016bsu sniegtajiem pakalpojumiem (Pakalpojumi) vai jebk\u0101d\u0101 veid\u0101 ar mums sadarbojaties, piem\u0113ram, sazin\u0101ties ar mums soci\u0101lo mediju lap\u0101s, piedal\u0101ties m\u016bsu pas\u0101kumos, piesak\u0101ties darb\u0101 utt. S\u012bk\u0101ku inform\u0101ciju par konkr\u0113t\u0101m datu kategorij\u0101m, juridisko pamatojumu, datu apstr\u0101des m\u0113r\u0137iem un datu glab\u0101\u0161anas termi\u0146iem l\u016bdzam skat\u012bt \u0161\u012b Pazi\u0146ojuma 4. punkt\u0101 nor\u0101d\u012btaj\u0101 konkr\u0113taj\u0101 priv\u0101tuma pazi\u0146ojum\u0101.<\/p>\n<p>Sazinoties ar mums T\u012bmek\u013cvietn\u0113 vai izmantojot m\u016bsu Pakalpojumus, J\u016bs (Klients vai J\u016bs) varat sa\u0146emt tie\u0161u l\u016bgumu apstiprin\u0101t, ka akcept\u0113jat \u0161o Pazi\u0146ojumu.<\/p>\n<p>\u0160aj\u0101 Pazi\u0146ojum\u0101 ietvert\u0101 nor\u0101de uz \u201cJ\u016bsu personas datiem\u201d attiecas uz jebkuru inform\u0101ciju, ko iesp\u0113jams izmantot, lai tie\u0161i vai netie\u0161i nep\u0101rprotami identific\u0113tu J\u016bs k\u0101 priv\u0101tpersonu, sazin\u0101tos ar Jums vai noteiktu J\u016bsu atra\u0161an\u0101s vietu (Personas dati).<\/p>\n<p>M\u0113s apstr\u0101d\u0101jam Personas datus atbilsto\u0161i \u0161im Pazi\u0146ojumam un saska\u0146\u0101 ar piem\u0113rojamiem normat\u012bvajiem aktiem, tostarp Visp\u0101r\u012bgo Datu aizsardz\u012bbas regulu (2016\/679) (VDAR) un piem\u0113rojamajiem nacion\u0101lajiem datu aizsardz\u012bbas likumiem, kas attiecas uz \u0161\u012b Pazi\u0146ojuma 2. punkt\u0101 nor\u0101d\u012btajiem datu p\u0101rzi\u0146iem (Datu aizsardz\u012bbas likums).<\/p>\n<p>Ja J\u016bs izpau\u017eat mums uz k\u0101du tre\u0161o personu (piem., J\u016bsu darbinieku, valdes locekli, kol\u0113\u0123i, l\u012bgumsl\u0113dz\u0113ju utt.) attiecin\u0101mus Personas datus, J\u016bsu pien\u0101kums ir vi\u0146us iepaz\u012bstin\u0101t ar \u0161o Pazi\u0146ojumu.<\/p>\n","protected":false},"excerpt":{"rendered":"<p>\u0160aj\u0101 priv\u0101tuma pazi\u0146ojum\u0101 (Pazi\u0146ojums) izskaidroti visp\u0101r\u012bgie principi, saska\u0146\u0101 ar kuriem COBALT (kontaktinform\u0101cija nor\u0101d\u012bta 2.1. punkt\u0101) (Birojs, m\u0113s, m\u016bsu vai m\u016bs) v\u0101c un lieto inform\u0101ciju, kad J\u016bs apmekl\u0113jat m\u016bsu t\u012bmek\u013cvietni www.cobalt.legal (T\u012bmek\u013cvietne), lietojat jebkuru no m\u016bsu sniegtajiem pakalpojumiem (Pakalpojumi) vai jebk\u0101d\u0101..<\/p>\n","protected":false},"author":2,"featured_media":0,"parent":0,"menu_order":36,"comment_status":"closed","ping_status":"closed","template":"","meta":{"_acf_changed":false,"inline_featured_image":false,"footnotes":""},"class_list":["post-7355","page","type-page","status-publish","hentry"],"acf":[],"yoast_head":"<!-- This site is optimized with the Yoast SEO plugin v27.3 - https:\/\/yoast.com\/product\/yoast-seo-wordpress\/ -->\n<title>Priv\u0101tuma politika | COBALT<\/title>\n<meta name=\"description\" content=\"Priv\u0101tuma politika | COBALT - vado\u0161\u0101 advok\u0101tu biroju apvien\u012bba Baltijas valst\u012bs. Strat\u0113\u0123isks partneris ikdienas juridiskajos jaut\u0101jumos un liela m\u0113roga projektos.\" \/>\n<meta name=\"robots\" content=\"index, follow, max-snippet:-1, max-image-preview:large, max-video-preview:-1\" \/>\n<link rel=\"canonical\" href=\"https:\/\/www.cobalt.legal\/lv\/privatuma-politika\/\" \/>\n<meta property=\"og:locale\" content=\"lv_LV\" \/>\n<meta property=\"og:type\" content=\"article\" \/>\n<meta property=\"og:title\" content=\"Priv\u0101tuma politika | COBALT\" \/>\n<meta property=\"og:description\" content=\"Priv\u0101tuma politika | COBALT - vado\u0161\u0101 advok\u0101tu biroju apvien\u012bba Baltijas valst\u012bs. Strat\u0113\u0123isks partneris ikdienas juridiskajos jaut\u0101jumos un liela m\u0113roga projektos.\" \/>\n<meta property=\"og:url\" content=\"https:\/\/www.cobalt.legal\/lv\/privatuma-politika\/\" \/>\n<meta property=\"og:site_name\" content=\"COBALT\" \/>\n<meta property=\"article:publisher\" content=\"https:\/\/www.facebook.com\/CobaltLegal\/\" \/>\n<meta property=\"article:modified_time\" content=\"2026-02-02T08:53:15+00:00\" \/>\n<meta name=\"twitter:card\" content=\"summary_large_image\" \/>\n<meta name=\"twitter:label1\" content=\"Est. reading time\" \/>\n\t<meta name=\"twitter:data1\" content=\"1 minute\" \/>\n<script type=\"application\/ld+json\" class=\"yoast-schema-graph\">{\"@context\":\"https:\\\/\\\/schema.org\",\"@graph\":[{\"@type\":\"WebPage\",\"@id\":\"https:\\\/\\\/www.cobalt.legal\\\/lv\\\/privatuma-politika\\\/\",\"url\":\"https:\\\/\\\/www.cobalt.legal\\\/lv\\\/privatuma-politika\\\/\",\"name\":\"Priv\u0101tuma politika | COBALT\",\"isPartOf\":{\"@id\":\"https:\\\/\\\/www.cobalt.legal\\\/lv\\\/#website\"},\"datePublished\":\"2023-05-29T11:43:14+00:00\",\"dateModified\":\"2026-02-02T08:53:15+00:00\",\"description\":\"Priv\u0101tuma politika | COBALT - vado\u0161\u0101 advok\u0101tu biroju apvien\u012bba Baltijas valst\u012bs. Strat\u0113\u0123isks partneris ikdienas juridiskajos jaut\u0101jumos un liela m\u0113roga projektos.\",\"breadcrumb\":{\"@id\":\"https:\\\/\\\/www.cobalt.legal\\\/lv\\\/privatuma-politika\\\/#breadcrumb\"},\"inLanguage\":\"lv-LV\",\"potentialAction\":[{\"@type\":\"ReadAction\",\"target\":[\"https:\\\/\\\/www.cobalt.legal\\\/lv\\\/privatuma-politika\\\/\"]}]},{\"@type\":\"BreadcrumbList\",\"@id\":\"https:\\\/\\\/www.cobalt.legal\\\/lv\\\/privatuma-politika\\\/#breadcrumb\",\"itemListElement\":[{\"@type\":\"ListItem\",\"position\":1,\"name\":\"Home\",\"item\":\"https:\\\/\\\/www.cobalt.legal\\\/lv\\\/\"},{\"@type\":\"ListItem\",\"position\":2,\"name\":\"Priv\u0101tuma politika\"}]},{\"@type\":\"WebSite\",\"@id\":\"https:\\\/\\\/www.cobalt.legal\\\/lv\\\/#website\",\"url\":\"https:\\\/\\\/www.cobalt.legal\\\/lv\\\/\",\"name\":\"COBALT\",\"description\":\"Top-tier law services in Estonia, Latvia and Lithuania\",\"publisher\":{\"@id\":\"https:\\\/\\\/www.cobalt.legal\\\/lv\\\/#organization\"},\"potentialAction\":[{\"@type\":\"SearchAction\",\"target\":{\"@type\":\"EntryPoint\",\"urlTemplate\":\"https:\\\/\\\/www.cobalt.legal\\\/lv\\\/?s={search_term_string}\"},\"query-input\":{\"@type\":\"PropertyValueSpecification\",\"valueRequired\":true,\"valueName\":\"search_term_string\"}}],\"inLanguage\":\"lv-LV\"},{\"@type\":\"Organization\",\"@id\":\"https:\\\/\\\/www.cobalt.legal\\\/lv\\\/#organization\",\"name\":\"COBALT\",\"url\":\"https:\\\/\\\/www.cobalt.legal\\\/lv\\\/\",\"logo\":{\"@type\":\"ImageObject\",\"inLanguage\":\"lv-LV\",\"@id\":\"https:\\\/\\\/www.cobalt.legal\\\/lv\\\/#\\\/schema\\\/logo\\\/image\\\/\",\"url\":\"https:\\\/\\\/www.cobalt.legal\\\/wp-content\\\/uploads\\\/2023\\\/04\\\/cobalt-logo.png\",\"contentUrl\":\"https:\\\/\\\/www.cobalt.legal\\\/wp-content\\\/uploads\\\/2023\\\/04\\\/cobalt-logo.png\",\"width\":400,\"height\":116,\"caption\":\"COBALT\"},\"image\":{\"@id\":\"https:\\\/\\\/www.cobalt.legal\\\/lv\\\/#\\\/schema\\\/logo\\\/image\\\/\"},\"sameAs\":[\"https:\\\/\\\/www.facebook.com\\\/CobaltLegal\\\/\"]}]}<\/script>\n<!-- \/ Yoast SEO plugin. -->","yoast_head_json":{"title":"Priv\u0101tuma politika | COBALT","description":"Priv\u0101tuma politika | COBALT - vado\u0161\u0101 advok\u0101tu biroju apvien\u012bba Baltijas valst\u012bs. Strat\u0113\u0123isks partneris ikdienas juridiskajos jaut\u0101jumos un liela m\u0113roga projektos.","robots":{"index":"index","follow":"follow","max-snippet":"max-snippet:-1","max-image-preview":"max-image-preview:large","max-video-preview":"max-video-preview:-1"},"canonical":"https:\/\/www.cobalt.legal\/lv\/privatuma-politika\/","og_locale":"lv_LV","og_type":"article","og_title":"Priv\u0101tuma politika | COBALT","og_description":"Priv\u0101tuma politika | COBALT - vado\u0161\u0101 advok\u0101tu biroju apvien\u012bba Baltijas valst\u012bs. Strat\u0113\u0123isks partneris ikdienas juridiskajos jaut\u0101jumos un liela m\u0113roga projektos.","og_url":"https:\/\/www.cobalt.legal\/lv\/privatuma-politika\/","og_site_name":"COBALT","article_publisher":"https:\/\/www.facebook.com\/CobaltLegal\/","article_modified_time":"2026-02-02T08:53:15+00:00","twitter_card":"summary_large_image","twitter_misc":{"Est. reading time":"1 minute"},"schema":{"@context":"https:\/\/schema.org","@graph":[{"@type":"WebPage","@id":"https:\/\/www.cobalt.legal\/lv\/privatuma-politika\/","url":"https:\/\/www.cobalt.legal\/lv\/privatuma-politika\/","name":"Priv\u0101tuma politika | COBALT","isPartOf":{"@id":"https:\/\/www.cobalt.legal\/lv\/#website"},"datePublished":"2023-05-29T11:43:14+00:00","dateModified":"2026-02-02T08:53:15+00:00","description":"Priv\u0101tuma politika | COBALT - vado\u0161\u0101 advok\u0101tu biroju apvien\u012bba Baltijas valst\u012bs. Strat\u0113\u0123isks partneris ikdienas juridiskajos jaut\u0101jumos un liela m\u0113roga projektos.","breadcrumb":{"@id":"https:\/\/www.cobalt.legal\/lv\/privatuma-politika\/#breadcrumb"},"inLanguage":"lv-LV","potentialAction":[{"@type":"ReadAction","target":["https:\/\/www.cobalt.legal\/lv\/privatuma-politika\/"]}]},{"@type":"BreadcrumbList","@id":"https:\/\/www.cobalt.legal\/lv\/privatuma-politika\/#breadcrumb","itemListElement":[{"@type":"ListItem","position":1,"name":"Home","item":"https:\/\/www.cobalt.legal\/lv\/"},{"@type":"ListItem","position":2,"name":"Priv\u0101tuma politika"}]},{"@type":"WebSite","@id":"https:\/\/www.cobalt.legal\/lv\/#website","url":"https:\/\/www.cobalt.legal\/lv\/","name":"COBALT","description":"Top-tier law services in Estonia, Latvia and Lithuania","publisher":{"@id":"https:\/\/www.cobalt.legal\/lv\/#organization"},"potentialAction":[{"@type":"SearchAction","target":{"@type":"EntryPoint","urlTemplate":"https:\/\/www.cobalt.legal\/lv\/?s={search_term_string}"},"query-input":{"@type":"PropertyValueSpecification","valueRequired":true,"valueName":"search_term_string"}}],"inLanguage":"lv-LV"},{"@type":"Organization","@id":"https:\/\/www.cobalt.legal\/lv\/#organization","name":"COBALT","url":"https:\/\/www.cobalt.legal\/lv\/","logo":{"@type":"ImageObject","inLanguage":"lv-LV","@id":"https:\/\/www.cobalt.legal\/lv\/#\/schema\/logo\/image\/","url":"https:\/\/www.cobalt.legal\/wp-content\/uploads\/2023\/04\/cobalt-logo.png","contentUrl":"https:\/\/www.cobalt.legal\/wp-content\/uploads\/2023\/04\/cobalt-logo.png","width":400,"height":116,"caption":"COBALT"},"image":{"@id":"https:\/\/www.cobalt.legal\/lv\/#\/schema\/logo\/image\/"},"sameAs":["https:\/\/www.facebook.com\/CobaltLegal\/"]}]}},"_links":{"self":[{"href":"https:\/\/www.cobalt.legal\/lv\/wp-json\/wp\/v2\/pages\/7355","targetHints":{"allow":["GET"]}}],"collection":[{"href":"https:\/\/www.cobalt.legal\/lv\/wp-json\/wp\/v2\/pages"}],"about":[{"href":"https:\/\/www.cobalt.legal\/lv\/wp-json\/wp\/v2\/types\/page"}],"author":[{"embeddable":true,"href":"https:\/\/www.cobalt.legal\/lv\/wp-json\/wp\/v2\/users\/2"}],"replies":[{"embeddable":true,"href":"https:\/\/www.cobalt.legal\/lv\/wp-json\/wp\/v2\/comments?post=7355"}],"version-history":[{"count":12,"href":"https:\/\/www.cobalt.legal\/lv\/wp-json\/wp\/v2\/pages\/7355\/revisions"}],"predecessor-version":[{"id":51899,"href":"https:\/\/www.cobalt.legal\/lv\/wp-json\/wp\/v2\/pages\/7355\/revisions\/51899"}],"wp:attachment":[{"href":"https:\/\/www.cobalt.legal\/lv\/wp-json\/wp\/v2\/media?parent=7355"}],"curies":[{"name":"wp","href":"https:\/\/api.w.org\/{rel}","templated":true}]}}