{"id":7486,"date":"2023-05-29T22:15:03","date_gmt":"2023-05-29T19:15:03","guid":{"rendered":"https:\/\/stage.www.cobalt.legal\/?page_id=7486"},"modified":"2025-09-30T17:56:40","modified_gmt":"2025-09-30T14:56:40","slug":"konsultacijas-somiski","status":"publish","type":"page","link":"https:\/\/www.cobalt.legal\/lv\/konsultacijas-somiski\/","title":{"rendered":"Konsult\u0101cijas somiski"},"content":{"rendered":"<p>COBALT Tallinas birojs pied\u0101v\u0101 specializ\u0113tu juridisko pal\u012bdz\u012bbu, nodro\u0161inot nepiecie\u0161amo atbalstu biznesa aktivit\u0101t\u0113m starp Baltiju un Somiju. M\u0113s konsult\u0113jam Somijas investorus, kuru intere\u0161u lok\u0101 ir Latvijas, Lietuvas un Igaunijas tirgi, k\u0101 ar\u012b Baltijas valstu uz\u0146\u0113m\u0113jus, kuri pl\u0101no izv\u0113rst darb\u012bbu Somij\u0101.<\/p>\n<p>M\u016bsu specifisk\u0101s Somijas tirgus zin\u0101\u0161anas un pieredze, k\u0101 ar\u012b sadarb\u012bba ar m\u016bsu strat\u0113\u0123iskajiem partneriem Somij\u0101 \u013cauj nodro\u0161in\u0101t efekt\u012bvus juridiskos pakalpojumus starp Somiju un Baltiju. Pateicoties m\u016bsu izpratnei par Somijas biznesa kult\u016bru un somu valodas prasm\u0113m, m\u0113s nodro\u0161in\u0101m augsta l\u012bme\u0146a atbalstu un juridisko pal\u012bdz\u012bbu darb\u012bbai Somijas un Baltijas tirgos. M\u016bsu ilggad\u0113j\u0101 pieredze Somij\u0101 \u013cauj sniegt juridiskos pakalpojumus, kas piel\u0101goti m\u016bsu klientu specifiskaj\u0101m vajadz\u012bb\u0101m. Tas veicina sekm\u012bgu liela m\u0113roga projektu realiz\u0101ciju un str\u012bdu risin\u0101\u0161anu, t\u0101d\u0113j\u0101di mazinot m\u016bsu klientu riskus.<\/p>\n<p>&nbsp;<\/p>\n<p><a class=\"link-arrow\" href=\"\/lv\/pakalpojumi\/\">Atpaka\u013c uz pakalpojumu sarakstu<\/a><\/p>\n","protected":false},"excerpt":{"rendered":"<p>COBALT Tallinas birojs pied\u0101v\u0101 specializ\u0113tu juridisko pal\u012bdz\u012bbu, nodro\u0161inot nepiecie\u0161amo atbalstu biznesa aktivit\u0101t\u0113m starp Baltiju un Somiju. M\u0113s konsult\u0113jam Somijas investorus, kuru intere\u0161u lok\u0101 ir Latvijas, Lietuvas un Igaunijas tirgi, k\u0101 ar\u012b Baltijas valstu uz\u0146\u0113m\u0113jus, kuri pl\u0101no izv\u0113rst darb\u012bbu Somij\u0101. M\u016bsu..<\/p>\n","protected":false},"author":2,"featured_media":0,"parent":0,"menu_order":28,"comment_status":"closed","ping_status":"closed","template":"international-desks.php","meta":{"_acf_changed":false,"inline_featured_image":false,"footnotes":""},"class_list":["post-7486","page","type-page","status-publish","hentry"],"acf":[],"yoast_head":"<!-- This site is optimized with the Yoast SEO plugin v27.3 - https:\/\/yoast.com\/product\/yoast-seo-wordpress\/ -->\n<title>Konsult\u0101cijas somiski | COBALT<\/title>\n<meta name=\"description\" content=\"Konsult\u0101cijas somiski | COBALT - vado\u0161\u0101 advok\u0101tu biroju apvien\u012bba Baltijas valst\u012bs. Strat\u0113\u0123isks partneris ikdienas juridiskajos jaut\u0101jumos un liela m\u0113roga projektos.\" \/>\n<meta name=\"robots\" content=\"index, follow, max-snippet:-1, max-image-preview:large, max-video-preview:-1\" \/>\n<link rel=\"canonical\" href=\"https:\/\/www.cobalt.legal\/lv\/konsultacijas-somiski\/\" \/>\n<meta property=\"og:locale\" content=\"lv_LV\" \/>\n<meta property=\"og:type\" content=\"article\" \/>\n<meta property=\"og:title\" content=\"Konsult\u0101cijas somiski | COBALT\" \/>\n<meta property=\"og:description\" content=\"Konsult\u0101cijas somiski | COBALT - vado\u0161\u0101 advok\u0101tu biroju apvien\u012bba Baltijas valst\u012bs. Strat\u0113\u0123isks partneris ikdienas juridiskajos jaut\u0101jumos un liela m\u0113roga projektos.\" \/>\n<meta property=\"og:url\" content=\"https:\/\/www.cobalt.legal\/lv\/konsultacijas-somiski\/\" \/>\n<meta property=\"og:site_name\" content=\"COBALT\" \/>\n<meta property=\"article:publisher\" content=\"https:\/\/www.facebook.com\/CobaltLegal\/\" \/>\n<meta property=\"article:modified_time\" content=\"2025-09-30T14:56:40+00:00\" \/>\n<meta name=\"twitter:card\" content=\"summary_large_image\" \/>\n<meta name=\"twitter:label1\" content=\"Est. reading time\" \/>\n\t<meta name=\"twitter:data1\" content=\"1 minute\" \/>\n<script type=\"application\/ld+json\" class=\"yoast-schema-graph\">{\"@context\":\"https:\\\/\\\/schema.org\",\"@graph\":[{\"@type\":\"WebPage\",\"@id\":\"https:\\\/\\\/www.cobalt.legal\\\/lv\\\/konsultacijas-somiski\\\/\",\"url\":\"https:\\\/\\\/www.cobalt.legal\\\/lv\\\/konsultacijas-somiski\\\/\",\"name\":\"Konsult\u0101cijas somiski | COBALT\",\"isPartOf\":{\"@id\":\"https:\\\/\\\/www.cobalt.legal\\\/lv\\\/#website\"},\"datePublished\":\"2023-05-29T19:15:03+00:00\",\"dateModified\":\"2025-09-30T14:56:40+00:00\",\"description\":\"Konsult\u0101cijas somiski | COBALT - vado\u0161\u0101 advok\u0101tu biroju apvien\u012bba Baltijas valst\u012bs. Strat\u0113\u0123isks partneris ikdienas juridiskajos jaut\u0101jumos un liela m\u0113roga projektos.\",\"breadcrumb\":{\"@id\":\"https:\\\/\\\/www.cobalt.legal\\\/lv\\\/konsultacijas-somiski\\\/#breadcrumb\"},\"inLanguage\":\"lv-LV\",\"potentialAction\":[{\"@type\":\"ReadAction\",\"target\":[\"https:\\\/\\\/www.cobalt.legal\\\/lv\\\/konsultacijas-somiski\\\/\"]}]},{\"@type\":\"BreadcrumbList\",\"@id\":\"https:\\\/\\\/www.cobalt.legal\\\/lv\\\/konsultacijas-somiski\\\/#breadcrumb\",\"itemListElement\":[{\"@type\":\"ListItem\",\"position\":1,\"name\":\"Home\",\"item\":\"https:\\\/\\\/www.cobalt.legal\\\/lv\\\/\"},{\"@type\":\"ListItem\",\"position\":2,\"name\":\"Konsult\u0101cijas somiski\"}]},{\"@type\":\"WebSite\",\"@id\":\"https:\\\/\\\/www.cobalt.legal\\\/lv\\\/#website\",\"url\":\"https:\\\/\\\/www.cobalt.legal\\\/lv\\\/\",\"name\":\"COBALT\",\"description\":\"Top-tier law services in Estonia, Latvia and Lithuania\",\"publisher\":{\"@id\":\"https:\\\/\\\/www.cobalt.legal\\\/lv\\\/#organization\"},\"potentialAction\":[{\"@type\":\"SearchAction\",\"target\":{\"@type\":\"EntryPoint\",\"urlTemplate\":\"https:\\\/\\\/www.cobalt.legal\\\/lv\\\/?s={search_term_string}\"},\"query-input\":{\"@type\":\"PropertyValueSpecification\",\"valueRequired\":true,\"valueName\":\"search_term_string\"}}],\"inLanguage\":\"lv-LV\"},{\"@type\":\"Organization\",\"@id\":\"https:\\\/\\\/www.cobalt.legal\\\/lv\\\/#organization\",\"name\":\"COBALT\",\"url\":\"https:\\\/\\\/www.cobalt.legal\\\/lv\\\/\",\"logo\":{\"@type\":\"ImageObject\",\"inLanguage\":\"lv-LV\",\"@id\":\"https:\\\/\\\/www.cobalt.legal\\\/lv\\\/#\\\/schema\\\/logo\\\/image\\\/\",\"url\":\"https:\\\/\\\/www.cobalt.legal\\\/wp-content\\\/uploads\\\/2023\\\/04\\\/cobalt-logo.png\",\"contentUrl\":\"https:\\\/\\\/www.cobalt.legal\\\/wp-content\\\/uploads\\\/2023\\\/04\\\/cobalt-logo.png\",\"width\":400,\"height\":116,\"caption\":\"COBALT\"},\"image\":{\"@id\":\"https:\\\/\\\/www.cobalt.legal\\\/lv\\\/#\\\/schema\\\/logo\\\/image\\\/\"},\"sameAs\":[\"https:\\\/\\\/www.facebook.com\\\/CobaltLegal\\\/\"]}]}<\/script>\n<!-- \/ Yoast SEO plugin. -->","yoast_head_json":{"title":"Konsult\u0101cijas somiski | COBALT","description":"Konsult\u0101cijas somiski | COBALT - vado\u0161\u0101 advok\u0101tu biroju apvien\u012bba Baltijas valst\u012bs. Strat\u0113\u0123isks partneris ikdienas juridiskajos jaut\u0101jumos un liela m\u0113roga projektos.","robots":{"index":"index","follow":"follow","max-snippet":"max-snippet:-1","max-image-preview":"max-image-preview:large","max-video-preview":"max-video-preview:-1"},"canonical":"https:\/\/www.cobalt.legal\/lv\/konsultacijas-somiski\/","og_locale":"lv_LV","og_type":"article","og_title":"Konsult\u0101cijas somiski | COBALT","og_description":"Konsult\u0101cijas somiski | COBALT - vado\u0161\u0101 advok\u0101tu biroju apvien\u012bba Baltijas valst\u012bs. Strat\u0113\u0123isks partneris ikdienas juridiskajos jaut\u0101jumos un liela m\u0113roga projektos.","og_url":"https:\/\/www.cobalt.legal\/lv\/konsultacijas-somiski\/","og_site_name":"COBALT","article_publisher":"https:\/\/www.facebook.com\/CobaltLegal\/","article_modified_time":"2025-09-30T14:56:40+00:00","twitter_card":"summary_large_image","twitter_misc":{"Est. reading time":"1 minute"},"schema":{"@context":"https:\/\/schema.org","@graph":[{"@type":"WebPage","@id":"https:\/\/www.cobalt.legal\/lv\/konsultacijas-somiski\/","url":"https:\/\/www.cobalt.legal\/lv\/konsultacijas-somiski\/","name":"Konsult\u0101cijas somiski | COBALT","isPartOf":{"@id":"https:\/\/www.cobalt.legal\/lv\/#website"},"datePublished":"2023-05-29T19:15:03+00:00","dateModified":"2025-09-30T14:56:40+00:00","description":"Konsult\u0101cijas somiski | COBALT - vado\u0161\u0101 advok\u0101tu biroju apvien\u012bba Baltijas valst\u012bs. Strat\u0113\u0123isks partneris ikdienas juridiskajos jaut\u0101jumos un liela m\u0113roga projektos.","breadcrumb":{"@id":"https:\/\/www.cobalt.legal\/lv\/konsultacijas-somiski\/#breadcrumb"},"inLanguage":"lv-LV","potentialAction":[{"@type":"ReadAction","target":["https:\/\/www.cobalt.legal\/lv\/konsultacijas-somiski\/"]}]},{"@type":"BreadcrumbList","@id":"https:\/\/www.cobalt.legal\/lv\/konsultacijas-somiski\/#breadcrumb","itemListElement":[{"@type":"ListItem","position":1,"name":"Home","item":"https:\/\/www.cobalt.legal\/lv\/"},{"@type":"ListItem","position":2,"name":"Konsult\u0101cijas somiski"}]},{"@type":"WebSite","@id":"https:\/\/www.cobalt.legal\/lv\/#website","url":"https:\/\/www.cobalt.legal\/lv\/","name":"COBALT","description":"Top-tier law services in Estonia, Latvia and Lithuania","publisher":{"@id":"https:\/\/www.cobalt.legal\/lv\/#organization"},"potentialAction":[{"@type":"SearchAction","target":{"@type":"EntryPoint","urlTemplate":"https:\/\/www.cobalt.legal\/lv\/?s={search_term_string}"},"query-input":{"@type":"PropertyValueSpecification","valueRequired":true,"valueName":"search_term_string"}}],"inLanguage":"lv-LV"},{"@type":"Organization","@id":"https:\/\/www.cobalt.legal\/lv\/#organization","name":"COBALT","url":"https:\/\/www.cobalt.legal\/lv\/","logo":{"@type":"ImageObject","inLanguage":"lv-LV","@id":"https:\/\/www.cobalt.legal\/lv\/#\/schema\/logo\/image\/","url":"https:\/\/www.cobalt.legal\/wp-content\/uploads\/2023\/04\/cobalt-logo.png","contentUrl":"https:\/\/www.cobalt.legal\/wp-content\/uploads\/2023\/04\/cobalt-logo.png","width":400,"height":116,"caption":"COBALT"},"image":{"@id":"https:\/\/www.cobalt.legal\/lv\/#\/schema\/logo\/image\/"},"sameAs":["https:\/\/www.facebook.com\/CobaltLegal\/"]}]}},"_links":{"self":[{"href":"https:\/\/www.cobalt.legal\/lv\/wp-json\/wp\/v2\/pages\/7486","targetHints":{"allow":["GET"]}}],"collection":[{"href":"https:\/\/www.cobalt.legal\/lv\/wp-json\/wp\/v2\/pages"}],"about":[{"href":"https:\/\/www.cobalt.legal\/lv\/wp-json\/wp\/v2\/types\/page"}],"author":[{"embeddable":true,"href":"https:\/\/www.cobalt.legal\/lv\/wp-json\/wp\/v2\/users\/2"}],"replies":[{"embeddable":true,"href":"https:\/\/www.cobalt.legal\/lv\/wp-json\/wp\/v2\/comments?post=7486"}],"version-history":[{"count":10,"href":"https:\/\/www.cobalt.legal\/lv\/wp-json\/wp\/v2\/pages\/7486\/revisions"}],"predecessor-version":[{"id":48140,"href":"https:\/\/www.cobalt.legal\/lv\/wp-json\/wp\/v2\/pages\/7486\/revisions\/48140"}],"wp:attachment":[{"href":"https:\/\/www.cobalt.legal\/lv\/wp-json\/wp\/v2\/media?parent=7486"}],"curies":[{"name":"wp","href":"https:\/\/api.w.org\/{rel}","templated":true}]}}