{"id":7520,"date":"2023-05-30T06:50:16","date_gmt":"2023-05-30T03:50:16","guid":{"rendered":"https:\/\/stage.www.cobalt.legal\/?page_id=7520"},"modified":"2025-09-30T17:50:54","modified_gmt":"2025-09-30T14:50:54","slug":"konsultacijas-vaciski","status":"publish","type":"page","link":"https:\/\/www.cobalt.legal\/lv\/konsultacijas-vaciski\/","title":{"rendered":"Konsult\u0101cijas v\u0101ciski"},"content":{"rendered":"<p>V\u0101cija tradicion\u0101li ir noz\u012bm\u012bgs Baltijas valstu tirdzniec\u012bbas partneris, t\u0101p\u0113c piepras\u012bjums p\u0113c juridiskajiem pakalpojumiem v\u0101cu valod\u0101 ir visai augsts. M\u0113s, COBALT nodro\u0161in\u0101m specializ\u0113tas konsult\u0101cijas gan viet\u0113jiem komersantiem, kas v\u0113las iek\u013c\u016bt V\u0101cijas, Austrijas vai \u0160veices tirgos, gan v\u0101ciski run\u0101jo\u0161iem investoriem ar biznesa att\u012bst\u012bbas pl\u0101niem Baltijas valstu re\u0123ion\u0101.<\/p>\n<p>M\u016bsu komanda sast\u0101v no augsti kvalific\u0113tiem advok\u0101tiem, kuri ieguvu\u0161i ma\u0123istra vai doktora gr\u0101dus lab\u0101kaj\u0101s V\u0101cijas universit\u0101t\u0113s un guvu\u0161i praksi v\u0101cu advok\u0101tu birojos. Pateicoties \u0161\u0101d\u0101m zin\u0101\u0161an\u0101m un pieredzei, m\u016bsu juristu komanda labi izprot ties\u012bbu sist\u0113mu un biznesa kult\u016bru v\u0101ciski run\u0101jo\u0161\u0101s valst\u012bs.<\/p>\n<p>Pateicoties ilgsto\u0161ai un p\u0101rbaud\u012btai sadarb\u012bbai ar lab\u0101kajiem V\u0101cijas, \u0160veices un Austrijas advok\u0101tu birojiem, saviem klientiem sp\u0113jam operat\u012bvi organiz\u0113t kvalitat\u012bv\u0101k\u0101s juridisk\u0101s konsult\u0101cijas par vissare\u017e\u0123\u012bt\u0101kajiem jaut\u0101jumiem, kas skar \u0161o valstu tiesisko regul\u0113jumu.<\/p>\n<p>&nbsp;<\/p>\n<p><a class=\"link-arrow\" href=\"\/lv\/pakalpojumi\/\">Atpaka\u013c uz pakalpojumu sarakstu<\/a><\/p>\n","protected":false},"excerpt":{"rendered":"<p>V\u0101cija tradicion\u0101li ir noz\u012bm\u012bgs Baltijas valstu tirdzniec\u012bbas partneris, t\u0101p\u0113c piepras\u012bjums p\u0113c juridiskajiem pakalpojumiem v\u0101cu valod\u0101 ir visai augsts. M\u0113s, COBALT nodro\u0161in\u0101m specializ\u0113tas konsult\u0101cijas gan viet\u0113jiem komersantiem, kas v\u0113las iek\u013c\u016bt V\u0101cijas, Austrijas vai \u0160veices tirgos, gan v\u0101ciski run\u0101jo\u0161iem investoriem ar biznesa..<\/p>\n","protected":false},"author":2,"featured_media":0,"parent":0,"menu_order":24,"comment_status":"closed","ping_status":"closed","template":"international-desks.php","meta":{"_acf_changed":false,"inline_featured_image":false,"footnotes":""},"class_list":["post-7520","page","type-page","status-publish","hentry"],"acf":[],"yoast_head":"<!-- This site is optimized with the Yoast SEO plugin v27.3 - https:\/\/yoast.com\/product\/yoast-seo-wordpress\/ -->\n<title>Konsult\u0101cijas v\u0101ciski | COBALT<\/title>\n<meta name=\"description\" content=\"Konsult\u0101cijas v\u0101ciski | COBALT - vado\u0161\u0101 advok\u0101tu biroju apvien\u012bba Baltijas valst\u012bs. Strat\u0113\u0123isks partneris ikdienas juridiskajos jaut\u0101jumos un liela m\u0113roga projektos.\" \/>\n<meta name=\"robots\" content=\"index, follow, max-snippet:-1, max-image-preview:large, max-video-preview:-1\" \/>\n<link rel=\"canonical\" href=\"https:\/\/www.cobalt.legal\/lv\/konsultacijas-vaciski\/\" \/>\n<meta property=\"og:locale\" content=\"lv_LV\" \/>\n<meta property=\"og:type\" content=\"article\" \/>\n<meta property=\"og:title\" content=\"Konsult\u0101cijas v\u0101ciski | COBALT\" \/>\n<meta property=\"og:description\" content=\"Konsult\u0101cijas v\u0101ciski | COBALT - vado\u0161\u0101 advok\u0101tu biroju apvien\u012bba Baltijas valst\u012bs. Strat\u0113\u0123isks partneris ikdienas juridiskajos jaut\u0101jumos un liela m\u0113roga projektos.\" \/>\n<meta property=\"og:url\" content=\"https:\/\/www.cobalt.legal\/lv\/konsultacijas-vaciski\/\" \/>\n<meta property=\"og:site_name\" content=\"COBALT\" \/>\n<meta property=\"article:publisher\" content=\"https:\/\/www.facebook.com\/CobaltLegal\/\" \/>\n<meta property=\"article:modified_time\" content=\"2025-09-30T14:50:54+00:00\" \/>\n<meta name=\"twitter:card\" content=\"summary_large_image\" \/>\n<meta name=\"twitter:label1\" content=\"Est. reading time\" \/>\n\t<meta name=\"twitter:data1\" content=\"1 minute\" \/>\n<script type=\"application\/ld+json\" class=\"yoast-schema-graph\">{\"@context\":\"https:\\\/\\\/schema.org\",\"@graph\":[{\"@type\":\"WebPage\",\"@id\":\"https:\\\/\\\/www.cobalt.legal\\\/lv\\\/konsultacijas-vaciski\\\/\",\"url\":\"https:\\\/\\\/www.cobalt.legal\\\/lv\\\/konsultacijas-vaciski\\\/\",\"name\":\"Konsult\u0101cijas v\u0101ciski | COBALT\",\"isPartOf\":{\"@id\":\"https:\\\/\\\/www.cobalt.legal\\\/lv\\\/#website\"},\"datePublished\":\"2023-05-30T03:50:16+00:00\",\"dateModified\":\"2025-09-30T14:50:54+00:00\",\"description\":\"Konsult\u0101cijas v\u0101ciski | COBALT - vado\u0161\u0101 advok\u0101tu biroju apvien\u012bba Baltijas valst\u012bs. Strat\u0113\u0123isks partneris ikdienas juridiskajos jaut\u0101jumos un liela m\u0113roga projektos.\",\"breadcrumb\":{\"@id\":\"https:\\\/\\\/www.cobalt.legal\\\/lv\\\/konsultacijas-vaciski\\\/#breadcrumb\"},\"inLanguage\":\"lv-LV\",\"potentialAction\":[{\"@type\":\"ReadAction\",\"target\":[\"https:\\\/\\\/www.cobalt.legal\\\/lv\\\/konsultacijas-vaciski\\\/\"]}]},{\"@type\":\"BreadcrumbList\",\"@id\":\"https:\\\/\\\/www.cobalt.legal\\\/lv\\\/konsultacijas-vaciski\\\/#breadcrumb\",\"itemListElement\":[{\"@type\":\"ListItem\",\"position\":1,\"name\":\"Home\",\"item\":\"https:\\\/\\\/www.cobalt.legal\\\/lv\\\/\"},{\"@type\":\"ListItem\",\"position\":2,\"name\":\"Konsult\u0101cijas v\u0101ciski\"}]},{\"@type\":\"WebSite\",\"@id\":\"https:\\\/\\\/www.cobalt.legal\\\/lv\\\/#website\",\"url\":\"https:\\\/\\\/www.cobalt.legal\\\/lv\\\/\",\"name\":\"COBALT\",\"description\":\"Top-tier law services in Estonia, Latvia and Lithuania\",\"publisher\":{\"@id\":\"https:\\\/\\\/www.cobalt.legal\\\/lv\\\/#organization\"},\"potentialAction\":[{\"@type\":\"SearchAction\",\"target\":{\"@type\":\"EntryPoint\",\"urlTemplate\":\"https:\\\/\\\/www.cobalt.legal\\\/lv\\\/?s={search_term_string}\"},\"query-input\":{\"@type\":\"PropertyValueSpecification\",\"valueRequired\":true,\"valueName\":\"search_term_string\"}}],\"inLanguage\":\"lv-LV\"},{\"@type\":\"Organization\",\"@id\":\"https:\\\/\\\/www.cobalt.legal\\\/lv\\\/#organization\",\"name\":\"COBALT\",\"url\":\"https:\\\/\\\/www.cobalt.legal\\\/lv\\\/\",\"logo\":{\"@type\":\"ImageObject\",\"inLanguage\":\"lv-LV\",\"@id\":\"https:\\\/\\\/www.cobalt.legal\\\/lv\\\/#\\\/schema\\\/logo\\\/image\\\/\",\"url\":\"https:\\\/\\\/www.cobalt.legal\\\/wp-content\\\/uploads\\\/2023\\\/04\\\/cobalt-logo.png\",\"contentUrl\":\"https:\\\/\\\/www.cobalt.legal\\\/wp-content\\\/uploads\\\/2023\\\/04\\\/cobalt-logo.png\",\"width\":400,\"height\":116,\"caption\":\"COBALT\"},\"image\":{\"@id\":\"https:\\\/\\\/www.cobalt.legal\\\/lv\\\/#\\\/schema\\\/logo\\\/image\\\/\"},\"sameAs\":[\"https:\\\/\\\/www.facebook.com\\\/CobaltLegal\\\/\"]}]}<\/script>\n<!-- \/ Yoast SEO plugin. -->","yoast_head_json":{"title":"Konsult\u0101cijas v\u0101ciski | COBALT","description":"Konsult\u0101cijas v\u0101ciski | COBALT - vado\u0161\u0101 advok\u0101tu biroju apvien\u012bba Baltijas valst\u012bs. Strat\u0113\u0123isks partneris ikdienas juridiskajos jaut\u0101jumos un liela m\u0113roga projektos.","robots":{"index":"index","follow":"follow","max-snippet":"max-snippet:-1","max-image-preview":"max-image-preview:large","max-video-preview":"max-video-preview:-1"},"canonical":"https:\/\/www.cobalt.legal\/lv\/konsultacijas-vaciski\/","og_locale":"lv_LV","og_type":"article","og_title":"Konsult\u0101cijas v\u0101ciski | COBALT","og_description":"Konsult\u0101cijas v\u0101ciski | COBALT - vado\u0161\u0101 advok\u0101tu biroju apvien\u012bba Baltijas valst\u012bs. Strat\u0113\u0123isks partneris ikdienas juridiskajos jaut\u0101jumos un liela m\u0113roga projektos.","og_url":"https:\/\/www.cobalt.legal\/lv\/konsultacijas-vaciski\/","og_site_name":"COBALT","article_publisher":"https:\/\/www.facebook.com\/CobaltLegal\/","article_modified_time":"2025-09-30T14:50:54+00:00","twitter_card":"summary_large_image","twitter_misc":{"Est. reading time":"1 minute"},"schema":{"@context":"https:\/\/schema.org","@graph":[{"@type":"WebPage","@id":"https:\/\/www.cobalt.legal\/lv\/konsultacijas-vaciski\/","url":"https:\/\/www.cobalt.legal\/lv\/konsultacijas-vaciski\/","name":"Konsult\u0101cijas v\u0101ciski | COBALT","isPartOf":{"@id":"https:\/\/www.cobalt.legal\/lv\/#website"},"datePublished":"2023-05-30T03:50:16+00:00","dateModified":"2025-09-30T14:50:54+00:00","description":"Konsult\u0101cijas v\u0101ciski | COBALT - vado\u0161\u0101 advok\u0101tu biroju apvien\u012bba Baltijas valst\u012bs. Strat\u0113\u0123isks partneris ikdienas juridiskajos jaut\u0101jumos un liela m\u0113roga projektos.","breadcrumb":{"@id":"https:\/\/www.cobalt.legal\/lv\/konsultacijas-vaciski\/#breadcrumb"},"inLanguage":"lv-LV","potentialAction":[{"@type":"ReadAction","target":["https:\/\/www.cobalt.legal\/lv\/konsultacijas-vaciski\/"]}]},{"@type":"BreadcrumbList","@id":"https:\/\/www.cobalt.legal\/lv\/konsultacijas-vaciski\/#breadcrumb","itemListElement":[{"@type":"ListItem","position":1,"name":"Home","item":"https:\/\/www.cobalt.legal\/lv\/"},{"@type":"ListItem","position":2,"name":"Konsult\u0101cijas v\u0101ciski"}]},{"@type":"WebSite","@id":"https:\/\/www.cobalt.legal\/lv\/#website","url":"https:\/\/www.cobalt.legal\/lv\/","name":"COBALT","description":"Top-tier law services in Estonia, Latvia and Lithuania","publisher":{"@id":"https:\/\/www.cobalt.legal\/lv\/#organization"},"potentialAction":[{"@type":"SearchAction","target":{"@type":"EntryPoint","urlTemplate":"https:\/\/www.cobalt.legal\/lv\/?s={search_term_string}"},"query-input":{"@type":"PropertyValueSpecification","valueRequired":true,"valueName":"search_term_string"}}],"inLanguage":"lv-LV"},{"@type":"Organization","@id":"https:\/\/www.cobalt.legal\/lv\/#organization","name":"COBALT","url":"https:\/\/www.cobalt.legal\/lv\/","logo":{"@type":"ImageObject","inLanguage":"lv-LV","@id":"https:\/\/www.cobalt.legal\/lv\/#\/schema\/logo\/image\/","url":"https:\/\/www.cobalt.legal\/wp-content\/uploads\/2023\/04\/cobalt-logo.png","contentUrl":"https:\/\/www.cobalt.legal\/wp-content\/uploads\/2023\/04\/cobalt-logo.png","width":400,"height":116,"caption":"COBALT"},"image":{"@id":"https:\/\/www.cobalt.legal\/lv\/#\/schema\/logo\/image\/"},"sameAs":["https:\/\/www.facebook.com\/CobaltLegal\/"]}]}},"_links":{"self":[{"href":"https:\/\/www.cobalt.legal\/lv\/wp-json\/wp\/v2\/pages\/7520","targetHints":{"allow":["GET"]}}],"collection":[{"href":"https:\/\/www.cobalt.legal\/lv\/wp-json\/wp\/v2\/pages"}],"about":[{"href":"https:\/\/www.cobalt.legal\/lv\/wp-json\/wp\/v2\/types\/page"}],"author":[{"embeddable":true,"href":"https:\/\/www.cobalt.legal\/lv\/wp-json\/wp\/v2\/users\/2"}],"replies":[{"embeddable":true,"href":"https:\/\/www.cobalt.legal\/lv\/wp-json\/wp\/v2\/comments?post=7520"}],"version-history":[{"count":6,"href":"https:\/\/www.cobalt.legal\/lv\/wp-json\/wp\/v2\/pages\/7520\/revisions"}],"predecessor-version":[{"id":48136,"href":"https:\/\/www.cobalt.legal\/lv\/wp-json\/wp\/v2\/pages\/7520\/revisions\/48136"}],"wp:attachment":[{"href":"https:\/\/www.cobalt.legal\/lv\/wp-json\/wp\/v2\/media?parent=7520"}],"curies":[{"name":"wp","href":"https:\/\/api.w.org\/{rel}","templated":true}]}}