{"id":7524,"date":"2023-05-30T06:59:07","date_gmt":"2023-05-30T03:59:07","guid":{"rendered":"https:\/\/stage.www.cobalt.legal\/?page_id=7524"},"modified":"2025-12-22T15:27:00","modified_gmt":"2025-12-22T13:27:00","slug":"kars-ukraina-musu-juridiskais-atbalsts","status":"publish","type":"page","link":"https:\/\/www.cobalt.legal\/lv\/kars-ukraina-musu-juridiskais-atbalsts\/","title":{"rendered":"Kar\u0161 Ukrain\u0101. M\u016bsu juridiskais atbalsts"},"content":{"rendered":"<h4>Juridiskais atbalsts biznesa p\u0101rcel\u0161anai no Ukrainas uz Baltijas valst\u012bm<\/h4>\n<p>Lai gan nepast\u0101v ties\u012bbu normas, kas \u013cauj tie\u0161i p\u0101rcelt Ukrain\u0101 re\u0123istr\u0113tu sabiedr\u012bbu uz Latviju, Lietuvu vai Igauniju, ir pieejami juridiski instrumenti uz\u0146\u0113m\u0113jdarb\u012bbas p\u0101rvieto\u0161anai uz Baltijas valst\u012bm.<\/p>\n<p>M\u016bsu speci\u0101listi korporat\u012bvaj\u0101s, finan\u0161u, darba, intelektu\u0101l\u0101 \u012bpa\u0161uma un nodok\u013cu jom\u0101s ir gatavi sniegt juridisk\u0101s konsult\u0101cijas uz\u0146\u0113m\u0113jiem, kas v\u0113las p\u0101rvietot savu biznesu uz Baltijas valst\u012bm.<\/p>\n<p>Papildu cita veida juridiskajam atbalstam, m\u0113s konsult\u0113jam sekojo\u0161ajos jaut\u0101jumos:<\/p>\n<ul>\n<li><a href=\"https:\/\/www.cobalt.legal\/lv\/practice-areas\/juridisko-personu-dibinasana\/\">Juridisko personu dibin\u0101\u0161ana<\/a>.<\/li>\n<li><a href=\"https:\/\/www.cobalt.legal\/lv\/practice-areas\/darba-un-vadibas-ligumi\/\">Darba un vad\u012bbas l\u012bgumi<\/a>.<\/li>\n<li><a href=\"https:\/\/www.cobalt.legal\/lv\/practice-areas\/finansu-pakalpojumu-regulejums\/\">Finan\u0161u pakalpojumu regul\u0113jums<\/a>.<\/li>\n<li><a href=\"https:\/\/www.cobalt.legal\/lv\/practice-areas\/informacijas-tehnologijas-un-komunikacijas\/\">Intelektu\u0101lais \u012bpa\u0161ums, inform\u0101cijas tehnolo\u0123ijas<\/a> un <a href=\"https:\/\/www.cobalt.legal\/lv\/practice-areas\/datu-aizsardziba\/\">datu aizsardz\u012bba<\/a>.<\/li>\n<li>Biznesa mode\u013ca darb\u012bba.<\/li>\n<li><a href=\"https:\/\/www.cobalt.legal\/lv\/practice-areas\/nodoklu-konsultacijas\/\">Nodok\u013cu regul\u0113jums<\/a>.<\/li>\n<\/ul>\n<p>Kara darb\u012bbas rezult\u0101t\u0101 ir iev\u0113rojami main\u012bju\u0161\u0101s starptautisk\u0101s un re\u0123ion\u0101l\u0101s pieg\u0101des \u0137\u0113des, k\u0101 ar\u012b biznesa attiec\u012bbas. M\u016bsu speci\u0101listi var pal\u012bdz\u0113t \u0161\u0101dos gad\u012bjumos:<\/p>\n<ul>\n<li>L\u012bgumu groz\u012bjumi.<\/li>\n<li>Kred\u012bta nosac\u012bjumu p\u0101rskat\u012b\u0161ana un izmai\u0146as.<\/li>\n<li>Komercstr\u012bdu risin\u0101\u0161ana, t.sk. nep\u0101rvaramas varas gad\u012bjumu iest\u0101\u0161an\u0101s, l\u012bgumu izpildes iesp\u0113ja un priek\u0161apmaksas atg\u016b\u0161ana.<\/li>\n<\/ul>\n<p>Ja jums ir nepiecie\u0161ama juridisk\u0101 pal\u012bdz\u012bba, aicin\u0101m sazin\u0101ties ar mums elektroniski <a href=\"mailto:ukraine@cobalt.legal\" target=\"_blank\" rel=\"noopener\">ukraine@cobalt.legal<\/a>, ietverot \u012bsu savas darb\u012bbas aprakstu un nor\u0101dot jomu, kur\u0101 j\u016bs v\u0113laties sa\u0146emt konsult\u0101ciju.<\/p>\n<h4>Juridiskais atbalsts uz\u0146\u0113mumiem un cilv\u0113kiem, kuri ir cietu\u0161i no uzbrukumiem Ukrainai<\/h4>\n<p>M\u0113s solidariz\u0113jamies ar Ukrainas tautu, kas piedz\u012bvo smagu humanit\u0101ro kr\u012bzi, un m\u016bsu priorit\u0101te ir sniegt atbilsto\u0161as un lietder\u012bgas <em>pro bono <\/em>juridisk\u0101s konsult\u0101cijas dro\u0161\u012bbas un labkl\u0101j\u012bbas nodro\u0161in\u0101\u0161anai person\u0101m, kuras ir pametu\u0161as Ukrainu.<\/p>\n<p>M\u016bsu ekspertu komanda sniedz bezmaksas juridisko pal\u012bdz\u012bbu sav\u0101s specializ\u0101cijas jom\u0101s uz\u0146\u0113mumiem un priv\u0101tperson\u0101m, kas ir cietu\u0161as no Krievijas milit\u0101r\u0101s agresijas Ukrain\u0101, k\u0101 ar\u012b Ukrainas b\u0113g\u013ciem, kas v\u0113las rast patv\u0113rumu Baltijas valst\u012bs.<\/p>\n<p>Lai sa\u0146emtu juridisko atbalstu, aicin\u0101m sazinieties ar mums elektroniski: <a href=\"mailto:ukraine@cobalt.legal\" target=\"_blank\" rel=\"noopener\">ukraine@cobalt.legal<\/a>, ietverot \u012bsu situ\u0101cijas aprakstu un nor\u0101dot nepiecie\u0161am\u0101s juridisk\u0101s konsult\u0101cijas.<\/p>\n<p><a href=\"https:\/\/www.cobalt.legal\/news-cases\/information-regarding-migration-of-ukrainians-to-baltic-states-and-applicability-of-the-temporary-protection-directive-in-estonia-latvia-and-lithuania\/\">\u0160eit<\/a> m\u0113s esam apkopoju\u0161i inform\u0101ciju par Ukrainas iedz\u012bvot\u0101ju iece\u013co\u0161anu Baltijas valst\u012bs un Pagaidu aizsardz\u012bbas direkt\u012bvas piem\u0113ro\u0161anu Latvij\u0101, Lietuv\u0101 un Igaunij\u0101.<\/p>\n<h4><\/h4>\n<p>&nbsp;<\/p>\n<h4><strong>PAPILDU INFORM\u0100CIJA<\/strong><\/h4>\n<h4><\/h4>\n<p>&nbsp;<\/p>\n<h4><strong>Tuv\u0101kie un notiku\u0161ie COBALT pas\u0101kumi:<\/strong><\/h4>\n<ul>\n<li>Vebin\u0101rs: <a href=\"https:\/\/www.cobalt.legal\/lv\/news-cases\/vebinars-aktualitates-sankciju-risku-parvaldiba\/\">Aktualit\u0101tes sankciju risku p\u0101rvald\u012bb\u0101<\/a> (16.03.2022.)<\/li>\n<li>Vebin\u0101rs: <a href=\"https:\/\/www.cobalt.legal\/lv\/news-cases\/vebinars-karadarbibas-ukraina-ietekme-uz-darijumu-izpildi-video\/\">Karadarb\u012bbas Ukrain\u0101 ietekme uz dar\u012bjumu izpildi (video)<\/a> (30.03.2022.)<\/li>\n<li>Diskusija: <a href=\"https:\/\/www.cobalt.legal\/lv\/news-cases\/diskusija-biezak-apspriestie-juridiskie-jautajumi-saistiba-ar-krievijas-iebrukumu-ukraina-video\/\">Bie\u017e\u0101k apspriestie juridiskie jaut\u0101jumi saist\u012bb\u0101 ar Krievijas iebrukumu Ukrain\u0101 (video)<\/a> (14.04.2022.)<\/li>\n<\/ul>\n<h4><strong>Noder\u012bga inform\u0101cija, ko sagatavojusi COBALT <\/strong><strong>ekspertu komanda:<\/strong><\/h4>\n<ul>\n<li>Pastars E. <a href=\"https:\/\/www.cobalt.legal\/wp-content\/uploads\/2023\/06\/EdgarsP_Bilance_darijumi_ar_sankcionetam_personam_052022.pdf\">Dar\u012bjumi ar sankcion\u0113t\u0101m person\u0101m<\/a>. Bilance, 2022.g.maijs., Nr.5 (485), 30.-33.lpp.<\/li>\n<li><a href=\"https:\/\/www.cobalt.legal\/news-cases\/information-regarding-migration-of-ukrainians-to-baltic-states-and-applicability-of-the-temporary-protection-directive-in-estonia-latvia-and-lithuania\/\">Inform\u0101cija par Ukrainas iedz\u012bvot\u0101ju iece\u013co\u0161anu Baltijas valst\u012bs un Pagaidu aizsardz\u012bbas direkt\u012bvas piem\u0113ro\u0161anu Latvij\u0101, Lietuv\u0101 un Igaunij\u0101<\/a>.<\/li>\n<li>Pastars E. un Bu\u0161s K. <a href=\"https:\/\/www.cobalt.legal\/wp-content\/uploads\/2023\/06\/PastarsBussBJPAprilis2022-2022-04-06-16-25-35.pdf\">Bizness sankciju \u0113r\u0101 jeb k\u0101 \u201cneuzrauties\u201d uz sankcion\u0113tu dar\u012bjuma partneri<\/a>. Bilances Juridiskie Padomi, 2022.g.apr\u012blis., Nr. 4 (106), 4.-9.lpp.<\/li>\n<li>Fjodorova L. <a href=\"https:\/\/www.cobalt.legal\/wp-content\/uploads\/2023\/06\/LigaF_iTiesibas_jamaina_ligums_05.2022.pdf\">Materi\u0101li sad\u0101rdzin\u0101s \u2013 vai j\u0101maina l\u012bgums?<\/a> iTies\u012bbas, 2022.g.maijs., Nr.5 (41), 32.-34.lpp.<\/li>\n<\/ul>\n<p>&nbsp;<\/p>\n<p><a class=\"link-arrow\" href=\"https:\/\/www.cobalt.legal\/lv\/pakalpojumi\/\">Atpaka\u013c uz pakalpojumu sarakstu<\/a><\/p>\n","protected":false},"excerpt":{"rendered":"<p>Juridiskais atbalsts biznesa p\u0101rcel\u0161anai no Ukrainas uz Baltijas valst\u012bm Lai gan nepast\u0101v ties\u012bbu normas, kas \u013cauj tie\u0161i p\u0101rcelt Ukrain\u0101 re\u0123istr\u0113tu sabiedr\u012bbu uz Latviju, Lietuvu vai Igauniju, ir pieejami juridiski instrumenti uz\u0146\u0113m\u0113jdarb\u012bbas p\u0101rvieto\u0161anai uz Baltijas valst\u012bm. M\u016bsu speci\u0101listi korporat\u012bvaj\u0101s, finan\u0161u, darba,..<\/p>\n","protected":false},"author":2,"featured_media":0,"parent":0,"menu_order":8,"comment_status":"closed","ping_status":"closed","template":"international-desks.php","meta":{"_acf_changed":false,"inline_featured_image":false,"footnotes":""},"class_list":["post-7524","page","type-page","status-publish","hentry"],"acf":[],"yoast_head":"<!-- This site is optimized with the Yoast SEO plugin v27.3 - https:\/\/yoast.com\/product\/yoast-seo-wordpress\/ -->\n<title>Kar\u0161 Ukrain\u0101. M\u016bsu juridiskais atbalsts | COBALT<\/title>\n<meta name=\"description\" content=\"Kar\u0161 Ukrain\u0101. M\u016bsu juridiskais atbalsts | COBALT - vado\u0161\u0101 advok\u0101tu biroju apvien\u012bba Baltijas valst\u012bs. Strat\u0113\u0123isks partneris ikdienas juridiskajos jaut\u0101jumos un liela m\u0113roga projektos.\" \/>\n<meta name=\"robots\" content=\"index, follow, max-snippet:-1, max-image-preview:large, max-video-preview:-1\" \/>\n<link rel=\"canonical\" href=\"https:\/\/www.cobalt.legal\/lv\/kars-ukraina-musu-juridiskais-atbalsts\/\" \/>\n<meta property=\"og:locale\" content=\"lv_LV\" \/>\n<meta property=\"og:type\" content=\"article\" \/>\n<meta property=\"og:title\" content=\"Kar\u0161 Ukrain\u0101. M\u016bsu juridiskais atbalsts | COBALT\" \/>\n<meta property=\"og:description\" content=\"Kar\u0161 Ukrain\u0101. M\u016bsu juridiskais atbalsts | COBALT - vado\u0161\u0101 advok\u0101tu biroju apvien\u012bba Baltijas valst\u012bs. Strat\u0113\u0123isks partneris ikdienas juridiskajos jaut\u0101jumos un liela m\u0113roga projektos.\" \/>\n<meta property=\"og:url\" content=\"https:\/\/www.cobalt.legal\/lv\/kars-ukraina-musu-juridiskais-atbalsts\/\" \/>\n<meta property=\"og:site_name\" content=\"COBALT\" \/>\n<meta property=\"article:publisher\" content=\"https:\/\/www.facebook.com\/CobaltLegal\/\" \/>\n<meta property=\"article:modified_time\" content=\"2025-12-22T13:27:00+00:00\" \/>\n<meta name=\"twitter:card\" content=\"summary_large_image\" \/>\n<meta name=\"twitter:label1\" content=\"Est. reading time\" \/>\n\t<meta name=\"twitter:data1\" content=\"2 minutes\" \/>\n<script type=\"application\/ld+json\" class=\"yoast-schema-graph\">{\"@context\":\"https:\\\/\\\/schema.org\",\"@graph\":[{\"@type\":\"WebPage\",\"@id\":\"https:\\\/\\\/www.cobalt.legal\\\/lv\\\/kars-ukraina-musu-juridiskais-atbalsts\\\/\",\"url\":\"https:\\\/\\\/www.cobalt.legal\\\/lv\\\/kars-ukraina-musu-juridiskais-atbalsts\\\/\",\"name\":\"Kar\u0161 Ukrain\u0101. M\u016bsu juridiskais atbalsts | COBALT\",\"isPartOf\":{\"@id\":\"https:\\\/\\\/www.cobalt.legal\\\/lv\\\/#website\"},\"datePublished\":\"2023-05-30T03:59:07+00:00\",\"dateModified\":\"2025-12-22T13:27:00+00:00\",\"description\":\"Kar\u0161 Ukrain\u0101. M\u016bsu juridiskais atbalsts | COBALT - vado\u0161\u0101 advok\u0101tu biroju apvien\u012bba Baltijas valst\u012bs. Strat\u0113\u0123isks partneris ikdienas juridiskajos jaut\u0101jumos un liela m\u0113roga projektos.\",\"breadcrumb\":{\"@id\":\"https:\\\/\\\/www.cobalt.legal\\\/lv\\\/kars-ukraina-musu-juridiskais-atbalsts\\\/#breadcrumb\"},\"inLanguage\":\"lv-LV\",\"potentialAction\":[{\"@type\":\"ReadAction\",\"target\":[\"https:\\\/\\\/www.cobalt.legal\\\/lv\\\/kars-ukraina-musu-juridiskais-atbalsts\\\/\"]}]},{\"@type\":\"BreadcrumbList\",\"@id\":\"https:\\\/\\\/www.cobalt.legal\\\/lv\\\/kars-ukraina-musu-juridiskais-atbalsts\\\/#breadcrumb\",\"itemListElement\":[{\"@type\":\"ListItem\",\"position\":1,\"name\":\"Home\",\"item\":\"https:\\\/\\\/www.cobalt.legal\\\/lv\\\/\"},{\"@type\":\"ListItem\",\"position\":2,\"name\":\"Kar\u0161 Ukrain\u0101. M\u016bsu juridiskais atbalsts\"}]},{\"@type\":\"WebSite\",\"@id\":\"https:\\\/\\\/www.cobalt.legal\\\/lv\\\/#website\",\"url\":\"https:\\\/\\\/www.cobalt.legal\\\/lv\\\/\",\"name\":\"COBALT\",\"description\":\"Top-tier law services in Estonia, Latvia and Lithuania\",\"publisher\":{\"@id\":\"https:\\\/\\\/www.cobalt.legal\\\/lv\\\/#organization\"},\"potentialAction\":[{\"@type\":\"SearchAction\",\"target\":{\"@type\":\"EntryPoint\",\"urlTemplate\":\"https:\\\/\\\/www.cobalt.legal\\\/lv\\\/?s={search_term_string}\"},\"query-input\":{\"@type\":\"PropertyValueSpecification\",\"valueRequired\":true,\"valueName\":\"search_term_string\"}}],\"inLanguage\":\"lv-LV\"},{\"@type\":\"Organization\",\"@id\":\"https:\\\/\\\/www.cobalt.legal\\\/lv\\\/#organization\",\"name\":\"COBALT\",\"url\":\"https:\\\/\\\/www.cobalt.legal\\\/lv\\\/\",\"logo\":{\"@type\":\"ImageObject\",\"inLanguage\":\"lv-LV\",\"@id\":\"https:\\\/\\\/www.cobalt.legal\\\/lv\\\/#\\\/schema\\\/logo\\\/image\\\/\",\"url\":\"https:\\\/\\\/www.cobalt.legal\\\/wp-content\\\/uploads\\\/2023\\\/04\\\/cobalt-logo.png\",\"contentUrl\":\"https:\\\/\\\/www.cobalt.legal\\\/wp-content\\\/uploads\\\/2023\\\/04\\\/cobalt-logo.png\",\"width\":400,\"height\":116,\"caption\":\"COBALT\"},\"image\":{\"@id\":\"https:\\\/\\\/www.cobalt.legal\\\/lv\\\/#\\\/schema\\\/logo\\\/image\\\/\"},\"sameAs\":[\"https:\\\/\\\/www.facebook.com\\\/CobaltLegal\\\/\"]}]}<\/script>\n<!-- \/ Yoast SEO plugin. -->","yoast_head_json":{"title":"Kar\u0161 Ukrain\u0101. M\u016bsu juridiskais atbalsts | COBALT","description":"Kar\u0161 Ukrain\u0101. M\u016bsu juridiskais atbalsts | COBALT - vado\u0161\u0101 advok\u0101tu biroju apvien\u012bba Baltijas valst\u012bs. Strat\u0113\u0123isks partneris ikdienas juridiskajos jaut\u0101jumos un liela m\u0113roga projektos.","robots":{"index":"index","follow":"follow","max-snippet":"max-snippet:-1","max-image-preview":"max-image-preview:large","max-video-preview":"max-video-preview:-1"},"canonical":"https:\/\/www.cobalt.legal\/lv\/kars-ukraina-musu-juridiskais-atbalsts\/","og_locale":"lv_LV","og_type":"article","og_title":"Kar\u0161 Ukrain\u0101. M\u016bsu juridiskais atbalsts | COBALT","og_description":"Kar\u0161 Ukrain\u0101. M\u016bsu juridiskais atbalsts | COBALT - vado\u0161\u0101 advok\u0101tu biroju apvien\u012bba Baltijas valst\u012bs. Strat\u0113\u0123isks partneris ikdienas juridiskajos jaut\u0101jumos un liela m\u0113roga projektos.","og_url":"https:\/\/www.cobalt.legal\/lv\/kars-ukraina-musu-juridiskais-atbalsts\/","og_site_name":"COBALT","article_publisher":"https:\/\/www.facebook.com\/CobaltLegal\/","article_modified_time":"2025-12-22T13:27:00+00:00","twitter_card":"summary_large_image","twitter_misc":{"Est. reading time":"2 minutes"},"schema":{"@context":"https:\/\/schema.org","@graph":[{"@type":"WebPage","@id":"https:\/\/www.cobalt.legal\/lv\/kars-ukraina-musu-juridiskais-atbalsts\/","url":"https:\/\/www.cobalt.legal\/lv\/kars-ukraina-musu-juridiskais-atbalsts\/","name":"Kar\u0161 Ukrain\u0101. M\u016bsu juridiskais atbalsts | COBALT","isPartOf":{"@id":"https:\/\/www.cobalt.legal\/lv\/#website"},"datePublished":"2023-05-30T03:59:07+00:00","dateModified":"2025-12-22T13:27:00+00:00","description":"Kar\u0161 Ukrain\u0101. M\u016bsu juridiskais atbalsts | COBALT - vado\u0161\u0101 advok\u0101tu biroju apvien\u012bba Baltijas valst\u012bs. Strat\u0113\u0123isks partneris ikdienas juridiskajos jaut\u0101jumos un liela m\u0113roga projektos.","breadcrumb":{"@id":"https:\/\/www.cobalt.legal\/lv\/kars-ukraina-musu-juridiskais-atbalsts\/#breadcrumb"},"inLanguage":"lv-LV","potentialAction":[{"@type":"ReadAction","target":["https:\/\/www.cobalt.legal\/lv\/kars-ukraina-musu-juridiskais-atbalsts\/"]}]},{"@type":"BreadcrumbList","@id":"https:\/\/www.cobalt.legal\/lv\/kars-ukraina-musu-juridiskais-atbalsts\/#breadcrumb","itemListElement":[{"@type":"ListItem","position":1,"name":"Home","item":"https:\/\/www.cobalt.legal\/lv\/"},{"@type":"ListItem","position":2,"name":"Kar\u0161 Ukrain\u0101. M\u016bsu juridiskais atbalsts"}]},{"@type":"WebSite","@id":"https:\/\/www.cobalt.legal\/lv\/#website","url":"https:\/\/www.cobalt.legal\/lv\/","name":"COBALT","description":"Top-tier law services in Estonia, Latvia and Lithuania","publisher":{"@id":"https:\/\/www.cobalt.legal\/lv\/#organization"},"potentialAction":[{"@type":"SearchAction","target":{"@type":"EntryPoint","urlTemplate":"https:\/\/www.cobalt.legal\/lv\/?s={search_term_string}"},"query-input":{"@type":"PropertyValueSpecification","valueRequired":true,"valueName":"search_term_string"}}],"inLanguage":"lv-LV"},{"@type":"Organization","@id":"https:\/\/www.cobalt.legal\/lv\/#organization","name":"COBALT","url":"https:\/\/www.cobalt.legal\/lv\/","logo":{"@type":"ImageObject","inLanguage":"lv-LV","@id":"https:\/\/www.cobalt.legal\/lv\/#\/schema\/logo\/image\/","url":"https:\/\/www.cobalt.legal\/wp-content\/uploads\/2023\/04\/cobalt-logo.png","contentUrl":"https:\/\/www.cobalt.legal\/wp-content\/uploads\/2023\/04\/cobalt-logo.png","width":400,"height":116,"caption":"COBALT"},"image":{"@id":"https:\/\/www.cobalt.legal\/lv\/#\/schema\/logo\/image\/"},"sameAs":["https:\/\/www.facebook.com\/CobaltLegal\/"]}]}},"_links":{"self":[{"href":"https:\/\/www.cobalt.legal\/lv\/wp-json\/wp\/v2\/pages\/7524","targetHints":{"allow":["GET"]}}],"collection":[{"href":"https:\/\/www.cobalt.legal\/lv\/wp-json\/wp\/v2\/pages"}],"about":[{"href":"https:\/\/www.cobalt.legal\/lv\/wp-json\/wp\/v2\/types\/page"}],"author":[{"embeddable":true,"href":"https:\/\/www.cobalt.legal\/lv\/wp-json\/wp\/v2\/users\/2"}],"replies":[{"embeddable":true,"href":"https:\/\/www.cobalt.legal\/lv\/wp-json\/wp\/v2\/comments?post=7524"}],"version-history":[{"count":18,"href":"https:\/\/www.cobalt.legal\/lv\/wp-json\/wp\/v2\/pages\/7524\/revisions"}],"predecessor-version":[{"id":48149,"href":"https:\/\/www.cobalt.legal\/lv\/wp-json\/wp\/v2\/pages\/7524\/revisions\/48149"}],"wp:attachment":[{"href":"https:\/\/www.cobalt.legal\/lv\/wp-json\/wp\/v2\/media?parent=7524"}],"curies":[{"name":"wp","href":"https:\/\/api.w.org\/{rel}","templated":true}]}}